{"id":18272,"date":"2026-04-08T16:16:14","date_gmt":"2026-04-08T14:16:14","guid":{"rendered":"https:\/\/amazingmarket.ee\/?post_type=product&#038;p=18272"},"modified":"2026-04-08T16:52:07","modified_gmt":"2026-04-08T14:52:07","slug":"russell-hobbs-satisfry-27610-56-hot-air-fryer-l-4-3-l-rapid-airfryer","status":"publish","type":"product","link":"https:\/\/amazingmarket.ee\/et\/toode\/russell-hobbs-satisfry-27610-56-hot-air-fryer-l-4-3-l-rapid-airfryer\/","title":{"rendered":"Russell Hobbs SatisFry 27610-56 Hot Air Fryer L 4.3 L Rapid AirFryer"},"content":{"rendered":"<h1><strong>DEMO<\/strong><\/h1>\n<p>Selle \u00fcksuse kohta<\/p>\n<ul class=\"a-unordered-list a-vertical a-spacing-mini\">\n<li class=\"a-spacing-mini\"><span class=\"a-list-item\">Ideal for families: the Airfryer has a power of 1300 watts and a temperature range of 40-200 \u00b0C. With a generous 4.3 litre capacity and the innovative Rapid Air technology, healthy cooking is cooked with little or no oil and saves up to 57 % energy. Oven)<\/span><\/li>\n<li class=\"a-spacing-mini\"><span class=\"a-list-item\">Versatile cooking \u2013 the digital touchscreen operation and 9 preset programs make it easier to prepare chips, steaks, fish, vegetables, chicken, pizza, baking, drying and reheating.<\/span><\/li>\n<li class=\"a-spacing-mini\"><span class=\"a-list-item\">Slim and stylish design \u2013 the design of the Russell Hobbs Satisfry hot air fryer with trendy champagne colour accents and a black, textured housing makes it a real eye-catcher in any kitchen<\/span><\/li>\n<li class=\"a-spacing-mini\"><span class=\"a-list-item\">Reminder for turning the food and automatic switch-off \u2013 the beep after half the cooking time reminds you to turn the food to achieve an even result. The automatic shut-off ensures safety by turning off the hot air fryer after cooking or removing the basket.<\/span><\/li>\n<li class=\"a-spacing-mini\"><span class=\"a-list-item\">Dishwasher-safe \u2013 thanks to the durable, easy to clean non-stick coating, the ceramic-coated grill plate and basket are easy to clean in the dishwasher or by hand. All parts that come into contact with food are BPA free<\/span><\/li>\n<\/ul>","protected":false},"excerpt":{"rendered":"<table class=\"a-keyvalue prodDetTable\">\n<tbody>\n<tr>\n<th class=\"a-color-secondary a-size-base prodDetSectionEntry\">Eriomadused<\/th>\n<td class=\"a-size-base prodDetAttrValue\">Automatic Shut-Off, Programmable, Stain Resistant, Temperature Control, Timer<\/td>\n<\/tr>\n<tr>\n<th class=\"a-color-secondary a-size-base prodDetSectionEntry\">V\u00e4ljundv\u00f5imsus<\/th>\n<td class=\"a-size-base prodDetAttrValue\">1300 Watts<\/td>\n<\/tr>\n<tr>\n<th class=\"a-color-secondary a-size-base prodDetSectionEntry\">V\u00f5imsus<\/th>\n<td class=\"a-size-base prodDetAttrValue\">1300 vatti<\/td>\n<\/tr>\n<tr>\n<th class=\"a-color-secondary a-size-base prodDetSectionEntry\">Pinge<\/th>\n<td class=\"a-size-base prodDetAttrValue\">2 Volts<\/td>\n<\/tr>\n<tr>\n<th class=\"a-color-secondary a-size-base prodDetSectionEntry\">Kontrollimeetod<\/th>\n<td class=\"a-size-base prodDetAttrValue\">Puudutage<\/td>\n<\/tr>\n<tr>\n<th class=\"a-color-secondary a-size-base prodDetSectionEntry\">Minimaalse temperatuuri seadistus<\/th>\n<td class=\"a-size-base prodDetAttrValue\">40 Degrees Celsius<\/td>\n<\/tr>\n<tr>\n<th class=\"a-color-secondary a-size-base prodDetSectionEntry\">Kontrolleri t\u00fc\u00fcp<\/th>\n<td class=\"a-size-base prodDetAttrValue\">Vajutusnupp<\/td>\n<\/tr>\n<tr>\n<th class=\"a-color-secondary a-size-base prodDetSectionEntry\">Maksimaalse temperatuuri seadistus<\/th>\n<td class=\"a-size-base prodDetAttrValue\">200 kraadi Celsiuse j\u00e4rgi<\/td>\n<\/tr>\n<tr>\n<th class=\"a-color-secondary a-size-base prodDetSectionEntry\">\u00d5hufrit\u00fc\u00fcri tehnoloogia<\/th>\n<td class=\"a-size-base prodDetAttrValue\">T\u00f5si<\/td>\n<\/tr>\n<\/tbody>\n<\/table>\n<p>&nbsp;<\/p>","protected":false},"featured_media":18273,"comment_status":"open","ping_status":"closed","template":"","meta":{"_monsterinsights_skip_tracking":false,"_monsterinsights_sitenote_active":false,"_monsterinsights_sitenote_note":"","_monsterinsights_sitenote_category":0,"jetpack_publicize_message":"","jetpack_publicize_feature_enabled":true,"jetpack_social_post_already_shared":true,"jetpack_social_options":{"image_generator_settings":{"template":"highway","default_image_id":0,"font":"","enabled":false},"version":2}},"product_brand":[],"product_cat":[71],"product_tag":[],"class_list":{"0":"post-18272","1":"product","2":"type-product","3":"status-publish","4":"has-post-thumbnail","6":"product_cat-airfryers","8":"first","9":"instock","10":"sale","11":"shipping-taxable","12":"purchasable","13":"product-type-simple"},"aioseo_notices":[],"jetpack_publicize_connections":[],"jetpack_sharing_enabled":true,"_links":{"self":[{"href":"https:\/\/amazingmarket.ee\/et\/wp-json\/wp\/v2\/product\/18272","targetHints":{"allow":["GET"]}}],"collection":[{"href":"https:\/\/amazingmarket.ee\/et\/wp-json\/wp\/v2\/product"}],"about":[{"href":"https:\/\/amazingmarket.ee\/et\/wp-json\/wp\/v2\/types\/product"}],"replies":[{"embeddable":true,"href":"https:\/\/amazingmarket.ee\/et\/wp-json\/wp\/v2\/comments?post=18272"}],"wp:featuredmedia":[{"embeddable":true,"href":"https:\/\/amazingmarket.ee\/et\/wp-json\/wp\/v2\/media\/18273"}],"wp:attachment":[{"href":"https:\/\/amazingmarket.ee\/et\/wp-json\/wp\/v2\/media?parent=18272"}],"wp:term":[{"taxonomy":"product_brand","embeddable":true,"href":"https:\/\/amazingmarket.ee\/et\/wp-json\/wp\/v2\/product_brand?post=18272"},{"taxonomy":"product_cat","embeddable":true,"href":"https:\/\/amazingmarket.ee\/et\/wp-json\/wp\/v2\/product_cat?post=18272"},{"taxonomy":"product_tag","embeddable":true,"href":"https:\/\/amazingmarket.ee\/et\/wp-json\/wp\/v2\/product_tag?post=18272"}],"curies":[{"name":"wp","href":"https:\/\/api.w.org\/{rel}","templated":true}]}}