{"id":18162,"date":"2026-04-08T14:55:11","date_gmt":"2026-04-08T12:55:11","guid":{"rendered":"https:\/\/amazingmarket.ee\/?post_type=product&#038;p=18162"},"modified":"2026-04-08T14:55:11","modified_gmt":"2026-04-08T12:55:11","slug":"ninja-double-stack-xl-sl400eu","status":"publish","type":"product","link":"https:\/\/amazingmarket.ee\/et\/toode\/ninja-double-stack-xl-sl400eu\/","title":{"rendered":"Ninja Double Stack XL SL400EU"},"content":{"rendered":"<p><strong><span style=\"font-size: 150%;\">UUS<\/p>\n<p><\/span><\/strong><\/p>\n<h1 class=\"a-size-base-plus a-text-bold\">Selle \u00fcksuse kohta<\/h1>\n<ul class=\"a-unordered-list a-vertical a-spacing-mini\">\n<li class=\"a-spacing-mini\"><span class=\"a-list-item\">Amazon exclusive: hot air fryer in black and copper with silicone tongs. 30% slimmer (compared to AF400). Large capacity of 9.5L for up to 8 people. Cooks up to 55% faster than convection ovens (tested with fish sticks and sausages)<\/span><\/li>\n<li class=\"a-spacing-mini\"><span class=\"a-list-item\">COOKING ON 4 LEVELS AT THE SAME TIME: Contains 2 x drawers &#038; 2 x grinding grids, so you can have 4 levels and prepare twice as much food. Rear fans ensure that food is cooked evenly and crispy at all levels.<\/span><\/li>\n<li class=\"a-spacing-mini\"><span class=\"a-list-item\">ENERGY EFFICIENT: Cook with up to 55% less energy than in an oven* (*Tests and calculations are based on the recommended cooking time for sausages using the Airfry function compared to conventional ovens).<\/span><\/li>\n<li class=\"a-spacing-mini\"><span class=\"a-list-item\">6 cooking functions: Max Crisp, hot air fry, roast, bake, reheat, dehydrate. Up to 75% less fat* with the hot air fry function (*Tested compared to fried, hand-cut chips). SYNC &#038; MATCH functions in 2 drawers.<\/span><\/li>\n<li class=\"a-spacing-mini\"><span class=\"a-list-item\">Includes: Ninja Double Stack 9.5 L hot air fryer (EU plug), 2 x 4.75 L drawers, 2 non-stick crisper grid inserts, 2 racks, silicone tongs. Dishwasher safe parts. Dimensions: H38.5cm x W28cm x D47cm Weight: 10.3 kg. Colour: black\/copper<\/span><\/li>\n<li class=\"a-spacing-mini\"><span class=\"a-list-item\">Amazon exclusive: hot air fryer in black and copper with silicone tongs. 30% slimmer (compared to AF400). Large capacity of 9.5L for up to 8 people. Cooks up to 55% faster than convection ovens (tested with fish sticks and sausages)<\/span><\/li>\n<li class=\"a-spacing-mini\"><span class=\"a-list-item\">COOKING ON 4 LEVELS AT THE SAME TIME: Contains 2 x drawers &#038; 2 x grinding grids, so you can have 4 levels and prepare twice as much food. Rear fans ensure food is cooked evenly and crispy at all levels<\/span><\/li>\n<\/ul>\n<p><strong><span style=\"font-size: 150%;\">\u00a0<\/span><\/strong><\/p>","protected":false},"excerpt":{"rendered":"<table class=\"a-keyvalue prodDetTable\">\n<tbody>\n<tr>\n<th class=\"a-color-secondary a-size-base prodDetSectionEntry\">Toote soovitatavad kasutusalad<\/th>\n<td class=\"a-size-base prodDetAttrValue\">Roasting, air frying, reheating, baking, drying<\/td>\n<\/tr>\n<tr>\n<th class=\"a-color-secondary a-size-base prodDetSectionEntry\">Kaubam\u00e4rgi nimi<\/th>\n<td class=\"a-size-base prodDetAttrValue\">Ninja<\/td>\n<\/tr>\n<tr>\n<th class=\"a-color-secondary a-size-base prodDetSectionEntry\">Mudeli nimi<\/th>\n<td class=\"a-size-base prodDetAttrValue\">Double stack<\/td>\n<\/tr>\n<tr>\n<th class=\"a-color-secondary a-size-base prodDetSectionEntry\">Mudeli number<\/th>\n<td class=\"a-size-base prodDetAttrValue\">SL400EUCP<\/td>\n<\/tr>\n<tr>\n<th class=\"a-color-secondary a-size-base prodDetSectionEntry\">Tootmisaasta<\/th>\n<td class=\"a-size-base prodDetAttrValue\">2024<\/td>\n<\/tr>\n<tr>\n<th class=\"a-color-secondary a-size-base prodDetSectionEntry\">UPC<\/th>\n<td class=\"a-size-base prodDetAttrValue\">622356295802<\/td>\n<\/tr>\n<tr>\n<th class=\"a-color-secondary a-size-base prodDetSectionEntry\">Tootja<\/th>\n<td class=\"a-size-base prodDetAttrValue\">Ninja<\/td>\n<\/tr>\n<tr>\n<th class=\"a-color-secondary a-size-base prodDetSectionEntry\">Item Type Name<\/th>\n<td class=\"a-size-base prodDetAttrValue\">\u00d5hufrit\u00fc\u00fcr<\/td>\n<\/tr>\n<tr>\n<th class=\"a-color-secondary a-size-base prodDetSectionEntry\">P\u00e4ritoluriik<\/th>\n<td class=\"a-size-base prodDetAttrValue\">Hiina<\/td>\n<\/tr>\n<\/tbody>\n<\/table>\n<table class=\"a-keyvalue prodDetTable\">\n<tbody>\n<tr>\n<th class=\"a-color-secondary a-size-base prodDetSectionEntry\">Kauba m\u00f5\u00f5tmed P x L x K<\/th>\n<td class=\"a-size-base prodDetAttrValue\">47D x 28W x 38.5H centimetres<\/td>\n<\/tr>\n<tr>\n<th class=\"a-color-secondary a-size-base prodDetSectionEntry\">Mahutavus<\/th>\n<td class=\"a-size-base prodDetAttrValue\">9.5 litres<\/td>\n<\/tr>\n<tr>\n<th class=\"a-color-secondary a-size-base prodDetSectionEntry\">Kauba kaal<\/th>\n<td class=\"a-size-base prodDetAttrValue\">10.3 Kilograms<\/td>\n<\/tr>\n<\/tbody>\n<\/table>","protected":false},"featured_media":18160,"comment_status":"open","ping_status":"closed","template":"","meta":{"_monsterinsights_skip_tracking":false,"_monsterinsights_sitenote_active":false,"_monsterinsights_sitenote_note":"","_monsterinsights_sitenote_category":0,"jetpack_publicize_message":"","jetpack_publicize_feature_enabled":true,"jetpack_social_post_already_shared":true,"jetpack_social_options":{"image_generator_settings":{"template":"highway","default_image_id":0,"font":"","enabled":false},"version":2}},"product_brand":[],"product_cat":[71],"product_tag":[],"class_list":{"0":"post-18162","1":"product","2":"type-product","3":"status-publish","4":"has-post-thumbnail","6":"product_cat-airfryers","8":"first","9":"instock","10":"sale","11":"shipping-taxable","12":"purchasable","13":"product-type-simple"},"aioseo_notices":[],"jetpack_publicize_connections":[],"jetpack_sharing_enabled":true,"_links":{"self":[{"href":"https:\/\/amazingmarket.ee\/et\/wp-json\/wp\/v2\/product\/18162","targetHints":{"allow":["GET"]}}],"collection":[{"href":"https:\/\/amazingmarket.ee\/et\/wp-json\/wp\/v2\/product"}],"about":[{"href":"https:\/\/amazingmarket.ee\/et\/wp-json\/wp\/v2\/types\/product"}],"replies":[{"embeddable":true,"href":"https:\/\/amazingmarket.ee\/et\/wp-json\/wp\/v2\/comments?post=18162"}],"wp:featuredmedia":[{"embeddable":true,"href":"https:\/\/amazingmarket.ee\/et\/wp-json\/wp\/v2\/media\/18160"}],"wp:attachment":[{"href":"https:\/\/amazingmarket.ee\/et\/wp-json\/wp\/v2\/media?parent=18162"}],"wp:term":[{"taxonomy":"product_brand","embeddable":true,"href":"https:\/\/amazingmarket.ee\/et\/wp-json\/wp\/v2\/product_brand?post=18162"},{"taxonomy":"product_cat","embeddable":true,"href":"https:\/\/amazingmarket.ee\/et\/wp-json\/wp\/v2\/product_cat?post=18162"},{"taxonomy":"product_tag","embeddable":true,"href":"https:\/\/amazingmarket.ee\/et\/wp-json\/wp\/v2\/product_tag?post=18162"}],"curies":[{"name":"wp","href":"https:\/\/api.w.org\/{rel}","templated":true}]}}