{"id":1812,"date":"2024-02-14T16:06:45","date_gmt":"2024-02-14T16:06:45","guid":{"rendered":"https:\/\/amazingmarket.ee\/?post_type=product&#038;p=1812"},"modified":"2026-03-14T11:15:31","modified_gmt":"2026-03-14T09:15:31","slug":"philips-vacuum-cleaner-9000-serie-xb9154-09","status":"publish","type":"product","link":"https:\/\/amazingmarket.ee\/et\/toode\/philips-vacuum-cleaner-9000-serie-xb9154-09\/","title":{"rendered":"Philips vacuum cleaner 9000 serie FC9932"},"content":{"rendered":"<pre id=\"tw-target-text\" class=\"tw-data-text tw-text-large tw-ta\" dir=\"ltr\" data-placeholder=\"\u041f\u0435\u0440\u0435\u0432\u043e\u0434\" data-ved=\"2ahUKEwjGkaWay5WJAxXlLRAIHf8EDdwQ3ewLegQIBxAU\" aria-label=\"\u041f\u0435\u0440\u0435\u0432\u0435\u0434\u0435\u043d\u043d\u044b\u0439 \u0442\u0435\u043a\u0441\u0442: new, working not a complete set not original pipe\"><span class=\"Y2IQFc\" lang=\"en\" style=\"font-size: 130%;\">\r\nnot a complete set\r\nnot original pintsel<\/span><\/pre>\n<p>Philipsi tolmuimeja 9000 seeria XB9154\/09 on suure j\u00f5udlusega puhastusseade, mis on loodud pakkuma suurep\u00e4rast imemisv\u00f5imsust ja t\u00e4iustatud filtreerimist, et tagada p\u00f5hjalik puhastuskogemus. See uuendusliku tehnoloogiaga varustatud tolmuimeja pakub t\u00f5husaid ja mugavaid puhastuslahendusi teie kodu erinevatele pindadele.<\/p>\n<p>V\u00f5imsa mootori ja t\u00e4iustatud ts\u00fcklonitehnoloogiaga XB9154\/09 pakub tugevat imemisj\u00f5udlust, t\u00f5stes ja eemaldades t\u00f5husalt mustuse, tolmu ja prahi vaipadelt, vaipadelt, lehtpuup\u00f5randatelt ja muudelt pindadelt. Selle \u00fclit\u00f5hus filtreerimiss\u00fcsteem p\u00fc\u00fcab kinni ka k\u00f5ige peenemad osakesed, sealhulgas allergeenid ja lemmikloomade k\u00f5\u00f5m, tagades puhtama \u00f5hu ja tervislikuma keskkonna.<\/p>\n<p>Tolmuimeja on varustatud mitme puhastusre\u017eiimi ja reguleeritava imemisv\u00f5imsusega, mis v\u00f5imaldab kasutajatel kohandada oma puhastuskogemust vastavalt oma konkreetsetele vajadustele ja eelistustele. Olenemata sellest, kas t\u00f6\u00f6tate tiheda liiklusega aladel v\u00f5i \u00f5rnadel pindadel, tagab XB9154\/09 optimaalse puhastustulemuse h\u00f5lpsalt.<\/p>\n<p>See tolmuimeja on loodud kasutaja mugavuse huvides ning sellel on kerge ja man\u00f6\u00f6verdatav disain, mis muudab m\u00f6\u00f6bli ja takistuste \u00fcmber liikumise lihtsaks. Selle ergonoomiline k\u00e4epide ja p\u00f6\u00f6ratav rool suurendavad man\u00f6\u00f6verdusv\u00f5imet, v\u00f5imaldades lihtsat puhastamist kitsastes kohtades ja nurkades.<\/p>\n<p>Lisaks pakub XB9154\/09 mitmek\u00fclgseid puhastusv\u00f5imalusi oma lisaseadmete ja tarvikute valikuga, sealhulgas pilut\u00f6\u00f6riist, polstrihari ja mitme p\u00f5randahari, mis v\u00f5imaldab sihip\u00e4raselt puhastada erinevaid pindu ja raskesti ligip\u00e4\u00e4setavaid kohti.<\/p>\n<p>Lisaks on tolmuimejal kasutajas\u00f5bralikud funktsioonid, nagu suure mahutavusega pr\u00fcgikast, kergesti t\u00fchjenev disain ja pestavad filtrid, mis tagavad probleemideta hoolduse ja pikaajalise vastupidavuse.<\/p>\n<p>V\u00f5imsa j\u00f5udluse, t\u00e4iustatud funktsioonide ja kasutajas\u00f5braliku disainiga Philipsi tolmuimeja 9000 seeria XB9154\/09 pakub erakordseid puhastustulemusi ja mugavust igas suuruses majapidamistele.<\/p>","protected":false},"excerpt":{"rendered":"<p>V\u00f5imas mootor ja ts\u00fcklontehnoloogia<br \/>\nK\u00f5rge efektiivsusega filtreerimiss\u00fcsteem<br \/>\nMitu puhastusre\u017eiimi ja reguleeritav imemisv\u00f5imsus<br \/>\nKerge ja man\u00f6\u00f6verdatav disain<br \/>\nMitmek\u00fclgsed lisaseadmed ja tarvikud<br \/>\nSuure mahutavusega tolmukast ja h\u00f5lpsasti t\u00fchjenev disain<br \/>\nPestavad filtrid lihtsaks hoolduseks<\/p>","protected":false},"featured_media":1818,"comment_status":"open","ping_status":"closed","template":"","meta":{"_monsterinsights_skip_tracking":false,"_monsterinsights_sitenote_active":false,"_monsterinsights_sitenote_note":"","_monsterinsights_sitenote_category":0,"jetpack_publicize_message":"","jetpack_publicize_feature_enabled":true,"jetpack_social_post_already_shared":false,"jetpack_social_options":{"image_generator_settings":{"template":"highway","default_image_id":0,"font":"","enabled":false},"version":2}},"product_brand":[],"product_cat":[102],"product_tag":[],"class_list":{"0":"post-1812","1":"product","2":"type-product","3":"status-publish","4":"has-post-thumbnail","6":"product_cat-vacuum-cleaners","8":"first","9":"instock","10":"sale","11":"shipping-taxable","12":"purchasable","13":"product-type-simple"},"aioseo_notices":[],"jetpack_publicize_connections":[],"jetpack_sharing_enabled":true,"_links":{"self":[{"href":"https:\/\/amazingmarket.ee\/et\/wp-json\/wp\/v2\/product\/1812","targetHints":{"allow":["GET"]}}],"collection":[{"href":"https:\/\/amazingmarket.ee\/et\/wp-json\/wp\/v2\/product"}],"about":[{"href":"https:\/\/amazingmarket.ee\/et\/wp-json\/wp\/v2\/types\/product"}],"replies":[{"embeddable":true,"href":"https:\/\/amazingmarket.ee\/et\/wp-json\/wp\/v2\/comments?post=1812"}],"wp:featuredmedia":[{"embeddable":true,"href":"https:\/\/amazingmarket.ee\/et\/wp-json\/wp\/v2\/media\/1818"}],"wp:attachment":[{"href":"https:\/\/amazingmarket.ee\/et\/wp-json\/wp\/v2\/media?parent=1812"}],"wp:term":[{"taxonomy":"product_brand","embeddable":true,"href":"https:\/\/amazingmarket.ee\/et\/wp-json\/wp\/v2\/product_brand?post=1812"},{"taxonomy":"product_cat","embeddable":true,"href":"https:\/\/amazingmarket.ee\/et\/wp-json\/wp\/v2\/product_cat?post=1812"},{"taxonomy":"product_tag","embeddable":true,"href":"https:\/\/amazingmarket.ee\/et\/wp-json\/wp\/v2\/product_tag?post=1812"}],"curies":[{"name":"wp","href":"https:\/\/api.w.org\/{rel}","templated":true}]}}