{"id":1793,"date":"2024-02-14T15:55:18","date_gmt":"2024-02-14T15:55:18","guid":{"rendered":"https:\/\/amazingmarket.ee\/?post_type=product&#038;p=1793"},"modified":"2026-03-14T11:15:31","modified_gmt":"2026-03-14T09:15:31","slug":"ash-vacuum-cleaner-bj1811-1200-20","status":"publish","type":"product","link":"https:\/\/amazingmarket.ee\/et\/toode\/ash-vacuum-cleaner-bj1811-1200-20\/","title":{"rendered":"TUHATOLMUIMEJA BJ1811-1200-20"},"content":{"rendered":"<p>TUHATOLMUIMEJA BJ1811-1200-20 on seade, mis on spetsiaalselt loodud tuha ja peente osakeste puhastamiseks puuk\u00fcttega ahjudest, kaminatest, grillidest ja muudest tahkek\u00fctuse allikatest. See on varustatud v\u00f5imsa 1200 W elektrimootoriga, mis tagab t\u00f5husa tuhaimemise. Seadmel on suur 20-liitrine metallist tuhapaak, mis v\u00f5imaldab koguda suures koguses j\u00e4\u00e4tmeid ilma sagedase t\u00fchjendamise vajaduseta. Vaakumil on ka filtreerimiss\u00fcsteem, mis takistab peente osakeste \u00f5hku tagasi paiskumist, tagades puhtuse siseruumides.<\/p>","protected":false},"excerpt":{"rendered":"<p>V\u00f5imsus: 1200W<br \/>\nPaagi maht: 20 liitrit<br \/>\nEesm\u00e4rk: tuha ja peenosakeste puhastamine puuk\u00fcttega ahjudelt, kaminatelt ja grillidelt<br \/>\nFiltreerimiss\u00fcsteem: takistab peente osakeste hajumist \u00f5hku<br \/>\nKorpuse materjal: metall<br \/>\nKasutamise ja hooldamise mugavus.<br \/>\nTUHATOLMUIMEJA on usaldusv\u00e4\u00e4rne ja t\u00f5hus seade tuha ja tahkete osakeste puhastamiseks, tagades puhtuse ja mugavuse kodus v\u00f5i \u00f5ues.<\/p>","protected":false},"featured_media":1799,"comment_status":"open","ping_status":"closed","template":"","meta":{"_monsterinsights_skip_tracking":false,"_monsterinsights_sitenote_active":false,"_monsterinsights_sitenote_note":"","_monsterinsights_sitenote_category":0,"jetpack_publicize_message":"","jetpack_publicize_feature_enabled":true,"jetpack_social_post_already_shared":false,"jetpack_social_options":{"image_generator_settings":{"template":"highway","default_image_id":0,"font":"","enabled":false},"version":2}},"product_brand":[],"product_cat":[102],"product_tag":[],"class_list":{"0":"post-1793","1":"product","2":"type-product","3":"status-publish","4":"has-post-thumbnail","6":"product_cat-vacuum-cleaners","8":"first","9":"instock","10":"sale","11":"shipping-taxable","12":"purchasable","13":"product-type-simple"},"aioseo_notices":[],"jetpack_publicize_connections":[],"jetpack_sharing_enabled":true,"_links":{"self":[{"href":"https:\/\/amazingmarket.ee\/et\/wp-json\/wp\/v2\/product\/1793","targetHints":{"allow":["GET"]}}],"collection":[{"href":"https:\/\/amazingmarket.ee\/et\/wp-json\/wp\/v2\/product"}],"about":[{"href":"https:\/\/amazingmarket.ee\/et\/wp-json\/wp\/v2\/types\/product"}],"replies":[{"embeddable":true,"href":"https:\/\/amazingmarket.ee\/et\/wp-json\/wp\/v2\/comments?post=1793"}],"wp:featuredmedia":[{"embeddable":true,"href":"https:\/\/amazingmarket.ee\/et\/wp-json\/wp\/v2\/media\/1799"}],"wp:attachment":[{"href":"https:\/\/amazingmarket.ee\/et\/wp-json\/wp\/v2\/media?parent=1793"}],"wp:term":[{"taxonomy":"product_brand","embeddable":true,"href":"https:\/\/amazingmarket.ee\/et\/wp-json\/wp\/v2\/product_brand?post=1793"},{"taxonomy":"product_cat","embeddable":true,"href":"https:\/\/amazingmarket.ee\/et\/wp-json\/wp\/v2\/product_cat?post=1793"},{"taxonomy":"product_tag","embeddable":true,"href":"https:\/\/amazingmarket.ee\/et\/wp-json\/wp\/v2\/product_tag?post=1793"}],"curies":[{"name":"wp","href":"https:\/\/api.w.org\/{rel}","templated":true}]}}