{"id":17823,"date":"2026-01-23T13:51:03","date_gmt":"2026-01-23T11:51:03","guid":{"rendered":"https:\/\/amazingmarket.ee\/?post_type=product&#038;p=17823"},"modified":"2026-03-14T11:15:08","modified_gmt":"2026-03-14T09:15:08","slug":"cecotec-energysilence-600-woodstyle-floor-fan","status":"publish","type":"product","link":"https:\/\/amazingmarket.ee\/et\/toode\/cecotec-energysilence-600-woodstyle-floor-fan\/","title":{"rendered":"Cecotec EnergySilence 600 Woodstyle Floor Fan"},"content":{"rendered":"<h2>DEMO<\/h2>\n<h2 class=\"a-size-base-plus a-text-bold\">Selle \u00fcksuse kohta<\/h2>\n<ul class=\"a-unordered-list a-vertical a-spacing-mini\">\n<li class=\"a-spacing-mini\"><span class=\"a-list-item\">High power of 50W facilitates ventilation of the room, which, together with its copper motor, gives the fan high quality, efficiency and longevity while working together in its ventilation process.<\/span><\/li>\n<li class=\"a-spacing-mini\"><span class=\"a-list-item\">The 16 inches and the 4 blades, equivalent to 40 cm, provide a large diameter that increases airflow. In addition, you can choose the desired height thanks to the adjustable telescopic pole from 90 to 125 cm.<\/span><\/li>\n<li class=\"a-spacing-mini\"><span class=\"a-list-item\">It has 3 speeds (Low, Medium and High) that allow you to regulate the intensity of the airflow according to the needs of any time.<\/span><\/li>\n<li class=\"a-spacing-mini\"><span class=\"a-list-item\">Automatic oscillation facilitates the distribution of fresh air in the room where it is located.<\/span><\/li>\n<li class=\"a-spacing-mini\"><span class=\"a-list-item\">EnergySilence Technology: Instantly achieve a deep feeling of fresh air with maximum peace and comfort in the safest way.<\/span><\/li>\n<\/ul>","protected":false},"excerpt":{"rendered":"<h1 class=\"a-size-large a-spacing-small a-text-bold\">Product Information<\/h1>\n<div class=\"a-row\">\n<div class=\"a-column a-span12 a-span-last\">\n<div id=\"productDetails_expanderSectionTables\" class=\"a-section\">\n<div class=\"a-row\">\n<div class=\"a-column a-span6\">\n<div class=\"a-row\">\n<div id=\"productDetails_expanderTables_depthLeftSections\" class=\"a-section\">\n<div class=\"a-row a-expander-container a-expander-section-container a-section-expander-container\" data-csa-c-content-id=\"voyager-expander-btn\" data-csa-c-slot-id=\"voyager-expander-btn\" data-csa-c-type=\"button\" data-csa-c-id=\"221cjx-1kqg2e-gzi1z5-sk7rk4\">\n<div class=\"a-expander-content a-expander-extend-content a-expander-content-expanded\" data-expanded=\"true\">\n<div class=\"a-section\">\n<table class=\"a-keyvalue prodDetTable\">\n<tbody>\n<tr>\n<th class=\"a-color-secondary a-size-base prodDetSectionEntry\">Toiteallikas<\/th>\n<td class=\"a-size-base prodDetAttrValue\">Juhtmega elekter<\/td>\n<\/tr>\n<tr>\n<th class=\"a-color-secondary a-size-base prodDetSectionEntry\">Ruumi t\u00fc\u00fcp<\/th>\n<td class=\"a-size-base prodDetAttrValue\">Dining Room<\/td>\n<\/tr>\n<tr>\n<th class=\"a-color-secondary a-size-base prodDetSectionEntry\">Eriomadused<\/th>\n<td class=\"a-size-base prodDetAttrValue\">Waterproof<\/td>\n<\/tr>\n<tr>\n<th class=\"a-color-secondary a-size-base prodDetSectionEntry\">Toote soovitatavad kasutusalad<\/th>\n<td class=\"a-size-base prodDetAttrValue\">Air Circulation<\/td>\n<\/tr>\n<tr>\n<th class=\"a-color-secondary a-size-base prodDetSectionEntry\">Paigaldust\u00fc\u00fcp<\/th>\n<td class=\"a-size-base prodDetAttrValue\">P\u00f5randakinnitus<\/td>\n<\/tr>\n<tr>\n<th class=\"a-color-secondary a-size-base prodDetSectionEntry\">Kiiruste arv<\/th>\n<td class=\"a-size-base prodDetAttrValue\">3<\/td>\n<\/tr>\n<tr>\n<th class=\"a-color-secondary a-size-base prodDetSectionEntry\">V\u00f5imsus<\/th>\n<td class=\"a-size-base prodDetAttrValue\">50 watts<\/td>\n<\/tr>\n<tr>\n<th class=\"a-color-secondary a-size-base prodDetSectionEntry\">Number of Blades<\/th>\n<td class=\"a-size-base prodDetAttrValue\">4<\/td>\n<\/tr>\n<tr>\n<th class=\"a-color-secondary a-size-base prodDetSectionEntry\">Speed<\/th>\n<td class=\"a-size-base prodDetAttrValue\">3 RPM<\/td>\n<\/tr>\n<tr>\n<th class=\"a-color-secondary a-size-base prodDetSectionEntry\">Pinge<\/th>\n<td class=\"a-size-base prodDetAttrValue\">240 volti<\/td>\n<\/tr>\n<tr>\n<th class=\"a-color-secondary a-size-base prodDetSectionEntry\">L\u00fcliti t\u00fc\u00fcp<\/th>\n<td class=\"a-size-base prodDetAttrValue\">Soft-touch or quiet-glide<\/td>\n<\/tr>\n<tr>\n<th class=\"a-color-secondary a-size-base prodDetSectionEntry\">Sise- ja v\u00e4listingimustes kasutamine<\/th>\n<td class=\"a-size-base prodDetAttrValue\">Siseruumides<\/td>\n<\/tr>\n<tr>\n<th class=\"a-color-secondary a-size-base prodDetSectionEntry\">Kontrollimeetod<\/th>\n<td class=\"a-size-base prodDetAttrValue\">Puudutage<\/td>\n<\/tr>\n<tr>\n<th class=\"a-color-secondary a-size-base prodDetSectionEntry\">Standby Power Shutoff<\/th>\n<td class=\"a-size-base prodDetAttrValue\">K\u00f5rge<\/td>\n<\/tr>\n<tr>\n<th class=\"a-color-secondary a-size-base prodDetSectionEntry\">Toode on juhtmeta<\/th>\n<td class=\"a-size-base prodDetAttrValue\">Ei<\/td>\n<\/tr>\n<tr>\n<th class=\"a-color-secondary a-size-base prodDetSectionEntry\">V\u00f5imsustasemete arv<\/th>\n<td class=\"a-size-base prodDetAttrValue\">3<\/td>\n<\/tr>\n<\/tbody>\n<\/table>\n<\/div>\n<\/div>\n<\/div>\n<\/div>\n<\/div>\n<\/div>\n<\/div>\n<\/div>\n<\/div>\n<\/div>","protected":false},"featured_media":17828,"comment_status":"open","ping_status":"closed","template":"","meta":{"_monsterinsights_skip_tracking":false,"_monsterinsights_sitenote_active":false,"_monsterinsights_sitenote_note":"","_monsterinsights_sitenote_category":0,"jetpack_publicize_message":"","jetpack_publicize_feature_enabled":true,"jetpack_social_post_already_shared":true,"jetpack_social_options":{"image_generator_settings":{"template":"highway","default_image_id":0,"font":"","enabled":false},"version":2}},"product_brand":[],"product_cat":[150],"product_tag":[],"class_list":{"0":"post-17823","1":"product","2":"type-product","3":"status-publish","4":"has-post-thumbnail","6":"product_cat-fan","8":"first","9":"instock","10":"sale","11":"shipping-taxable","12":"purchasable","13":"product-type-simple"},"aioseo_notices":[],"jetpack_publicize_connections":[],"jetpack_sharing_enabled":true,"_links":{"self":[{"href":"https:\/\/amazingmarket.ee\/et\/wp-json\/wp\/v2\/product\/17823","targetHints":{"allow":["GET"]}}],"collection":[{"href":"https:\/\/amazingmarket.ee\/et\/wp-json\/wp\/v2\/product"}],"about":[{"href":"https:\/\/amazingmarket.ee\/et\/wp-json\/wp\/v2\/types\/product"}],"replies":[{"embeddable":true,"href":"https:\/\/amazingmarket.ee\/et\/wp-json\/wp\/v2\/comments?post=17823"}],"wp:featuredmedia":[{"embeddable":true,"href":"https:\/\/amazingmarket.ee\/et\/wp-json\/wp\/v2\/media\/17828"}],"wp:attachment":[{"href":"https:\/\/amazingmarket.ee\/et\/wp-json\/wp\/v2\/media?parent=17823"}],"wp:term":[{"taxonomy":"product_brand","embeddable":true,"href":"https:\/\/amazingmarket.ee\/et\/wp-json\/wp\/v2\/product_brand?post=17823"},{"taxonomy":"product_cat","embeddable":true,"href":"https:\/\/amazingmarket.ee\/et\/wp-json\/wp\/v2\/product_cat?post=17823"},{"taxonomy":"product_tag","embeddable":true,"href":"https:\/\/amazingmarket.ee\/et\/wp-json\/wp\/v2\/product_tag?post=17823"}],"curies":[{"name":"wp","href":"https:\/\/api.w.org\/{rel}","templated":true}]}}