{"id":17818,"date":"2026-01-23T12:56:08","date_gmt":"2026-01-23T10:56:08","guid":{"rendered":"https:\/\/amazingmarket.ee\/?post_type=product&#038;p=17818"},"modified":"2026-03-14T11:15:08","modified_gmt":"2026-03-14T09:15:08","slug":"cecotec-energy-silence-510-2","status":"publish","type":"product","link":"https:\/\/amazingmarket.ee\/et\/toode\/cecotec-energy-silence-510-2\/","title":{"rendered":"Cecotec Energy Silence 510"},"content":{"rendered":"<h2>DEMO<\/h2>\n<h2 class=\"a-size-base-plus a-text-bold\">Selle \u00fcksuse kohta<\/h2>\n<ul class=\"a-unordered-list a-vertical a-spacing-mini\">\n<li class=\"a-spacing-mini\"><span class=\"a-list-item\">Suur v\u00f5imsus 40 W, mis h\u00f5lbustab ruumi ventilatsiooni, mis koos vaskmootoriga annab ventilaatorile suurep\u00e4rase kvaliteedi, efektiivsuse ja vastupidavuse ning osaleb selle ventilatsiooniprotsessis t\u00e4iesti ohutul viisil.<\/span><\/li>\n<li class=\"a-spacing-mini\"><span class=\"a-list-item\">16-tolline ventilaator ja selle 5 laba, mis vastavad 40 cm-le, annavad sellele suure l\u00e4bim\u00f5\u00f5du, mis parandab \u00f5huvoolu j\u00f5udlust.<\/span><\/li>\n<li class=\"a-spacing-mini\"><span class=\"a-list-item\">Sellel on 3 kiirust (madal, keskmine, k\u00f5rge), millega saab \u00f5huvoolu intensiivsust vastavalt vajadusele reguleerida. Samuti saame reguleeritava teleskoopvarre abil reguleerida selle k\u00f5rgust 110\u2013130 cm vahel.<\/span><\/li>\n<li class=\"a-spacing-mini\"><span class=\"a-list-item\">Automaatne v\u00f5nkumine, mis h\u00f5lbustab v\u00e4rske \u00f5hu jaotumist ruumis, kus see asub<\/span><\/li>\n<li class=\"a-spacing-mini\"><span class=\"a-list-item\">EnergySilence tehnoloogia: saavutage koheselt s\u00fcgav v\u00e4rske \u00f5hu tunne maksimaalse vaikuse ja mugavusega<\/span><\/li>\n<\/ul>","protected":false},"excerpt":{"rendered":"<h1 class=\"a-size-large a-spacing-small a-text-bold\">Product Information<\/h1>\n<div class=\"a-row\">\n<div class=\"a-column a-span12 a-span-last\">\n<div id=\"productDetails_expanderSectionTables\" class=\"a-section\">\n<div class=\"a-row\">\n<div class=\"a-column a-span6\">\n<div class=\"a-row\">\n<div id=\"productDetails_expanderTables_depthLeftSections\" class=\"a-section\">\n<div class=\"a-row a-expander-container a-expander-section-container a-section-expander-container\" data-csa-c-content-id=\"voyager-expander-btn\" data-csa-c-slot-id=\"voyager-expander-btn\" data-csa-c-type=\"button\" data-csa-c-id=\"f3oh27-mqy52o-gvcw54-ggoib2\"><span class=\"a-declarative\" data-action=\"voyager-expander-heading-toggle\" data-voyager-expander-heading-toggle=\"{\"sectionindex\":0,\"columnname\":\"depthleftsections\"}\"><a class=\"a-expander-header a-declarative a-expander-section-header prodDet-expander-header-styling a-color-offset-background a-link-section-expander a-size-medium\" role=\"button\" aria-expanded=\"true\" data-action=\"a-expander-toggle\" data-a-expander-toggle=\"{\"allowlinkdefault\":true, \"expand_prompt\":\"\", \"collapse_prompt\":\"\"}\"><i class=\"a-icon a-icon-section-collapse\"><\/i><span class=\"a-expander-prompt\" role=\"heading\" aria-level=\"5\">Features &#038; Specs<\/span><\/a><\/span><\/p>\n<div class=\"a-expander-content a-expander-extend-content a-expander-content-expanded\" data-expanded=\"true\">\n<div class=\"a-section\">\n<table class=\"a-keyvalue prodDetTable\">\n<tbody>\n<tr>\n<th class=\"a-color-secondary a-size-base prodDetSectionEntry\">Toiteallikas<\/th>\n<td class=\"a-size-base prodDetAttrValue\">Juhtmega elekter<\/td>\n<\/tr>\n<tr>\n<th class=\"a-color-secondary a-size-base prodDetSectionEntry\">Ruumi t\u00fc\u00fcp<\/th>\n<td class=\"a-size-base prodDetAttrValue\">All rooms<\/td>\n<\/tr>\n<tr>\n<th class=\"a-color-secondary a-size-base prodDetSectionEntry\">Eriomadused<\/th>\n<td class=\"a-size-base prodDetAttrValue\">V\u00f5nkuv<\/td>\n<\/tr>\n<tr>\n<th class=\"a-color-secondary a-size-base prodDetSectionEntry\">Toote soovitatavad kasutusalad<\/th>\n<td class=\"a-size-base prodDetAttrValue\">Air Circulation<\/td>\n<\/tr>\n<tr>\n<th class=\"a-color-secondary a-size-base prodDetSectionEntry\">Paigaldust\u00fc\u00fcp<\/th>\n<td class=\"a-size-base prodDetAttrValue\">P\u00f5randakinnitus<\/td>\n<\/tr>\n<tr>\n<th class=\"a-color-secondary a-size-base prodDetSectionEntry\">Kontrolleri t\u00fc\u00fcp<\/th>\n<td class=\"a-size-base prodDetAttrValue\">Button Control<\/td>\n<\/tr>\n<tr>\n<th class=\"a-color-secondary a-size-base prodDetSectionEntry\">Kiiruste arv<\/th>\n<td class=\"a-size-base prodDetAttrValue\">3<\/td>\n<\/tr>\n<tr>\n<th class=\"a-color-secondary a-size-base prodDetSectionEntry\">M\u00fcra tase<\/th>\n<td class=\"a-size-base prodDetAttrValue\">10 Decibels<\/td>\n<\/tr>\n<tr>\n<th class=\"a-color-secondary a-size-base prodDetSectionEntry\">V\u00f5imsus<\/th>\n<td class=\"a-size-base prodDetAttrValue\">40 watts<\/td>\n<\/tr>\n<tr>\n<th class=\"a-color-secondary a-size-base prodDetSectionEntry\">Number of Blades<\/th>\n<td class=\"a-size-base prodDetAttrValue\">5<\/td>\n<\/tr>\n<tr>\n<th class=\"a-color-secondary a-size-base prodDetSectionEntry\">Speed<\/th>\n<td class=\"a-size-base prodDetAttrValue\">3 RPM<\/td>\n<\/tr>\n<tr>\n<th class=\"a-color-secondary a-size-base prodDetSectionEntry\">Pinge<\/th>\n<td class=\"a-size-base prodDetAttrValue\">230 Volts (AC)<\/td>\n<\/tr>\n<tr>\n<th class=\"a-color-secondary a-size-base prodDetSectionEntry\">L\u00fcliti t\u00fc\u00fcp<\/th>\n<td class=\"a-size-base prodDetAttrValue\">Vajutusnupp<\/td>\n<\/tr>\n<\/tbody>\n<\/table>\n<\/div>\n<\/div>\n<\/div>\n<\/div>\n<\/div>\n<\/div>\n<\/div>\n<\/div>\n<\/div>\n<\/div>","protected":false},"featured_media":17817,"comment_status":"open","ping_status":"closed","template":"","meta":{"_monsterinsights_skip_tracking":false,"_monsterinsights_sitenote_active":false,"_monsterinsights_sitenote_note":"","_monsterinsights_sitenote_category":0,"jetpack_publicize_message":"","jetpack_publicize_feature_enabled":true,"jetpack_social_post_already_shared":true,"jetpack_social_options":{"image_generator_settings":{"template":"highway","default_image_id":0,"font":"","enabled":false},"version":2}},"product_brand":[],"product_cat":[150],"product_tag":[],"class_list":{"0":"post-17818","1":"product","2":"type-product","3":"status-publish","4":"has-post-thumbnail","6":"product_cat-fan","8":"first","9":"instock","10":"sale","11":"shipping-taxable","12":"purchasable","13":"product-type-simple"},"aioseo_notices":[],"jetpack_publicize_connections":[],"jetpack_sharing_enabled":true,"_links":{"self":[{"href":"https:\/\/amazingmarket.ee\/et\/wp-json\/wp\/v2\/product\/17818","targetHints":{"allow":["GET"]}}],"collection":[{"href":"https:\/\/amazingmarket.ee\/et\/wp-json\/wp\/v2\/product"}],"about":[{"href":"https:\/\/amazingmarket.ee\/et\/wp-json\/wp\/v2\/types\/product"}],"replies":[{"embeddable":true,"href":"https:\/\/amazingmarket.ee\/et\/wp-json\/wp\/v2\/comments?post=17818"}],"wp:featuredmedia":[{"embeddable":true,"href":"https:\/\/amazingmarket.ee\/et\/wp-json\/wp\/v2\/media\/17817"}],"wp:attachment":[{"href":"https:\/\/amazingmarket.ee\/et\/wp-json\/wp\/v2\/media?parent=17818"}],"wp:term":[{"taxonomy":"product_brand","embeddable":true,"href":"https:\/\/amazingmarket.ee\/et\/wp-json\/wp\/v2\/product_brand?post=17818"},{"taxonomy":"product_cat","embeddable":true,"href":"https:\/\/amazingmarket.ee\/et\/wp-json\/wp\/v2\/product_cat?post=17818"},{"taxonomy":"product_tag","embeddable":true,"href":"https:\/\/amazingmarket.ee\/et\/wp-json\/wp\/v2\/product_tag?post=17818"}],"curies":[{"name":"wp","href":"https:\/\/api.w.org\/{rel}","templated":true}]}}