{"id":17767,"date":"2026-01-21T15:50:05","date_gmt":"2026-01-21T13:50:05","guid":{"rendered":"https:\/\/amazingmarket.ee\/?post_type=product&#038;p=17767"},"modified":"2026-03-14T11:15:08","modified_gmt":"2026-03-14T09:15:08","slug":"breville-vcf126x-barista-max-sieve-carrier-2-8-l-water-tank","status":"publish","type":"product","link":"https:\/\/amazingmarket.ee\/et\/toode\/breville-vcf126x-barista-max-sieve-carrier-2-8-l-water-tank\/","title":{"rendered":"Breville VCF126X Barista Max Sieve Carrier 2.8 L Water Tank"},"content":{"rendered":"<h2>V\u00c4HE KASUTATUD<\/h2>\n<h2 class=\"a-size-base-plus a-text-bold\">Selle \u00fcksuse kohta<\/h2>\n<ul class=\"a-unordered-list a-vertical a-spacing-mini\">\n<li class=\"a-spacing-mini\"><span class=\"a-list-item\">Tasty coffee in no time at all: With this intuitive espresso machine, which is ideal for lattes, cappuccinos and more, you can enjoy delicious coffee that is in no way inferior to coffee in your favourite cafe.<\/span><\/li>\n<li class=\"a-spacing-mini\"><span class=\"a-list-item\">The perfect brewing result every time: The Temperature IQ Shot Control uses a three-way system to regulate and stabilise water flow and temperature so your coffee tastes reliably excellent.<\/span><\/li>\n<li class=\"a-spacing-mini\"><span class=\"a-list-item\">The beans are always with you: One-touch tap &#038; Go grinder with 30 different grinding settings and conical grinding mechanism delivers freshly ground coffee powder with consistent particle size for maximum aroma.<\/span><\/li>\n<li class=\"a-spacing-mini\"><span class=\"a-list-item\">Just the way you like it most: Auto Shot volume control measures just the right amount of water you need for one or two shots espresso, while the Manual Shot button lets you take control.<\/span><\/li>\n<li class=\"a-spacing-mini\"><span class=\"a-list-item\">More than espresso: The full-size heat-insulated milk frother creates a dry steam that ensures velvety, fine-pored milk foam for lattes, flat whites and cappuccinos.<\/span><\/li>\n<\/ul>","protected":false},"excerpt":{"rendered":"<h1 class=\"a-size-large a-spacing-small a-text-bold\">Product Information<\/h1>\n<div class=\"a-row\">\n<div class=\"a-column a-span12 a-span-last\">\n<div id=\"productDetails_expanderSectionTables\" class=\"a-section\">\n<div class=\"a-row\">\n<div class=\"a-column a-span6\">\n<div class=\"a-row\">\n<div id=\"productDetails_expanderTables_depthLeftSections\" class=\"a-section\">\n<div class=\"a-row a-expander-container a-expander-section-container a-section-expander-container\" data-csa-c-content-id=\"voyager-expander-btn\" data-csa-c-slot-id=\"voyager-expander-btn\" data-csa-c-type=\"button\" data-csa-c-id=\"r7u2so-hpkmex-bplwj5-3w6s3s\"><span class=\"a-declarative\" data-action=\"voyager-expander-heading-toggle\" data-voyager-expander-heading-toggle=\"{\"sectionindex\":0,\"columnname\":\"depthleftsections\"}\"><a class=\"a-expander-header a-declarative a-expander-section-header prodDet-expander-header-styling a-color-offset-background a-link-section-expander a-size-medium\" role=\"button\" aria-expanded=\"true\" data-action=\"a-expander-toggle\" data-a-expander-toggle=\"{\"allowlinkdefault\":true, \"expand_prompt\":\"\", \"collapse_prompt\":\"\"}\"><i class=\"a-icon a-icon-section-collapse\"><\/i><span class=\"a-expander-prompt\" role=\"heading\" aria-level=\"5\">Features &#038; Specs<\/span><\/a><\/span><\/p>\n<div class=\"a-expander-content a-expander-extend-content a-expander-content-expanded\" data-expanded=\"true\">\n<div class=\"a-section\">\n<table class=\"a-keyvalue prodDetTable\">\n<tbody>\n<tr>\n<th class=\"a-color-secondary a-size-base prodDetSectionEntry\">Other Special Features of the Product<\/th>\n<td class=\"a-size-base prodDetAttrValue\">Piimavahustaja<\/td>\n<\/tr>\n<tr>\n<th class=\"a-color-secondary a-size-base prodDetSectionEntry\">Kohvimasina t\u00fc\u00fcp<\/th>\n<td class=\"a-size-base prodDetAttrValue\">Espressomasin<\/td>\n<\/tr>\n<tr>\n<th class=\"a-color-secondary a-size-base prodDetSectionEntry\">Filtri t\u00fc\u00fcp<\/th>\n<td class=\"a-size-base prodDetAttrValue\">Korduvkasutatav<\/td>\n<\/tr>\n<tr>\n<th class=\"a-color-secondary a-size-base prodDetSectionEntry\">Toote spetsiifilised kasutusalad<\/th>\n<td class=\"a-size-base prodDetAttrValue\">Tass_soojem, piimavahustaja<\/td>\n<\/tr>\n<tr>\n<th class=\"a-color-secondary a-size-base prodDetSectionEntry\">Toote soovitatavad kasutusalad<\/th>\n<td class=\"a-size-base prodDetAttrValue\">Reisimine<\/td>\n<\/tr>\n<tr>\n<th class=\"a-color-secondary a-size-base prodDetSectionEntry\">T\u00f6\u00f6re\u017eiim<\/th>\n<td class=\"a-size-base prodDetAttrValue\">Poolautomaatne<\/td>\n<\/tr>\n<tr>\n<th class=\"a-color-secondary a-size-base prodDetSectionEntry\">V\u00f5imsus<\/th>\n<td class=\"a-size-base prodDetAttrValue\">1550 watts<\/td>\n<\/tr>\n<tr>\n<th class=\"a-color-secondary a-size-base prodDetSectionEntry\">Pinge<\/th>\n<td class=\"a-size-base prodDetAttrValue\">240<\/td>\n<\/tr>\n<tr>\n<th class=\"a-color-secondary a-size-base prodDetSectionEntry\">Inimliidese sisend<\/th>\n<td class=\"a-size-base prodDetAttrValue\">Nupud<\/td>\n<\/tr>\n<\/tbody>\n<\/table>\n<\/div>\n<\/div>\n<\/div>\n<div class=\"a-row a-expander-container a-expander-section-container a-section-expander-container\" data-csa-c-content-id=\"voyager-expander-btn\" data-csa-c-slot-id=\"voyager-expander-btn\" data-csa-c-type=\"button\" data-csa-c-id=\"kbaejr-yhxf2i-g9ji8v-dfhd02\">\n<div class=\"a-expander-content a-expander-extend-content a-expander-content-expanded\" data-expanded=\"true\">\n<div class=\"a-section\">\n<table class=\"a-keyvalue prodDetTable\">\n<tbody>\n<tr>\n<th class=\"a-color-secondary a-size-base prodDetSectionEntry\">Mahutavus<\/th>\n<td class=\"a-size-base prodDetAttrValue\">2,8 liitrit<\/td>\n<\/tr>\n<tr>\n<th class=\"a-color-secondary a-size-base prodDetSectionEntry\">Kauba m\u00f5\u00f5tmed P x L x K<\/th>\n<td class=\"a-size-base prodDetAttrValue\">36.6D x 44W x 36.6H centimetres<\/td>\n<\/tr>\n<tr>\n<th class=\"a-color-secondary a-size-base prodDetSectionEntry\">Kauba kaal<\/th>\n<td class=\"a-size-base prodDetAttrValue\">8 Kilograms<\/td>\n<\/tr>\n<tr>\n<th class=\"a-color-secondary a-size-base prodDetSectionEntry\">Artiklite arv<\/th>\n<td class=\"a-size-base prodDetAttrValue\">1<\/td>\n<\/tr>\n<\/tbody>\n<\/table>\n<\/div>\n<\/div>\n<\/div>\n<\/div>\n<\/div>\n<\/div>\n<\/div>\n<\/div>\n<\/div>\n<\/div>","protected":false},"featured_media":17771,"comment_status":"open","ping_status":"closed","template":"","meta":{"_monsterinsights_skip_tracking":false,"_monsterinsights_sitenote_active":false,"_monsterinsights_sitenote_note":"","_monsterinsights_sitenote_category":0,"jetpack_publicize_message":"","jetpack_publicize_feature_enabled":true,"jetpack_social_post_already_shared":true,"jetpack_social_options":{"image_generator_settings":{"template":"highway","default_image_id":0,"font":"","enabled":false},"version":2}},"product_brand":[],"product_cat":[73],"product_tag":[],"class_list":{"0":"post-17767","1":"product","2":"type-product","3":"status-publish","4":"has-post-thumbnail","6":"product_cat-coffee-machines","8":"first","9":"instock","10":"sale","11":"shipping-taxable","12":"purchasable","13":"product-type-simple"},"aioseo_notices":[],"jetpack_publicize_connections":[],"jetpack_sharing_enabled":true,"_links":{"self":[{"href":"https:\/\/amazingmarket.ee\/et\/wp-json\/wp\/v2\/product\/17767","targetHints":{"allow":["GET"]}}],"collection":[{"href":"https:\/\/amazingmarket.ee\/et\/wp-json\/wp\/v2\/product"}],"about":[{"href":"https:\/\/amazingmarket.ee\/et\/wp-json\/wp\/v2\/types\/product"}],"replies":[{"embeddable":true,"href":"https:\/\/amazingmarket.ee\/et\/wp-json\/wp\/v2\/comments?post=17767"}],"wp:featuredmedia":[{"embeddable":true,"href":"https:\/\/amazingmarket.ee\/et\/wp-json\/wp\/v2\/media\/17771"}],"wp:attachment":[{"href":"https:\/\/amazingmarket.ee\/et\/wp-json\/wp\/v2\/media?parent=17767"}],"wp:term":[{"taxonomy":"product_brand","embeddable":true,"href":"https:\/\/amazingmarket.ee\/et\/wp-json\/wp\/v2\/product_brand?post=17767"},{"taxonomy":"product_cat","embeddable":true,"href":"https:\/\/amazingmarket.ee\/et\/wp-json\/wp\/v2\/product_cat?post=17767"},{"taxonomy":"product_tag","embeddable":true,"href":"https:\/\/amazingmarket.ee\/et\/wp-json\/wp\/v2\/product_tag?post=17767"}],"curies":[{"name":"wp","href":"https:\/\/api.w.org\/{rel}","templated":true}]}}