{"id":17751,"date":"2026-01-21T11:34:13","date_gmt":"2026-01-21T09:34:13","guid":{"rendered":"https:\/\/amazingmarket.ee\/?post_type=product&#038;p=17751"},"modified":"2026-03-14T11:15:08","modified_gmt":"2026-03-14T09:15:08","slug":"strong-srt-40ff2003c-tv","status":"publish","type":"product","link":"https:\/\/amazingmarket.ee\/et\/toode\/strong-srt-40ff2003c-tv\/","title":{"rendered":"STRONG SRT 40FF2003C TV"},"content":{"rendered":"<h1>DEMO<\/h1>\n<h1 class=\"a-size-base-plus a-text-bold\">Selle \u00fcksuse kohta<\/h1>\n<ul class=\"a-unordered-list a-vertical a-spacing-mini\">\n<li class=\"a-spacing-mini\"><span class=\"a-list-item\">Enjoy exceptional picture quality with STRONG&#8217;s Full HD TV, equipped with a 60Hz display for smooth, lifelike images and impressive contrast.<\/span><\/li>\n<li class=\"a-spacing-mini\"><span class=\"a-list-item\">The TV with DVB-T2 tuner offers flexibility and optimal reception quality. Thanks to the triple tuner, the TV adapts to any situation and always offers the best TV picture possible.<\/span><\/li>\n<li class=\"a-spacing-mini\"><span class=\"a-list-item\">Equipped with 3 HDMI ports and 2 USB ports, you can easily enjoy your multimedia content. The additional CI slot opens the possibility of using pay TV.<\/span><\/li>\n<li class=\"a-spacing-mini\"><span class=\"a-list-item\">Take advantage of parental controls and the Favorite List feature that allows you to easily and individually manage your favorite stations.<\/span><\/li>\n<li class=\"a-spacing-mini\"><span class=\"a-list-item\">With the Electronic Programme Guide (EPG), you always keep track of your TV programme. In addition, the TV also offers the teletext function.<\/span><\/li>\n<\/ul>","protected":false},"excerpt":{"rendered":"<div class=\"a-row\">\n<div class=\"a-column a-span6\">\n<h1 class=\"a-size-medium a-spacing-small\">Tehnilised \u00fcksikasjad<\/h1>\n<\/div>\n<\/div>\n<div class=\"a-expander-content a-expander-extend-content\" data-expanded=\"true\">\n<div class=\"a-row a-expander-container a-expander-inline-container\">\n<div class=\"a-expander-content a-expander-section-content a-section-expander-inner\" data-expanded=\"true\">\n<table id=\"productDetails_techSpec_section_1\" class=\"a-keyvalue prodDetTable\">\n<tbody>\n<tr>\n<th class=\"a-color-secondary a-size-base prodDetSectionEntry\">Kaubam\u00e4rgi nimi<\/th>\n<td class=\"a-size-base prodDetAttrValue\">\u200eStrong<\/td>\n<\/tr>\n<tr>\n<th class=\"a-color-secondary a-size-base prodDetSectionEntry\">Kauba kaal<\/th>\n<td class=\"a-size-base prodDetAttrValue\">\u200e11.88 pounds<\/td>\n<\/tr>\n<tr>\n<th class=\"a-color-secondary a-size-base prodDetSectionEntry\">Toote m\u00f5\u00f5tmed<\/th>\n<td class=\"a-size-base prodDetAttrValue\">\u200e7.09 x 35.6 x 22.17 inches<\/td>\n<\/tr>\n<tr>\n<th class=\"a-color-secondary a-size-base prodDetSectionEntry\">Kauba mudeli number<\/th>\n<td class=\"a-size-base prodDetAttrValue\">\u200eSRT40FF2003C<\/td>\n<\/tr>\n<tr>\n<th class=\"a-color-secondary a-size-base prodDetSectionEntry\">Patareid<\/th>\n<td class=\"a-size-base prodDetAttrValue\">\u200e2 AAA batteries required.<\/td>\n<\/tr>\n<tr>\n<th class=\"a-color-secondary a-size-base prodDetSectionEntry\">V\u00e4ljundv\u00f5imsus<\/th>\n<td class=\"a-size-base prodDetAttrValue\">\u200e16 Watts<\/td>\n<\/tr>\n<tr>\n<th class=\"a-color-secondary a-size-base prodDetSectionEntry\">V\u00e4rvi nimi<\/th>\n<td class=\"a-size-base prodDetAttrValue\">Must<\/td>\n<\/tr>\n<tr>\n<th class=\"a-color-secondary a-size-base prodDetSectionEntry\">Number of Component Outputs<\/th>\n<td class=\"a-size-base prodDetAttrValue\">USB<\/td>\n<\/tr>\n<tr>\n<th class=\"a-color-secondary a-size-base prodDetSectionEntry\">Eriomadused<\/th>\n<td class=\"a-size-base prodDetAttrValue\">\u200eAuto Sleep, Built-In Speaker, Child Safety, Favourites List, Flat, Parental Controls, Sleep Timer<\/td>\n<\/tr>\n<tr>\n<th class=\"a-color-secondary a-size-base prodDetSectionEntry\">K\u00f5lari t\u00fc\u00fcp<\/th>\n<td class=\"a-size-base prodDetAttrValue\">Sisseehitatud<\/td>\n<\/tr>\n<tr>\n<th class=\"a-color-secondary a-size-base prodDetSectionEntry\">Kauba kaal<\/th>\n<td class=\"a-size-base prodDetAttrValue\">5,4 kilogrammi<\/td>\n<\/tr>\n<tr>\n<th class=\"a-color-secondary a-size-base prodDetSectionEntry\">Seisuva ekraani suurus<\/th>\n<td class=\"a-size-base prodDetAttrValue\">\u200e100 Centimeters<\/td>\n<\/tr>\n<tr>\n<th class=\"a-color-secondary a-size-base prodDetSectionEntry\">Kuvasuhe<\/th>\n<td class=\"a-size-base prodDetAttrValue\">16:9<\/td>\n<\/tr>\n<tr>\n<th class=\"a-color-secondary a-size-base prodDetSectionEntry\">Pinge<\/th>\n<td class=\"a-size-base prodDetAttrValue\">220 volti (AC)<\/td>\n<\/tr>\n<tr>\n<th class=\"a-color-secondary a-size-base prodDetSectionEntry\">V\u00f5imsus<\/th>\n<td class=\"a-size-base prodDetAttrValue\">\u200e74 watts<\/td>\n<\/tr>\n<\/tbody>\n<\/table>\n<\/div>\n<\/div>\n<\/div>","protected":false},"featured_media":17752,"comment_status":"open","ping_status":"closed","template":"","meta":{"_monsterinsights_skip_tracking":false,"_monsterinsights_sitenote_active":false,"_monsterinsights_sitenote_note":"","_monsterinsights_sitenote_category":0,"jetpack_publicize_message":"","jetpack_publicize_feature_enabled":true,"jetpack_social_post_already_shared":true,"jetpack_social_options":{"image_generator_settings":{"template":"highway","default_image_id":0,"font":"","enabled":false},"version":2}},"product_brand":[],"product_cat":[144],"product_tag":[],"class_list":{"0":"post-17751","1":"product","2":"type-product","3":"status-publish","4":"has-post-thumbnail","6":"product_cat-tvs","8":"first","9":"instock","10":"sale","11":"shipping-taxable","12":"purchasable","13":"product-type-simple"},"aioseo_notices":[],"jetpack_publicize_connections":[],"jetpack_sharing_enabled":true,"_links":{"self":[{"href":"https:\/\/amazingmarket.ee\/et\/wp-json\/wp\/v2\/product\/17751","targetHints":{"allow":["GET"]}}],"collection":[{"href":"https:\/\/amazingmarket.ee\/et\/wp-json\/wp\/v2\/product"}],"about":[{"href":"https:\/\/amazingmarket.ee\/et\/wp-json\/wp\/v2\/types\/product"}],"replies":[{"embeddable":true,"href":"https:\/\/amazingmarket.ee\/et\/wp-json\/wp\/v2\/comments?post=17751"}],"wp:featuredmedia":[{"embeddable":true,"href":"https:\/\/amazingmarket.ee\/et\/wp-json\/wp\/v2\/media\/17752"}],"wp:attachment":[{"href":"https:\/\/amazingmarket.ee\/et\/wp-json\/wp\/v2\/media?parent=17751"}],"wp:term":[{"taxonomy":"product_brand","embeddable":true,"href":"https:\/\/amazingmarket.ee\/et\/wp-json\/wp\/v2\/product_brand?post=17751"},{"taxonomy":"product_cat","embeddable":true,"href":"https:\/\/amazingmarket.ee\/et\/wp-json\/wp\/v2\/product_cat?post=17751"},{"taxonomy":"product_tag","embeddable":true,"href":"https:\/\/amazingmarket.ee\/et\/wp-json\/wp\/v2\/product_tag?post=17751"}],"curies":[{"name":"wp","href":"https:\/\/api.w.org\/{rel}","templated":true}]}}