{"id":17692,"date":"2026-01-20T11:31:54","date_gmt":"2026-01-20T09:31:54","guid":{"rendered":"https:\/\/amazingmarket.ee\/?post_type=product&#038;p=17692"},"modified":"2026-03-14T11:15:09","modified_gmt":"2026-03-14T09:15:09","slug":"cecotec-energysilence-skyline-6090-tower-fan","status":"publish","type":"product","link":"https:\/\/amazingmarket.ee\/et\/toode\/cecotec-energysilence-skyline-6090-tower-fan\/","title":{"rendered":"Cecotec EnergySilence Skyline 6090 Tower Fan"},"content":{"rendered":"<h2>DEMO<\/h2>\n<h2 class=\"a-size-base-plus a-text-bold\">Selle \u00fcksuse kohta<\/h2>\n<ul class=\"a-unordered-list a-vertical a-spacing-mini\">\n<li class=\"a-spacing-mini\"><span class=\"a-list-item\">Exclusive 100% copper motor with high efficiency, reliable and maximum durability. In addition, it complies with current regulations on safety and environmental protection.<\/span><\/li>\n<li class=\"a-spacing-mini\"><span class=\"a-list-item\">3 speeds to adjust the intensity of the air flow (low night\/medium-normal eco and high-turbo). It features EnergySilence technology, providing a deep sensation of fresh air instantly with maximum silence and comfort.<\/span><\/li>\n<li class=\"a-spacing-mini\"><span class=\"a-list-item\">Neat design with elegant lines with a height of 76 cm. to suit your home decor. Oscillation mode of the blades to provide a wider ventilation angle and a wide cool zone.<\/span><\/li>\n<li class=\"a-spacing-mini\"><span class=\"a-list-item\">Easy to carry and store thanks to its carry handle.<\/span><\/li>\n<li class=\"a-spacing-mini\"><span class=\"a-list-item\">It has a programmable timer up to 120 min, after which the fan automatically shuts off, to give you maximum comfort during use and save energy.<\/span><\/li>\n<\/ul>","protected":false},"excerpt":{"rendered":"<h1 class=\"a-size-large a-spacing-small a-text-bold\">Product Information<\/h1>\n<div class=\"a-row\">\n<div class=\"a-column a-span12 a-span-last\">\n<div id=\"productDetails_expanderSectionTables\" class=\"a-section\">\n<div class=\"a-row\">\n<div class=\"a-column a-span6\">\n<div class=\"a-row\">\n<div id=\"productDetails_expanderTables_depthLeftSections\" class=\"a-section\">\n<div class=\"a-row a-expander-container a-expander-section-container a-section-expander-container\" data-csa-c-content-id=\"voyager-expander-btn\" data-csa-c-slot-id=\"voyager-expander-btn\" data-csa-c-type=\"button\" data-csa-c-id=\"n9yeoe-do58g5-r3pd6j-rxcvjd\">\n<div class=\"a-expander-content a-expander-extend-content a-expander-content-expanded\" data-expanded=\"true\">\n<div class=\"a-section\">\n<table class=\"a-keyvalue prodDetTable\">\n<tbody>\n<tr>\n<th class=\"a-color-secondary a-size-base prodDetSectionEntry\">Toiteallikas<\/th>\n<td class=\"a-size-base prodDetAttrValue\">Elektriline<\/td>\n<\/tr>\n<tr>\n<th class=\"a-color-secondary a-size-base prodDetSectionEntry\">Ruumi t\u00fc\u00fcp<\/th>\n<td class=\"a-size-base prodDetAttrValue\">All types of parts<\/td>\n<\/tr>\n<tr>\n<th class=\"a-color-secondary a-size-base prodDetSectionEntry\">Eriomadused<\/th>\n<td class=\"a-size-base prodDetAttrValue\">V\u00f5nkuv<\/td>\n<\/tr>\n<tr>\n<th class=\"a-color-secondary a-size-base prodDetSectionEntry\">Toote soovitatavad kasutusalad<\/th>\n<td class=\"a-size-base prodDetAttrValue\">For the home<\/td>\n<\/tr>\n<tr>\n<th class=\"a-color-secondary a-size-base prodDetSectionEntry\">Paigaldust\u00fc\u00fcp<\/th>\n<td class=\"a-size-base prodDetAttrValue\">P\u00f5randakinnitus<\/td>\n<\/tr>\n<tr>\n<th class=\"a-color-secondary a-size-base prodDetSectionEntry\">Kontrolleri t\u00fc\u00fcp<\/th>\n<td class=\"a-size-base prodDetAttrValue\">Rakenduse juhtimine<\/td>\n<\/tr>\n<tr>\n<th class=\"a-color-secondary a-size-base prodDetSectionEntry\">Kiiruste arv<\/th>\n<td class=\"a-size-base prodDetAttrValue\">3<\/td>\n<\/tr>\n<tr>\n<th class=\"a-color-secondary a-size-base prodDetSectionEntry\">M\u00fcra tase<\/th>\n<td class=\"a-size-base prodDetAttrValue\">1 Decibels<\/td>\n<\/tr>\n<tr>\n<th class=\"a-color-secondary a-size-base prodDetSectionEntry\">V\u00f5imsus<\/th>\n<td class=\"a-size-base prodDetAttrValue\">45 watts<\/td>\n<\/tr>\n<tr>\n<th class=\"a-color-secondary a-size-base prodDetSectionEntry\">Number of Blades<\/th>\n<td class=\"a-size-base prodDetAttrValue\">3<\/td>\n<\/tr>\n<tr>\n<th class=\"a-color-secondary a-size-base prodDetSectionEntry\">Pinge<\/th>\n<td class=\"a-size-base prodDetAttrValue\">1<\/td>\n<\/tr>\n<tr>\n<th class=\"a-color-secondary a-size-base prodDetSectionEntry\">L\u00fcliti t\u00fc\u00fcp<\/th>\n<td class=\"a-size-base prodDetAttrValue\">Puudutage<\/td>\n<\/tr>\n<tr>\n<th class=\"a-color-secondary a-size-base prodDetSectionEntry\">Sise- ja v\u00e4listingimustes kasutamine<\/th>\n<td class=\"a-size-base prodDetAttrValue\">Siseruumides<\/td>\n<\/tr>\n<tr>\n<th class=\"a-color-secondary a-size-base prodDetSectionEntry\">Kontrollimeetod<\/th>\n<td class=\"a-size-base prodDetAttrValue\">Puudutage<\/td>\n<\/tr>\n<tr>\n<th class=\"a-color-secondary a-size-base prodDetSectionEntry\">Standby Power Shutoff<\/th>\n<td class=\"a-size-base prodDetAttrValue\">A<\/td>\n<\/tr>\n<tr>\n<th class=\"a-color-secondary a-size-base prodDetSectionEntry\">Toode on juhtmeta<\/th>\n<td class=\"a-size-base prodDetAttrValue\">Ei<\/td>\n<\/tr>\n<tr>\n<th class=\"a-color-secondary a-size-base prodDetSectionEntry\">V\u00f5imsustasemete arv<\/th>\n<td class=\"a-size-base prodDetAttrValue\">3<\/td>\n<\/tr>\n<tr>\n<th class=\"a-color-secondary a-size-base prodDetSectionEntry\"><\/th>\n<td class=\"a-size-base prodDetAttrValue\"><\/td>\n<\/tr>\n<\/tbody>\n<\/table>\n<\/div>\n<\/div>\n<\/div>\n<\/div>\n<\/div>\n<\/div>\n<div class=\"a-column a-span6 a-span-last\">\n<div class=\"a-row\">\n<div id=\"productDetails_expanderTables_depthRightSections\" class=\"a-section\">\n<div class=\"a-row a-expander-container a-expander-section-container a-section-expander-container\" data-csa-c-content-id=\"voyager-expander-btn\" data-csa-c-slot-id=\"voyager-expander-btn\" data-csa-c-type=\"button\" data-csa-c-id=\"qk43rj-w9vgt7-n64f0w-99w9al\">\n<div class=\"a-expander-content a-expander-extend-content a-expander-content-expanded\" data-expanded=\"true\">\n<div class=\"a-section\">\n<table class=\"a-keyvalue prodDetTable\">\n<tbody>\n<tr>\n<th class=\"a-color-secondary a-size-base prodDetSectionEntry\">Kauba m\u00f5\u00f5tmed P x L x K<\/th>\n<td class=\"a-size-base prodDetAttrValue\">19D x 19W x 80.5H centimetres<\/td>\n<\/tr>\n<tr>\n<th class=\"a-color-secondary a-size-base prodDetSectionEntry\">Blade Length<\/th>\n<td class=\"a-size-base prodDetAttrValue\">76 Centimetres<\/td>\n<\/tr>\n<tr>\n<th class=\"a-color-secondary a-size-base prodDetSectionEntry\">Kauba kaal<\/th>\n<td class=\"a-size-base prodDetAttrValue\">2.47 Kilograms<\/td>\n<\/tr>\n<\/tbody>\n<\/table>\n<\/div>\n<\/div>\n<\/div>\n<\/div>\n<\/div>\n<\/div>\n<\/div>\n<\/div>\n<\/div>\n<\/div>","protected":false},"featured_media":17697,"comment_status":"open","ping_status":"closed","template":"","meta":{"_monsterinsights_skip_tracking":false,"_monsterinsights_sitenote_active":false,"_monsterinsights_sitenote_note":"","_monsterinsights_sitenote_category":0,"jetpack_publicize_message":"","jetpack_publicize_feature_enabled":true,"jetpack_social_post_already_shared":true,"jetpack_social_options":{"image_generator_settings":{"template":"highway","default_image_id":0,"font":"","enabled":false},"version":2}},"product_brand":[],"product_cat":[150],"product_tag":[],"class_list":{"0":"post-17692","1":"product","2":"type-product","3":"status-publish","4":"has-post-thumbnail","6":"product_cat-fan","8":"first","9":"instock","10":"sale","11":"shipping-taxable","12":"purchasable","13":"product-type-simple"},"aioseo_notices":[],"jetpack_publicize_connections":[],"jetpack_sharing_enabled":true,"_links":{"self":[{"href":"https:\/\/amazingmarket.ee\/et\/wp-json\/wp\/v2\/product\/17692","targetHints":{"allow":["GET"]}}],"collection":[{"href":"https:\/\/amazingmarket.ee\/et\/wp-json\/wp\/v2\/product"}],"about":[{"href":"https:\/\/amazingmarket.ee\/et\/wp-json\/wp\/v2\/types\/product"}],"replies":[{"embeddable":true,"href":"https:\/\/amazingmarket.ee\/et\/wp-json\/wp\/v2\/comments?post=17692"}],"wp:featuredmedia":[{"embeddable":true,"href":"https:\/\/amazingmarket.ee\/et\/wp-json\/wp\/v2\/media\/17697"}],"wp:attachment":[{"href":"https:\/\/amazingmarket.ee\/et\/wp-json\/wp\/v2\/media?parent=17692"}],"wp:term":[{"taxonomy":"product_brand","embeddable":true,"href":"https:\/\/amazingmarket.ee\/et\/wp-json\/wp\/v2\/product_brand?post=17692"},{"taxonomy":"product_cat","embeddable":true,"href":"https:\/\/amazingmarket.ee\/et\/wp-json\/wp\/v2\/product_cat?post=17692"},{"taxonomy":"product_tag","embeddable":true,"href":"https:\/\/amazingmarket.ee\/et\/wp-json\/wp\/v2\/product_tag?post=17692"}],"curies":[{"name":"wp","href":"https:\/\/api.w.org\/{rel}","templated":true}]}}