{"id":1756,"date":"2024-02-10T11:25:06","date_gmt":"2024-02-10T11:25:06","guid":{"rendered":"https:\/\/amazingmarket.ee\/?post_type=product&#038;p=1756"},"modified":"2026-03-14T11:15:31","modified_gmt":"2026-03-14T09:15:31","slug":"machine-a-pain-inox-riviera-bar","status":"publish","type":"product","link":"https:\/\/amazingmarket.ee\/et\/toode\/machine-a-pain-inox-riviera-bar\/","title":{"rendered":"Masin \u00e0 Pain Inox Riviera &amp; Bar"},"content":{"rendered":"<p>Riviera &amp; Bar roostevabast terasest leivak\u00fcpsetaja on nutikas seade, mis on loodud selleks, et saaksite kodus v\u00e4rsket ja maitsvat leiba valmistada. Siin on selle omaduste \u00fcksikasjalik \u00fclevaade:<\/p>\n<ol>\n<li><strong>Mitmek\u00fclgsus:<\/strong> See leivak\u00fcpsetaja pakub erakordset mitmek\u00fclgsust, v\u00f5imaldades t\u00e4nu mitmetele programmidele valmistada mitmesuguseid leibasid, alates klassikalistest kuni erileibadeni.<\/li>\n<li><strong>Intuitiivne LCD ekraan:<\/strong> Selge ja intuitiivne LCD-ekraan teeb programmide valimise ja k\u00fcpsetusprotsessi j\u00e4lgimise lihtsaks. Lihtsad juhtnupud tagavad k\u00f5igile kasutajas\u00f5braliku kasutamise.<\/li>\n<li><strong>T\u00e4iustatud funktsioonid:<\/strong> T\u00e4iustatud funktsioonidega, nagu programmeeritav taimer, automaatne soojahoidmise funktsioon ja kohandatavad s\u00e4tted, tagab see masin t\u00e4ieliku kontrolli k\u00fcpsetusprotsessi \u00fcle.<\/li>\n<li><strong>Stiilne disain:<\/strong> Kvaliteetse roostevabast terasest korpusega leivamasin lisab teie k\u00f6\u00f6gile elegantsi. Moodne ja klanitud disain sulandub sujuvalt iga k\u00f6\u00f6gi stiiliga.<\/li>\n<li><strong>Mittenakkuva leiva pann:<\/strong> Mittenakkuva leivapann tagab k\u00fcpsetatud leiva lihtsa eemaldamise ja seda on lihtne puhastada, mis lihtsustab seadme hooldamist.<\/li>\n<li><strong>Kaasas retseptivihik:<\/strong> Leivak\u00fcpsetajaga kaasas olev retseptivihik pakub hulgaliselt ideid erinevat t\u00fc\u00fcpi leibade, briosside ja tainade valmistamiseks.<\/li>\n<\/ol>","protected":false},"excerpt":{"rendered":"<div class=\"flex-1 overflow-hidden\">\n<div class=\"react-scroll-to-bottom--css-qxuqq-79elbk h-full\">\n<div class=\"react-scroll-to-bottom--css-qxuqq-1n7m0yu\">\n<div class=\"flex flex-col pb-9 text-sm\">\n<div class=\"w-full text-token-text-primary\" data-testid=\"conversation-turn-361\">\n<div class=\"px-4 py-2 justify-center text-base md:gap-6 m-auto\">\n<div class=\"flex flex-1 text-base mx-auto gap-3 md:px-5 lg:px-1 xl:px-5 md:max-w-3xl lg:max-w-[40rem] xl:max-w-[48rem] group final-completion\">\n<div class=\"relative flex w-full flex-col lg:w-[calc(100%-115px)] agent-turn\">\n<div class=\"flex-col gap-1 md:gap-3\">\n<div class=\"flex flex-grow flex-col max-w-full\">\n<div class=\"min-h-[20px] text-message flex flex-col items-start gap-3 whitespace-pre-wrap break-words [.text-message+&amp;]:mt-5 overflow-x-auto\" data-message-author-role=\"assistant\" data-message-id=\"f0a1c23e-466f-42ff-8603-9897fc7f7df7\">\n<div class=\"markdown prose w-full break-words dark:prose-invert light\">\n<p>The Riviera &amp; Bar Stainless Steel Bread Maker is the perfect ally for those who appreciate the pleasure of fresh homemade bread. With its sleek design, advanced features, and ease of use, it allows you to enjoy a variety of delicious breads at any time.<\/p>\n<\/div>\n<\/div>\n<\/div>\n<\/div>\n<\/div>\n<\/div>\n<\/div>\n<\/div>\n<\/div>\n<\/div>\n<\/div>\n<\/div>\n","protected":false},"featured_media":1761,"comment_status":"open","ping_status":"closed","template":"","meta":{"_monsterinsights_skip_tracking":false,"_monsterinsights_sitenote_active":false,"_monsterinsights_sitenote_note":"","_monsterinsights_sitenote_category":0,"jetpack_publicize_message":"","jetpack_publicize_feature_enabled":true,"jetpack_social_post_already_shared":false,"jetpack_social_options":{"image_generator_settings":{"template":"highway","default_image_id":0,"font":"","enabled":false},"version":2}},"product_brand":[],"product_cat":[75],"product_tag":[],"class_list":{"0":"post-1756","1":"product","2":"type-product","3":"status-publish","4":"has-post-thumbnail","6":"product_cat-bread-makers","8":"first","9":"instock","10":"sale","11":"shipping-taxable","12":"purchasable","13":"product-type-simple"},"aioseo_notices":[],"jetpack_publicize_connections":[],"jetpack_sharing_enabled":true,"_links":{"self":[{"href":"https:\/\/amazingmarket.ee\/et\/wp-json\/wp\/v2\/product\/1756","targetHints":{"allow":["GET"]}}],"collection":[{"href":"https:\/\/amazingmarket.ee\/et\/wp-json\/wp\/v2\/product"}],"about":[{"href":"https:\/\/amazingmarket.ee\/et\/wp-json\/wp\/v2\/types\/product"}],"replies":[{"embeddable":true,"href":"https:\/\/amazingmarket.ee\/et\/wp-json\/wp\/v2\/comments?post=1756"}],"wp:featuredmedia":[{"embeddable":true,"href":"https:\/\/amazingmarket.ee\/et\/wp-json\/wp\/v2\/media\/1761"}],"wp:attachment":[{"href":"https:\/\/amazingmarket.ee\/et\/wp-json\/wp\/v2\/media?parent=1756"}],"wp:term":[{"taxonomy":"product_brand","embeddable":true,"href":"https:\/\/amazingmarket.ee\/et\/wp-json\/wp\/v2\/product_brand?post=1756"},{"taxonomy":"product_cat","embeddable":true,"href":"https:\/\/amazingmarket.ee\/et\/wp-json\/wp\/v2\/product_cat?post=1756"},{"taxonomy":"product_tag","embeddable":true,"href":"https:\/\/amazingmarket.ee\/et\/wp-json\/wp\/v2\/product_tag?post=1756"}],"curies":[{"name":"wp","href":"https:\/\/api.w.org\/{rel}","templated":true}]}}