{"id":17546,"date":"2026-01-13T14:56:39","date_gmt":"2026-01-13T12:56:39","guid":{"rendered":"https:\/\/amazingmarket.ee\/?post_type=product&#038;p=17546"},"modified":"2026-03-14T11:15:09","modified_gmt":"2026-03-14T09:15:09","slug":"eureka-j12-ultra-de-vacuum-mop-robot-3","status":"publish","type":"product","link":"https:\/\/amazingmarket.ee\/et\/toode\/eureka-j12-ultra-de-vacuum-mop-robot-3\/","title":{"rendered":"EUREKA J12 Ultra DE tolmuimeja ja mopirobot"},"content":{"rendered":"<h2>USED ITEM, DOES NOT HAVE CONTAINER FOR WASHING LIQUID<\/h2>\n<h2 class=\"a-size-base-plus a-text-bold\">Selle \u00fcksuse kohta<\/h2>\n<ul class=\"a-unordered-list a-vertical a-spacing-mini\">\n<li class=\"a-spacing-mini\"><span class=\"a-list-item\">AI-toega navigeerimine: lisaks LiDAR-navigatsioonile on teie J12 Ultral DuoDetect AI 3D-takistuste tuvastamine; seega loob see d\u00fcnaamilisi kaarte, planeerib intelligentseid marsruute ning navigeerib ohutult ja t\u00f5husalt isegi segamini t\u00e4is keskkondades, tuvastades samal ajal automaatselt teie vaibad; isegi mitmekorruselised eluruumid pole probleemiks; AI v\u00f5imaldab seda ka intelligentset lemmikloomade tuvastamist ja see muudab selle eriti looma Lieb<\/span><\/li>\n<li class=\"a-spacing-mini\"><span class=\"a-list-item\">\u00c4\u00e4rmiselt v\u00e4he hooldust: k\u00f5ik-\u00fches jaam muudab teie elu lihtsamaks, t\u00fchjendades tolmu tolmuimeja- ja mopirobotitelt kuni 75 p\u00e4evaks; hoolitseb ka mopi pesemise ja kuivatamise eest ning v\u00e4ldib seel\u00e4bi baktereid ja ebameeldivaid l\u00f5hnu; see hoiab jaama puhta isepuhastumisega; tuleb lihtsalt aeg-ajalt must vesi t\u00fchjendada, v\u00e4rsket vett t\u00e4ita ja tolmukoti vahetusvahetus vahetada<\/span><\/li>\n<li class=\"a-spacing-mini\"><span class=\"a-list-item\">Veatu puhastus: kaks p\u00f6\u00f6rlevat moppi 200 p\u00f6\u00f6ret minutis ja 7N allasurve tagavad p\u00f5hjaliku ja t\u00f5husa puhastamise isegi kuivanud t\u00f5rksate plekkide korral<\/span><\/li>\n<li class=\"a-spacing-mini\"><span class=\"a-list-item\">V\u00f5imas imemisv\u00f5imsus: 5000 Pa imemisv\u00f5imsuse ja kuni 150-minutilise aku t\u00f6\u00f6eaga J12 Ultra saab vaevata hakkama tolmu, mustuse ja lemmikloomade karvadega; kui aku on t\u00fchi, naaseb see automaatselt \u00f5igel ajal jaama; laadides j\u00e4tkab see puhastamist seal, kus mahl otsa sai<\/span><\/li>\n<li class=\"a-spacing-mini\"><span class=\"a-list-item\">Ideaalne lemmikloomas\u00f5pradele: m\u00f5eldud spetsiaalselt karvaste lemmikloomadega majapidamistele; sest see eemaldab usaldusv\u00e4\u00e4rselt lemmikloomade karvad ja tagab igap\u00e4evase p\u00f5hjaliku puhastuse, samal ajal kui hoolitsete elus oluliste asjade eest<\/span><\/li>\n<li class=\"a-spacing-mini\"><span class=\"a-list-item\">Lihtne ja mugav juhtimine: mugavalt juhitav nii iOS-i ja Androidi rakenduse kui ka Alexa ja Google Assistant h\u00e4\u00e4lassistendi kaudu; looge nii keelutsoone kui ka virtuaalseinu ja kaitske tundlikke alasid eriti lihtsalt<\/span><\/li>\n<\/ul>","protected":false},"excerpt":{"rendered":"<h1 class=\"a-size-large a-spacing-small a-text-bold\">Product Information<\/h1>\n<div class=\"a-row\">\n<div class=\"a-column a-span12 a-span-last\">\n<div id=\"productDetails_expanderSectionTables\" class=\"a-section\">\n<div class=\"a-row\">\n<div class=\"a-column a-span6\">\n<div class=\"a-row\">\n<div id=\"productDetails_expanderTables_depthLeftSections\" class=\"a-section\">\n<div class=\"a-row a-expander-container a-expander-section-container a-section-expander-container\" data-csa-c-content-id=\"voyager-expander-btn\" data-csa-c-slot-id=\"voyager-expander-btn\" data-csa-c-type=\"button\" data-csa-c-id=\"hj8h1l-xfbya9-dtjkdo-cymqbx\">\n<div class=\"a-expander-content a-expander-extend-content a-expander-content-expanded\" data-expanded=\"true\">\n<div class=\"a-section\">\n<table class=\"a-keyvalue prodDetTable\">\n<tbody>\n<tr>\n<th class=\"a-color-secondary a-size-base prodDetSectionEntry\">Pinna soovitus<\/th>\n<td class=\"a-size-base prodDetAttrValue\">Carpet, tiles, wood, laminate<\/td>\n<\/tr>\n<tr>\n<th class=\"a-color-secondary a-size-base prodDetSectionEntry\">Other Special Features of the Product<\/th>\n<td class=\"a-size-base prodDetAttrValue\">LiDAR Navigation, No-Go Zone, Self-Emptying<\/td>\n<\/tr>\n<tr>\n<th class=\"a-color-secondary a-size-base prodDetSectionEntry\">Kontrolleri t\u00fc\u00fcp<\/th>\n<td class=\"a-size-base prodDetAttrValue\">Rakenduse juhtimine<\/td>\n<\/tr>\n<tr>\n<th class=\"a-color-secondary a-size-base prodDetSectionEntry\">Filtri t\u00fc\u00fcp<\/th>\n<td class=\"a-size-base prodDetAttrValue\">Hepa<\/td>\n<\/tr>\n<tr>\n<th class=\"a-color-secondary a-size-base prodDetSectionEntry\">Aku t\u00f6\u00f6iga<\/th>\n<td class=\"a-size-base prodDetAttrValue\">150 minutes<\/td>\n<\/tr>\n<tr>\n<th class=\"a-color-secondary a-size-base prodDetSectionEntry\">Aku t\u00fc\u00fcp<\/th>\n<td class=\"a-size-base prodDetAttrValue\">Liitiumioon<\/td>\n<\/tr>\n<tr>\n<th class=\"a-color-secondary a-size-base prodDetSectionEntry\">Toiteallikas<\/th>\n<td class=\"a-size-base prodDetAttrValue\">Akutoitel<\/td>\n<\/tr>\n<tr>\n<th class=\"a-color-secondary a-size-base prodDetSectionEntry\">Patareid on kaasas<\/th>\n<td class=\"a-size-base prodDetAttrValue\">Jah<\/td>\n<\/tr>\n<tr>\n<th class=\"a-color-secondary a-size-base prodDetSectionEntry\">Kontrollimeetod<\/th>\n<td class=\"a-size-base prodDetAttrValue\">H\u00e4\u00e4l<\/td>\n<\/tr>\n<tr>\n<th class=\"a-color-secondary a-size-base prodDetSectionEntry\">\u00dchilduvad seadmed<\/th>\n<td class=\"a-size-base prodDetAttrValue\">Amazon Echo, Google Home, Smartphones<\/td>\n<\/tr>\n<tr>\n<th class=\"a-color-secondary a-size-base prodDetSectionEntry\">Vormitegur<\/th>\n<td class=\"a-size-base prodDetAttrValue\">rectangular<\/td>\n<\/tr>\n<\/tbody>\n<\/table>\n<\/div>\n<\/div>\n<\/div>\n<div class=\"a-row a-expander-container a-expander-section-container a-section-expander-container\" data-csa-c-content-id=\"voyager-expander-btn\" data-csa-c-slot-id=\"voyager-expander-btn\" data-csa-c-type=\"button\" data-csa-c-id=\"gjvvih-laz6b7-dvvdsa-lj2w6e\">\n<div class=\"a-expander-content a-expander-extend-content a-expander-content-expanded\" data-expanded=\"true\">\n<div class=\"a-section\">\n<table class=\"a-keyvalue prodDetTable\">\n<tbody>\n<tr>\n<th class=\"a-color-secondary a-size-base prodDetSectionEntry\">Kauba m\u00f5\u00f5tmed P x L x K<\/th>\n<td class=\"a-size-base prodDetAttrValue\">45L x 38.1W x 62H centimetres<\/td>\n<\/tr>\n<tr>\n<th class=\"a-color-secondary a-size-base prodDetSectionEntry\">Kauba kaal<\/th>\n<td class=\"a-size-base prodDetAttrValue\">16.5 Kilograms<\/td>\n<\/tr>\n<\/tbody>\n<\/table>\n<\/div>\n<\/div>\n<\/div>\n<\/div>\n<\/div>\n<\/div>\n<\/div>\n<\/div>\n<\/div>\n<\/div>","protected":false},"featured_media":17555,"comment_status":"open","ping_status":"closed","template":"","meta":{"_monsterinsights_skip_tracking":false,"_monsterinsights_sitenote_active":false,"_monsterinsights_sitenote_note":"","_monsterinsights_sitenote_category":0,"jetpack_publicize_message":"","jetpack_publicize_feature_enabled":true,"jetpack_social_post_already_shared":true,"jetpack_social_options":{"image_generator_settings":{"template":"highway","default_image_id":0,"font":"","enabled":false},"version":2}},"product_brand":[],"product_cat":[80],"product_tag":[],"class_list":{"0":"post-17546","1":"product","2":"type-product","3":"status-publish","4":"has-post-thumbnail","6":"product_cat-robot-vacuum-cleaners","8":"first","9":"instock","10":"sale","11":"shipping-taxable","12":"purchasable","13":"product-type-simple"},"aioseo_notices":[],"jetpack_publicize_connections":[],"jetpack_sharing_enabled":true,"_links":{"self":[{"href":"https:\/\/amazingmarket.ee\/et\/wp-json\/wp\/v2\/product\/17546","targetHints":{"allow":["GET"]}}],"collection":[{"href":"https:\/\/amazingmarket.ee\/et\/wp-json\/wp\/v2\/product"}],"about":[{"href":"https:\/\/amazingmarket.ee\/et\/wp-json\/wp\/v2\/types\/product"}],"replies":[{"embeddable":true,"href":"https:\/\/amazingmarket.ee\/et\/wp-json\/wp\/v2\/comments?post=17546"}],"wp:featuredmedia":[{"embeddable":true,"href":"https:\/\/amazingmarket.ee\/et\/wp-json\/wp\/v2\/media\/17555"}],"wp:attachment":[{"href":"https:\/\/amazingmarket.ee\/et\/wp-json\/wp\/v2\/media?parent=17546"}],"wp:term":[{"taxonomy":"product_brand","embeddable":true,"href":"https:\/\/amazingmarket.ee\/et\/wp-json\/wp\/v2\/product_brand?post=17546"},{"taxonomy":"product_cat","embeddable":true,"href":"https:\/\/amazingmarket.ee\/et\/wp-json\/wp\/v2\/product_cat?post=17546"},{"taxonomy":"product_tag","embeddable":true,"href":"https:\/\/amazingmarket.ee\/et\/wp-json\/wp\/v2\/product_tag?post=17546"}],"curies":[{"name":"wp","href":"https:\/\/api.w.org\/{rel}","templated":true}]}}