{"id":17326,"date":"2025-12-25T13:07:13","date_gmt":"2025-12-25T11:07:13","guid":{"rendered":"https:\/\/amazingmarket.ee\/?post_type=product&#038;p=17326"},"modified":"2026-03-14T11:15:10","modified_gmt":"2026-03-14T09:15:10","slug":"dreame-x40-ultra-robotic-vacuum-with-removable-liftable-mop-2","status":"publish","type":"product","link":"https:\/\/amazingmarket.ee\/et\/toode\/dreame-x40-ultra-robotic-vacuum-with-removable-liftable-mop-2\/","title":{"rendered":"DREAME X40 Ultra Robotic Vacuum with Removable &#038; Liftable Mop"},"content":{"rendered":"<div id=\"featurebullets_feature_div\" class=\"celwidget\" data-feature-name=\"featurebullets_nonPets\" data-csa-c-type=\"widget\" data-csa-c-content-id=\"featurebullets_nonPets\" data-csa-c-slot-id=\"featurebullets_feature_div\" data-csa-c-asin=\"B0DZHNSL1H\" data-csa-c-is-in-initial-active-row=\"false\" data-csa-c-id=\"6qabg1-5sk5h-8cnuhb-mid6ci\" data-cel-widget=\"featurebullets_feature_div\">\n<div id=\"feature-bullets\" class=\"a-section a-spacing-medium a-spacing-top-small\">\n<h1>KASUTATUD ASJA<\/h1>\n<h1 class=\"a-size-base-plus a-text-bold\">Selle \u00fcksuse kohta<\/h1>\n<ul class=\"a-unordered-list a-vertical a-spacing-mini\">\n<li class=\"a-spacing-mini\"><span class=\"a-list-item\">K\u00fclghari ligip\u00e4\u00e4smatute kohtade jaoks: T\u00f5stetav ja pikendatav k\u00fclghari saab hakkama seinanurkade ja m\u00f6\u00f6blijalgadega, eemaldades p\u00f5hjalikult mustuse. X40 Ultra kaitseb vaipu m\u00e4rja ja kuiva saastumise eest.<\/span><\/li>\n<li class=\"a-spacing-mini\"><span class=\"a-list-item\">Keep Carpets Dry with a Removable &#038; Liftable Mop: X40 Ultra protects carpets from moisture by removing mops or auto-lifting them to 10.5mm(0.41inch). Set zones to avoid rugs, reducing the risk of getting stuck.<\/span><\/li>\n<li class=\"a-spacing-mini\"><span class=\"a-list-item\">12 000 Pa v\u00f5imas p\u00fchkimine: T\u00f6\u00f6stusharu juhtiv 12 000 Pa* imemisv\u00f5imsus eemaldab juuksed, mustuse ja prahi, et kodu oleks puhtam. Optimeeritud \u00f5hukanalite disain tagab t\u00f5husa \u00f5huvoolu, hoides vahek\u00e4igud takistusteta sujuvaks puhastamiseks.<\/span><\/li>\n<li class=\"a-spacing-mini\"><span class=\"a-list-item\">V\u00f5itle nutikalt kangekaelse mustuse vastu: OmniDirti tuvastus- ja MopExtend RoboSwingi tehnoloogiate abil tuvastab X40 Ultra kangekaelsed plekid ja k\u00fc\u00fcrib need s\u00fcgavalt madala m\u00f6\u00f6bli ja nurkade alt.<\/span><\/li>\n<li class=\"a-spacing-mini\"><span class=\"a-list-item\">Automaatne hooldus hoiab teid k\u00e4ed-vabad: puhastab samaaegselt nii moppi kui ka pesulauda 72 \u00b0C kuuma veega, et v\u00e4hendada plekke ja ebameeldivaid l\u00f5hnu. Rakenduses on nelja temperatuuritaseme vahel reguleeritav puhastusaste. Toetab ainult 2,4 G WiFi-\u00fchendust.<\/span><\/li>\n<li class=\"a-spacing-mini\"><span class=\"a-list-item\">\u00d5pi oma kodu t\u00e4pselt tundma: 3D-struktureeritud valguse, sisseehitatud kaamera ja LED-valgusega man\u00f6\u00f6verdab X40 Ultra nutikalt terve p\u00e4eva teie kodus ringi. Kohandage re\u017eiime, lemmikloomade tsoone v\u00f5i pesemistasemeid \u00fche puudutusega rakenduses.<\/span><\/li>\n<li class=\"a-spacing-mini\"><span class=\"a-list-item\">Katkestusteta puhastamine 6400 mAh akuga: X40 Ultra uhkeldab v\u00f5imsa 6400 mAh akuga, mis tagab pikaajalise ja t\u00f5husa puhastamise. See laeb end dokkimisalusel automaatselt uuesti ja j\u00e4tkab puhastamist. Optimeerige laadimist v\u00e4ljaspool tipptundi*, et s\u00e4\u00e4sta energiakulusid.<\/span><\/li>\n<\/ul>\n<\/div>\n<\/div>\n<div id=\"provenanceCertifications_feature_div\" class=\"celwidget\" data-feature-name=\"provenanceCertifications\" data-csa-c-type=\"widget\" data-csa-c-content-id=\"provenanceCertifications\" data-csa-c-slot-id=\"provenanceCertifications_feature_div\" data-csa-c-asin=\"B0DZHNSL1H\" data-csa-c-is-in-initial-active-row=\"false\" data-csa-c-id=\"cgmymf-z3yqk9-hxonxj-dx53hj\" data-cel-widget=\"provenanceCertifications_feature_div\">\n<div id=\"provenance-certifications\" class=\"a-section a-spacing-medium a-spacing-top-micro\"><\/div>\n<\/div>","protected":false},"excerpt":{"rendered":"<h2>Tooteteave<\/h2>\n<div class=\"a-row\">\n<div class=\"a-column a-span12 a-span-last\">\n<div class=\"a-row a-spacing-top-base\">\n<div class=\"a-column a-span6\">\n<div class=\"a-row a-spacing-base\">\n<div class=\"a-section table-padding\">\n<table id=\"productDetails_detailBullets_sections1\" class=\"a-keyvalue prodDetTable\">\n<tbody>\n<tr>\n<th class=\"a-color-secondary a-size-base prodDetSectionEntry\">Kaubam\u00e4rk<\/th>\n<td class=\"a-size-base prodDetAttrValue\">UNISTUS<\/td>\n<\/tr>\n<tr>\n<th class=\"a-color-secondary a-size-base prodDetSectionEntry\">Mudeli nimi<\/th>\n<td class=\"a-size-base prodDetAttrValue\">X40 \u00fclivalge<\/td>\n<\/tr>\n<tr>\n<th class=\"a-color-secondary a-size-base prodDetSectionEntry\">Erifunktsioon<\/th>\n<td class=\"a-size-base prodDetAttrValue\">\u25cf Auto Maintenance: Removable Mop for Carpet Cleaning, Intelligent Removable&#038;Liftable Mop, Smart Mop &#038; Washboard Cleaning, Auto Water &#038; Solution Refilling, Mop Rewash &#038; Reclean, 159\u2109 Hot water mop washing, Dust Emptying for 75 Days, Self Cleaning&#038;Self Air Drying, Advanced Color Sensing for Used Water;, \u25cf OmniDirt Detection, \u25cf Liftable Side Brush and Main Brush, \u25cf Side Brush &#038; Mop Extend, \u25cf 12,000Pa Suction,<\/td>\n<\/tr>\n<tr>\n<th class=\"a-color-secondary a-size-base prodDetSectionEntry\">V\u00e4rv<\/th>\n<td class=\"a-size-base prodDetAttrValue\">Valge<\/td>\n<\/tr>\n<tr>\n<th class=\"a-color-secondary a-size-base prodDetSectionEntry\">Toote m\u00f5\u00f5tmed<\/th>\n<td class=\"a-size-base prodDetAttrValue\">13,4 tolli pikkus x 17,9 tolli lai x 23,2 tolli k\u00f5rge<\/td>\n<\/tr>\n<tr>\n<th class=\"a-color-secondary a-size-base prodDetSectionEntry\"><\/th>\n<td class=\"a-size-base prodDetAttrValue\"><\/td>\n<\/tr>\n<tr>\n<th class=\"a-color-secondary a-size-base prodDetSectionEntry\">Filtri t\u00fc\u00fcp<\/th>\n<td class=\"a-size-base prodDetAttrValue\">K\u00e4sn<\/td>\n<\/tr>\n<tr>\n<th class=\"a-color-secondary a-size-base prodDetSectionEntry\">Aku t\u00f6\u00f6iga<\/th>\n<td class=\"a-size-base prodDetAttrValue\">180 minutit<\/td>\n<\/tr>\n<tr>\n<th class=\"a-color-secondary a-size-base prodDetSectionEntry\">Pinge<\/th>\n<td class=\"a-size-base prodDetAttrValue\">120 volti<\/td>\n<\/tr>\n<tr>\n<th class=\"a-color-secondary a-size-base prodDetSectionEntry\">Mahutavus<\/th>\n<td class=\"a-size-base prodDetAttrValue\">4,5 liitrit<\/td>\n<\/tr>\n<tr>\n<th class=\"a-color-secondary a-size-base prodDetSectionEntry\">Toiteallikas<\/th>\n<td class=\"a-size-base prodDetAttrValue\">Akutoitel<\/td>\n<\/tr>\n<tr>\n<th class=\"a-color-secondary a-size-base prodDetSectionEntry\">Kas patareid on komplektis<\/th>\n<td class=\"a-size-base prodDetAttrValue\">Ei<\/td>\n<\/tr>\n<tr>\n<th class=\"a-color-secondary a-size-base prodDetSectionEntry\">Kontrollimeetod<\/th>\n<td class=\"a-size-base prodDetAttrValue\">Rakendus, pult, puudutus, h\u00e4\u00e4l<\/td>\n<\/tr>\n<tr>\n<th class=\"a-color-secondary a-size-base prodDetSectionEntry\">\u00dchilduvad seadmed<\/th>\n<td class=\"a-size-base prodDetAttrValue\">Amazon Echo, Google Home, Smartphones, Smartwatches<\/td>\n<\/tr>\n<\/tbody>\n<\/table>\n<\/div>\n<\/div>\n<\/div>\n<\/div>\n<\/div>\n<\/div>","protected":false},"featured_media":17332,"comment_status":"open","ping_status":"closed","template":"","meta":{"_monsterinsights_skip_tracking":false,"_monsterinsights_sitenote_active":false,"_monsterinsights_sitenote_note":"","_monsterinsights_sitenote_category":0,"jetpack_publicize_message":"","jetpack_publicize_feature_enabled":true,"jetpack_social_post_already_shared":true,"jetpack_social_options":{"image_generator_settings":{"template":"highway","default_image_id":0,"font":"","enabled":false},"version":2}},"product_brand":[],"product_cat":[80],"product_tag":[],"class_list":{"0":"post-17326","1":"product","2":"type-product","3":"status-publish","4":"has-post-thumbnail","6":"product_cat-robot-vacuum-cleaners","8":"first","9":"instock","10":"sale","11":"shipping-taxable","12":"purchasable","13":"product-type-simple"},"aioseo_notices":[],"jetpack_publicize_connections":[],"jetpack_sharing_enabled":true,"_links":{"self":[{"href":"https:\/\/amazingmarket.ee\/et\/wp-json\/wp\/v2\/product\/17326","targetHints":{"allow":["GET"]}}],"collection":[{"href":"https:\/\/amazingmarket.ee\/et\/wp-json\/wp\/v2\/product"}],"about":[{"href":"https:\/\/amazingmarket.ee\/et\/wp-json\/wp\/v2\/types\/product"}],"replies":[{"embeddable":true,"href":"https:\/\/amazingmarket.ee\/et\/wp-json\/wp\/v2\/comments?post=17326"}],"wp:featuredmedia":[{"embeddable":true,"href":"https:\/\/amazingmarket.ee\/et\/wp-json\/wp\/v2\/media\/17332"}],"wp:attachment":[{"href":"https:\/\/amazingmarket.ee\/et\/wp-json\/wp\/v2\/media?parent=17326"}],"wp:term":[{"taxonomy":"product_brand","embeddable":true,"href":"https:\/\/amazingmarket.ee\/et\/wp-json\/wp\/v2\/product_brand?post=17326"},{"taxonomy":"product_cat","embeddable":true,"href":"https:\/\/amazingmarket.ee\/et\/wp-json\/wp\/v2\/product_cat?post=17326"},{"taxonomy":"product_tag","embeddable":true,"href":"https:\/\/amazingmarket.ee\/et\/wp-json\/wp\/v2\/product_tag?post=17326"}],"curies":[{"name":"wp","href":"https:\/\/api.w.org\/{rel}","templated":true}]}}