{"id":17292,"date":"2025-12-24T13:27:54","date_gmt":"2025-12-24T11:27:54","guid":{"rendered":"https:\/\/amazingmarket.ee\/?post_type=product&#038;p=17292"},"modified":"2026-03-14T11:15:10","modified_gmt":"2026-03-14T09:15:10","slug":"dreame-l10s-pro-ultra-heat-robot-vacuum-and-mop-combo","status":"publish","type":"product","link":"https:\/\/amazingmarket.ee\/et\/toode\/dreame-l10s-pro-ultra-heat-robot-vacuum-and-mop-combo\/","title":{"rendered":"DREAME L10s Pro Ultra Heat robottolmuimeja ja mopi komplekt"},"content":{"rendered":"<h1>V\u00c4HE KASUTATUD<\/h1>\n<h1 class=\"a-size-base-plus a-text-bold\">Selle \u00fcksuse kohta<\/h1>\n<ul class=\"a-unordered-list a-vertical a-spacing-mini\">\n<li class=\"a-spacing-mini\"><span class=\"a-list-item\">MopExtendi tehnoloogia p\u00f5hjalikuks servade puhastamiseks: T\u00e4iustatud servade tuvastamise, mopi pikendamise ja sisset\u00f5mbamise abil korjab meie robottolmuimeja teie kodunurkadest isegi pisikesed t\u00fc\u00fctud prahid ja purud.<\/span><\/li>\n<li class=\"a-spacing-mini\"><span class=\"a-list-item\">Vaevatu robotihooldus 136F\u00b0 kuuma veega: V\u00f5tke majapidamiskoormus automaatse robotihooldusega oma \u00f5lgadelt maha. See puhastab moppe ise 136F\u00b0 kuuma veega ja kuivatab neid kuuma \u00f5huga.<\/span><\/li>\n<li class=\"a-spacing-mini\"><span class=\"a-list-item\">7000 Pa imemisv\u00f5imsus: Kas tellisite silmapaistva j\u00f5udluse? V\u00f5imas 7000 Pa* imemisv\u00f5imsus kohandub kiiresti k\u00f5vadelt p\u00f5randatelt vaipadeni, toimetulekuks kergesti kangekaelse mustuse ja nurkadesse kinni j\u00e4\u00e4nud prahiga.<\/span><\/li>\n<li class=\"a-spacing-mini\"><span class=\"a-list-item\">Moppide uuestipesu ja p\u00f5randate uuesti p\u00fchkimine p\u00f5hjaliku puhastuse tagamiseks: T\u00e4iustatud mustuse tuvastamise tehnoloogia tuvastab moppide ja p\u00f5randate m\u00e4\u00e4rdumise, et neid kaks korda p\u00fchkida, et teie kodu s\u00e4raks.<\/span><\/li>\n<li class=\"a-spacing-mini\"><span class=\"a-list-item\">Nutikas takistuste v\u00e4ltimine teie kodu t\u00e4pseks kaardistamiseks: T\u00e4nu nutikale tuvastamisele ja 3D-struktureeritud valgusele tuvastab ja v\u00e4ldib meie koduekspert kuni 55+ t\u00fc\u00fcpi objekte*, n\u00e4iteks jalan\u00f5usid, kaableid jne. Toetab ainult 2,4G WiFi-\u00fchendust.<\/span><\/li>\n<\/ul>","protected":false},"excerpt":{"rendered":"<h2>Tooteteave<\/h2>\n<div class=\"a-row\">\n<div class=\"a-column a-span12 a-span-last\">\n<div class=\"a-row a-spacing-top-base\">\n<div class=\"a-column a-span6\">\n<div class=\"a-row a-spacing-base\">\n<div class=\"a-section table-padding\">\n<table id=\"productDetails_detailBullets_sections1\" class=\"a-keyvalue prodDetTable\">\n<tbody>\n<tr>\n<th class=\"a-color-secondary a-size-base prodDetSectionEntry\">Kaubam\u00e4rk<\/th>\n<td class=\"a-size-base prodDetAttrValue\">UNISTUS<\/td>\n<\/tr>\n<tr>\n<th class=\"a-color-secondary a-size-base prodDetSectionEntry\">Mudeli nimi<\/th>\n<td class=\"a-size-base prodDetAttrValue\">L10s Pro Ultra Heat<\/td>\n<\/tr>\n<tr>\n<th class=\"a-color-secondary a-size-base prodDetSectionEntry\">Erifunktsioon<\/th>\n<td class=\"a-size-base prodDetAttrValue\">Auto Mop Washing, Automatic Dust Collection, Edge Cleaning, Intelligent Mop Lifting, Self-Refilling<\/td>\n<\/tr>\n<tr>\n<th class=\"a-color-secondary a-size-base prodDetSectionEntry\">V\u00e4rv<\/th>\n<td class=\"a-size-base prodDetAttrValue\">Valge<\/td>\n<\/tr>\n<tr>\n<th class=\"a-color-secondary a-size-base prodDetSectionEntry\">Toote m\u00f5\u00f5tmed<\/th>\n<td class=\"a-size-base prodDetAttrValue\">17&#8243;L x 16.42&#8243;W x 26.1&#8243;H<\/td>\n<\/tr>\n<tr>\n<th class=\"a-color-secondary a-size-base prodDetSectionEntry\"><\/th>\n<td class=\"a-size-base prodDetAttrValue\"><\/td>\n<\/tr>\n<tr>\n<th class=\"a-color-secondary a-size-base prodDetSectionEntry\">Filtri t\u00fc\u00fcp<\/th>\n<td class=\"a-size-base prodDetAttrValue\">Vaht<\/td>\n<\/tr>\n<tr>\n<th class=\"a-color-secondary a-size-base prodDetSectionEntry\">Aku t\u00f6\u00f6iga<\/th>\n<td class=\"a-size-base prodDetAttrValue\">220 minutit<\/td>\n<\/tr>\n<tr>\n<th class=\"a-color-secondary a-size-base prodDetSectionEntry\">Pinge<\/th>\n<td class=\"a-size-base prodDetAttrValue\">120 volti<\/td>\n<\/tr>\n<tr>\n<th class=\"a-color-secondary a-size-base prodDetSectionEntry\">Mahutavus<\/th>\n<td class=\"a-size-base prodDetAttrValue\">4,5 liitrit<\/td>\n<\/tr>\n<tr>\n<th class=\"a-color-secondary a-size-base prodDetSectionEntry\">Toiteallikas<\/th>\n<td class=\"a-size-base prodDetAttrValue\">Akutoitel<\/td>\n<\/tr>\n<tr>\n<th class=\"a-color-secondary a-size-base prodDetSectionEntry\">Kas patareid on komplektis<\/th>\n<td class=\"a-size-base prodDetAttrValue\">Jah<\/td>\n<\/tr>\n<tr>\n<th class=\"a-color-secondary a-size-base prodDetSectionEntry\">Kontrollimeetod<\/th>\n<td class=\"a-size-base prodDetAttrValue\">Rakendus<\/td>\n<\/tr>\n<\/tbody>\n<\/table>\n<\/div>\n<\/div>\n<\/div>\n<\/div>\n<\/div>\n<\/div>","protected":false},"featured_media":17300,"comment_status":"open","ping_status":"closed","template":"","meta":{"_monsterinsights_skip_tracking":false,"_monsterinsights_sitenote_active":false,"_monsterinsights_sitenote_note":"","_monsterinsights_sitenote_category":0,"jetpack_publicize_message":"","jetpack_publicize_feature_enabled":true,"jetpack_social_post_already_shared":true,"jetpack_social_options":{"image_generator_settings":{"template":"highway","default_image_id":0,"font":"","enabled":false},"version":2}},"product_brand":[],"product_cat":[80],"product_tag":[],"class_list":{"0":"post-17292","1":"product","2":"type-product","3":"status-publish","4":"has-post-thumbnail","6":"product_cat-robot-vacuum-cleaners","8":"first","9":"instock","10":"sale","11":"shipping-taxable","12":"purchasable","13":"product-type-simple"},"aioseo_notices":[],"jetpack_publicize_connections":[],"jetpack_sharing_enabled":true,"_links":{"self":[{"href":"https:\/\/amazingmarket.ee\/et\/wp-json\/wp\/v2\/product\/17292","targetHints":{"allow":["GET"]}}],"collection":[{"href":"https:\/\/amazingmarket.ee\/et\/wp-json\/wp\/v2\/product"}],"about":[{"href":"https:\/\/amazingmarket.ee\/et\/wp-json\/wp\/v2\/types\/product"}],"replies":[{"embeddable":true,"href":"https:\/\/amazingmarket.ee\/et\/wp-json\/wp\/v2\/comments?post=17292"}],"wp:featuredmedia":[{"embeddable":true,"href":"https:\/\/amazingmarket.ee\/et\/wp-json\/wp\/v2\/media\/17300"}],"wp:attachment":[{"href":"https:\/\/amazingmarket.ee\/et\/wp-json\/wp\/v2\/media?parent=17292"}],"wp:term":[{"taxonomy":"product_brand","embeddable":true,"href":"https:\/\/amazingmarket.ee\/et\/wp-json\/wp\/v2\/product_brand?post=17292"},{"taxonomy":"product_cat","embeddable":true,"href":"https:\/\/amazingmarket.ee\/et\/wp-json\/wp\/v2\/product_cat?post=17292"},{"taxonomy":"product_tag","embeddable":true,"href":"https:\/\/amazingmarket.ee\/et\/wp-json\/wp\/v2\/product_tag?post=17292"}],"curies":[{"name":"wp","href":"https:\/\/api.w.org\/{rel}","templated":true}]}}