{"id":17280,"date":"2025-12-23T17:10:33","date_gmt":"2025-12-23T15:10:33","guid":{"rendered":"https:\/\/amazingmarket.ee\/?post_type=product&#038;p=17280"},"modified":"2026-03-14T11:15:10","modified_gmt":"2026-03-14T09:15:10","slug":"faber-coffee-machines-pro-deluxe-ese-44mm-coffee-pod-machine","status":"publish","type":"product","link":"https:\/\/amazingmarket.ee\/et\/toode\/faber-coffee-machines-pro-deluxe-ese-44mm-coffee-pod-machine\/","title":{"rendered":"FABER COFFEE MACHINES Pro Deluxe ESE 44mm Coffee Pod Machine"},"content":{"rendered":"<h2>DEMO<\/h2>\n<h2 class=\"a-size-base-plus a-text-bold\">Selle \u00fcksuse kohta<\/h2>\n<ul class=\"a-unordered-list a-vertical a-spacing-mini\">\n<li class=\"a-spacing-mini\"><span class=\"a-list-item\">Pro Deluxe: Espresso machine in ESE 44 mm pods with 1.3 L reservoir made of food grade ABS plastic.<\/span><\/li>\n<li class=\"a-spacing-mini\"><span class=\"a-list-item\">Brass pod press: the Faber is equipped with an adjustable pod press that allows for perfect adjustment.<\/span><\/li>\n<li class=\"a-spacing-mini\"><span class=\"a-list-item\">Solenoid Valve: Equipped with a solenoid valve to allow excess water to be drained directly into the water collection tank.<\/span><\/li>\n<li class=\"a-spacing-mini\"><span class=\"a-list-item\">T\u00e4nu oma pikkusele ja spiraalile saavutab see optimaalse espresso valmistamiseks \u00f5ige temperatuuri.<\/span><\/li>\n<\/ul>","protected":false},"excerpt":{"rendered":"<h1 class=\"a-size-large a-spacing-small a-text-bold\">Product Information<\/h1>\n<div class=\"a-row\">\n<div class=\"a-column a-span12 a-span-last\">\n<div id=\"productDetails_expanderSectionTables\" class=\"a-section\">\n<div class=\"a-row\">\n<div class=\"a-column a-span6\">\n<div class=\"a-row\">\n<div id=\"productDetails_expanderTables_depthLeftSections\" class=\"a-section\">\n<div class=\"a-row a-expander-container a-expander-section-container a-section-expander-container\" data-csa-c-content-id=\"voyager-expander-btn\" data-csa-c-slot-id=\"voyager-expander-btn\" data-csa-c-type=\"button\" data-csa-c-id=\"leyr33-bu438l-wmmnfp-wusuy6\"><span class=\"a-declarative\" data-action=\"voyager-expander-heading-toggle\" data-csa-c-type=\"widget\" data-csa-c-func-deps=\"aui-da-voyager-expander-heading-toggle\" data-voyager-expander-heading-toggle=\"{\"sectionindex\":0,\"columnname\":\"depthleftsections\"}\" data-csa-c-id=\"34dslt-ordvl-e1zo8n-gdclqv\"><a class=\"a-expander-header a-declarative a-expander-section-header prodDet-expander-header-styling a-color-offset-background a-link-section-expander a-size-medium\" role=\"button\" data-csa-c-func-deps=\"aui-da-a-expander-toggle\" data-csa-c-type=\"widget\" data-csa-interaction-events=\"click\" aria-expanded=\"true\" data-action=\"a-expander-toggle\" data-a-expander-toggle=\"{\"allowlinkdefault\":true, \"expand_prompt\":\"\", \"collapse_prompt\":\"\"}\" data-csa-c-id=\"1bcil8-as8jpr-wht966-rer2jj\"><i class=\"a-icon a-icon-section-collapse\"><\/i><span class=\"a-expander-prompt\" role=\"heading\" aria-level=\"5\">Features &#038; Specs<\/span><\/a><\/span><\/p>\n<div class=\"a-expander-content a-expander-extend-content a-expander-content-expanded\" data-expanded=\"true\">\n<div class=\"a-section\">\n<table class=\"a-keyvalue prodDetTable\">\n<tbody>\n<tr>\n<th class=\"a-color-secondary a-size-base prodDetSectionEntry\">Other Special Features of the Product<\/th>\n<td class=\"a-size-base prodDetAttrValue\">Cup Warmer<\/td>\n<\/tr>\n<tr>\n<th class=\"a-color-secondary a-size-base prodDetSectionEntry\">Kohvimasina t\u00fc\u00fcp<\/th>\n<td class=\"a-size-base prodDetAttrValue\">Espressomasin<\/td>\n<\/tr>\n<tr>\n<th class=\"a-color-secondary a-size-base prodDetSectionEntry\">Filtri t\u00fc\u00fcp<\/th>\n<td class=\"a-size-base prodDetAttrValue\">Paber<\/td>\n<\/tr>\n<tr>\n<th class=\"a-color-secondary a-size-base prodDetSectionEntry\">Toote spetsiifilised kasutusalad<\/th>\n<td class=\"a-size-base prodDetAttrValue\">Espresso<\/td>\n<\/tr>\n<tr>\n<th class=\"a-color-secondary a-size-base prodDetSectionEntry\">T\u00f6\u00f6re\u017eiim<\/th>\n<td class=\"a-size-base prodDetAttrValue\">T\u00e4isautomaatne<\/td>\n<\/tr>\n<tr>\n<th class=\"a-color-secondary a-size-base prodDetSectionEntry\">V\u00f5imsus<\/th>\n<td class=\"a-size-base prodDetAttrValue\">500 vatti<\/td>\n<\/tr>\n<tr>\n<th class=\"a-color-secondary a-size-base prodDetSectionEntry\">Pinge<\/th>\n<td class=\"a-size-base prodDetAttrValue\">2,3E+2 volti<\/td>\n<\/tr>\n<tr>\n<th class=\"a-color-secondary a-size-base prodDetSectionEntry\">Inimliidese sisend<\/th>\n<td class=\"a-size-base prodDetAttrValue\">Nupud<\/td>\n<\/tr>\n<\/tbody>\n<\/table>\n<\/div>\n<\/div>\n<\/div>\n<div class=\"a-row a-expander-container a-expander-section-container a-section-expander-container\" data-csa-c-content-id=\"voyager-expander-btn\" data-csa-c-slot-id=\"voyager-expander-btn\" data-csa-c-type=\"button\" data-csa-c-id=\"6ymns2-90sjt7-bea7ds-ybsmp1\"><span class=\"a-declarative\" data-action=\"voyager-expander-heading-toggle\" data-csa-c-type=\"widget\" data-csa-c-func-deps=\"aui-da-voyager-expander-heading-toggle\" data-voyager-expander-heading-toggle=\"{\"sectionindex\":1,\"columnname\":\"depthleftsections\"}\" data-csa-c-id=\"yn3djy-n90e5l-tae3xw-rfjuby\"><a class=\"a-expander-header a-declarative a-expander-section-header prodDet-expander-header-styling a-color-offset-background a-link-section-expander a-size-medium\" role=\"button\" data-csa-c-func-deps=\"aui-da-a-expander-toggle\" data-csa-c-type=\"widget\" data-csa-interaction-events=\"click\" aria-expanded=\"true\" data-action=\"a-expander-toggle\" data-a-expander-toggle=\"{\"allowlinkdefault\":true, \"expand_prompt\":\"\", \"collapse_prompt\":\"\"}\" data-csa-c-id=\"glpho4-pezkg6-o44igc-2vsqgh\"><i class=\"a-icon a-icon-section-collapse\"><\/i><span class=\"a-expander-prompt\" role=\"heading\" aria-level=\"5\">M\u00f5\u00f5tmised<\/span><\/a><\/span><\/p>\n<div class=\"a-expander-content a-expander-extend-content a-expander-content-expanded\" data-expanded=\"true\">\n<div class=\"a-section\">\n<table class=\"a-keyvalue prodDetTable\">\n<tbody>\n<tr>\n<th class=\"a-color-secondary a-size-base prodDetSectionEntry\">Mahutavus<\/th>\n<td class=\"a-size-base prodDetAttrValue\">1,3 liitrit<\/td>\n<\/tr>\n<tr>\n<th class=\"a-color-secondary a-size-base prodDetSectionEntry\">Kauba m\u00f5\u00f5tmed P x L x K<\/th>\n<td class=\"a-size-base prodDetAttrValue\">21D x 31W x 35H centimetres<\/td>\n<\/tr>\n<tr>\n<th class=\"a-color-secondary a-size-base prodDetSectionEntry\">Kauba kaal<\/th>\n<td class=\"a-size-base prodDetAttrValue\">6.52 Kilograms<\/td>\n<\/tr>\n<tr>\n<th class=\"a-color-secondary a-size-base prodDetSectionEntry\">Artiklite arv<\/th>\n<td class=\"a-size-base prodDetAttrValue\">1<\/td>\n<\/tr>\n<tr>\n<th class=\"a-color-secondary a-size-base prodDetSectionEntry\">\u00dchikute arv<\/th>\n<td class=\"a-size-base prodDetAttrValue\">1.0 Arv<\/td>\n<\/tr>\n<\/tbody>\n<\/table>\n<\/div>\n<\/div>\n<\/div>\n<\/div>\n<\/div>\n<\/div>\n<\/div>\n<\/div>\n<\/div>\n<\/div>","protected":false},"featured_media":17285,"comment_status":"open","ping_status":"closed","template":"","meta":{"_monsterinsights_skip_tracking":false,"_monsterinsights_sitenote_active":false,"_monsterinsights_sitenote_note":"","_monsterinsights_sitenote_category":0,"jetpack_publicize_message":"","jetpack_publicize_feature_enabled":true,"jetpack_social_post_already_shared":true,"jetpack_social_options":{"image_generator_settings":{"template":"highway","default_image_id":0,"font":"","enabled":false},"version":2}},"product_brand":[],"product_cat":[73],"product_tag":[],"class_list":{"0":"post-17280","1":"product","2":"type-product","3":"status-publish","4":"has-post-thumbnail","6":"product_cat-coffee-machines","8":"first","9":"instock","10":"sale","11":"shipping-taxable","12":"purchasable","13":"product-type-simple"},"aioseo_notices":[],"jetpack_publicize_connections":[],"jetpack_sharing_enabled":true,"_links":{"self":[{"href":"https:\/\/amazingmarket.ee\/et\/wp-json\/wp\/v2\/product\/17280","targetHints":{"allow":["GET"]}}],"collection":[{"href":"https:\/\/amazingmarket.ee\/et\/wp-json\/wp\/v2\/product"}],"about":[{"href":"https:\/\/amazingmarket.ee\/et\/wp-json\/wp\/v2\/types\/product"}],"replies":[{"embeddable":true,"href":"https:\/\/amazingmarket.ee\/et\/wp-json\/wp\/v2\/comments?post=17280"}],"wp:featuredmedia":[{"embeddable":true,"href":"https:\/\/amazingmarket.ee\/et\/wp-json\/wp\/v2\/media\/17285"}],"wp:attachment":[{"href":"https:\/\/amazingmarket.ee\/et\/wp-json\/wp\/v2\/media?parent=17280"}],"wp:term":[{"taxonomy":"product_brand","embeddable":true,"href":"https:\/\/amazingmarket.ee\/et\/wp-json\/wp\/v2\/product_brand?post=17280"},{"taxonomy":"product_cat","embeddable":true,"href":"https:\/\/amazingmarket.ee\/et\/wp-json\/wp\/v2\/product_cat?post=17280"},{"taxonomy":"product_tag","embeddable":true,"href":"https:\/\/amazingmarket.ee\/et\/wp-json\/wp\/v2\/product_tag?post=17280"}],"curies":[{"name":"wp","href":"https:\/\/api.w.org\/{rel}","templated":true}]}}