{"id":1721,"date":"2024-02-10T10:53:18","date_gmt":"2024-02-10T10:53:18","guid":{"rendered":"https:\/\/amazingmarket.ee\/?post_type=product&#038;p=1721"},"modified":"2026-03-14T11:15:31","modified_gmt":"2026-03-14T09:15:31","slug":"venga-robot-vacuum-cleaner-with-mop","status":"publish","type":"product","link":"https:\/\/amazingmarket.ee\/et\/toode\/venga-robot-vacuum-cleaner-with-mop\/","title":{"rendered":"Venga! Mopiga robottolmuimeja"},"content":{"rendered":"<pre id=\"tw-target-text\" class=\"tw-data-text tw-text-large tw-ta\" dir=\"ltr\" data-placeholder=\"\u041f\u0435\u0440\u0435\u0432\u043e\u0434\" data-ved=\"2ahUKEwjGkaWay5WJAxXlLRAIHf8EDdwQ3ewLegQIBxAU\" aria-label=\"\u041f\u0435\u0440\u0435\u0432\u0435\u0434\u0435\u043d\u043d\u044b\u0439 \u0442\u0435\u043a\u0441\u0442: Pole kaugjuhtimispulti\"><span class=\"Y2IQFc\" lang=\"en\" style=\"font-size: 130%;\">Pulti pole<\/span><\/pre>\n<p>Venga! robottolmuimeja mopiga on t\u00e4iustatud puhastuslahendus, mis on loodud teie p\u00f5randate minimaalse pingutusega plekiliselt puhtana hoidmiseks. Siin on selle peamiste omaduste \u00fcksikasjalik \u00fclevaade:<\/p>\n<ol>\n<li>V\u00f5imas tolmuimeja: Suure j\u00f5udlusega mootoriga robottolmuimeja eemaldab t\u00f5husalt mustuse, tolmu, lemmikloomade karvad ja prahi k\u00f5vadelt p\u00f5randatelt, vaipadelt ja mattidelt. Selle v\u00f5imas imemisv\u00f5imsus tagab p\u00f5hjaliku puhastuse, j\u00e4ttes teie p\u00f5randad laitmatu v\u00e4limusega.<\/li>\n<li>Sisseehitatud mopifunktsioon: Lisaks tolmuimejaga puhastamisele on sellel seadmel ka sisseehitatud mopp, mis v\u00f5imaldab sellel p\u00f5randaid samaaegselt p\u00fchkida ja pesta, et saavutada p\u00f5hjalikum puhastus. Mopiotsak on loodud kangekaelsete plekkide ja mahavalgunud vedelike imamiseks ja eemaldamiseks, j\u00e4ttes teie p\u00f5randad s\u00e4ravpuhtaks.<\/li>\n<li>Nutikas navigeerimine: Robottolmuimeja on varustatud t\u00e4iustatud andurite ja navigeerimistehnoloogiaga, mis v\u00f5imaldavad tal takistustest, m\u00f6\u00f6blist ja muudest takistustest h\u00f5lpsalt m\u00f6\u00f6da navigeerida. See kaardistab nutikalt teie kodu planeeringu, et tagada ulatuslik katvus ja t\u00f5hus puhastamine.<\/li>\n<li>Programmeeritavad puhastusre\u017eiimid: Mitme puhastusre\u017eiimi (sh automaatne, t\u00e4pp- ja servapuhastus) abil saate puhastusprotsessi vastavalt oma vajadustele kohandada. Samuti saate mugava programmeeritava taimeri funktsiooni abil puhastussessioone ette planeerida.<\/li>\n<li>Suur tolmukogus: Robottolmuimejal on avar tolmukogus, mis mahutab m\u00e4rkimisv\u00e4\u00e4rse koguse mustust ja prahti, v\u00e4hendades t\u00fchjendamise sagedust ja maksimeerides puhastamise efektiivsust. Lihtsalt ligip\u00e4\u00e4setav tolmukogus muudab t\u00fchjendamise ja puhastamise imelihtsaks.<\/li>\n<li>Vaikne t\u00f6\u00f6: Vaatamata v\u00f5imsale j\u00f5udlusele t\u00f6\u00f6tab Venga! robottolmuimeja vaikselt, v\u00f5imaldades teil puhastamise ajal rahu ja vaikust nautida. Olenemata sellest, kas t\u00f6\u00f6tate, puhkate v\u00f5i magate, ei h\u00e4iri teid valjud helid.<\/li>\n<\/ol>","protected":false},"excerpt":{"rendered":"<p>Venga! robottolmuimeja mopiga \u00fchendab endas v\u00f5imsa tolmuimemise ja pesemise v\u00f5imekuse, et hoida teie p\u00f5randad laitmatult puhtad. Nutika navigeerimise, programmeeritavate puhastusre\u017eiimide ja suure tolmukogujaga pakub see mugavat ja t\u00f5husat puhastust igas kodus.<\/p>","protected":false},"featured_media":1722,"comment_status":"open","ping_status":"closed","template":"","meta":{"_monsterinsights_skip_tracking":false,"_monsterinsights_sitenote_active":false,"_monsterinsights_sitenote_note":"","_monsterinsights_sitenote_category":0,"jetpack_publicize_message":"","jetpack_publicize_feature_enabled":true,"jetpack_social_post_already_shared":false,"jetpack_social_options":{"image_generator_settings":{"template":"highway","default_image_id":0,"font":"","enabled":false},"version":2}},"product_brand":[],"product_cat":[80],"product_tag":[],"class_list":{"0":"post-1721","1":"product","2":"type-product","3":"status-publish","4":"has-post-thumbnail","6":"product_cat-robot-vacuum-cleaners","8":"first","9":"instock","10":"sale","11":"shipping-taxable","12":"purchasable","13":"product-type-simple"},"aioseo_notices":[],"jetpack_publicize_connections":[],"jetpack_sharing_enabled":true,"_links":{"self":[{"href":"https:\/\/amazingmarket.ee\/et\/wp-json\/wp\/v2\/product\/1721","targetHints":{"allow":["GET"]}}],"collection":[{"href":"https:\/\/amazingmarket.ee\/et\/wp-json\/wp\/v2\/product"}],"about":[{"href":"https:\/\/amazingmarket.ee\/et\/wp-json\/wp\/v2\/types\/product"}],"replies":[{"embeddable":true,"href":"https:\/\/amazingmarket.ee\/et\/wp-json\/wp\/v2\/comments?post=1721"}],"wp:featuredmedia":[{"embeddable":true,"href":"https:\/\/amazingmarket.ee\/et\/wp-json\/wp\/v2\/media\/1722"}],"wp:attachment":[{"href":"https:\/\/amazingmarket.ee\/et\/wp-json\/wp\/v2\/media?parent=1721"}],"wp:term":[{"taxonomy":"product_brand","embeddable":true,"href":"https:\/\/amazingmarket.ee\/et\/wp-json\/wp\/v2\/product_brand?post=1721"},{"taxonomy":"product_cat","embeddable":true,"href":"https:\/\/amazingmarket.ee\/et\/wp-json\/wp\/v2\/product_cat?post=1721"},{"taxonomy":"product_tag","embeddable":true,"href":"https:\/\/amazingmarket.ee\/et\/wp-json\/wp\/v2\/product_tag?post=1721"}],"curies":[{"name":"wp","href":"https:\/\/api.w.org\/{rel}","templated":true}]}}