{"id":1707,"date":"2024-02-10T10:42:57","date_gmt":"2024-02-10T10:42:57","guid":{"rendered":"https:\/\/amazingmarket.ee\/?post_type=product&#038;p=1707"},"modified":"2026-03-14T11:15:31","modified_gmt":"2026-03-14T09:15:31","slug":"philips-perfectdraft-beer-keg-machine","status":"publish","type":"product","link":"https:\/\/amazingmarket.ee\/et\/toode\/philips-perfectdraft-beer-keg-machine\/","title":{"rendered":"Philipsi PerfectDrafti \u00f5llevaani masin"},"content":{"rendered":"<p>Philipsi PerfectDraft Beer Keg Machine on \u00fclim kodune vaadi\u00f5lles\u00fcsteem, mis on loodud teie lemmikvaagna \u00f5lle t\u00e4iusliku pitsi tarnimiseks otse teie kodus. Siin on \u00fcksikasjalik \u00fclevaade selle p\u00f5hifunktsioonidest:<\/p>\n<ol>\n<li>\u00dchilduvus laia \u00f5llevalikuga: PerfectDraft Beer Keg Machine \u00fchildub paljude populaarsete \u00f5llebr\u00e4ndide ja -stiilidega, v\u00f5imaldades teil nautida v\u00e4rsket pubikvaliteediga vaadi\u00f5lut mugavalt oma kodus. \u00dcksk\u00f5ik, kas eelistate laager, ale, IPA v\u00f5i stout, on teie jaoks PerfectDrafti t\u00fcnn.<\/li>\n<li>Lihtsalt kasutatav kraanis\u00fcsteem: masinal on kasutajas\u00f5bralik kraanis\u00fcsteem, mis v\u00f5imaldab teil \u00f5lut t\u00e4pselt ja lihtsalt valada. Lihtsalt sisestage \u00fchilduv \u00f5llevaat masinasse, \u00fchendage kraan ja oletegi valamiseks valmis. Intuitiivne disain tagab sujuva ja probleemideta valamise iga kord.<\/li>\n<li>T\u00e4iustatud jahutustehnoloogia: PerfectDraft Beer Keg Machine on varustatud t\u00e4iustatud jahutustehnoloogiaga, mis hoiab teie \u00f5lut optimaalsel serveerimistemperatuuril, tagades iga valamisega karge ja v\u00e4rskendava maitse. J\u00e4ta h\u00fcvasti sooja lameda \u00f5llega \u2013 PerfectDraftiga on teie \u00f5lu alati ideaalselt jahutatud ja nautimiseks valmis.<\/li>\n<li>Sisseehitatud CO2 surves\u00fcsteem: t\u00e4iusliku valamise tagamiseks on masinal sisseehitatud CO2 surves\u00fcsteem, mis hoiab \u00f5lles ideaalset gaseeritust. See aitab s\u00e4ilitada \u00f5lle maitset ja aroomi, pakkudes samal ajal sileda ja kreemja \u00f5llepea iga valamisega.<\/li>\n<li>Stiilne ja kompaktne disain: oma elegantse ja moodsa disainiga PerfectDraft Beer Keg Machine on stiilne lisand igale kodusele baarile v\u00f5i k\u00f6\u00f6gilauale. Selle kompaktne suurus muudab selle h\u00f5lpsaks peaaegu k\u00f5ikjale paigutamise, v\u00f5imaldades nautida vaadi\u00f5lut ilma v\u00e4\u00e4rtuslikku ruumi v\u00f5tmata.<\/li>\n<li>Lihtne hooldus: masin on m\u00f5eldud lihtsaks hoolduseks, eemaldatava tilgaaluse ja n\u00f5udepesumasinas pestavate osadega, mis v\u00f5imaldavad kiiret ja probleemivaba puhastamist. Lisaks saab \u00f5lletorusid ja kraanis\u00fcsteemi p\u00f5hjalikuks puhastamiseks ja hooldamiseks kergesti lahti v\u00f5tta.<\/li>\n<\/ol>","protected":false},"excerpt":{"rendered":"<div class=\"flex-1 overflow-hidden\">\n<div class=\"react-scroll-to-bottom--css-qxuqq-79elbk h-full\">\n<div class=\"react-scroll-to-bottom--css-qxuqq-1n7m0yu\">\n<div class=\"flex flex-col pb-9 text-sm\">\n<div class=\"w-full text-token-text-primary\" data-testid=\"conversation-turn-343\">\n<div class=\"px-4 py-2 justify-center text-base md:gap-6 m-auto\">\n<div class=\"flex flex-1 text-base mx-auto gap-3 md:px-5 lg:px-1 xl:px-5 md:max-w-3xl lg:max-w-[40rem] xl:max-w-[48rem] group final-completion\">\n<div class=\"relative flex w-full flex-col lg:w-[calc(100%-115px)] agent-turn\">\n<div class=\"flex-col gap-1 md:gap-3\">\n<div class=\"flex flex-grow flex-col max-w-full\">\n<div class=\"min-h-[20px] text-message flex flex-col items-start gap-3 whitespace-pre-wrap break-words [.text-message+&amp;]:mt-5 overflow-x-auto\" data-message-author-role=\"assistant\" data-message-id=\"d03c3fb4-d5cb-42b9-bd87-2e2964fcc389\">\n<div class=\"markdown prose w-full break-words dark:prose-invert light\">\n<p>The Philips PerfectDraft Beer Keg Machine brings the pub experience to your home, allowing you to enjoy fresh, pub-quality draft beer from a wide selection of beer brands and styles. With its easy-to-use tap system, advanced cooling technology, and built-in CO2 pressure system, every pour is perfect.<\/p>\n<\/div>\n<\/div>\n<\/div>\n<\/div>\n<\/div>\n<\/div>\n<\/div>\n<\/div>\n<\/div>\n<\/div>\n<\/div>\n<\/div>\n","protected":false},"featured_media":1715,"comment_status":"open","ping_status":"closed","template":"","meta":{"_monsterinsights_skip_tracking":false,"_monsterinsights_sitenote_active":false,"_monsterinsights_sitenote_note":"","_monsterinsights_sitenote_category":0,"jetpack_publicize_message":"","jetpack_publicize_feature_enabled":true,"jetpack_social_post_already_shared":false,"jetpack_social_options":{"image_generator_settings":{"template":"highway","default_image_id":0,"font":"","enabled":false},"version":2}},"product_brand":[],"product_cat":[113],"product_tag":[],"class_list":{"0":"post-1707","1":"product","2":"type-product","3":"status-publish","4":"has-post-thumbnail","6":"product_cat-beer-machines","8":"first","9":"instock","10":"sale","11":"shipping-taxable","12":"purchasable","13":"product-type-simple"},"aioseo_notices":[],"jetpack_publicize_connections":[],"jetpack_sharing_enabled":true,"_links":{"self":[{"href":"https:\/\/amazingmarket.ee\/et\/wp-json\/wp\/v2\/product\/1707","targetHints":{"allow":["GET"]}}],"collection":[{"href":"https:\/\/amazingmarket.ee\/et\/wp-json\/wp\/v2\/product"}],"about":[{"href":"https:\/\/amazingmarket.ee\/et\/wp-json\/wp\/v2\/types\/product"}],"replies":[{"embeddable":true,"href":"https:\/\/amazingmarket.ee\/et\/wp-json\/wp\/v2\/comments?post=1707"}],"wp:featuredmedia":[{"embeddable":true,"href":"https:\/\/amazingmarket.ee\/et\/wp-json\/wp\/v2\/media\/1715"}],"wp:attachment":[{"href":"https:\/\/amazingmarket.ee\/et\/wp-json\/wp\/v2\/media?parent=1707"}],"wp:term":[{"taxonomy":"product_brand","embeddable":true,"href":"https:\/\/amazingmarket.ee\/et\/wp-json\/wp\/v2\/product_brand?post=1707"},{"taxonomy":"product_cat","embeddable":true,"href":"https:\/\/amazingmarket.ee\/et\/wp-json\/wp\/v2\/product_cat?post=1707"},{"taxonomy":"product_tag","embeddable":true,"href":"https:\/\/amazingmarket.ee\/et\/wp-json\/wp\/v2\/product_tag?post=1707"}],"curies":[{"name":"wp","href":"https:\/\/api.w.org\/{rel}","templated":true}]}}