{"id":16941,"date":"2025-12-08T13:07:23","date_gmt":"2025-12-08T11:07:23","guid":{"rendered":"https:\/\/amazingmarket.ee\/?post_type=product&#038;p=16941"},"modified":"2026-03-14T11:15:11","modified_gmt":"2026-03-14T09:15:11","slug":"dreame-d10-plus-robot-vacuum-and-mop-with-self-emptying-base","status":"publish","type":"product","link":"https:\/\/amazingmarket.ee\/et\/toode\/dreame-d10-plus-robot-vacuum-and-mop-with-self-emptying-base\/","title":{"rendered":"dreame D10 Plus Robot Vacuum and Mop with Self-Emptying Base"},"content":{"rendered":"<h1>LITTLE USED, HAS NO DUST BAG, HAS NO WATER TANK<\/h1>\n<h1 class=\"a-size-base-plus a-text-bold\">Selle \u00fcksuse kohta<\/h1>\n<ul class=\"a-unordered-list a-vertical a-spacing-mini\">\n<li class=\"a-spacing-mini\"><span class=\"a-list-item\">45 Days of Hands-Free Cleaning: Fully automate your day-to-day cleaning to live more comfortably. An auto-empty base station quickly and quietly dumps dirt and dust into a 2.5L dust bag, while preventing clogging, to provide weeks of independent automated cleaning. All you have to do is dump the bag.<\/span><\/li>\n<li class=\"a-spacing-mini\"><span class=\"a-list-item\">Cleans Strong, Cleans Long: A max suction pressure of 4000Pa easily lifts dirt from floors and deposits it into the 400mL dust box. 4 suction modes to choose provide efficient, adaptable cleaning while a large, 5,200mAh, battery delivers up to 180mins of continuous cleaning to cover even large homes in a single run.<\/span><\/li>\n<li class=\"a-spacing-mini\"><span class=\"a-list-item\">Suure j\u00f5udlusega LiDAR-navigatsioon: LiDAR-lasernavigatsioon h\u00f5lbustab \u00fcksikasjalikku kiiret kaardi koostamist ja t\u00e4helepanuv\u00e4\u00e4rset navigeerimist. Kiire ja t\u00e4pne kaardi koostamine ja s\u00fcstemaatiline teeplaneerimine aitavad tagada, et kohad ei j\u00e4\u00e4ks vahele ja puhastamist ei korrataks.<\/span><\/li>\n<li class=\"a-spacing-mini\"><span class=\"a-list-item\">Effective and Adjustable Mopping: Set your water usage to wash your floors exactly the way you want. A 150mL water tank and three water volume options let you adjust water usage and mop dampness according to how dirty the floor is for robust, efficient cleaning.<\/span><\/li>\n<li class=\"a-spacing-mini\"><span class=\"a-list-item\">Cleans at your Command: Compatible with Alexa voice control to put automatic cleaning at the tip of your tongue. Just say the word to start, pause, or stop your robot vacuum and make automatic cleaning even more hands-off..Customize your Clean \u2014 Customize your clean via the app by selecting cleaning modes, cleaning certain rooms, setting a virtual wall, placing a no-go zone, and more.<\/span><\/li>\n<\/ul>","protected":false},"excerpt":{"rendered":"<div class=\"a-row\">\n<div class=\"a-column a-span6\">\n<h1 class=\"a-size-medium a-spacing-small\">Tehnilised \u00fcksikasjad<\/h1>\n<\/div>\n<\/div>\n<div class=\"a-expander-content a-expander-extend-content\" data-expanded=\"true\">\n<div class=\"a-row a-expander-container a-expander-inline-container\">\n<div class=\"a-expander-content a-expander-section-content a-section-expander-inner\" data-expanded=\"true\">\n<table id=\"productDetails_techSpec_section_1\" class=\"a-keyvalue prodDetTable\">\n<tbody>\n<tr>\n<th class=\"a-color-secondary a-size-base prodDetSectionEntry\">Kaubam\u00e4rk<\/th>\n<td class=\"a-size-base prodDetAttrValue\">UNISTUS<\/td>\n<\/tr>\n<tr>\n<th class=\"a-color-secondary a-size-base prodDetSectionEntry\">Mudeli number<\/th>\n<td class=\"a-size-base prodDetAttrValue\">\u200eD10 Plus<\/td>\n<\/tr>\n<tr>\n<th class=\"a-color-secondary a-size-base prodDetSectionEntry\">V\u00e4rv<\/th>\n<td class=\"a-size-base prodDetAttrValue\">Valge<\/td>\n<\/tr>\n<tr>\n<th class=\"a-color-secondary a-size-base prodDetSectionEntry\">Toote m\u00f5\u00f5dud<\/th>\n<td class=\"a-size-base prodDetAttrValue\">\u200e45.72 x 35.56 x 40.64 cm; 9.98 kg<\/td>\n<\/tr>\n<tr>\n<th class=\"a-color-secondary a-size-base prodDetSectionEntry\">Mahutavus<\/th>\n<td class=\"a-size-base prodDetAttrValue\">\u200e0.4 Litres<\/td>\n<\/tr>\n<tr>\n<th class=\"a-color-secondary a-size-base prodDetSectionEntry\">Pinge<\/th>\n<td class=\"a-size-base prodDetAttrValue\">\u200e3.6 Volts (DC)<\/td>\n<\/tr>\n<tr>\n<th class=\"a-color-secondary a-size-base prodDetSectionEntry\">Kiiruste arv<\/th>\n<td class=\"a-size-base prodDetAttrValue\">4<\/td>\n<\/tr>\n<tr>\n<th class=\"a-color-secondary a-size-base prodDetSectionEntry\">\u00dchilduvad mudelid<\/th>\n<td class=\"a-size-base prodDetAttrValue\">Amazon Echo<\/td>\n<\/tr>\n<tr>\n<th class=\"a-color-secondary a-size-base prodDetSectionEntry\">Eriomadused<\/th>\n<td class=\"a-size-base prodDetAttrValue\">\u200eSelf-Emptying<\/td>\n<\/tr>\n<tr>\n<th class=\"a-color-secondary a-size-base prodDetSectionEntry\">Kauba kaal<\/th>\n<td class=\"a-size-base prodDetAttrValue\">\u200e9.98 kg<\/td>\n<\/tr>\n<\/tbody>\n<\/table>\n<\/div>\n<\/div>\n<\/div>","protected":false},"featured_media":16947,"comment_status":"open","ping_status":"closed","template":"","meta":{"_monsterinsights_skip_tracking":false,"_monsterinsights_sitenote_active":false,"_monsterinsights_sitenote_note":"","_monsterinsights_sitenote_category":0,"jetpack_publicize_message":"","jetpack_publicize_feature_enabled":true,"jetpack_social_post_already_shared":true,"jetpack_social_options":{"image_generator_settings":{"template":"highway","default_image_id":0,"font":"","enabled":false},"version":2}},"product_brand":[],"product_cat":[80],"product_tag":[],"class_list":{"0":"post-16941","1":"product","2":"type-product","3":"status-publish","4":"has-post-thumbnail","6":"product_cat-robot-vacuum-cleaners","8":"first","9":"instock","10":"sale","11":"shipping-taxable","12":"purchasable","13":"product-type-simple"},"aioseo_notices":[],"jetpack_publicize_connections":[],"jetpack_sharing_enabled":true,"_links":{"self":[{"href":"https:\/\/amazingmarket.ee\/et\/wp-json\/wp\/v2\/product\/16941","targetHints":{"allow":["GET"]}}],"collection":[{"href":"https:\/\/amazingmarket.ee\/et\/wp-json\/wp\/v2\/product"}],"about":[{"href":"https:\/\/amazingmarket.ee\/et\/wp-json\/wp\/v2\/types\/product"}],"replies":[{"embeddable":true,"href":"https:\/\/amazingmarket.ee\/et\/wp-json\/wp\/v2\/comments?post=16941"}],"wp:featuredmedia":[{"embeddable":true,"href":"https:\/\/amazingmarket.ee\/et\/wp-json\/wp\/v2\/media\/16947"}],"wp:attachment":[{"href":"https:\/\/amazingmarket.ee\/et\/wp-json\/wp\/v2\/media?parent=16941"}],"wp:term":[{"taxonomy":"product_brand","embeddable":true,"href":"https:\/\/amazingmarket.ee\/et\/wp-json\/wp\/v2\/product_brand?post=16941"},{"taxonomy":"product_cat","embeddable":true,"href":"https:\/\/amazingmarket.ee\/et\/wp-json\/wp\/v2\/product_cat?post=16941"},{"taxonomy":"product_tag","embeddable":true,"href":"https:\/\/amazingmarket.ee\/et\/wp-json\/wp\/v2\/product_tag?post=16941"}],"curies":[{"name":"wp","href":"https:\/\/api.w.org\/{rel}","templated":true}]}}