{"id":16750,"date":"2025-12-02T15:41:48","date_gmt":"2025-12-02T13:41:48","guid":{"rendered":"https:\/\/amazingmarket.ee\/?post_type=product&#038;p=16750"},"modified":"2026-03-14T11:15:11","modified_gmt":"2026-03-14T09:15:11","slug":"garmin-constant-power-cable","status":"publish","type":"product","link":"https:\/\/amazingmarket.ee\/et\/toode\/garmin-constant-power-cable\/","title":{"rendered":"GARMIN Constant power cable"},"content":{"rendered":"<h1>DEMO<\/h1>\n<h1 class=\"a-size-base-plus a-text-bold\">Selle \u00fcksuse kohta<\/h1>\n<ul class=\"a-unordered-list a-vertical a-spacing-mini\">\n<li class=\"a-spacing-mini\"><span class=\"a-list-item\">Product Type :Gps Or Navigation System<\/span><\/li>\n<li class=\"a-spacing-mini\"><span class=\"a-list-item\">Package Dimensions :2.756&#8243; L X1.142&#8243; W X5.512&#8243; H<\/span><\/li>\n<li class=\"a-spacing-mini\"><span class=\"a-list-item\">Country Of Origin :Taiwan<\/span><\/li>\n<li class=\"a-spacing-mini\"><span class=\"a-list-item\">Package Weight :0.19Lbs<\/span><\/li>\n<\/ul>","protected":false},"excerpt":{"rendered":"<h2>Tooteteave<\/h2>\n<div class=\"a-row\">\n<div class=\"a-column a-span12 a-span-last\">\n<div class=\"a-row a-spacing-top-base\">\n<div class=\"a-column a-span6\">\n<div class=\"a-row a-spacing-base\">\n<div class=\"a-section table-padding\">\n<table id=\"productDetails_detailBullets_sections1\" class=\"a-keyvalue prodDetTable\">\n<tbody>\n<tr>\n<th class=\"a-color-secondary a-size-base prodDetSectionEntry\">Kaubam\u00e4rk<\/th>\n<td class=\"a-size-base prodDetAttrValue\">Garmin<\/td>\n<\/tr>\n<tr>\n<th class=\"a-color-secondary a-size-base prodDetSectionEntry\">\u00dchenduse t\u00fc\u00fcp<\/th>\n<td class=\"a-size-base prodDetAttrValue\">Obd 2<\/td>\n<\/tr>\n<tr>\n<th class=\"a-color-secondary a-size-base prodDetSectionEntry\">Cable Type<\/th>\n<td class=\"a-size-base prodDetAttrValue\">OBD-II<\/td>\n<\/tr>\n<tr>\n<th class=\"a-color-secondary a-size-base prodDetSectionEntry\">\u00dchilduvad seadmed<\/th>\n<td class=\"a-size-base prodDetAttrValue\">Dash Cam 56, Dash Cam 66W, Dash Cam Mini, Garmin Dash Cam 46, Garmin Dash Cam 47, Garmin Dash Cam 57, Garmin Dash Cam 67W, Garmin Dash Cam Mini 2, Garmin Dash Cam Tandem<\/td>\n<\/tr>\n<tr>\n<th class=\"a-color-secondary a-size-base prodDetSectionEntry\">Erifunktsioon<\/th>\n<td class=\"a-size-base prodDetAttrValue\">Tangle Free<\/td>\n<\/tr>\n<tr>\n<th class=\"a-color-secondary a-size-base prodDetSectionEntry\">Compatible Phone Models<\/th>\n<td class=\"a-size-base prodDetAttrValue\">No Compatible Phone Models<\/td>\n<\/tr>\n<tr>\n<th class=\"a-color-secondary a-size-base prodDetSectionEntry\">V\u00e4rv<\/th>\n<td class=\"a-size-base prodDetAttrValue\">Must<\/td>\n<\/tr>\n<tr>\n<th class=\"a-color-secondary a-size-base prodDetSectionEntry\">Connector Gender<\/th>\n<td class=\"a-size-base prodDetAttrValue\">Male-to-Male<\/td>\n<\/tr>\n<tr>\n<th class=\"a-color-secondary a-size-base prodDetSectionEntry\">Kuju<\/th>\n<td class=\"a-size-base prodDetAttrValue\">Round<\/td>\n<\/tr>\n<tr>\n<th class=\"a-color-secondary a-size-base prodDetSectionEntry\">Number of Pins<\/th>\n<td class=\"a-size-base prodDetAttrValue\">16<\/td>\n<\/tr>\n<tr>\n<th class=\"a-color-secondary a-size-base prodDetSectionEntry\">\u00dchikute arv<\/th>\n<td class=\"a-size-base prodDetAttrValue\">1.0 Arv<\/td>\n<\/tr>\n<tr>\n<th class=\"a-color-secondary a-size-base prodDetSectionEntry\">Spetsifikatsioon Met<\/th>\n<td class=\"a-size-base prodDetAttrValue\">Sae J1939<\/td>\n<\/tr>\n<\/tbody>\n<\/table>\n<\/div>\n<\/div>\n<\/div>\n<\/div>\n<\/div>\n<\/div>","protected":false},"featured_media":16753,"comment_status":"open","ping_status":"closed","template":"","meta":{"_monsterinsights_skip_tracking":false,"_monsterinsights_sitenote_active":false,"_monsterinsights_sitenote_note":"","_monsterinsights_sitenote_category":0,"jetpack_publicize_message":"","jetpack_publicize_feature_enabled":true,"jetpack_social_post_already_shared":true,"jetpack_social_options":{"image_generator_settings":{"template":"highway","default_image_id":0,"font":"","enabled":false},"version":2}},"product_brand":[],"product_cat":[264],"product_tag":[],"class_list":{"0":"post-16750","1":"product","2":"type-product","3":"status-publish","4":"has-post-thumbnail","6":"product_cat-cameras","8":"first","9":"instock","10":"sale","11":"shipping-taxable","12":"purchasable","13":"product-type-simple"},"aioseo_notices":[],"jetpack_publicize_connections":[],"jetpack_sharing_enabled":true,"_links":{"self":[{"href":"https:\/\/amazingmarket.ee\/et\/wp-json\/wp\/v2\/product\/16750","targetHints":{"allow":["GET"]}}],"collection":[{"href":"https:\/\/amazingmarket.ee\/et\/wp-json\/wp\/v2\/product"}],"about":[{"href":"https:\/\/amazingmarket.ee\/et\/wp-json\/wp\/v2\/types\/product"}],"replies":[{"embeddable":true,"href":"https:\/\/amazingmarket.ee\/et\/wp-json\/wp\/v2\/comments?post=16750"}],"wp:featuredmedia":[{"embeddable":true,"href":"https:\/\/amazingmarket.ee\/et\/wp-json\/wp\/v2\/media\/16753"}],"wp:attachment":[{"href":"https:\/\/amazingmarket.ee\/et\/wp-json\/wp\/v2\/media?parent=16750"}],"wp:term":[{"taxonomy":"product_brand","embeddable":true,"href":"https:\/\/amazingmarket.ee\/et\/wp-json\/wp\/v2\/product_brand?post=16750"},{"taxonomy":"product_cat","embeddable":true,"href":"https:\/\/amazingmarket.ee\/et\/wp-json\/wp\/v2\/product_cat?post=16750"},{"taxonomy":"product_tag","embeddable":true,"href":"https:\/\/amazingmarket.ee\/et\/wp-json\/wp\/v2\/product_tag?post=16750"}],"curies":[{"name":"wp","href":"https:\/\/api.w.org\/{rel}","templated":true}]}}