{"id":16680,"date":"2025-11-28T14:10:17","date_gmt":"2025-11-28T12:10:17","guid":{"rendered":"https:\/\/amazingmarket.ee\/?post_type=product&#038;p=16680"},"modified":"2026-03-14T11:15:11","modified_gmt":"2026-03-14T09:15:11","slug":"siemens-ea645gn17-electric-hob","status":"publish","type":"product","link":"https:\/\/amazingmarket.ee\/et\/toode\/siemens-ea645gn17-electric-hob\/","title":{"rendered":"siemens ea645gn17 electric hob"},"content":{"rendered":"<h2>DEMO, ON Defekt<\/h2>\n<h2 class=\"a-size-base-plus a-text-bold\">Selle \u00fcksuse kohta<\/h2>\n<ul class=\"a-unordered-list a-vertical a-spacing-mini\">\n<li class=\"a-spacing-mini\"><span class=\"a-list-item\">Sisseehitatud elektripliit: pliidiga juhitava elektripliidiplaadiga valmib iga roog ideaalselt. Klaaskeraamiline pliit on elegantse disainiga ja t\u00e4nu siledale pinnale on seda lihtne puhastada.<\/span><\/li>\n<li class=\"a-spacing-mini\"><span class=\"a-list-item\">Keedualade juhtimine sisseehitatud pliidil asuvate p\u00f6\u00f6rdnuppude abil.<\/span><\/li>\n<li class=\"a-spacing-mini\"><span class=\"a-list-item\">K\u00fcpsetusala: k\u00fcpsetusala sobib suure prae v\u00f5i kala k\u00fcpsetamiseks pannil. Seega leiavad pliidiplaadile ruumi ka suuremad n\u00f5ud \u2013 ja liha v\u00f5i kala k\u00fcpseb \u00fchtlaselt.<\/span><\/li>\n<li class=\"a-spacing-mini\"><span class=\"a-list-item\">Roostevabast terasest raam: t\u00e4nu roostevabast terasest raamile sobib elektripliit sujuvalt igasse k\u00f6\u00f6ki.<\/span><\/li>\n<li class=\"a-spacing-mini\"><span class=\"a-list-item\">J\u00e4\u00e4ksoomuse indikaator: klaaskeraamilise pliidiplaadi j\u00e4\u00e4ksoojuse indikaator n\u00e4itab, millised keedualad on veel kuumad.<\/span><\/li>\n<\/ul>","protected":false},"excerpt":{"rendered":"<h1 class=\"a-size-large a-spacing-small a-text-bold\">Product Information<\/h1>\n<div class=\"a-row\">\n<div class=\"a-column a-span12 a-span-last\">\n<div id=\"productDetails_expanderSectionTables\" class=\"a-section\">\n<div class=\"a-row\">\n<div class=\"a-column a-span6\">\n<div class=\"a-row\">\n<div id=\"productDetails_expanderTables_depthLeftSections\" class=\"a-section\">\n<div class=\"a-row a-expander-container a-expander-section-container a-section-expander-container\" data-csa-c-content-id=\"voyager-expander-btn\" data-csa-c-slot-id=\"voyager-expander-btn\" data-csa-c-type=\"button\" data-csa-c-id=\"8de86s-jkqvom-enjjko-p9d7wy\"><span class=\"a-declarative\" data-action=\"voyager-expander-heading-toggle\" data-voyager-expander-heading-toggle=\"{\"sectionindex\":0,\"columnname\":\"depthleftsections\"}\"><a class=\"a-expander-header a-declarative a-expander-section-header prodDet-expander-header-styling a-color-offset-background a-link-section-expander a-size-medium\" role=\"button\" aria-expanded=\"true\" data-action=\"a-expander-toggle\" data-a-expander-toggle=\"{\"allowlinkdefault\":true, \"expand_prompt\":\"\", \"collapse_prompt\":\"\"}\"><i class=\"a-icon a-icon-section-collapse\"><\/i><span class=\"a-expander-prompt\" role=\"heading\" aria-level=\"5\">Features &#038; Specs<\/span><\/a><\/span><\/p>\n<div class=\"a-expander-content a-expander-extend-content a-expander-content-expanded\" data-expanded=\"true\">\n<div class=\"a-section\">\n<table class=\"a-keyvalue prodDetTable\">\n<tbody>\n<tr>\n<th class=\"a-color-secondary a-size-base prodDetSectionEntry\">K\u00fctteelemendid<\/th>\n<td class=\"a-size-base prodDetAttrValue\">4<\/td>\n<\/tr>\n<tr>\n<th class=\"a-color-secondary a-size-base prodDetSectionEntry\">Toiteallikas<\/th>\n<td class=\"a-size-base prodDetAttrValue\">Juhtmega elekter<\/td>\n<\/tr>\n<tr>\n<th class=\"a-color-secondary a-size-base prodDetSectionEntry\">K\u00fctuse t\u00fc\u00fcp<\/th>\n<td class=\"a-size-base prodDetAttrValue\">Elektriline<\/td>\n<\/tr>\n<tr>\n<th class=\"a-color-secondary a-size-base prodDetSectionEntry\">SpecialFeatures<\/th>\n<td class=\"a-size-base prodDetAttrValue\">Heat indicator, Safety Lock, Security lock<\/td>\n<\/tr>\n<tr>\n<th class=\"a-color-secondary a-size-base prodDetSectionEntry\">P\u00f5leti t\u00fc\u00fcp<\/th>\n<td class=\"a-size-base prodDetAttrValue\">Induktsioon<\/td>\n<\/tr>\n<tr>\n<th class=\"a-color-secondary a-size-base prodDetSectionEntry\">S\u00fc\u00fctes\u00fcsteemi t\u00fc\u00fcp<\/th>\n<td class=\"a-size-base prodDetAttrValue\">Elektrooniline<\/td>\n<\/tr>\n<tr>\n<th class=\"a-color-secondary a-size-base prodDetSectionEntry\">Juhtimist\u00fc\u00fcp<\/th>\n<td class=\"a-size-base prodDetAttrValue\">Knob<\/td>\n<\/tr>\n<tr>\n<th class=\"a-color-secondary a-size-base prodDetSectionEntry\">InstallationType<\/th>\n<td class=\"a-size-base prodDetAttrValue\">Drop-In<\/td>\n<\/tr>\n<tr>\n<th class=\"a-color-secondary a-size-base prodDetSectionEntry\">Pinge<\/th>\n<td class=\"a-size-base prodDetAttrValue\">240 volti<\/td>\n<\/tr>\n<tr>\n<th class=\"a-color-secondary a-size-base prodDetSectionEntry\">V\u00f5imsus<\/th>\n<td class=\"a-size-base prodDetAttrValue\">7800 watts<\/td>\n<\/tr>\n<\/tbody>\n<\/table>\n<\/div>\n<\/div>\n<\/div>\n<div class=\"a-row a-expander-container a-expander-section-container a-section-expander-container\" data-csa-c-content-id=\"voyager-expander-btn\" data-csa-c-slot-id=\"voyager-expander-btn\" data-csa-c-type=\"button\" data-csa-c-id=\"75g9v2-uktacl-vgehv8-8ictfg\"><span class=\"a-declarative\" data-action=\"voyager-expander-heading-toggle\" data-voyager-expander-heading-toggle=\"{\"sectionindex\":1,\"columnname\":\"depthleftsections\"}\"><a class=\"a-expander-header a-declarative a-expander-section-header prodDet-expander-header-styling a-color-offset-background a-link-section-expander a-size-medium\" role=\"button\" aria-expanded=\"true\" data-action=\"a-expander-toggle\" data-a-expander-toggle=\"{\"allowlinkdefault\":true, \"expand_prompt\":\"\", \"collapse_prompt\":\"\"}\"><i class=\"a-icon a-icon-section-collapse\"><\/i><span class=\"a-expander-prompt\" role=\"heading\" aria-level=\"5\">M\u00f5\u00f5tmised<\/span><\/a><\/span><\/p>\n<div class=\"a-expander-content a-expander-extend-content a-expander-content-expanded\" data-expanded=\"true\">\n<div class=\"a-section\">\n<table class=\"a-keyvalue prodDetTable\">\n<tbody>\n<tr>\n<th class=\"a-color-secondary a-size-base prodDetSectionEntry\">Kauba kaal<\/th>\n<td class=\"a-size-base prodDetAttrValue\">16.23 Pounds<\/td>\n<\/tr>\n<tr>\n<th class=\"a-color-secondary a-size-base prodDetSectionEntry\">Suurus<\/th>\n<td class=\"a-size-base prodDetAttrValue\">Suur<\/td>\n<\/tr>\n<\/tbody>\n<\/table>\n<\/div>\n<\/div>\n<\/div>\n<\/div>\n<\/div>\n<\/div>\n<\/div>\n<\/div>\n<\/div>\n<\/div>","protected":false},"featured_media":16683,"comment_status":"open","ping_status":"closed","template":"","meta":{"_monsterinsights_skip_tracking":false,"_monsterinsights_sitenote_active":false,"_monsterinsights_sitenote_note":"","_monsterinsights_sitenote_category":0,"jetpack_publicize_message":"","jetpack_publicize_feature_enabled":true,"jetpack_social_post_already_shared":true,"jetpack_social_options":{"image_generator_settings":{"template":"highway","default_image_id":0,"font":"","enabled":false},"version":2}},"product_brand":[],"product_cat":[148],"product_tag":[],"class_list":{"0":"post-16680","1":"product","2":"type-product","3":"status-publish","4":"has-post-thumbnail","6":"product_cat-induction-electric-gas-hobs-and-stoves","8":"first","9":"instock","10":"sale","11":"shipping-taxable","12":"purchasable","13":"product-type-simple"},"aioseo_notices":[],"jetpack_publicize_connections":[],"jetpack_sharing_enabled":true,"_links":{"self":[{"href":"https:\/\/amazingmarket.ee\/et\/wp-json\/wp\/v2\/product\/16680","targetHints":{"allow":["GET"]}}],"collection":[{"href":"https:\/\/amazingmarket.ee\/et\/wp-json\/wp\/v2\/product"}],"about":[{"href":"https:\/\/amazingmarket.ee\/et\/wp-json\/wp\/v2\/types\/product"}],"replies":[{"embeddable":true,"href":"https:\/\/amazingmarket.ee\/et\/wp-json\/wp\/v2\/comments?post=16680"}],"wp:featuredmedia":[{"embeddable":true,"href":"https:\/\/amazingmarket.ee\/et\/wp-json\/wp\/v2\/media\/16683"}],"wp:attachment":[{"href":"https:\/\/amazingmarket.ee\/et\/wp-json\/wp\/v2\/media?parent=16680"}],"wp:term":[{"taxonomy":"product_brand","embeddable":true,"href":"https:\/\/amazingmarket.ee\/et\/wp-json\/wp\/v2\/product_brand?post=16680"},{"taxonomy":"product_cat","embeddable":true,"href":"https:\/\/amazingmarket.ee\/et\/wp-json\/wp\/v2\/product_cat?post=16680"},{"taxonomy":"product_tag","embeddable":true,"href":"https:\/\/amazingmarket.ee\/et\/wp-json\/wp\/v2\/product_tag?post=16680"}],"curies":[{"name":"wp","href":"https:\/\/api.w.org\/{rel}","templated":true}]}}