{"id":1645,"date":"2024-02-10T09:35:41","date_gmt":"2024-02-10T09:35:41","guid":{"rendered":"https:\/\/amazingmarket.ee\/?post_type=product&#038;p=1645"},"modified":"2026-03-14T11:15:31","modified_gmt":"2026-03-14T09:15:31","slug":"ninja-af400euu-fryer-double-9-5-l-stand-alone-2470-w-hot-air-fryer","status":"publish","type":"product","link":"https:\/\/amazingmarket.ee\/et\/toode\/ninja-af400euu-fryer-double-9-5-l-stand-alone-2470-w-hot-air-fryer\/","title":{"rendered":"Ninja AF400EUU kahekordne 9,5-liitrine eraldiseisev 2470 W kuuma\u00f5hufritt"},"content":{"rendered":"<pre id=\"tw-target-text\" class=\"tw-data-text tw-text-large tw-ta\" dir=\"ltr\" data-placeholder=\"\u041f\u0435\u0440\u0435\u0432\u043e\u0434\" data-ved=\"2ahUKEwjGkaWay5WJAxXlLRAIHf8EDdwQ3ewLegQIBxAU\" aria-label=\"\u041f\u0435\u0440\u0435\u0432\u0435\u0434\u0435\u043d\u043d\u044b\u0439 \u0442\u0435\u043a\u0441\u0442: Originaalkarp puudub\"><span class=\"Y2IQFc\" lang=\"en\" style=\"font-size: 130%;\">Originaalkarp puudub<\/span><\/pre>\n<p>Ninja AF400EUU Fryer Double on suure mahutavusega eraldiseisev kuuma\u00f5hufrit\u00fc\u00fcr, mis on loodud teie toiduvalmistamise kogemuse revolutsiooniliseks muutmiseks. Siin on selle peamiste omaduste \u00fcksikasjalik \u00fclevaade:<\/p>\n<ol>\n<li>Kaks keedutsooni: Ninja AF400EUU frit\u00fc\u00fcril on 9,5-liitrine mahutavus ja kaks eraldi keedutsooni, mis v\u00f5imaldavad teil samaaegselt valmistada mitut rooga ilma maitsete vahetuseta.<\/li>\n<li>V\u00f5imas j\u00f5udlus: Varustatud v\u00f5imsa 2470 W k\u00fcttekeha ja t\u00e4iustatud kuuma \u00f5hu tsirkulatsioonitehnoloogiaga, tagab see frit\u00fc\u00fcr kiire ja \u00fchtlase k\u00fcpsetustulemuse, tagades, et teie toit on v\u00e4ljast kr\u00f5be ja seest pehme.<\/li>\n<li>Mitmek\u00fclgsed toiduvalmistamisv\u00f5imalused: Ninja AF400EUU topeltfrit\u00fc\u00fcr pakub mitmek\u00fclgseid toiduvalmistamisv\u00f5imalusi, mis sobivad teie kulinaarsete eelistustega, olenemata sellest, kas praadite, k\u00fcpsetate, k\u00fcpsetate v\u00f5i kuivatate. Kr\u00f5bedatest friikartulitest kuni mahlakate kanatiibadeni \u2013 saate h\u00f5lpsalt valmistada laia valikut maitsvaid roogasid.<\/li>\n<li>T\u00e4ppisjuhtimine: Frit\u00fc\u00fcril on intuitiivsed juhtnupud ja digitaalne ekraan t\u00e4psete temperatuuri ja aja s\u00e4tete jaoks. Valige laia valiku temperatuuris\u00e4tete ja reguleeritavate taimeri valikute vahel, et saavutada iga kord ideaalsed tulemused.<\/li>\n<li>Tervislikum toiduvalmistamine: Kuuma \u00f5huga praadimise tehnoloogia, mis kasutab v\u00e4he v\u00f5i \u00fcldse mitte \u00f5li, v\u00f5imaldab teil nautida oma lemmikpraetud toite kuni 75% v\u00e4hema rasvaga kui traditsioonilised praadimismeetodid, muutes selle tervislikumaks alternatiiviks teile ja teie perele.<\/li>\n<li>Lihtne puhastada: Mittenakkuv kate ja n\u00f5udepesumasinas pestavad osad muudavad puhastamise imelihtsaks, s\u00e4\u00e4stes teie aega ja vaeva p\u00e4rast iga kasutuskorda. Eemaldage lihtsalt k\u00fcpsetuskorvid ja -alused ning asetage need n\u00f5udepesumasinasse, et saaksite muretult puhastada.<\/li>\n<li>Elegantne disain: Oma moodsa disaini ja kompaktse jalaj\u00e4ljega sobib Ninja AF400EUU topeltfrit\u00fc\u00fcr igale k\u00f6\u00f6gitasapinnale. Elegantne v\u00e4lisilme ja roostevabast terasest aktsendid lisavad teie k\u00f6\u00f6gile elegantsi.<\/li>\n<\/ol>","protected":false},"excerpt":{"rendered":"<p>Ninja Fryer Double on v\u00f5imas eraldiseisev kuuma\u00f5hu frit\u00fc\u00fcr kahe k\u00fcpsetustsooni, t\u00e4pse temperatuuri reguleerimise ja mitmek\u00fclgsete k\u00fcpsetusv\u00f5imalustega. T\u00e4nu suurele mahutavusele ja kiirele k\u00fcpsetusv\u00f5imele v\u00f5imaldab see nautida kr\u00f5bedaid ja maitsvaid toite v\u00e4hema rasva ja vaevaga.<\/p>","protected":false},"featured_media":1650,"comment_status":"open","ping_status":"closed","template":"","meta":{"_monsterinsights_skip_tracking":false,"_monsterinsights_sitenote_active":false,"_monsterinsights_sitenote_note":"","_monsterinsights_sitenote_category":0,"jetpack_publicize_message":"","jetpack_publicize_feature_enabled":true,"jetpack_social_post_already_shared":false,"jetpack_social_options":{"image_generator_settings":{"template":"highway","default_image_id":0,"font":"","enabled":false},"version":2}},"product_brand":[],"product_cat":[71],"product_tag":[],"class_list":{"0":"post-1645","1":"product","2":"type-product","3":"status-publish","4":"has-post-thumbnail","6":"product_cat-airfryers","8":"first","9":"instock","10":"sale","11":"shipping-taxable","12":"purchasable","13":"product-type-simple"},"aioseo_notices":[],"jetpack_publicize_connections":[],"jetpack_sharing_enabled":true,"_links":{"self":[{"href":"https:\/\/amazingmarket.ee\/et\/wp-json\/wp\/v2\/product\/1645","targetHints":{"allow":["GET"]}}],"collection":[{"href":"https:\/\/amazingmarket.ee\/et\/wp-json\/wp\/v2\/product"}],"about":[{"href":"https:\/\/amazingmarket.ee\/et\/wp-json\/wp\/v2\/types\/product"}],"replies":[{"embeddable":true,"href":"https:\/\/amazingmarket.ee\/et\/wp-json\/wp\/v2\/comments?post=1645"}],"wp:featuredmedia":[{"embeddable":true,"href":"https:\/\/amazingmarket.ee\/et\/wp-json\/wp\/v2\/media\/1650"}],"wp:attachment":[{"href":"https:\/\/amazingmarket.ee\/et\/wp-json\/wp\/v2\/media?parent=1645"}],"wp:term":[{"taxonomy":"product_brand","embeddable":true,"href":"https:\/\/amazingmarket.ee\/et\/wp-json\/wp\/v2\/product_brand?post=1645"},{"taxonomy":"product_cat","embeddable":true,"href":"https:\/\/amazingmarket.ee\/et\/wp-json\/wp\/v2\/product_cat?post=1645"},{"taxonomy":"product_tag","embeddable":true,"href":"https:\/\/amazingmarket.ee\/et\/wp-json\/wp\/v2\/product_tag?post=1645"}],"curies":[{"name":"wp","href":"https:\/\/api.w.org\/{rel}","templated":true}]}}