{"id":16447,"date":"2025-11-21T14:13:44","date_gmt":"2025-11-21T12:13:44","guid":{"rendered":"https:\/\/amazingmarket.ee\/?post_type=product&#038;p=16447"},"modified":"2026-03-14T11:15:12","modified_gmt":"2026-03-14T09:15:12","slug":"tefal-actifry-grill-genius-fz7758","status":"publish","type":"product","link":"https:\/\/amazingmarket.ee\/et\/toode\/tefal-actifry-grill-genius-fz7758\/","title":{"rendered":"Tefal ActiFry &#038; Grill Genius FZ7758"},"content":{"rendered":"<h2>DEMO<\/h2>\n<h2 class=\"a-size-base-plus a-text-bold\">Selle \u00fcksuse kohta<\/h2>\n<ul class=\"a-unordered-list a-vertical a-spacing-mini\">\n<li class=\"a-spacing-mini\"><span class=\"a-list-item\">HEALTHY AND DELICIOUS MEALS WITH NO FAT: Healthy hot air fry technology ensures crispy, golden results with little to no oil and 99% less fat<\/span><\/li>\n<li class=\"a-spacing-mini\"><span class=\"a-list-item\">Easy to use: features 9 aut. Cooking programs, a glass window for effortless monitoring and easy operation thanks to intuitive user interface; as well as dishwasher-safe accessories<\/span><\/li>\n<li class=\"a-spacing-mini\"><span class=\"a-list-item\">High-quality material<\/span><\/li>\n<li class=\"a-spacing-mini\"><span class=\"a-list-item\">High-quality dimensions<\/span><\/li>\n<li class=\"a-spacing-mini\"><span class=\"a-list-item\">robustness<\/span><\/li>\n<li class=\"a-spacing-mini\"><span class=\"a-list-item\">Flexible design<\/span><\/li>\n<\/ul>","protected":false},"excerpt":{"rendered":"<h1 class=\"a-size-large a-spacing-small a-text-bold\">Product Information<\/h1>\n<div class=\"a-row\">\n<div class=\"a-column a-span12 a-span-last\">\n<div id=\"productDetails_expanderSectionTables\" class=\"a-section\">\n<div class=\"a-row\">\n<div class=\"a-column a-span6\">\n<div class=\"a-row\">\n<div id=\"productDetails_expanderTables_depthLeftSections\" class=\"a-section\">\n<div class=\"a-row a-expander-container a-expander-section-container a-section-expander-container\" data-csa-c-content-id=\"voyager-expander-btn\" data-csa-c-slot-id=\"voyager-expander-btn\" data-csa-c-type=\"button\" data-csa-c-id=\"nlf7vm-jrkcvg-j13kpc-uh2sdg\"><span class=\"a-declarative\" data-action=\"voyager-expander-heading-toggle\" data-voyager-expander-heading-toggle=\"{\"sectionindex\":0,\"columnname\":\"depthleftsections\"}\"><a class=\"a-expander-header a-declarative a-expander-section-header prodDet-expander-header-styling a-color-offset-background a-link-section-expander a-size-medium\" role=\"button\" aria-expanded=\"true\" data-action=\"a-expander-toggle\" data-a-expander-toggle=\"{\"allowlinkdefault\":true, \"expand_prompt\":\"\", \"collapse_prompt\":\"\"}\"><i class=\"a-icon a-icon-section-collapse\"><\/i><span class=\"a-expander-prompt\" role=\"heading\" aria-level=\"5\">Features &#038; Specs<\/span><\/a><\/span><\/p>\n<div class=\"a-expander-content a-expander-extend-content a-expander-content-expanded\" data-expanded=\"true\">\n<div class=\"a-section\">\n<table class=\"a-keyvalue prodDetTable\">\n<tbody>\n<tr>\n<th class=\"a-color-secondary a-size-base prodDetSectionEntry\">Eriomadused<\/th>\n<td class=\"a-size-base prodDetAttrValue\">1.2 kg capacity, Digital recipe book and free Tefal recipe app, Dishwasher-safe accessories, Includes die-cast cooking grate, Rotating stirring arm<\/td>\n<\/tr>\n<tr>\n<th class=\"a-color-secondary a-size-base prodDetSectionEntry\">V\u00e4ljundv\u00f5imsus<\/th>\n<td class=\"a-size-base prodDetAttrValue\">1500 vatti<\/td>\n<\/tr>\n<tr>\n<th class=\"a-color-secondary a-size-base prodDetSectionEntry\">V\u00f5imsus<\/th>\n<td class=\"a-size-base prodDetAttrValue\">1520 watts<\/td>\n<\/tr>\n<tr>\n<th class=\"a-color-secondary a-size-base prodDetSectionEntry\">Pinge<\/th>\n<td class=\"a-size-base prodDetAttrValue\">230 volti<\/td>\n<\/tr>\n<tr>\n<th class=\"a-color-secondary a-size-base prodDetSectionEntry\">Kontrollimeetod<\/th>\n<td class=\"a-size-base prodDetAttrValue\">Puudutage<\/td>\n<\/tr>\n<tr>\n<th class=\"a-color-secondary a-size-base prodDetSectionEntry\">\u00d5hufrit\u00fc\u00fcri tehnoloogia<\/th>\n<td class=\"a-size-base prodDetAttrValue\">\u00d5hufrit\u00fc\u00fcri tehnoloogia<\/td>\n<\/tr>\n<\/tbody>\n<\/table>\n<\/div>\n<\/div>\n<\/div>\n<div class=\"a-row a-expander-container a-expander-section-container a-section-expander-container\" data-csa-c-content-id=\"voyager-expander-btn\" data-csa-c-slot-id=\"voyager-expander-btn\" data-csa-c-type=\"button\" data-csa-c-id=\"c93u7-5salu9-3wonnu-8oneoa\">\n<div class=\"a-expander-content a-expander-extend-content a-expander-content-expanded\" data-expanded=\"true\">\n<div class=\"a-section\">\n<table class=\"a-keyvalue prodDetTable\">\n<tbody>\n<tr>\n<th class=\"a-color-secondary a-size-base prodDetSectionEntry\">Kauba m\u00f5\u00f5tmed P x L x K<\/th>\n<td class=\"a-size-base prodDetAttrValue\">43.3D x 30.3W x 23.8H centimetres<\/td>\n<\/tr>\n<tr>\n<th class=\"a-color-secondary a-size-base prodDetSectionEntry\">Mahutavus<\/th>\n<td class=\"a-size-base prodDetAttrValue\">1.2 Kilograms<\/td>\n<\/tr>\n<tr>\n<th class=\"a-color-secondary a-size-base prodDetSectionEntry\">Kauba kaal<\/th>\n<td class=\"a-size-base prodDetAttrValue\">4.58 Kilograms<\/td>\n<\/tr>\n<\/tbody>\n<\/table>\n<\/div>\n<\/div>\n<\/div>\n<\/div>\n<\/div>\n<\/div>\n<\/div>\n<\/div>\n<\/div>\n<\/div>","protected":false},"featured_media":16454,"comment_status":"open","ping_status":"closed","template":"","meta":{"_monsterinsights_skip_tracking":false,"_monsterinsights_sitenote_active":false,"_monsterinsights_sitenote_note":"","_monsterinsights_sitenote_category":0,"jetpack_publicize_message":"","jetpack_publicize_feature_enabled":true,"jetpack_social_post_already_shared":true,"jetpack_social_options":{"image_generator_settings":{"template":"highway","default_image_id":0,"font":"","enabled":false},"version":2}},"product_brand":[],"product_cat":[71],"product_tag":[],"class_list":{"0":"post-16447","1":"product","2":"type-product","3":"status-publish","4":"has-post-thumbnail","6":"product_cat-airfryers","8":"first","9":"instock","10":"sale","11":"shipping-taxable","12":"purchasable","13":"product-type-simple"},"aioseo_notices":[],"jetpack_publicize_connections":[],"jetpack_sharing_enabled":true,"_links":{"self":[{"href":"https:\/\/amazingmarket.ee\/et\/wp-json\/wp\/v2\/product\/16447","targetHints":{"allow":["GET"]}}],"collection":[{"href":"https:\/\/amazingmarket.ee\/et\/wp-json\/wp\/v2\/product"}],"about":[{"href":"https:\/\/amazingmarket.ee\/et\/wp-json\/wp\/v2\/types\/product"}],"replies":[{"embeddable":true,"href":"https:\/\/amazingmarket.ee\/et\/wp-json\/wp\/v2\/comments?post=16447"}],"wp:featuredmedia":[{"embeddable":true,"href":"https:\/\/amazingmarket.ee\/et\/wp-json\/wp\/v2\/media\/16454"}],"wp:attachment":[{"href":"https:\/\/amazingmarket.ee\/et\/wp-json\/wp\/v2\/media?parent=16447"}],"wp:term":[{"taxonomy":"product_brand","embeddable":true,"href":"https:\/\/amazingmarket.ee\/et\/wp-json\/wp\/v2\/product_brand?post=16447"},{"taxonomy":"product_cat","embeddable":true,"href":"https:\/\/amazingmarket.ee\/et\/wp-json\/wp\/v2\/product_cat?post=16447"},{"taxonomy":"product_tag","embeddable":true,"href":"https:\/\/amazingmarket.ee\/et\/wp-json\/wp\/v2\/product_tag?post=16447"}],"curies":[{"name":"wp","href":"https:\/\/api.w.org\/{rel}","templated":true}]}}