{"id":1609,"date":"2024-02-08T10:15:25","date_gmt":"2024-02-08T10:15:25","guid":{"rendered":"https:\/\/amazingmarket.ee\/?post_type=product&#038;p=1609"},"modified":"2026-03-14T11:15:31","modified_gmt":"2026-03-14T09:15:31","slug":"laresar-l6-pro-robotic-vacuum-cleaner","status":"publish","type":"product","link":"https:\/\/amazingmarket.ee\/et\/toode\/laresar-l6-pro-robotic-vacuum-cleaner\/","title":{"rendered":"Laresar L6 Pro robottolmuimeja"},"content":{"rendered":"<p>Laresar L6 Pro robottolmuimeja on t\u00e4iustatud puhastusseade, mis on loodud teie kodu lihtsaks ja p\u00f5hjalikuks puhastamiseks. Siin on \u00fcksikasjalik \u00fclevaade selle m\u00e4rkimisv\u00e4\u00e4rsetest funktsioonidest:<\/p>\n<ol>\n<li>Intelligentne navigeerimine: varustatud t\u00e4iustatud navigatsioonitehnoloogiaga, sealhulgas g\u00fcroskoopilise navigatsiooni ja kokkup\u00f5rkevastaste anduritega, Laresar L6 Pro kaardistab ja navigeerib nutikalt teie kodu, tagades t\u00f5husa leviala ja v\u00e4ltides takistusi.<\/li>\n<li>V\u00f5imas imemine: tolmuimejal on tugev imemisj\u00f5ud, mis p\u00fc\u00fcab t\u00f5husalt kinni mustuse, tolmu, lemmikloomade karvad ja prahi erinevatelt p\u00f5randapindadelt, sealhulgas lehtpuidust, plaatidelt ja vaipadelt.<\/li>\n<li>Mitu puhastusre\u017eiimi: L6 Pro pakub erinevaid puhastusre\u017eiime, mis vastavad erinevatele vajadustele, sealhulgas automaatre\u017eiim \u00fcldiseks puhastamiseks, punktre\u017eiim konkreetsete piirkondade sihip\u00e4raseks puhastamiseks ja servare\u017eiim \u00e4\u00e4rte ja nurkade p\u00f5hjalikuks puhastamiseks.<\/li>\n<li>Wi-Fi-\u00fchenduvus ja rakenduste juhtimine: sisseehitatud Wi-Fi-\u00fchenduse ja Laresari nutitelefonirakendusega \u00fchilduvuse abil saate L6 Pro-d h\u00f5lpsalt juhtida ja j\u00e4lgida k\u00f5ikjal. Planeerige puhastusseansse, valige puhastusre\u017eiimid ja saage reaalajas olekuv\u00e4rskendusi otse oma nutitelefonist.<\/li>\n<li>Voice Assistanti \u00fchilduvus: L6 Pro \u00fchildub populaarsete h\u00e4\u00e4leassistentidega, nagu Amazon Alexa ja Google Assistant, v\u00f5imaldades teil juhtida tolmuimejat lihtsate h\u00e4\u00e4lk\u00e4sklustega k\u00e4ed-vabad mugavuse tagamiseks.<\/li>\n<li>Pikk aku kasutusiga ja automaatne laadimine: suure mahutavusega akuga L6 Pro tagab \u00fche laadimisega pikema t\u00f6\u00f6aja, v\u00f5imaldades puhastada suuri alasid ilma katkestusteta. Kui aku t\u00fchjeneb, naaseb robot automaatselt laadimisdokile, et laadida, tagades pideva puhastuskatte.<\/li>\n<li>Suur pr\u00fcgikasti maht: oma mahuka pr\u00fcgikastiga L6 Pro mahutab m\u00e4rkimisv\u00e4\u00e4rse koguse mustust ja prahti, v\u00e4hendades t\u00fchjendamise sagedust ja v\u00f5imaldades pikemaid puhastusseansse.<\/li>\n<li>Vaikne t\u00f6\u00f6: Vaatamata v\u00f5imsale j\u00f5udlusele t\u00f6\u00f6tab L6 Pro vaikselt, v\u00f5imaldades teil oma kodu koristada ilma igap\u00e4evaseid tegevusi v\u00f5i vestlusi segamata.<\/li>\n<\/ol>","protected":false},"excerpt":{"rendered":"<div class=\"flex-1 overflow-hidden\">\n<div class=\"react-scroll-to-bottom--css-aylom-79elbk h-full\">\n<div class=\"react-scroll-to-bottom--css-aylom-1n7m0yu\">\n<div class=\"flex flex-col pb-9 text-sm\">\n<div class=\"w-full text-token-text-primary\" data-testid=\"conversation-turn-313\">\n<div class=\"px-4 py-2 justify-center text-base md:gap-6 m-auto\">\n<div class=\"flex flex-1 text-base mx-auto gap-3 md:px-5 lg:px-1 xl:px-5 md:max-w-3xl lg:max-w-[40rem] xl:max-w-[48rem] group final-completion\">\n<div class=\"relative flex w-full flex-col lg:w-[calc(100%-115px)] agent-turn\">\n<div class=\"flex-col gap-1 md:gap-3\">\n<div class=\"flex flex-grow flex-col max-w-full\">\n<div class=\"min-h-[20px] text-message flex flex-col items-start gap-3 whitespace-pre-wrap break-words [.text-message+&amp;]:mt-5 overflow-x-auto\" data-message-author-role=\"assistant\" data-message-id=\"c7a5ccdb-5278-4a4f-834e-01db3f08c116\">\n<div class=\"markdown prose w-full break-words dark:prose-invert light\">\n<p>The Laresar L6 Pro Robotic Vacuum Cleaner combines intelligent navigation, powerful suction, and smart connectivity features to deliver effortless and thorough cleaning for your home. With its advanced technology and convenient controls, it provides a hassle-free cleaning experience and helps keep your floors clean and tidy with minimal effort.<\/p>\n<\/div>\n<\/div>\n<\/div>\n<\/div>\n<\/div>\n<\/div>\n<\/div>\n<\/div>\n<\/div>\n<\/div>\n<\/div>\n<\/div>\n","protected":false},"featured_media":1611,"comment_status":"open","ping_status":"closed","template":"","meta":{"_monsterinsights_skip_tracking":false,"_monsterinsights_sitenote_active":false,"_monsterinsights_sitenote_note":"","_monsterinsights_sitenote_category":0,"jetpack_publicize_message":"","jetpack_publicize_feature_enabled":true,"jetpack_social_post_already_shared":false,"jetpack_social_options":{"image_generator_settings":{"template":"highway","default_image_id":0,"font":"","enabled":false},"version":2}},"product_brand":[],"product_cat":[80],"product_tag":[],"class_list":{"0":"post-1609","1":"product","2":"type-product","3":"status-publish","4":"has-post-thumbnail","6":"product_cat-robot-vacuum-cleaners","8":"first","9":"instock","10":"sale","11":"shipping-taxable","12":"purchasable","13":"product-type-simple"},"aioseo_notices":[],"jetpack_publicize_connections":[],"jetpack_sharing_enabled":true,"_links":{"self":[{"href":"https:\/\/amazingmarket.ee\/et\/wp-json\/wp\/v2\/product\/1609","targetHints":{"allow":["GET"]}}],"collection":[{"href":"https:\/\/amazingmarket.ee\/et\/wp-json\/wp\/v2\/product"}],"about":[{"href":"https:\/\/amazingmarket.ee\/et\/wp-json\/wp\/v2\/types\/product"}],"replies":[{"embeddable":true,"href":"https:\/\/amazingmarket.ee\/et\/wp-json\/wp\/v2\/comments?post=1609"}],"wp:featuredmedia":[{"embeddable":true,"href":"https:\/\/amazingmarket.ee\/et\/wp-json\/wp\/v2\/media\/1611"}],"wp:attachment":[{"href":"https:\/\/amazingmarket.ee\/et\/wp-json\/wp\/v2\/media?parent=1609"}],"wp:term":[{"taxonomy":"product_brand","embeddable":true,"href":"https:\/\/amazingmarket.ee\/et\/wp-json\/wp\/v2\/product_brand?post=1609"},{"taxonomy":"product_cat","embeddable":true,"href":"https:\/\/amazingmarket.ee\/et\/wp-json\/wp\/v2\/product_cat?post=1609"},{"taxonomy":"product_tag","embeddable":true,"href":"https:\/\/amazingmarket.ee\/et\/wp-json\/wp\/v2\/product_tag?post=1609"}],"curies":[{"name":"wp","href":"https:\/\/api.w.org\/{rel}","templated":true}]}}