{"id":15886,"date":"2025-11-05T13:05:58","date_gmt":"2025-11-05T11:05:58","guid":{"rendered":"https:\/\/amazingmarket.ee\/?post_type=product&#038;p=15886"},"modified":"2026-03-14T11:15:13","modified_gmt":"2026-03-14T09:15:13","slug":"severin-as3912-all-slicer-for-bread","status":"publish","type":"product","link":"https:\/\/amazingmarket.ee\/et\/toode\/severin-as3912-all-slicer-for-bread\/","title":{"rendered":"Severin AS3912 All-Slicer for Bread"},"content":{"rendered":"<h2>DEMO, ON Defekt<\/h2>\n<h2 class=\"a-size-base-plus a-text-bold\">Selle \u00fcksuse kohta<\/h2>\n<ul class=\"a-unordered-list a-vertical a-spacing-mini\">\n<li class=\"a-spacing-mini\"><span class=\"a-list-item\">Individuaalne l\u00f5ikepaksus \u2013 Leivak\u00fcpsetusmasina l\u00f5ikepaksust saab vabalt reguleerida vahemikus 0 kuni 15 mm, mis tagab \u00fchtlase \u00f5hukese singi nautimise.<\/span><\/li>\n<li class=\"a-spacing-mini\"><span class=\"a-list-item\">K\u00f5rge kvaliteet \u2013 RSG Solingeni \u00fcmara teraga SEVERIN l\u00f5ikemasin garanteerib Saksa kvaliteedi ja suurep\u00e4rase j\u00f5udluse.<\/span><\/li>\n<li class=\"a-spacing-mini\"><span class=\"a-list-item\">Lihtne puhastada \u2013 Eemaldatav roostevabast terasest nuga v\u00f5imaldab kokkupandava alusplaadiga elektrilist universaalset viilutusmasinat h\u00f5lpsalt puhastada.<\/span><\/li>\n<li class=\"a-spacing-mini\"><span class=\"a-list-item\">Ruumis\u00e4\u00e4stlik hoiustamine \u2013 T\u00e4nu praktilisele disainile saab l\u00f5ikemasinat kompaktselt hoiustada ja see sobib igasse k\u00f6\u00f6ki.<\/span><\/li>\n<li class=\"a-spacing-mini\"><span class=\"a-list-item\">Detailid \u2013 SEVERIN universaalne viilutusmasin eemaldatava roostevabast terasest tera ja alalisvoolumootoriga, kergesti puhastatav ja kompaktselt hoiustatav kokkupandava alusplaadiga, tootekood 3912<\/span><\/li>\n<\/ul>","protected":false},"excerpt":{"rendered":"<h1 class=\"a-size-large a-spacing-small a-text-bold\">Product Information<\/h1>\n<div class=\"a-row\">\n<div class=\"a-column a-span12 a-span-last\">\n<div id=\"productDetails_expanderSectionTables\" class=\"a-section\">\n<div class=\"a-row\">\n<div class=\"a-column a-span6\">\n<div class=\"a-row\">\n<div id=\"productDetails_expanderTables_depthLeftSections\" class=\"a-section\">\n<div class=\"a-row a-expander-container a-expander-section-container a-section-expander-container\" data-csa-c-content-id=\"voyager-expander-btn\" data-csa-c-slot-id=\"voyager-expander-btn\" data-csa-c-type=\"button\" data-csa-c-id=\"z9dd5j-41utp5-7lpx62-ykegus\">\n<p><span class=\"a-declarative\" data-action=\"voyager-expander-heading-toggle\" data-voyager-expander-heading-toggle=\"{\"><a class=\"a-expander-header a-declarative a-expander-section-header prodDet-expander-header-styling a-color-offset-background a-link-section-expander a-size-medium\" role=\"button\" aria-expanded=\"true\" data-action=\"a-expander-toggle\" data-a-expander-toggle=\"{\"><i class=\"a-icon a-icon-section-collapse\"><\/i><span class=\"a-expander-prompt\" role=\"heading\" aria-level=\"5\">\u00dcksuse \u00fcksikasjad<\/span><\/a><\/span><\/p>\n<div class=\"a-expander-content a-expander-extend-content a-expander-content-expanded\" data-expanded=\"true\">\n<div class=\"a-section\">\n<table class=\"a-keyvalue prodDetTable\">\n<tbody>\n<tr>\n<th class=\"a-color-secondary a-size-base prodDetSectionEntry\">Kaubam\u00e4rgi nimi<\/th>\n<td class=\"a-size-base prodDetAttrValue\">SEVERIN<\/td>\n<\/tr>\n<tr>\n<th class=\"a-color-secondary a-size-base prodDetSectionEntry\">Toote soovitatavad kasutusalad<\/th>\n<td class=\"a-size-base prodDetAttrValue\">Bread, Cheese, Meat<\/td>\n<\/tr>\n<tr>\n<th class=\"a-color-secondary a-size-base prodDetSectionEntry\">Tootja<\/th>\n<td class=\"a-size-base prodDetAttrValue\">Severin<\/td>\n<\/tr>\n<tr>\n<th class=\"a-color-secondary a-size-base prodDetSectionEntry\">Globaalne kaubanduse identifitseerimisnumber<\/th>\n<td class=\"a-size-base prodDetAttrValue\">04008146043765<\/td>\n<\/tr>\n<\/tbody>\n<\/table>\n<table class=\"a-keyvalue prodDetTable\">\n<tbody>\n<tr>\n<th class=\"a-color-secondary a-size-base prodDetSectionEntry\">Kauba m\u00f5\u00f5tmed P x L x K<\/th>\n<td class=\"a-size-base prodDetAttrValue\">20,2 P x 36,5 L x 10,5 K sentimeetrit<\/td>\n<\/tr>\n<tr>\n<th class=\"a-color-secondary a-size-base prodDetSectionEntry\">Kauba kaal<\/th>\n<td class=\"a-size-base prodDetAttrValue\">1,9 kilogrammi<\/td>\n<\/tr>\n<tr>\n<th class=\"a-color-secondary a-size-base prodDetSectionEntry\">Tera pikkus<\/th>\n<td class=\"a-size-base prodDetAttrValue\">17 sentimeetrit<\/td>\n<\/tr>\n<\/tbody>\n<\/table>\n<\/div>\n<\/div>\n<\/div>\n<\/div>\n<\/div>\n<\/div>\n<\/div>\n<\/div>\n<\/div>\n<\/div>","protected":false},"featured_media":15890,"comment_status":"open","ping_status":"closed","template":"","meta":{"_monsterinsights_skip_tracking":false,"_monsterinsights_sitenote_active":false,"_monsterinsights_sitenote_note":"","_monsterinsights_sitenote_category":0,"jetpack_publicize_message":"","jetpack_publicize_feature_enabled":true,"jetpack_social_post_already_shared":true,"jetpack_social_options":{"image_generator_settings":{"template":"highway","default_image_id":0,"font":"","enabled":false},"version":2}},"product_brand":[],"product_cat":[117],"product_tag":[],"class_list":{"0":"post-15886","1":"product","2":"type-product","3":"status-publish","4":"has-post-thumbnail","6":"product_cat-meat-ham-sausage-slicers","8":"first","9":"instock","10":"sale","11":"shipping-taxable","12":"purchasable","13":"product-type-simple"},"aioseo_notices":[],"jetpack_publicize_connections":[],"jetpack_sharing_enabled":true,"_links":{"self":[{"href":"https:\/\/amazingmarket.ee\/et\/wp-json\/wp\/v2\/product\/15886","targetHints":{"allow":["GET"]}}],"collection":[{"href":"https:\/\/amazingmarket.ee\/et\/wp-json\/wp\/v2\/product"}],"about":[{"href":"https:\/\/amazingmarket.ee\/et\/wp-json\/wp\/v2\/types\/product"}],"replies":[{"embeddable":true,"href":"https:\/\/amazingmarket.ee\/et\/wp-json\/wp\/v2\/comments?post=15886"}],"wp:featuredmedia":[{"embeddable":true,"href":"https:\/\/amazingmarket.ee\/et\/wp-json\/wp\/v2\/media\/15890"}],"wp:attachment":[{"href":"https:\/\/amazingmarket.ee\/et\/wp-json\/wp\/v2\/media?parent=15886"}],"wp:term":[{"taxonomy":"product_brand","embeddable":true,"href":"https:\/\/amazingmarket.ee\/et\/wp-json\/wp\/v2\/product_brand?post=15886"},{"taxonomy":"product_cat","embeddable":true,"href":"https:\/\/amazingmarket.ee\/et\/wp-json\/wp\/v2\/product_cat?post=15886"},{"taxonomy":"product_tag","embeddable":true,"href":"https:\/\/amazingmarket.ee\/et\/wp-json\/wp\/v2\/product_tag?post=15886"}],"curies":[{"name":"wp","href":"https:\/\/api.w.org\/{rel}","templated":true}]}}