{"id":15299,"date":"2025-10-14T12:42:45","date_gmt":"2025-10-14T10:42:45","guid":{"rendered":"https:\/\/amazingmarket.ee\/?post_type=product&#038;p=15299"},"modified":"2026-03-14T11:15:13","modified_gmt":"2026-03-14T09:15:13","slug":"cosori-clear-window-air-fryer-caf-p652","status":"publish","type":"product","link":"https:\/\/amazingmarket.ee\/et\/toode\/cosori-clear-window-air-fryer-caf-p652\/","title":{"rendered":"COSORI Clear Window Air Fryer caf p652"},"content":{"rendered":"<h1>KASUTATUD ASJA, ON KASUTUSM\u00c4LJED<\/h1>\n<h1 class=\"a-size-base-plus a-text-bold\">Selle \u00fcksuse kohta<\/h1>\n<ul class=\"a-unordered-list a-vertical a-spacing-mini\">\n<li class=\"a-spacing-mini\"><span class=\"a-list-item\">6,5-kvartiline suur mahutavus: sama jalaj\u00e4lg, kuid suurem v\u00f5imsus kui COSORI Pro II \u00f5hufrit\u00fc\u00fcridel, valmistage \u00fche korraga maitsvamaid toite, mis sobivad ideaalselt pere\u00f5htus\u00f6\u00f6giks v\u00f5i koosviibimiseks.<\/span><\/li>\n<li class=\"a-spacing-mini\"><span class=\"a-list-item\">Visualiseerige maitsvat: j\u00e4lgige, kuidas teie toidud muutuvad iga s\u00e4rinaga l\u00e4bi meie vaateakna ja valguse ilma korvi t\u00f5mbamata.<\/span><\/li>\n<li class=\"a-spacing-mini\"><span class=\"a-list-item\">12 lihtsat funktsiooni: praad, kana, mereannid, krevetid, peekon, k\u00fclmutatud toidud, friikartulid, k\u00f6\u00f6giviljad, r\u00f6st, k\u00fcpsetamine, eelkuumutamine. Valmistage oma lemmiktoite \u00fche nupuvajutusega ja ilma probleemideta.<\/span><\/li>\n<li class=\"a-spacing-mini\"><span class=\"a-list-item\">Looge oma toiduvalmistamise eelseadistused: paindlikkuse ja mugavuse suurendamiseks salvestage oma lemmikk\u00fcpsetusseaded. Tee toiduvalmistamine iga kord kiiremaks ja lihtsamaks.<\/span><\/li>\n<li class=\"a-spacing-mini\"><span class=\"a-list-item\">Kohandamine t\u00e4iuslikuks toiduvalmistamiseks: kohandatavad eelkuumutamise ja raputamise meeldetuletused v\u00f5imaldavad teil toidu h\u00f5lpsalt t\u00e4iuslikuks valmistada.<\/span><\/li>\n<li class=\"a-spacing-mini\"><span class=\"a-list-item\">AdaptIQ TEHNOLOOGIA: Kiire 360\u00b0 \u00f5huringlus tagab iga kord kiire toiduvalmistamise ning kr\u00f5beda ja mahlase tulemuse. Nautige maitsvat, \u00fchtlaselt k\u00fcpsetatud toitu ilma ootamiseta.<\/span><\/li>\n<li class=\"a-spacing-mini\"><span class=\"a-list-item\">Tervislik eine: Tervislikumate ja s\u00fc\u00fcmepiinadeta eine saamiseks kasutage \u00f5hupraadimist 85% v\u00e4hem \u00f5liga kui friteerimisel.<\/span><\/li>\n<\/ul>","protected":false},"excerpt":{"rendered":"<h2>Tooteteave<\/h2>\n<div class=\"a-row\">\n<div class=\"a-column a-span12 a-span-last\">\n<div class=\"a-row a-spacing-top-base\">\n<div class=\"a-column a-span6\">\n<div class=\"a-row a-spacing-base\">\n<div class=\"a-section table-padding\">\n<table id=\"productDetails_detailBullets_sections1\" class=\"a-keyvalue prodDetTable\">\n<tbody>\n<tr>\n<th class=\"a-color-secondary a-size-base prodDetSectionEntry\">Erifunktsioon<\/th>\n<td class=\"a-size-base prodDetAttrValue\">Bake, Reheat, Roast, Temperature Control<\/td>\n<\/tr>\n<tr>\n<th class=\"a-color-secondary a-size-base prodDetSectionEntry\">Toote m\u00f5\u00f5tmed<\/th>\n<td class=\"a-size-base prodDetAttrValue\">14,6 tolli D x 11,8&quot; L x 12,6&quot; K<\/td>\n<\/tr>\n<tr>\n<th class=\"a-color-secondary a-size-base prodDetSectionEntry\">V\u00e4rv<\/th>\n<td class=\"a-size-base prodDetAttrValue\">T\u00fchjenda aken<\/td>\n<\/tr>\n<tr>\n<th class=\"a-color-secondary a-size-base prodDetSectionEntry\">Mahutavus<\/th>\n<td class=\"a-size-base prodDetAttrValue\">6.5 Liters<\/td>\n<\/tr>\n<tr>\n<th class=\"a-color-secondary a-size-base prodDetSectionEntry\">Materjal<\/th>\n<td class=\"a-size-base prodDetAttrValue\">Mittenakkuva, kergesti puhastatav paneel<\/td>\n<\/tr>\n<tr>\n<th class=\"a-color-secondary a-size-base prodDetSectionEntry\">Toote soovitatavad kasutusalad<\/th>\n<td class=\"a-size-base prodDetAttrValue\">Bake, Reheat, Roast<\/td>\n<\/tr>\n<tr>\n<th class=\"a-color-secondary a-size-base prodDetSectionEntry\">V\u00e4ljundv\u00f5imsus<\/th>\n<td class=\"a-size-base prodDetAttrValue\">1700 vatti<\/td>\n<\/tr>\n<tr>\n<th class=\"a-color-secondary a-size-base prodDetSectionEntry\">Kauba kaal<\/th>\n<td class=\"a-size-base prodDetAttrValue\">12,6 naela<\/td>\n<\/tr>\n<tr>\n<th class=\"a-color-secondary a-size-base prodDetSectionEntry\">Kaubam\u00e4rk<\/th>\n<td class=\"a-size-base prodDetAttrValue\">COSORI<\/td>\n<\/tr>\n<tr>\n<th class=\"a-color-secondary a-size-base prodDetSectionEntry\">V\u00f5imsus<\/th>\n<td class=\"a-size-base prodDetAttrValue\">1700 vatti<\/td>\n<\/tr>\n<tr>\n<th class=\"a-color-secondary a-size-base prodDetSectionEntry\">Pinge<\/th>\n<td class=\"a-size-base prodDetAttrValue\">120 volti (AC)<\/td>\n<\/tr>\n<tr>\n<th class=\"a-color-secondary a-size-base prodDetSectionEntry\">Kontrollimeetod<\/th>\n<td class=\"a-size-base prodDetAttrValue\">Puudutage<\/td>\n<\/tr>\n<tr>\n<th class=\"a-color-secondary a-size-base prodDetSectionEntry\">Mudeli nimi<\/th>\n<td class=\"a-size-base prodDetAttrValue\">CAF Pro<\/td>\n<\/tr>\n<\/tbody>\n<\/table>\n<\/div>\n<\/div>\n<\/div>\n<\/div>\n<\/div>\n<\/div>","protected":false},"featured_media":15303,"comment_status":"open","ping_status":"closed","template":"","meta":{"_monsterinsights_skip_tracking":false,"_monsterinsights_sitenote_active":false,"_monsterinsights_sitenote_note":"","_monsterinsights_sitenote_category":0,"jetpack_publicize_message":"","jetpack_publicize_feature_enabled":true,"jetpack_social_post_already_shared":true,"jetpack_social_options":{"image_generator_settings":{"template":"highway","default_image_id":0,"font":"","enabled":false},"version":2}},"product_brand":[],"product_cat":[71],"product_tag":[],"class_list":{"0":"post-15299","1":"product","2":"type-product","3":"status-publish","4":"has-post-thumbnail","6":"product_cat-airfryers","8":"first","9":"instock","10":"sale","11":"shipping-taxable","12":"purchasable","13":"product-type-simple"},"aioseo_notices":[],"jetpack_publicize_connections":[],"jetpack_sharing_enabled":true,"_links":{"self":[{"href":"https:\/\/amazingmarket.ee\/et\/wp-json\/wp\/v2\/product\/15299","targetHints":{"allow":["GET"]}}],"collection":[{"href":"https:\/\/amazingmarket.ee\/et\/wp-json\/wp\/v2\/product"}],"about":[{"href":"https:\/\/amazingmarket.ee\/et\/wp-json\/wp\/v2\/types\/product"}],"replies":[{"embeddable":true,"href":"https:\/\/amazingmarket.ee\/et\/wp-json\/wp\/v2\/comments?post=15299"}],"wp:featuredmedia":[{"embeddable":true,"href":"https:\/\/amazingmarket.ee\/et\/wp-json\/wp\/v2\/media\/15303"}],"wp:attachment":[{"href":"https:\/\/amazingmarket.ee\/et\/wp-json\/wp\/v2\/media?parent=15299"}],"wp:term":[{"taxonomy":"product_brand","embeddable":true,"href":"https:\/\/amazingmarket.ee\/et\/wp-json\/wp\/v2\/product_brand?post=15299"},{"taxonomy":"product_cat","embeddable":true,"href":"https:\/\/amazingmarket.ee\/et\/wp-json\/wp\/v2\/product_cat?post=15299"},{"taxonomy":"product_tag","embeddable":true,"href":"https:\/\/amazingmarket.ee\/et\/wp-json\/wp\/v2\/product_tag?post=15299"}],"curies":[{"name":"wp","href":"https:\/\/api.w.org\/{rel}","templated":true}]}}