{"id":15099,"date":"2025-10-09T11:38:36","date_gmt":"2025-10-09T09:38:36","guid":{"rendered":"https:\/\/amazingmarket.ee\/?post_type=product&#038;p=15099"},"modified":"2026-03-14T11:15:14","modified_gmt":"2026-03-14T09:15:14","slug":"moulinex-cookeo-touch-epc13","status":"publish","type":"product","link":"https:\/\/amazingmarket.ee\/et\/toode\/moulinex-cookeo-touch-epc13\/","title":{"rendered":"Moulinex Cookeo Touch EPC13"},"content":{"rendered":"<h2>V\u00c4HE KASUTATUD<\/h2>\n<h2 class=\"a-size-base-plus a-text-bold\">Selle \u00fcksuse kohta<\/h2>\n<ul class=\"a-unordered-list a-vertical a-spacing-mini\">\n<li class=\"a-spacing-mini\"><span class=\"a-list-item\">Intelligentne multifunktsionaalne 6L k\u00f5rgsurvepliit kallutatava puuteekraaniga, mida saab kasutada ka m\u00e4\u00e4rdunud k\u00e4tega. Ideaalne 6 inimesele.<\/span><\/li>\n<li class=\"a-spacing-mini\"><span class=\"a-list-item\">KONTROLL JUHENDID \u2013 Samm-sammult retseptid piltidel ja videos. 250 eelprogrammeeritud retsepti sadade integreeritud Moulinexi retseptide kaudu t\u00e4nu WLAN-ile, sealhulgas Moulinexi kogukonnale<\/span><\/li>\n<li class=\"a-spacing-mini\"><span class=\"a-list-item\">6 interaktiivset men\u00fc\u00fcd: koostisosad, retseptid, k\u00e4siraamat ja raamaturiiul, minu k\u00fclmikus, Minu retseptiraamatud. 13 k\u00fcpsetusre\u017eiimi, sealhulgas espressore\u017eiim kiiremaks k\u00fcpsetamiseks. Sajad retseptid valmivad v\u00e4hem kui 10 minutiga.<\/span><\/li>\n<li class=\"a-spacing-mini\"><span class=\"a-list-item\">WiFi-\u00fchendus: Cookeo Touch WiFi-d v\u00e4rskendatakse automaatselt, et pakkuda teile reaalajas uusi retsepte uute teenuste jaoks. Teie Cookeo Touch on laiendatav.<\/span><\/li>\n<li class=\"a-spacing-mini\"><span class=\"a-list-item\">Praktilised uued funktsioonid: salvestage oma lemmikretseptid retseptiraamatu abil. \u00c4rge enam raisake, tehke toiduvalmistamiseks funktsiooni &quot;Minu k\u00fclmikus&quot; abil k\u00fclmiku koostisosadel.<\/span><\/li>\n<li class=\"a-spacing-mini\"><span class=\"a-list-item\">Rakendus \u201cMon Cookeo\u201d v\u00e4rskendage oma multikeetjat uute retseptidega, j\u00e4lgige k\u00fcpsetusprotsessi arengut oma nutitelefonis v\u00f5i tahvelarvutis.<\/span><\/li>\n<\/ul>","protected":false},"excerpt":{"rendered":"<h1 class=\"a-size-large a-spacing-small a-text-bold\">Product Information<\/h1>\n<div class=\"a-row\">\n<div class=\"a-column a-span12 a-span-last\">\n<div id=\"productDetails_expanderSectionTables\" class=\"a-section\">\n<div class=\"a-row\">\n<div class=\"a-column a-span6\">\n<div class=\"a-row\">\n<div id=\"productDetails_expanderTables_depthLeftSections\" class=\"a-section\">\n<div class=\"a-row a-expander-container a-expander-section-container a-section-expander-container\" data-csa-c-content-id=\"voyager-expander-btn\" data-csa-c-slot-id=\"voyager-expander-btn\" data-csa-c-type=\"button\" data-csa-c-id=\"wgfvas-55mzxl-xnvwlf-biz150\">\n<div class=\"a-expander-content a-expander-extend-content a-expander-content-expanded\" data-expanded=\"true\">\n<div class=\"a-section\">\n<table class=\"a-keyvalue prodDetTable\">\n<tbody>\n<tr>\n<th class=\"a-color-secondary a-size-base prodDetSectionEntry\">Kaubam\u00e4rgi nimi<\/th>\n<td class=\"a-size-base prodDetAttrValue\">Moulinex<\/td>\n<\/tr>\n<tr>\n<th class=\"a-color-secondary a-size-base prodDetSectionEntry\">Mudeli number<\/th>\n<td class=\"a-size-base prodDetAttrValue\">CE902800<\/td>\n<\/tr>\n<\/tbody>\n<\/table>\n<table class=\"a-keyvalue prodDetTable\">\n<tbody>\n<tr>\n<th class=\"a-color-secondary a-size-base prodDetSectionEntry\">Mahutavus<\/th>\n<td class=\"a-size-base prodDetAttrValue\">6 liitrit<\/td>\n<\/tr>\n<tr>\n<th class=\"a-color-secondary a-size-base prodDetSectionEntry\">Kauba m\u00f5\u00f5tmed P x L x K<\/th>\n<td class=\"a-size-base prodDetAttrValue\">33D x 33W x 30H centimetres<\/td>\n<\/tr>\n<tr>\n<th class=\"a-color-secondary a-size-base prodDetSectionEntry\">Kauba kaal<\/th>\n<td class=\"a-size-base prodDetAttrValue\">6,4 kilogrammi<\/td>\n<\/tr>\n<\/tbody>\n<\/table>\n<\/div>\n<\/div>\n<\/div>\n<\/div>\n<\/div>\n<\/div>\n<\/div>\n<\/div>\n<\/div>\n<\/div>","protected":false},"featured_media":15105,"comment_status":"open","ping_status":"closed","template":"","meta":{"_monsterinsights_skip_tracking":false,"_monsterinsights_sitenote_active":false,"_monsterinsights_sitenote_note":"","_monsterinsights_sitenote_category":0,"jetpack_publicize_message":"","jetpack_publicize_feature_enabled":true,"jetpack_social_post_already_shared":true,"jetpack_social_options":{"image_generator_settings":{"template":"highway","default_image_id":0,"font":"","enabled":false},"version":2}},"product_brand":[],"product_cat":[93],"product_tag":[],"class_list":{"0":"post-15099","1":"product","2":"type-product","3":"status-publish","4":"has-post-thumbnail","6":"product_cat-multicookers-and-pressure-cookers","8":"first","9":"instock","10":"sale","11":"shipping-taxable","12":"purchasable","13":"product-type-simple"},"aioseo_notices":[],"jetpack_publicize_connections":[],"jetpack_sharing_enabled":true,"_links":{"self":[{"href":"https:\/\/amazingmarket.ee\/et\/wp-json\/wp\/v2\/product\/15099","targetHints":{"allow":["GET"]}}],"collection":[{"href":"https:\/\/amazingmarket.ee\/et\/wp-json\/wp\/v2\/product"}],"about":[{"href":"https:\/\/amazingmarket.ee\/et\/wp-json\/wp\/v2\/types\/product"}],"replies":[{"embeddable":true,"href":"https:\/\/amazingmarket.ee\/et\/wp-json\/wp\/v2\/comments?post=15099"}],"wp:featuredmedia":[{"embeddable":true,"href":"https:\/\/amazingmarket.ee\/et\/wp-json\/wp\/v2\/media\/15105"}],"wp:attachment":[{"href":"https:\/\/amazingmarket.ee\/et\/wp-json\/wp\/v2\/media?parent=15099"}],"wp:term":[{"taxonomy":"product_brand","embeddable":true,"href":"https:\/\/amazingmarket.ee\/et\/wp-json\/wp\/v2\/product_brand?post=15099"},{"taxonomy":"product_cat","embeddable":true,"href":"https:\/\/amazingmarket.ee\/et\/wp-json\/wp\/v2\/product_cat?post=15099"},{"taxonomy":"product_tag","embeddable":true,"href":"https:\/\/amazingmarket.ee\/et\/wp-json\/wp\/v2\/product_tag?post=15099"}],"curies":[{"name":"wp","href":"https:\/\/api.w.org\/{rel}","templated":true}]}}