{"id":14548,"date":"2025-09-04T12:17:30","date_gmt":"2025-09-04T10:17:30","guid":{"rendered":"https:\/\/amazingmarket.ee\/?post_type=product&#038;p=14548"},"modified":"2026-03-14T11:15:15","modified_gmt":"2026-03-14T09:15:15","slug":"kitchenaid-kcm1209dg-drip-coffee-maker","status":"publish","type":"product","link":"https:\/\/amazingmarket.ee\/et\/toode\/kitchenaid-kcm1209dg-drip-coffee-maker\/","title":{"rendered":"KitchenAid KCM1209DG Drip Coffee Maker"},"content":{"rendered":"<h1>DEMO<\/h1>\n<h1 class=\"a-size-base-plus a-text-bold\">Selle \u00fcksuse kohta<\/h1>\n<ul class=\"a-unordered-list a-vertical a-spacing-mini\">\n<li class=\"a-spacing-mini\"><span class=\"a-list-item\">Unique 29-hole spiral showerhead evenly saturates coffee grounds for optimal extraction, producing an exceptionally flavorful cup of coffee. <\/span><\/li>\n<li class=\"a-spacing-mini\"><span class=\"a-list-item\">The water tank&#8217;s dosage chart and gold tone filter measuring marks ensure consistent results every time. <\/span><\/li>\n<li class=\"a-spacing-mini\"><span class=\"a-list-item\">The clear, removable water tank is clear with a large opening, minimizing spills and making filling a breeze. <\/span><\/li>\n<li class=\"a-spacing-mini\"><span class=\"a-list-item\">No need to rush your morning with the convenient programmable (high and low) warming plate that keeps your coffee at the perfect temperature for up to four hours. <\/span><\/li>\n<li class=\"a-spacing-mini\"><span class=\"a-list-item\">A brew button on the side and front allows you to place the brewer any direction you want on your countertop, and still start your brew with ease. <\/span><\/li>\n<li class=\"a-spacing-mini\"><span class=\"a-list-item\">Pour your coffee into cups of any size and shape, hassle-free, with the unique pour spout designed to prevent drips and messes.<\/span><\/li>\n<\/ul>","protected":false},"excerpt":{"rendered":"<div class=\"a-row\">\n<div class=\"a-column a-span6\">\n<h1 class=\"a-size-medium a-spacing-small\">Tehnilised \u00fcksikasjad<\/h1>\n<\/div>\n<\/div>\n<div class=\"a-expander-content a-expander-extend-content\" data-expanded=\"true\">\n<div class=\"a-row a-expander-container a-expander-inline-container\">\n<div class=\"a-expander-content a-expander-section-content a-section-expander-inner\" data-expanded=\"true\">\n<table id=\"productDetails_techSpec_section_1\" class=\"a-keyvalue prodDetTable\">\n<tbody>\n<tr>\n<th class=\"a-color-secondary a-size-base prodDetSectionEntry\">Kaubam\u00e4rk<\/th>\n<td class=\"a-size-base prodDetAttrValue\">\u200eKitchenAid<\/td>\n<\/tr>\n<tr>\n<th class=\"a-color-secondary a-size-base prodDetSectionEntry\">V\u00e4rv<\/th>\n<td class=\"a-size-base prodDetAttrValue\">\u200eOnix Black<\/td>\n<\/tr>\n<tr>\n<th class=\"a-color-secondary a-size-base prodDetSectionEntry\">Toote m\u00f5\u00f5tmed<\/th>\n<td class=\"a-size-base prodDetAttrValue\">\u200e7.17&#8243;D x 13.4&#8243;W x 14.34&#8243;H<\/td>\n<\/tr>\n<tr>\n<th class=\"a-color-secondary a-size-base prodDetSectionEntry\">Erifunktsioon<\/th>\n<td class=\"a-size-base prodDetAttrValue\">\u200eManual, Programmable<\/td>\n<\/tr>\n<tr>\n<th class=\"a-color-secondary a-size-base prodDetSectionEntry\">Kohvimasina t\u00fc\u00fcp<\/th>\n<td class=\"a-size-base prodDetAttrValue\">\u200eDrip Coffee Machine<\/td>\n<\/tr>\n<tr>\n<th class=\"a-color-secondary a-size-base prodDetSectionEntry\">Stiil<\/th>\n<td class=\"a-size-base prodDetAttrValue\">\u200e12 Cup Drip Coffee Maker with Warming Plate<\/td>\n<\/tr>\n<tr>\n<th class=\"a-color-secondary a-size-base prodDetSectionEntry\">Toote spetsiifilised kasutusalad<\/th>\n<td class=\"a-size-base prodDetAttrValue\">\u200eCoffee maker<\/td>\n<\/tr>\n<tr>\n<th class=\"a-color-secondary a-size-base prodDetSectionEntry\">Kaasasolevad komponendid<\/th>\n<td class=\"a-size-base prodDetAttrValue\">\u200e(1) Charcoal filter, (1) Drip coffee maker, (1) Gold-tone filter<\/td>\n<\/tr>\n<tr>\n<th class=\"a-color-secondary a-size-base prodDetSectionEntry\">T\u00f6\u00f6re\u017eiim<\/th>\n<td class=\"a-size-base prodDetAttrValue\">\u200eFully Automatic<\/td>\n<\/tr>\n<tr>\n<th class=\"a-color-secondary a-size-base prodDetSectionEntry\">Pinge<\/th>\n<td class=\"a-size-base prodDetAttrValue\">\u200e110 Volts<\/td>\n<\/tr>\n<tr>\n<th class=\"a-color-secondary a-size-base prodDetSectionEntry\">Mudeli nimi<\/th>\n<td class=\"a-size-base prodDetAttrValue\">\u200eKCM1209OB<\/td>\n<\/tr>\n<\/tbody>\n<\/table>\n<\/div>\n<\/div>\n<\/div>","protected":false},"featured_media":14552,"comment_status":"open","ping_status":"closed","template":"","meta":{"_monsterinsights_skip_tracking":false,"_monsterinsights_sitenote_active":false,"_monsterinsights_sitenote_note":"","_monsterinsights_sitenote_category":0,"jetpack_publicize_message":"","jetpack_publicize_feature_enabled":true,"jetpack_social_post_already_shared":true,"jetpack_social_options":{"image_generator_settings":{"template":"highway","default_image_id":0,"font":"","enabled":false},"version":2}},"product_brand":[],"product_cat":[73],"product_tag":[],"class_list":{"0":"post-14548","1":"product","2":"type-product","3":"status-publish","4":"has-post-thumbnail","6":"product_cat-coffee-machines","8":"first","9":"instock","10":"sale","11":"shipping-taxable","12":"purchasable","13":"product-type-simple"},"aioseo_notices":[],"jetpack_publicize_connections":[],"jetpack_sharing_enabled":true,"_links":{"self":[{"href":"https:\/\/amazingmarket.ee\/et\/wp-json\/wp\/v2\/product\/14548","targetHints":{"allow":["GET"]}}],"collection":[{"href":"https:\/\/amazingmarket.ee\/et\/wp-json\/wp\/v2\/product"}],"about":[{"href":"https:\/\/amazingmarket.ee\/et\/wp-json\/wp\/v2\/types\/product"}],"replies":[{"embeddable":true,"href":"https:\/\/amazingmarket.ee\/et\/wp-json\/wp\/v2\/comments?post=14548"}],"wp:featuredmedia":[{"embeddable":true,"href":"https:\/\/amazingmarket.ee\/et\/wp-json\/wp\/v2\/media\/14552"}],"wp:attachment":[{"href":"https:\/\/amazingmarket.ee\/et\/wp-json\/wp\/v2\/media?parent=14548"}],"wp:term":[{"taxonomy":"product_brand","embeddable":true,"href":"https:\/\/amazingmarket.ee\/et\/wp-json\/wp\/v2\/product_brand?post=14548"},{"taxonomy":"product_cat","embeddable":true,"href":"https:\/\/amazingmarket.ee\/et\/wp-json\/wp\/v2\/product_cat?post=14548"},{"taxonomy":"product_tag","embeddable":true,"href":"https:\/\/amazingmarket.ee\/et\/wp-json\/wp\/v2\/product_tag?post=14548"}],"curies":[{"name":"wp","href":"https:\/\/api.w.org\/{rel}","templated":true}]}}