{"id":1443,"date":"2024-02-07T18:31:31","date_gmt":"2024-02-07T18:31:31","guid":{"rendered":"https:\/\/amazingmarket.ee\/?post_type=product&#038;p=1443"},"modified":"2026-03-14T11:15:31","modified_gmt":"2026-03-14T09:15:31","slug":"philips-cafe-gourmet-hd5408","status":"publish","type":"product","link":"https:\/\/amazingmarket.ee\/et\/toode\/philips-cafe-gourmet-hd5408\/","title":{"rendered":"Philips Cafe Gourmet HD5408"},"content":{"rendered":"<pre id=\"tw-target-text\" class=\"tw-data-text tw-text-large tw-ta\" dir=\"ltr\" data-placeholder=\"\u041f\u0435\u0440\u0435\u0432\u043e\u0434\" data-ved=\"2ahUKEwjGkaWay5WJAxXlLRAIHf8EDdwQ3ewLegQIBxAU\" aria-label=\"\u041f\u0435\u0440\u0435\u0432\u0435\u0434\u0435\u043d\u043d\u044b\u0439 \u0442\u0435\u043a\u0441\u0442: uus, ei t\u00f6\u00f6ta suurt veekeetjat kohvi kogumiseks\"><span class=\"Y2IQFc\" lang=\"en\" style=\"font-size: 130%;\">uus, ei t\u00f6\u00f6ta suurt veekeetjat kohvi kogumiseks<\/span><\/pre>\n<p>Philips Cafe Gourmet HD5408 on esmaklassiline kohvimasin, mis on loodud t\u00e4iustama teie kohvi valmistamise kogemust oma uuenduslike funktsioonide ja elegantse disainiga. Siin on \u00fcksikasjalik \u00fclevaade selle m\u00e4rkimisv\u00e4\u00e4rsetest funktsioonidest:<\/p>\n<ol>\n<li>Gurmeekohvi valmistamine: see kohvimasin on loodud spetsiaalselt gurmeekvaliteetse kohvi valmistamiseks, v\u00f5imaldades teil nautida rikkalikke ja maitsekaid tasse mugavalt oma kodus.<\/li>\n<li>Kahekordne keetmiss\u00fcsteem: ainulaadse kahe keetmiss\u00fcsteemiga varustatud Philips Cafe Gourmet HD5408 tagab kohvi maitsete ja aroomide optimaalse eraldamise, mille tulemuseks on h\u00e4sti tasakaalustatud ja rahuldav kohvitass.<\/li>\n<li>Reguleeritav t\u00f5mbetugevus: Kohandatavate t\u00f5mbetugevuse seadistustega saate kohandada oma kohvi intensiivsust vastavalt oma eelistustele, olenemata sellest, kas eelistate julget ja tugevat t\u00f5mmist v\u00f5i mahedamat maitseprofiili.<\/li>\n<li>T\u00e4iustatud keetmistehnoloogia: kohvimasinal on t\u00e4iustatud keetmistehnoloogia, mis optimeerib t\u00f5mbamisprotsessi maksimaalse maitse eraldamise ja konsistentsi saavutamiseks, tagades iga t\u00f5mbe puhul \u00fchtlaselt maitsvad tulemused.<\/li>\n<li>Suur mahutavus: oma suure mahuga Philips Cafe Gourmet HD5408 suudab \u00fche korraga valmistada mitu tassi kohvi, mist\u00f5ttu on see ideaalne k\u00fclalistele kohvi serveerimiseks v\u00f5i p\u00e4eva jooksul mitme tassi nautimiseks.<\/li>\n<li>Kasutajas\u00f5bralik disain: see kohvimasin on loodud kasutaja mugavust silmas pidades ning sellel on intuitiivsed juhtnupud, selge LCD-ekraan ja kergesti puhastatavad komponendid, mis muudavad selle kasutamise ja hooldamise lihtsaks.<\/li>\n<\/ol>","protected":false},"excerpt":{"rendered":"<p>Philips Cafe Gourmet HD5408 on esmaklassiline kohvimasin, mis pakub gurmeekvaliteetset kohvi kahe t\u00f5mbes\u00fcsteemi, reguleeritava t\u00f5mbetugevuse ja t\u00e4iustatud kohvi valmistamise tehnoloogiaga. Oma elegantse disaini ja kasutajas\u00f5bralike funktsioonidega on see ideaalne valik kohvihuvilistele, kes n\u00f5uavad parimat.<\/p>","protected":false},"featured_media":1448,"comment_status":"open","ping_status":"closed","template":"","meta":{"_monsterinsights_skip_tracking":false,"_monsterinsights_sitenote_active":false,"_monsterinsights_sitenote_note":"","_monsterinsights_sitenote_category":0,"jetpack_publicize_message":"","jetpack_publicize_feature_enabled":true,"jetpack_social_post_already_shared":false,"jetpack_social_options":{"image_generator_settings":{"template":"highway","default_image_id":0,"font":"","enabled":false},"version":2}},"product_brand":[],"product_cat":[73],"product_tag":[],"class_list":{"0":"post-1443","1":"product","2":"type-product","3":"status-publish","4":"has-post-thumbnail","6":"product_cat-coffee-machines","8":"first","9":"instock","10":"sale","11":"shipping-taxable","12":"purchasable","13":"product-type-simple"},"aioseo_notices":[],"jetpack_publicize_connections":[],"jetpack_sharing_enabled":true,"_links":{"self":[{"href":"https:\/\/amazingmarket.ee\/et\/wp-json\/wp\/v2\/product\/1443","targetHints":{"allow":["GET"]}}],"collection":[{"href":"https:\/\/amazingmarket.ee\/et\/wp-json\/wp\/v2\/product"}],"about":[{"href":"https:\/\/amazingmarket.ee\/et\/wp-json\/wp\/v2\/types\/product"}],"replies":[{"embeddable":true,"href":"https:\/\/amazingmarket.ee\/et\/wp-json\/wp\/v2\/comments?post=1443"}],"wp:featuredmedia":[{"embeddable":true,"href":"https:\/\/amazingmarket.ee\/et\/wp-json\/wp\/v2\/media\/1448"}],"wp:attachment":[{"href":"https:\/\/amazingmarket.ee\/et\/wp-json\/wp\/v2\/media?parent=1443"}],"wp:term":[{"taxonomy":"product_brand","embeddable":true,"href":"https:\/\/amazingmarket.ee\/et\/wp-json\/wp\/v2\/product_brand?post=1443"},{"taxonomy":"product_cat","embeddable":true,"href":"https:\/\/amazingmarket.ee\/et\/wp-json\/wp\/v2\/product_cat?post=1443"},{"taxonomy":"product_tag","embeddable":true,"href":"https:\/\/amazingmarket.ee\/et\/wp-json\/wp\/v2\/product_tag?post=1443"}],"curies":[{"name":"wp","href":"https:\/\/api.w.org\/{rel}","templated":true}]}}