{"id":14123,"date":"2025-08-18T10:23:47","date_gmt":"2025-08-18T08:23:47","guid":{"rendered":"https:\/\/amazingmarket.ee\/?post_type=product&#038;p=14123"},"modified":"2026-03-14T11:15:16","modified_gmt":"2026-03-14T09:15:16","slug":"xiaomi-roborock-s7-2","status":"publish","type":"product","link":"https:\/\/amazingmarket.ee\/et\/toode\/xiaomi-roborock-s7-2\/","title":{"rendered":"Xiaomi Roborock S7"},"content":{"rendered":"<h1>KASUTATUD ASJA<\/h1>\n<h1 class=\"a-size-base-plus a-text-bold\">Selle \u00fcksuse kohta<\/h1>\n<ul class=\"a-unordered-list a-vertical a-spacing-mini\">\n<li class=\"a-spacing-mini\"><span class=\"a-list-item\">Sonic Mopping tehnoloogia. Heli j\u00f5uga robottolmuimejad Roborock S7, n\u00fchkivad kuni 3000 korda minutis. 300 ml elektroonilisest veepaagist toidetuna saab kohviplekid mudani ja palju muud s\u00fcgavalt ja t\u00f5husalt puhastada.<\/span><\/li>\n<li class=\"a-spacing-mini\"><span class=\"a-list-item\">Intelligentne mopi t\u00f5stmine. S7 mop VibraRise t\u00f5useb, kui vaip tuvastatakse, nii et saate \u00fche puhastuskorraga p\u00fchkida k\u00f5vad p\u00f5randad ja tolmuimejaga vaibad. Samuti t\u00f5useb see puhastamise l\u00f5ppedes, et v\u00e4ltida mustuse levikut, ja dokimisel, et saaksite koledate plastmattide ja m\u00e4\u00e4rdunud triipudega h\u00fcvasti j\u00e4tta.<\/span><\/li>\n<li class=\"a-spacing-mini\"><span class=\"a-list-item\">T\u00e4iustatud harjas\u00fcsteem. Mitmesuunaline ujuvhari hoiab harja maapinnale l\u00e4hemal, et puhastada s\u00fcgavamalt isegi ebatasasel pinnal. Roborock S7 t\u00e4iesti uus kummist hari on vastupidavam ja talub paremini juuste sassiminekut. See sobib ideaalselt kodudesse, kus on lemmikloomad.<\/span><\/li>\n<li class=\"a-spacing-mini\"><span class=\"a-list-item\">V\u00f5imas j\u00f5udlus. 580g mopi surve ja 2500PA HyperForce imemisega Roborock S7 t\u00f5stab kergesti p\u00f5randalt tolmu ja juukseid ning t\u00f5mbab need s\u00fcgavalt vaipade seest v\u00e4lja. See on v\u00f5imsaim ja mugavaim robottolmuimeja, mida Roborock eales valmistanud.<\/span><\/li>\n<li class=\"a-spacing-mini\"><span class=\"a-list-item\">Ultraheli vaipade tuvastamine. Roborock S7 tuvastab ultraheli heli abil t\u00e4pselt vaibad. Kui vaip on tuvastatud, suurendab S7 automaatselt imemisv\u00f5imsust, et vaibad s\u00fcgavamalt puhastada. V\u00f5ite kasutada ka madala hunnikuga vaipade imemiseks mopit\u00f5stukit v\u00f5i kasutada Mopivaba tsoone, et v\u00e4ltida keskmise ja k\u00f5rge hunnikuga vaipade puhastamist. P\u00f5randa puhastamise ajal ei pea te muretsema m\u00e4rgade vaipade p\u00e4rast.<\/span><\/li>\n<li class=\"a-spacing-mini\"><span class=\"a-list-item\">T\u00e4pne puhastamine. LiDAR Navigation&#039;i kasutades on pardal olevad kaardid uskumatult t\u00e4psed ja Roborocki tuntud navigeerimise kohanduvad marsruudialgoritmid t\u00f6\u00f6tavad alati, et leida kiireim puhastusmarsruut.<\/span><\/li>\n<li class=\"a-spacing-mini\"><span class=\"a-list-item\">P\u00f5hjalik rakenduste juhtimine. Roborocki rakendusega on puhastusjuhtimine teie k\u00e4tes. Rakenduses Roborock saate vaadata t\u00e4pseid moppimis- ja tolmuimemismarsruute, kus asuvad vaibad, m\u00e4\u00e4rata puhastusgraafikud, reguleerida imemisv\u00f5imsust, vibratsiooni tugevust, veevoolu ja puhastusj\u00e4rjestust, m\u00e4\u00e4rata No-Go tsoone, n\u00e4htamatud seinu ja palju muud.<\/span><\/li>\n<\/ul>\n<div class=\"a-row a-expander-container a-expander-inline-container\">\n<div class=\"a-expander-content a-expander-extend-content a-expander-content-expanded\" data-expanded=\"true\">\n<ul class=\"a-unordered-list a-vertical a-spacing-none\">\n<li class=\"a-spacing-mini\"><span class=\"a-list-item\">H\u00e4\u00e4ljuhtimine. Amazon Alexa, Google Home ja Siri otseteede tugi v\u00f5imaldavad teil oma robotit h\u00e4\u00e4le j\u00f5ul juhtida. Alustage puhastamist lihtsa h\u00e4\u00e4lk\u00e4sklusega.<\/span><\/li>\n<li class=\"a-spacing-mini\"><span class=\"a-list-item\">J\u00e4tkake puhastamist kauem. Kasutades v\u00f5imsat 5200 mAh liitiumpol\u00fcmeerakut, pakub Roborock S7 \u00fche laadimisega kuni 180 minutit katkematut puhastust, aidates puhastada kogu teie kodu korraga.<\/span><\/li>\n<\/ul>\n<\/div>\n<\/div>","protected":false},"excerpt":{"rendered":"<p><strong><a class=\"a-expander-header a-declarative a-expander-section-header prodDet-expander-header-styling a-color-offset-background a-link-section-expander a-size-medium\" role=\"button\" data-csa-c-func-deps=\"aui-da-a-expander-toggle\" data-csa-c-type=\"widget\" data-csa-interaction-events=\"click\" aria-expanded=\"false\" data-action=\"a-expander-toggle\" data-a-expander-toggle=\"{&quot;allowLinkDefault&quot;:true, &quot;expand_prompt&quot;:&quot;&quot;, &quot;collapse_prompt&quot;:&quot;&quot;}\" data-csa-c-id=\"kvny32-yc1qjz-t6xcqd-nqacfn\"><span class=\"a-expander-prompt\">\u00dcksuse \u00fcksikasjad<\/span><\/a><\/strong><\/p>\n<table class=\"a-keyvalue prodDetTable\" role=\"presentation\">\n<tbody>\n<tr>\n<th class=\"a-color-secondary a-size-base prodDetSectionEntry\">ASIN<\/th>\n<td class=\"a-size-base prodDetAttrValue\">B08VHXZZ22<\/td>\n<\/tr>\n<tr>\n<th class=\"a-color-secondary a-size-base prodDetSectionEntry\">STYLE NUMBER<\/th>\n<td class=\"a-size-base prodDetAttrValue\">S7<\/td>\n<\/tr>\n<tr>\n<th class=\"a-color-secondary a-size-base prodDetSectionEntry\">UPC<\/th>\n<td class=\"a-size-base prodDetAttrValue\">810074990011<\/td>\n<\/tr>\n<tr>\n<th class=\"a-color-secondary a-size-base prodDetSectionEntry\">BRAND NAME<\/th>\n<td class=\"a-size-base prodDetAttrValue\">roborock<\/td>\n<\/tr>\n<tr>\n<th class=\"a-color-secondary a-size-base prodDetSectionEntry\">INCLUDED COMPONENTS<\/th>\n<td class=\"a-size-base prodDetAttrValue\">Pintsel<\/td>\n<\/tr>\n<\/tbody>\n<\/table>","protected":false},"featured_media":14130,"comment_status":"open","ping_status":"closed","template":"","meta":{"_monsterinsights_skip_tracking":false,"_monsterinsights_sitenote_active":false,"_monsterinsights_sitenote_note":"","_monsterinsights_sitenote_category":0,"jetpack_publicize_message":"","jetpack_publicize_feature_enabled":true,"jetpack_social_post_already_shared":true,"jetpack_social_options":{"image_generator_settings":{"template":"highway","default_image_id":0,"font":"","enabled":false},"version":2}},"product_brand":[],"product_cat":[80],"product_tag":[],"class_list":{"0":"post-14123","1":"product","2":"type-product","3":"status-publish","4":"has-post-thumbnail","6":"product_cat-robot-vacuum-cleaners","8":"first","9":"instock","10":"sale","11":"shipping-taxable","12":"purchasable","13":"product-type-simple"},"aioseo_notices":[],"jetpack_publicize_connections":[],"jetpack_sharing_enabled":true,"_links":{"self":[{"href":"https:\/\/amazingmarket.ee\/et\/wp-json\/wp\/v2\/product\/14123","targetHints":{"allow":["GET"]}}],"collection":[{"href":"https:\/\/amazingmarket.ee\/et\/wp-json\/wp\/v2\/product"}],"about":[{"href":"https:\/\/amazingmarket.ee\/et\/wp-json\/wp\/v2\/types\/product"}],"replies":[{"embeddable":true,"href":"https:\/\/amazingmarket.ee\/et\/wp-json\/wp\/v2\/comments?post=14123"}],"wp:featuredmedia":[{"embeddable":true,"href":"https:\/\/amazingmarket.ee\/et\/wp-json\/wp\/v2\/media\/14130"}],"wp:attachment":[{"href":"https:\/\/amazingmarket.ee\/et\/wp-json\/wp\/v2\/media?parent=14123"}],"wp:term":[{"taxonomy":"product_brand","embeddable":true,"href":"https:\/\/amazingmarket.ee\/et\/wp-json\/wp\/v2\/product_brand?post=14123"},{"taxonomy":"product_cat","embeddable":true,"href":"https:\/\/amazingmarket.ee\/et\/wp-json\/wp\/v2\/product_cat?post=14123"},{"taxonomy":"product_tag","embeddable":true,"href":"https:\/\/amazingmarket.ee\/et\/wp-json\/wp\/v2\/product_tag?post=14123"}],"curies":[{"name":"wp","href":"https:\/\/api.w.org\/{rel}","templated":true}]}}