{"id":1389,"date":"2024-02-07T18:07:26","date_gmt":"2024-02-07T18:07:26","guid":{"rendered":"https:\/\/amazingmarket.ee\/?post_type=product&#038;p=1389"},"modified":"2026-03-14T11:15:31","modified_gmt":"2026-03-14T09:15:31","slug":"emerio-pizza-oven-pizzarette-the-original-3-in-1-pizza-raclette-grill","status":"publish","type":"product","link":"https:\/\/amazingmarket.ee\/et\/toode\/emerio-pizza-oven-pizzarette-the-original-3-in-1-pizza-raclette-grill\/","title":{"rendered":"Emerio pizzaahi, Pizzarette the Original, 3 in 1 Pizza Raclette Grill"},"content":{"rendered":"<p>Pizzaahi Emerio, Pizzarette the Original, 3 in 1 Pizza Raclette Grill on multifunktsionaalne seade, mis \u00fchendab endatehtud pitsa r\u00f5\u00f5mu raclette grilli mitmek\u00fclgsusega. Siin on p\u00f5hjalik \u00fclevaade selle p\u00f5hifunktsioonidest:<\/p>\n<ol>\n<li>Pitsaahju funktsioon: oma spetsiaalse pitsaahju funktsiooniga v\u00f5imaldab see seade k\u00fcpsetada maitsvaid koduseid pitsasid kr\u00f5beda kooriku ja libiseva juustuga, t\u00e4pselt nagu traditsioonilises puuk\u00fcttega ahjus.<\/li>\n<li>Raclette grillfunktsioon: raclette grillfunktsioon v\u00f5imaldab teil sulatada juustu ja grillida erinevaid lisandeid otse laua taga, luues teile ja teie k\u00fclalistele l\u00f5busa ja interaktiivse einestamiskogemuse.<\/li>\n<li>Kolm-\u00fches disain: \u00fchendades pitsaahju, raclette grilli ja traditsioonilise ahju \u00fches kompaktses seadmes, pakub see seade mitmek\u00fclgsust ja mugavust mitmesuguste kulinaarsete loomingute jaoks.<\/li>\n<li>Individuaalsed toiduvalmistamisjaamad: Varustatud mitme individuaalse toiduvalmistamisjaamaga, saab iga k\u00fclaline kohandada oma pitsat v\u00f5i raclette rooga vastavalt oma eelistustele, muutes selle ideaalseks koosviibimisteks ja pidudeks.<\/li>\n<li>Lihtne kasutada: lihtsad juhtnupud ja intuitiivne juhtimine muudavad selle seadme kasutamise lihtsaks isegi algajatele. Lihtsalt \u00fchendage see vooluv\u00f5rku, soojendage ja alustage oma lemmikpitsade ja raclette roogade valmistamist.<\/li>\n<li>Kompaktne ja kaasaskantav: kompaktne suurus ja kaasaskantav disain muudavad selle transportimise ja ladustamise lihtsaks, v\u00f5imaldades teil nautida omatehtud pitsasid ja raclette&#039;i k\u00f5ikjal, kus te l\u00e4hete, olgu see siis siseruumides v\u00f5i v\u00e4ljas.<\/li>\n<\/ol>","protected":false},"excerpt":{"rendered":"<p>Emerio pizzaahi, Pizzarette the Original, 3 in 1 Pizza Raclette Grill on mitmek\u00fclgne ja kompaktne seade, mis \u00fchendab pitsaahju ja raclette grilli funktsioonid \u00fches. Oma individuaalsete toiduvalmistamisjaamade ja h\u00f5lpsasti kasutatava disainiga sobib see suurep\u00e4raselt omatehtud pitsade ja raclette roogade valmistamiseks koosviibimisteks ja pidudeks.<\/p>","protected":false},"featured_media":1391,"comment_status":"open","ping_status":"closed","template":"","meta":{"_monsterinsights_skip_tracking":false,"_monsterinsights_sitenote_active":false,"_monsterinsights_sitenote_note":"","_monsterinsights_sitenote_category":0,"jetpack_publicize_message":"","jetpack_publicize_feature_enabled":true,"jetpack_social_post_already_shared":false,"jetpack_social_options":{"image_generator_settings":{"template":"highway","default_image_id":0,"font":"","enabled":false},"version":2}},"product_brand":[],"product_cat":[87],"product_tag":[],"class_list":{"0":"post-1389","1":"product","2":"type-product","3":"status-publish","4":"has-post-thumbnail","6":"product_cat-electric-grills","8":"first","9":"instock","10":"sale","11":"shipping-taxable","12":"purchasable","13":"product-type-simple"},"aioseo_notices":[],"jetpack_publicize_connections":[],"jetpack_sharing_enabled":true,"_links":{"self":[{"href":"https:\/\/amazingmarket.ee\/et\/wp-json\/wp\/v2\/product\/1389","targetHints":{"allow":["GET"]}}],"collection":[{"href":"https:\/\/amazingmarket.ee\/et\/wp-json\/wp\/v2\/product"}],"about":[{"href":"https:\/\/amazingmarket.ee\/et\/wp-json\/wp\/v2\/types\/product"}],"replies":[{"embeddable":true,"href":"https:\/\/amazingmarket.ee\/et\/wp-json\/wp\/v2\/comments?post=1389"}],"wp:featuredmedia":[{"embeddable":true,"href":"https:\/\/amazingmarket.ee\/et\/wp-json\/wp\/v2\/media\/1391"}],"wp:attachment":[{"href":"https:\/\/amazingmarket.ee\/et\/wp-json\/wp\/v2\/media?parent=1389"}],"wp:term":[{"taxonomy":"product_brand","embeddable":true,"href":"https:\/\/amazingmarket.ee\/et\/wp-json\/wp\/v2\/product_brand?post=1389"},{"taxonomy":"product_cat","embeddable":true,"href":"https:\/\/amazingmarket.ee\/et\/wp-json\/wp\/v2\/product_cat?post=1389"},{"taxonomy":"product_tag","embeddable":true,"href":"https:\/\/amazingmarket.ee\/et\/wp-json\/wp\/v2\/product_tag?post=1389"}],"curies":[{"name":"wp","href":"https:\/\/api.w.org\/{rel}","templated":true}]}}