{"id":13721,"date":"2025-08-08T10:36:07","date_gmt":"2025-08-08T08:36:07","guid":{"rendered":"https:\/\/amazingmarket.ee\/?post_type=product&#038;p=13721"},"modified":"2026-03-14T11:15:16","modified_gmt":"2026-03-14T09:15:16","slug":"venga-vg-rvc-3000-robot","status":"publish","type":"product","link":"https:\/\/amazingmarket.ee\/et\/toode\/venga-vg-rvc-3000-robot\/","title":{"rendered":"Venga! VG RVC 3000 robot"},"content":{"rendered":"<h1>DEMO<\/h1>\n<h1 class=\"a-size-base-plus a-text-bold\">Selle \u00fcksuse kohta<\/h1>\n<ul class=\"a-unordered-list a-vertical a-spacing-mini\">\n<li class=\"a-spacing-mini\"><span class=\"a-list-item\">3-IN-1 ROBOTOLMUIMUR: P\u00fchkimisfunktsioon 2 k\u00fclgharja ja suure keskharjaga. Vaakumfunktsioon imemisv\u00f5imsusega kuni 1600 Pa. P\u00f5randapesu funktsioon suure 300 ml paagiga. V\u00f5imas 2600 mAh aku kuni 120 min autonoomia ja 60 min maksimaalse imemisv\u00f5imsusega<\/span><\/li>\n<li class=\"a-spacing-mini\"><span class=\"a-list-item\">EASY TO USE with a \u201cOne Touch\u201d operation mode. Just press the button once to start a complete automatic cleaning cycle with a pre-programmed number of modes until it returns to the charging base. Remote control supplied to command the functions of the robot vacuum cleaner. Equipped with anti-collision and cliff sensors, automatic return to the charging base for autonomous operation<\/span><\/li>\n<li class=\"a-spacing-mini\"><span class=\"a-list-item\">6 PUHASTUSRE\u017dIIMI: Automaatne, lokaalne puhastamine eriti m\u00e4\u00e4rdunud piirkondade jaoks, servade puhastamine m\u00f6\u00f6da seinu, ruumi puhastamine k\u00f5igi programmide k\u00e4itamiseks spetsiaalses ruumis, mopipuhastusfunktsioon ja maksimaalne imemine kaks korda suurema v\u00f5imsuse saavutamiseks. Igap\u00e4evase puhastusgraafiku funktsiooniga. Sobib igat t\u00fc\u00fcpi p\u00f5randatele: parkett, plaadid, vaibad ronimisv\u00f5imega kuni 1,8 cm<\/span><\/li>\n<li class=\"a-spacing-mini\"><span class=\"a-list-item\">CONTAINS: 1 Venga! VG RVC 3000 WH BS, 1 dust collector with HEPA filter, 1 water tank, 4 side brushes, 1 central brush, 2 cleaning cloths, 1 cleaning tool, 1 remote control (incl. batteries), 1 charging station with AC adapter, 1 user manual in 6 languages (English, French, German, Spanish, Italian and Dutch)1<\/span><\/li>\n<\/ul>","protected":false},"excerpt":{"rendered":"<div class=\"a-column a-span6\">\n<div class=\"a-row a-spacing-medium-plus\">\n<div id=\"productDetails_expanderTables_depthLeftSections\" class=\"a-section\">\n<div class=\"a-row a-expander-container a-expander-section-container a-section-expander-container\" data-csa-c-content-id=\"voyager-expander-btn-t2\" data-csa-c-slot-id=\"voyager-expander-btn-t2\" data-csa-c-type=\"button\" data-csa-c-id=\"nrbfsb-hk6n40-68xuka-w3udva\">\n<div class=\"a-expander-content a-expander-extend-content a-expander-content-expanded\" data-expanded=\"true\">\n<div class=\"a-section\">\n<table class=\"a-keyvalue prodDetTable\" role=\"presentation\">\n<tbody>\n<tr>\n<th class=\"a-color-secondary a-size-base prodDetSectionEntry\">POWER SOURCE<\/th>\n<td class=\"a-size-base prodDetAttrValue\">Akutoitel<\/td>\n<\/tr>\n<tr>\n<th class=\"a-color-secondary a-size-base prodDetSectionEntry\">BATTERIES ARE INCLUDED<\/th>\n<td class=\"a-size-base prodDetAttrValue\">Jah<\/td>\n<\/tr>\n<tr>\n<th class=\"a-color-secondary a-size-base prodDetSectionEntry\">PINGE<\/th>\n<td class=\"a-size-base prodDetAttrValue\">120 volti<\/td>\n<\/tr>\n<tr>\n<th class=\"a-color-secondary a-size-base prodDetSectionEntry\">V\u00d5IMSUS<\/th>\n<td class=\"a-size-base prodDetAttrValue\">600 milliliitrit<\/td>\n<\/tr>\n<tr>\n<th class=\"a-color-secondary a-size-base prodDetSectionEntry\">FORM FACTOR<\/th>\n<td class=\"a-size-base prodDetAttrValue\">Robot<\/td>\n<\/tr>\n<tr>\n<th class=\"a-color-secondary a-size-base prodDetSectionEntry\">CONTROL METHOD<\/th>\n<td class=\"a-size-base prodDetAttrValue\">Kaugjuhtimispult, puutetundlik<\/td>\n<\/tr>\n<tr>\n<th class=\"a-color-secondary a-size-base prodDetSectionEntry\">FILTER TYPE<\/th>\n<td class=\"a-size-base prodDetAttrValue\">robottolmuimeja<\/td>\n<\/tr>\n<tr>\n<th class=\"a-color-secondary a-size-base prodDetSectionEntry\">BATTERY LIFE<\/th>\n<td class=\"a-size-base prodDetAttrValue\">120 minutit<\/td>\n<\/tr>\n<tr>\n<th class=\"a-color-secondary a-size-base prodDetSectionEntry\">BATTERY CELL COMPOSITION<\/th>\n<td class=\"a-size-base prodDetAttrValue\">Liitiumioon<\/td>\n<\/tr>\n<tr>\n<th class=\"a-color-secondary a-size-base prodDetSectionEntry\">SURFACE RECOMMENDATION<\/th>\n<td class=\"a-size-base prodDetAttrValue\">vaip, kivi, plaadid, parkett<\/td>\n<\/tr>\n<tr>\n<th class=\"a-color-secondary a-size-base prodDetSectionEntry\">ERIFUNKTSIOONID<\/th>\n<td class=\"a-size-base prodDetAttrValue\">Lihtne kasutada; \u00dche puutega juhtimine; Luud, tolmuimeja ja mopp; 6 puhastusre\u017eiimi; Imemisv\u00f5imsus 1600 Pa; 600 ml tolmukast; Vaikne<\/td>\n<\/tr>\n<tr>\n<th class=\"a-color-secondary a-size-base prodDetSectionEntry\">CONTROLLER TYPE<\/th>\n<td class=\"a-size-base prodDetAttrValue\">Kaugjuhtimispult<\/td>\n<\/tr>\n<\/tbody>\n<\/table>\n<\/div>\n<\/div>\n<\/div>\n<\/div>\n<\/div>\n<\/div>\n<div class=\"a-column a-span6 a-span-last\">\n<div class=\"a-row a-spacing-medium-plus\">\n<div id=\"productDetails_expanderTables_depthRightSections\" class=\"a-section\">\n<div class=\"a-row a-expander-container a-expander-section-container a-section-expander-container\" data-csa-c-content-id=\"voyager-expander-btn-t2\" data-csa-c-slot-id=\"voyager-expander-btn-t2\" data-csa-c-type=\"button\" data-csa-c-id=\"5148s5-jamz57-icrwlw-qb6oj8\">\n<div class=\"a-expander-content a-expander-extend-content a-expander-content-expanded\" data-expanded=\"true\">\n<div class=\"a-section\">\n<table class=\"a-keyvalue prodDetTable\" role=\"presentation\">\n<tbody>\n<tr>\n<th class=\"a-color-secondary a-size-base prodDetSectionEntry\">KAUPA KAAL<\/th>\n<td class=\"a-size-base prodDetAttrValue\">2,8 kilogrammi<\/td>\n<\/tr>\n<tr>\n<th class=\"a-color-secondary a-size-base prodDetSectionEntry\">ITEM DIMENSIONS L X W X H<\/th>\n<td class=\"a-size-base prodDetAttrValue\">13L x 13L x 3H sentimeetrit<\/td>\n<\/tr>\n<\/tbody>\n<\/table>\n<\/div>\n<\/div>\n<\/div>\n<\/div>\n<\/div>\n<\/div>","protected":false},"featured_media":13726,"comment_status":"open","ping_status":"closed","template":"","meta":{"_monsterinsights_skip_tracking":false,"_monsterinsights_sitenote_active":false,"_monsterinsights_sitenote_note":"","_monsterinsights_sitenote_category":0,"jetpack_publicize_message":"","jetpack_publicize_feature_enabled":true,"jetpack_social_post_already_shared":true,"jetpack_social_options":{"image_generator_settings":{"template":"highway","default_image_id":0,"font":"","enabled":false},"version":2}},"product_brand":[],"product_cat":[80],"product_tag":[],"class_list":{"0":"post-13721","1":"product","2":"type-product","3":"status-publish","4":"has-post-thumbnail","6":"product_cat-robot-vacuum-cleaners","8":"first","9":"instock","10":"sale","11":"shipping-taxable","12":"purchasable","13":"product-type-simple"},"aioseo_notices":[],"jetpack_publicize_connections":[],"jetpack_sharing_enabled":true,"_links":{"self":[{"href":"https:\/\/amazingmarket.ee\/et\/wp-json\/wp\/v2\/product\/13721","targetHints":{"allow":["GET"]}}],"collection":[{"href":"https:\/\/amazingmarket.ee\/et\/wp-json\/wp\/v2\/product"}],"about":[{"href":"https:\/\/amazingmarket.ee\/et\/wp-json\/wp\/v2\/types\/product"}],"replies":[{"embeddable":true,"href":"https:\/\/amazingmarket.ee\/et\/wp-json\/wp\/v2\/comments?post=13721"}],"wp:featuredmedia":[{"embeddable":true,"href":"https:\/\/amazingmarket.ee\/et\/wp-json\/wp\/v2\/media\/13726"}],"wp:attachment":[{"href":"https:\/\/amazingmarket.ee\/et\/wp-json\/wp\/v2\/media?parent=13721"}],"wp:term":[{"taxonomy":"product_brand","embeddable":true,"href":"https:\/\/amazingmarket.ee\/et\/wp-json\/wp\/v2\/product_brand?post=13721"},{"taxonomy":"product_cat","embeddable":true,"href":"https:\/\/amazingmarket.ee\/et\/wp-json\/wp\/v2\/product_cat?post=13721"},{"taxonomy":"product_tag","embeddable":true,"href":"https:\/\/amazingmarket.ee\/et\/wp-json\/wp\/v2\/product_tag?post=13721"}],"curies":[{"name":"wp","href":"https:\/\/api.w.org\/{rel}","templated":true}]}}