{"id":13671,"date":"2025-08-07T13:07:56","date_gmt":"2025-08-07T11:07:56","guid":{"rendered":"https:\/\/amazingmarket.ee\/?post_type=product&#038;p=13671"},"modified":"2026-03-14T11:15:16","modified_gmt":"2026-03-14T09:15:16","slug":"xiaomi-roborock-s7-maxv-robot-vacuum","status":"publish","type":"product","link":"https:\/\/amazingmarket.ee\/et\/toode\/xiaomi-roborock-s7-maxv-robot-vacuum\/","title":{"rendered":"Xiaomi Roborock S7 MaxV  Robot Vacuum"},"content":{"rendered":"<h1>KASUTATUD ASJA<\/h1>\n<h1 class=\"a-size-base-plus a-text-bold\">Selle \u00fcksuse kohta<\/h1>\n<ul class=\"a-unordered-list a-vertical a-spacing-mini\">\n<li class=\"a-spacing-mini\"><span class=\"a-list-item\">ReactiveAI 2.0. Roborocki j\u00e4rgmise p\u00f5lvkonna takistuste v\u00e4ltimise tehnoloogia ReactiveAI 2.0 abil saab S7 MaxV oma RGB-kaamera ja uue n\u00e4rviprotsessori abil navigeerida m\u00f6\u00f6da tavalisi koduseid ohte. Pimedates ruumides s\u00fcttib lisavalgusti, mis muudab takistuste tuvastamise nii \u00f6\u00f6sel kui ka p\u00e4eval t\u00f5husaks. 3D-struktureeritud valguss\u00fcsteemid t\u00e4iendavad RGB-kaamerat ja suudavad tuvastada tundmatuid objekte, m\u00e4\u00e4rata nende suuruse ja asukoha ning v\u00f5imaldada robotil nende \u00fcmber navigeerida. <\/span><\/li>\n<li class=\"a-spacing-mini\"><span class=\"a-list-item\">J\u00e4rgmise taseme intelligentsus. Kaamerat kasutades tunneb S7 MaxV n\u00fc\u00fcd teie kodus oleva m\u00f6\u00f6bli \u00e4ra ja paigutab need automaatselt kaardile. Samuti saab see tuvastada teie p\u00f5randad igas toas ning soovitada vastavalt puhastusmustreid ja puhastamise intensiivsust. <\/span><\/li>\n<li class=\"a-spacing-mini\"><span class=\"a-list-item\">K\u00f5igi aegade v\u00f5imsaim Roborocki robottolmuimeja. S7 MaxV-l on suurem imemisv\u00f5imsus kui \u00fchelgi varasemal Roborocki robottolmuimejal, tekitades maksimaalselt 5100 Pa. See on S6 MaxV-st enam kui kaks korda suurem. See korjab k\u00f5vadelt p\u00f5randatelt ja vaipadelt kiiresti \u00fcles prahi, karvad, tolmu ja palju muud.<\/span><\/li>\n<\/ul>","protected":false},"excerpt":{"rendered":"<h2>Tooteteave<\/h2>\n<div class=\"a-row\">\n<div class=\"a-column a-span12 a-span-last\">\n<div class=\"a-row a-spacing-top-base\">\n<div class=\"a-column a-span6\">\n<div class=\"a-row a-spacing-base\">\n<div class=\"a-section table-padding\">\n<table id=\"productDetails_detailBullets_sections1\" class=\"a-keyvalue prodDetTable\">\n<tbody>\n<tr>\n<th class=\"a-color-secondary a-size-base prodDetSectionEntry\">Kaubam\u00e4rk<\/th>\n<td class=\"a-size-base prodDetAttrValue\">roborock<\/td>\n<\/tr>\n<tr>\n<th class=\"a-color-secondary a-size-base prodDetSectionEntry\">Mudeli nimi<\/th>\n<td class=\"a-size-base prodDetAttrValue\">S7 MaxV robottolmuimeja 5100Pa imemisega<\/td>\n<\/tr>\n<tr>\n<th class=\"a-color-secondary a-size-base prodDetSectionEntry\">Erifunktsioon<\/th>\n<td class=\"a-size-base prodDetAttrValue\">ReactiveAI 2.0 takistuste v\u00e4ltimine, 3D struktureeritud valguss\u00fcsteem, robotvaakum ja helipuhur, 5100 Pa imemisv\u00f5imsus<\/td>\n<\/tr>\n<tr>\n<th class=\"a-color-secondary a-size-base prodDetSectionEntry\">V\u00e4rv<\/th>\n<td class=\"a-size-base prodDetAttrValue\">Hall<\/td>\n<\/tr>\n<tr>\n<th class=\"a-color-secondary a-size-base prodDetSectionEntry\">Toote m\u00f5\u00f5tmed<\/th>\n<td class=\"a-size-base prodDetAttrValue\">13,9&quot; P x 13,8&quot; L x 3,8&quot; K<\/td>\n<\/tr>\n<tr>\n<th class=\"a-color-secondary a-size-base prodDetSectionEntry\">Kaasasolevad komponendid<\/th>\n<td class=\"a-size-base prodDetAttrValue\">Robotolmuimeja, toitekaabel, laadimisdokk, kasutusjuhend, veepaak, mopilapi kinnitus, mopipadi<\/td>\n<\/tr>\n<tr>\n<th class=\"a-color-secondary a-size-base prodDetSectionEntry\">Filtri t\u00fc\u00fcp<\/th>\n<td class=\"a-size-base prodDetAttrValue\">Pestav filter<\/td>\n<\/tr>\n<tr>\n<th class=\"a-color-secondary a-size-base prodDetSectionEntry\">Aku t\u00f6\u00f6iga<\/th>\n<td class=\"a-size-base prodDetAttrValue\">180 minutit<\/td>\n<\/tr>\n<tr>\n<th class=\"a-color-secondary a-size-base prodDetSectionEntry\">Pinge<\/th>\n<td class=\"a-size-base prodDetAttrValue\">110 volti<\/td>\n<\/tr>\n<tr>\n<th class=\"a-color-secondary a-size-base prodDetSectionEntry\">Mahutavus<\/th>\n<td class=\"a-size-base prodDetAttrValue\">2,4 grammi<\/td>\n<\/tr>\n<tr>\n<th class=\"a-color-secondary a-size-base prodDetSectionEntry\">Kas patareid on komplektis<\/th>\n<td class=\"a-size-base prodDetAttrValue\">Jah<\/td>\n<\/tr>\n<tr>\n<th class=\"a-color-secondary a-size-base prodDetSectionEntry\">Kontrollimeetod<\/th>\n<td class=\"a-size-base prodDetAttrValue\">H\u00e4\u00e4l<\/td>\n<\/tr>\n<tr>\n<th class=\"a-color-secondary a-size-base prodDetSectionEntry\">\u00dchilduvad seadmed<\/th>\n<td class=\"a-size-base prodDetAttrValue\">Amazon Echo<\/td>\n<\/tr>\n<tr>\n<th class=\"a-color-secondary a-size-base prodDetSectionEntry\">Vormitegur<\/th>\n<td class=\"a-size-base prodDetAttrValue\">Robot<\/td>\n<\/tr>\n<tr>\n<th class=\"a-color-secondary a-size-base prodDetSectionEntry\">Globaalne kaubanduse identifitseerimisnumber<\/th>\n<td class=\"a-size-base prodDetAttrValue\">00810074998109<\/td>\n<\/tr>\n<tr>\n<th class=\"a-color-secondary a-size-base prodDetSectionEntry\">UPC<\/th>\n<td class=\"a-size-base prodDetAttrValue\">810074998109<\/td>\n<\/tr>\n<tr>\n<th class=\"a-color-secondary a-size-base prodDetSectionEntry\">Tootmisaasta<\/th>\n<td class=\"a-size-base prodDetAttrValue\">2022<\/td>\n<\/tr>\n<tr>\n<th class=\"a-color-secondary a-size-base prodDetSectionEntry\">Kauba kaal<\/th>\n<td class=\"a-size-base prodDetAttrValue\">10,36 naela<\/td>\n<\/tr>\n<tr>\n<th class=\"a-color-secondary a-size-base prodDetSectionEntry\">Tootja<\/th>\n<td class=\"a-size-base prodDetAttrValue\">roborock<\/td>\n<\/tr>\n<\/tbody>\n<\/table>\n<\/div>\n<\/div>\n<\/div>\n<\/div>\n<\/div>\n<\/div>","protected":false},"featured_media":13676,"comment_status":"open","ping_status":"closed","template":"","meta":{"_monsterinsights_skip_tracking":false,"_monsterinsights_sitenote_active":false,"_monsterinsights_sitenote_note":"","_monsterinsights_sitenote_category":0,"jetpack_publicize_message":"","jetpack_publicize_feature_enabled":true,"jetpack_social_post_already_shared":true,"jetpack_social_options":{"image_generator_settings":{"template":"highway","default_image_id":0,"font":"","enabled":false},"version":2}},"product_brand":[],"product_cat":[80],"product_tag":[],"class_list":{"0":"post-13671","1":"product","2":"type-product","3":"status-publish","4":"has-post-thumbnail","6":"product_cat-robot-vacuum-cleaners","8":"first","9":"instock","10":"sale","11":"shipping-taxable","12":"purchasable","13":"product-type-simple"},"aioseo_notices":[],"jetpack_publicize_connections":[],"jetpack_sharing_enabled":true,"_links":{"self":[{"href":"https:\/\/amazingmarket.ee\/et\/wp-json\/wp\/v2\/product\/13671","targetHints":{"allow":["GET"]}}],"collection":[{"href":"https:\/\/amazingmarket.ee\/et\/wp-json\/wp\/v2\/product"}],"about":[{"href":"https:\/\/amazingmarket.ee\/et\/wp-json\/wp\/v2\/types\/product"}],"replies":[{"embeddable":true,"href":"https:\/\/amazingmarket.ee\/et\/wp-json\/wp\/v2\/comments?post=13671"}],"wp:featuredmedia":[{"embeddable":true,"href":"https:\/\/amazingmarket.ee\/et\/wp-json\/wp\/v2\/media\/13676"}],"wp:attachment":[{"href":"https:\/\/amazingmarket.ee\/et\/wp-json\/wp\/v2\/media?parent=13671"}],"wp:term":[{"taxonomy":"product_brand","embeddable":true,"href":"https:\/\/amazingmarket.ee\/et\/wp-json\/wp\/v2\/product_brand?post=13671"},{"taxonomy":"product_cat","embeddable":true,"href":"https:\/\/amazingmarket.ee\/et\/wp-json\/wp\/v2\/product_cat?post=13671"},{"taxonomy":"product_tag","embeddable":true,"href":"https:\/\/amazingmarket.ee\/et\/wp-json\/wp\/v2\/product_tag?post=13671"}],"curies":[{"name":"wp","href":"https:\/\/api.w.org\/{rel}","templated":true}]}}