{"id":13105,"date":"2025-06-12T10:48:15","date_gmt":"2025-06-12T08:48:15","guid":{"rendered":"https:\/\/amazingmarket.ee\/?post_type=product&#038;p=13105"},"modified":"2026-03-14T11:15:17","modified_gmt":"2026-03-14T09:15:17","slug":"livoo-raclette-1650-w-1-6-litre-grill","status":"publish","type":"product","link":"https:\/\/amazingmarket.ee\/et\/toode\/livoo-raclette-1650-w-1-6-litre-grill\/","title":{"rendered":"Livoo Raclette 1650 W 1.6 Litre Grill"},"content":{"rendered":"<h1>DEMO, THE GREY STONE IS BROKEN, EVERYTHING ELSE IS OKAY<\/h1>\n<h1 class=\"a-size-base-plus a-text-bold\">Selle \u00fcksuse kohta<\/h1>\n<ul class=\"a-unordered-list a-vertical a-spacing-mini\">\n<li class=\"a-spacing-mini\"><span class=\"a-list-item\">MITMEFUNKTSIONAALNE: t\u00f5eline 3-\u00fches seade, varieeri naudingut seadme 3 erineva kandiku abil ja naudi raclette&#039;i\/fond\u00fc\u00fcd\/kreppi.<\/span><\/li>\n<li class=\"a-spacing-mini\"><span class=\"a-list-item\">Raclette for 12 people \u2013 the raclette device is designed for up to 12 people. With a grill stone and a grill plate, you can easily grill side dishes on the top to enhance your meal.<\/span><\/li>\n<li class=\"a-spacing-mini\"><span class=\"a-list-item\">Fondue \u2013 The device can also be converted to 6 people fondue device thanks to the included fondue caquelon with a capacity of 1.6 litres. You can make all types of fondue: Cheese, chocolate, buds, Chinese etc<\/span><\/li>\n<li class=\"a-spacing-mini\"><span class=\"a-list-item\">Crepe Party \u2013 A mini pancake tray also allows you to make 4 mini pancakes at once to spend a sociable and delicious time.<\/span><\/li>\n<li class=\"a-spacing-mini\"><span class=\"a-list-item\">INTERNATIIVNE L\u00dcLITI \u2013 seadet on v\u00f5imalik kasutada ka 4\/8\/12 inimese jaoks 3 s\u00f5ltumatu l\u00fcliti abil ja seel\u00e4bi nautida energias\u00e4\u00e4stlikumat seadet.<\/span><\/li>\n<li class=\"a-spacing-mini\"><span class=\"a-list-item\">SISALDAB LISATARVIKUD \u2013 seadmega on kaasas 12 fond\u00fc\u00fckakelooni, 12 puidust spaatlit ja 12 fond\u00fc\u00fckahvlit.<\/span><\/li>\n<\/ul>","protected":false},"excerpt":{"rendered":"<div class=\"a-row\">\n<div class=\"a-column a-span6\">\n<h1 class=\"a-size-medium a-spacing-small\">Tehnilised \u00fcksikasjad<\/h1>\n<\/div>\n<\/div>\n<div class=\"a-expander-content a-expander-extend-content\" data-expanded=\"true\">\n<div class=\"a-row a-expander-container a-expander-inline-container\">\n<div class=\"a-expander-content a-expander-section-content a-section-expander-inner\" data-expanded=\"true\">\n<table id=\"productDetails_techSpec_section_1\" class=\"a-keyvalue prodDetTable\">\n<tbody>\n<tr>\n<th class=\"a-color-secondary a-size-base prodDetSectionEntry\">Kaubam\u00e4rk<\/th>\n<td class=\"a-size-base prodDetAttrValue\">Livoo heade hetkede tunne<\/td>\n<\/tr>\n<tr>\n<th class=\"a-color-secondary a-size-base prodDetSectionEntry\">Mudeli number<\/th>\n<td class=\"a-size-base prodDetAttrValue\">\u200e680015<\/td>\n<\/tr>\n<tr>\n<th class=\"a-color-secondary a-size-base prodDetSectionEntry\">V\u00e4rv<\/th>\n<td class=\"a-size-base prodDetAttrValue\">Must<\/td>\n<\/tr>\n<tr>\n<th class=\"a-color-secondary a-size-base prodDetSectionEntry\">Toote m\u00f5\u00f5tmed<\/th>\n<td class=\"a-size-base prodDetAttrValue\">58 x 21 x 12 cm; 6,46 kg<\/td>\n<\/tr>\n<tr>\n<th class=\"a-color-secondary a-size-base prodDetSectionEntry\">Mahutavus<\/th>\n<td class=\"a-size-base prodDetAttrValue\">1,6 liitrit<\/td>\n<\/tr>\n<tr>\n<th class=\"a-color-secondary a-size-base prodDetSectionEntry\">V\u00f5imsus \/ vatt<\/th>\n<td class=\"a-size-base prodDetAttrValue\">1650 vatti<\/td>\n<\/tr>\n<tr>\n<th class=\"a-color-secondary a-size-base prodDetSectionEntry\">Pinge<\/th>\n<td class=\"a-size-base prodDetAttrValue\">230 volti<\/td>\n<\/tr>\n<tr>\n<th class=\"a-color-secondary a-size-base prodDetSectionEntry\">Materjal<\/th>\n<td class=\"a-size-base prodDetAttrValue\">kivi<\/td>\n<\/tr>\n<tr>\n<th class=\"a-color-secondary a-size-base prodDetSectionEntry\">Eriomadused<\/th>\n<td class=\"a-size-base prodDetAttrValue\">Fond\u00fc\u00fcpott, eemaldatava pinnaga<\/td>\n<\/tr>\n<tr>\n<th class=\"a-color-secondary a-size-base prodDetSectionEntry\">Kauba kaal<\/th>\n<td class=\"a-size-base prodDetAttrValue\">6,46 kilogrammi<\/td>\n<\/tr>\n<\/tbody>\n<\/table>\n<\/div>\n<\/div>\n<\/div>","protected":false},"featured_media":13106,"comment_status":"open","ping_status":"closed","template":"","meta":{"_monsterinsights_skip_tracking":false,"_monsterinsights_sitenote_active":false,"_monsterinsights_sitenote_note":"","_monsterinsights_sitenote_category":0,"jetpack_publicize_message":"","jetpack_publicize_feature_enabled":true,"jetpack_social_post_already_shared":true,"jetpack_social_options":{"image_generator_settings":{"template":"highway","default_image_id":0,"font":"","enabled":false},"version":2}},"product_brand":[],"product_cat":[79],"product_tag":[],"class_list":{"0":"post-13105","1":"product","2":"type-product","3":"status-publish","4":"has-post-thumbnail","6":"product_cat-electric-grill-cookers","8":"first","9":"instock","10":"sale","11":"shipping-taxable","12":"purchasable","13":"product-type-simple"},"aioseo_notices":[],"jetpack_publicize_connections":[],"jetpack_sharing_enabled":true,"_links":{"self":[{"href":"https:\/\/amazingmarket.ee\/et\/wp-json\/wp\/v2\/product\/13105","targetHints":{"allow":["GET"]}}],"collection":[{"href":"https:\/\/amazingmarket.ee\/et\/wp-json\/wp\/v2\/product"}],"about":[{"href":"https:\/\/amazingmarket.ee\/et\/wp-json\/wp\/v2\/types\/product"}],"replies":[{"embeddable":true,"href":"https:\/\/amazingmarket.ee\/et\/wp-json\/wp\/v2\/comments?post=13105"}],"wp:featuredmedia":[{"embeddable":true,"href":"https:\/\/amazingmarket.ee\/et\/wp-json\/wp\/v2\/media\/13106"}],"wp:attachment":[{"href":"https:\/\/amazingmarket.ee\/et\/wp-json\/wp\/v2\/media?parent=13105"}],"wp:term":[{"taxonomy":"product_brand","embeddable":true,"href":"https:\/\/amazingmarket.ee\/et\/wp-json\/wp\/v2\/product_brand?post=13105"},{"taxonomy":"product_cat","embeddable":true,"href":"https:\/\/amazingmarket.ee\/et\/wp-json\/wp\/v2\/product_cat?post=13105"},{"taxonomy":"product_tag","embeddable":true,"href":"https:\/\/amazingmarket.ee\/et\/wp-json\/wp\/v2\/product_tag?post=13105"}],"curies":[{"name":"wp","href":"https:\/\/api.w.org\/{rel}","templated":true}]}}