{"id":13051,"date":"2025-06-11T15:29:05","date_gmt":"2025-06-11T13:29:05","guid":{"rendered":"https:\/\/amazingmarket.ee\/?post_type=product&#038;p=13051"},"modified":"2026-03-14T11:15:17","modified_gmt":"2026-03-14T09:15:17","slug":"proscenic-f10-pro-2","status":"publish","type":"product","link":"https:\/\/amazingmarket.ee\/et\/toode\/proscenic-f10-pro-2\/","title":{"rendered":"Proscenic F10 Pro"},"content":{"rendered":"<h1>LITTLE USED, HAS SMALL DEFECT<\/h1>\n<h1 class=\"a-size-base-plus a-text-bold\">Selle \u00fcksuse kohta<\/h1>\n<ul class=\"a-unordered-list a-vertical a-spacing-mini\">\n<li class=\"a-spacing-mini\"><span class=\"a-list-item\">\u30103-\u00fches tolmuimeja\/mopp\/pesu\u3011F10 Pro on \u00fclim k\u00f5ik-\u00fches tolmuimeja-mopp, millel on 550 p\/min p\u00f6\u00f6rlemiskiirus ja v\u00f5imas imemisv\u00f5imsus k\u00f5vadel p\u00f5randatel kangekaelsete plekkide eemaldamiseks. Ideaalne mopp-tolmuimeja k\u00f5vadel p\u00f5randatel. Vali kolme re\u017eiimi vahel: nutikas re\u017eiim igap\u00e4evaseks puhastamiseks, maksimaalne re\u017eiim tugevate plekkide eemaldamiseks ja imemisre\u017eiim vedeliku imamiseks.<\/span><\/li>\n<li class=\"a-spacing-mini\"><span class=\"a-list-item\">\u3010Automaatne isepuhastuv\u3011 Vaid \u00fche vajutusega puhastab m\u00e4rg-kuivtolmuimeja rullharja ja sisemise toru puhta veega, tagades, et k\u00f5ik j\u00e4\u00e4b puhtaks ja l\u00f5hnavabaks. Tolmuimeja ja mopi kombinatsioon muudab hoolduse imelihtsaks, s\u00e4\u00e4stes teie aega ja vaeva.<\/span><\/li>\n<li class=\"a-spacing-mini\"><span class=\"a-list-item\">\u3010Suur mahutavus ja pikk aku t\u00f6\u00f6iga\u3011 Suurte ruumide jaoks loodud mopp ja tolmuimeja on varustatud 6 \u00d7 2600 mAh akuga, mis tagab 35 minutit* t\u00f6\u00f6aega, ning 650 ml puhta vee paagiga ja 500 ml musta vee paagiga. Puhastage kuni 85 m\u00b2 pinda katkestusteta, muutes selle ideaalseks m\u00e4rgtolmuimejaks k\u00f5vadele p\u00f5randatele.<\/span><\/li>\n<li class=\"a-spacing-mini\"><span class=\"a-list-item\">\u3010Kasutajas\u00f5bralik LED-ekraan ja h\u00e4\u00e4ljuhised\u3011 Tolmuimejal on intuitiivne LED-ekraan ja h\u00e4\u00e4ljuhised, mis hoiavad teid kursis aku t\u00f6\u00f6ea, puhastusre\u017eiimide ja hooldushoiatustega. Selle kasutajas\u00f5bralik disain tagab, et iga\u00fcks saab seda h\u00f5lpsalt kasutada.<\/span><\/li>\n<li class=\"a-spacing-mini\"><span class=\"a-list-item\">\u3010Iseliikuv ja vaevatu puhastamine\u3011 Sellel universaalsel tolmuimejal on iseliikuv s\u00fcsteem vaevata edasiliikumiseks ja painduv p\u00f5randahari suurep\u00e4rase man\u00f6\u00f6verdusv\u00f5ime tagamiseks. Olenemata sellest, kas puhastate k\u00f5vasid p\u00f5randaid v\u00f5i vaipu, pakub F10 Pro mugavat ja p\u00f5hjalikku puhastuskogemust.<\/span><\/li>\n<li class=\"a-spacing-mini\"><span class=\"a-list-item\">\u3010Lihtne hooldus\u3011M\u00e4\u00e4rdunud veepaagis olev tahke ja vedela aine eraldaja muudab mustuse eemaldamise kiireks ja lihtsaks. Laadimisalus hoiab ja laeb F10 Pro-d \u00fclima mugavuse tagamiseks.<\/span><\/li>\n<\/ul>","protected":false},"excerpt":{"rendered":"<h2>Tooteteave<\/h2>\n<div class=\"a-row\">\n<div class=\"a-column a-span12 a-span-last\">\n<div class=\"a-row a-spacing-top-base\">\n<div class=\"a-column a-span6\">\n<div class=\"a-row a-spacing-base\">\n<div class=\"a-section table-padding\">\n<table id=\"productDetails_detailBullets_sections1\" class=\"a-keyvalue prodDetTable\">\n<tbody>\n<tr>\n<th class=\"a-color-secondary a-size-base prodDetSectionEntry\">Kaubam\u00e4rk<\/th>\n<td class=\"a-size-base prodDetAttrValue\">Prostseeniline<\/td>\n<\/tr>\n<tr>\n<th class=\"a-color-secondary a-size-base prodDetSectionEntry\">Erifunktsioon<\/th>\n<td class=\"a-size-base prodDetAttrValue\">M\u00e4rg\/kuiv, kerge, v\u00f5imas, juhtmeta, pestav filter<\/td>\n<\/tr>\n<tr>\n<th class=\"a-color-secondary a-size-base prodDetSectionEntry\">Filtri t\u00fc\u00fcp<\/th>\n<td class=\"a-size-base prodDetAttrValue\">HEPA filter<\/td>\n<\/tr>\n<tr>\n<th class=\"a-color-secondary a-size-base prodDetSectionEntry\">Kaasasolevad komponendid<\/th>\n<td class=\"a-size-base prodDetAttrValue\">P\u00f5hiseade * 1 (sh p\u00f5randahari, rullhari, HEPA), k\u00e4epide * 1, alus * 1, adapter * 1, puhastushari * 1, kasutusjuhend * 1, m\u00fc\u00fcgij\u00e4rgne kaart * 1<\/td>\n<\/tr>\n<tr>\n<th class=\"a-color-secondary a-size-base prodDetSectionEntry\">Kas Juhtmeta?<\/th>\n<td class=\"a-size-base prodDetAttrValue\">Jah<\/td>\n<\/tr>\n<tr>\n<th class=\"a-color-secondary a-size-base prodDetSectionEntry\">Mahutavus<\/th>\n<td class=\"a-size-base prodDetAttrValue\">1200 milliliitrit<\/td>\n<\/tr>\n<tr>\n<th class=\"a-color-secondary a-size-base prodDetSectionEntry\">V\u00f5imsus<\/th>\n<td class=\"a-size-base prodDetAttrValue\">300 vatti<\/td>\n<\/tr>\n<tr>\n<th class=\"a-color-secondary a-size-base prodDetSectionEntry\">Kestus<\/th>\n<td class=\"a-size-base prodDetAttrValue\">35 minutit<\/td>\n<\/tr>\n<tr>\n<th class=\"a-color-secondary a-size-base prodDetSectionEntry\">Toote soovitatavad kasutusalad<\/th>\n<td class=\"a-size-base prodDetAttrValue\">K\u00f6\u00f6k, Auto, Lemmikloomade karvad, Kodu<\/td>\n<\/tr>\n<tr>\n<th class=\"a-color-secondary a-size-base prodDetSectionEntry\">Vormitegur<\/th>\n<td class=\"a-size-base prodDetAttrValue\">Pulk<\/td>\n<\/tr>\n<tr>\n<th class=\"a-color-secondary a-size-base prodDetSectionEntry\">V\u00e4rv<\/th>\n<td class=\"a-size-base prodDetAttrValue\">Valge<\/td>\n<\/tr>\n<tr>\n<th class=\"a-color-secondary a-size-base prodDetSectionEntry\">Mudeli nimi<\/th>\n<td class=\"a-size-base prodDetAttrValue\">P-AMZ-CZZ-US-F10 Pro<\/td>\n<\/tr>\n<tr>\n<th class=\"a-color-secondary a-size-base prodDetSectionEntry\">Toote m\u00f5\u00f5tmed<\/th>\n<td class=\"a-size-base prodDetAttrValue\">109 cm P x 20 cm L x 25 cm K<\/td>\n<\/tr>\n<tr>\n<th class=\"a-color-secondary a-size-base prodDetSectionEntry\">M\u00fcra tase<\/th>\n<td class=\"a-size-base prodDetAttrValue\">68 dB<\/td>\n<\/tr>\n<tr>\n<th class=\"a-color-secondary a-size-base prodDetSectionEntry\">Aku t\u00f6\u00f6iga<\/th>\n<td class=\"a-size-base prodDetAttrValue\">35 minutit<\/td>\n<\/tr>\n<tr>\n<th class=\"a-color-secondary a-size-base prodDetSectionEntry\">Tootja<\/th>\n<td class=\"a-size-base prodDetAttrValue\">Prostseeniline<\/td>\n<\/tr>\n<tr>\n<th class=\"a-color-secondary a-size-base prodDetSectionEntry\">Artiklite arv<\/th>\n<td class=\"a-size-base prodDetAttrValue\">1<\/td>\n<\/tr>\n<tr>\n<th class=\"a-color-secondary a-size-base prodDetSectionEntry\">Kontrollimeetod<\/th>\n<td class=\"a-size-base prodDetAttrValue\">Puudutus, h\u00e4\u00e4l<\/td>\n<\/tr>\n<tr>\n<th class=\"a-color-secondary a-size-base prodDetSectionEntry\">Stiil<\/th>\n<td class=\"a-size-base prodDetAttrValue\">Kaasaegne<\/td>\n<\/tr>\n<tr>\n<th class=\"a-color-secondary a-size-base prodDetSectionEntry\">Kasutamine siseruumides\/v\u00e4listingimustes<\/th>\n<td class=\"a-size-base prodDetAttrValue\">Siseruumides<\/td>\n<\/tr>\n<tr>\n<th class=\"a-color-secondary a-size-base prodDetSectionEntry\">Kauba kaal<\/th>\n<td class=\"a-size-base prodDetAttrValue\">8,8 naela<\/td>\n<\/tr>\n<tr>\n<th class=\"a-color-secondary a-size-base prodDetSectionEntry\">ASIN<\/th>\n<td class=\"a-size-base prodDetAttrValue\">B0DZ1TQ433<\/td>\n<\/tr>\n<tr>\n<th class=\"a-color-secondary a-size-base prodDetSectionEntry\">P\u00e4ritoluriik<\/th>\n<td class=\"a-size-base prodDetAttrValue\">Hiina<\/td>\n<\/tr>\n<\/tbody>\n<\/table>\n<\/div>\n<\/div>\n<\/div>\n<\/div>\n<\/div>\n<\/div>","protected":false},"featured_media":13057,"comment_status":"open","ping_status":"closed","template":"","meta":{"_monsterinsights_skip_tracking":false,"_monsterinsights_sitenote_active":false,"_monsterinsights_sitenote_note":"","_monsterinsights_sitenote_category":0,"jetpack_publicize_message":"","jetpack_publicize_feature_enabled":true,"jetpack_social_post_already_shared":true,"jetpack_social_options":{"image_generator_settings":{"template":"highway","default_image_id":0,"font":"","enabled":false},"version":2}},"product_brand":[],"product_cat":[101],"product_tag":[],"class_list":{"0":"post-13051","1":"product","2":"type-product","3":"status-publish","4":"has-post-thumbnail","6":"product_cat-cordless-vacuum-cleaners","8":"first","9":"instock","10":"sale","11":"shipping-taxable","12":"purchasable","13":"product-type-simple"},"aioseo_notices":[],"jetpack_publicize_connections":[],"jetpack_sharing_enabled":true,"_links":{"self":[{"href":"https:\/\/amazingmarket.ee\/et\/wp-json\/wp\/v2\/product\/13051","targetHints":{"allow":["GET"]}}],"collection":[{"href":"https:\/\/amazingmarket.ee\/et\/wp-json\/wp\/v2\/product"}],"about":[{"href":"https:\/\/amazingmarket.ee\/et\/wp-json\/wp\/v2\/types\/product"}],"replies":[{"embeddable":true,"href":"https:\/\/amazingmarket.ee\/et\/wp-json\/wp\/v2\/comments?post=13051"}],"wp:featuredmedia":[{"embeddable":true,"href":"https:\/\/amazingmarket.ee\/et\/wp-json\/wp\/v2\/media\/13057"}],"wp:attachment":[{"href":"https:\/\/amazingmarket.ee\/et\/wp-json\/wp\/v2\/media?parent=13051"}],"wp:term":[{"taxonomy":"product_brand","embeddable":true,"href":"https:\/\/amazingmarket.ee\/et\/wp-json\/wp\/v2\/product_brand?post=13051"},{"taxonomy":"product_cat","embeddable":true,"href":"https:\/\/amazingmarket.ee\/et\/wp-json\/wp\/v2\/product_cat?post=13051"},{"taxonomy":"product_tag","embeddable":true,"href":"https:\/\/amazingmarket.ee\/et\/wp-json\/wp\/v2\/product_tag?post=13051"}],"curies":[{"name":"wp","href":"https:\/\/api.w.org\/{rel}","templated":true}]}}