{"id":13008,"date":"2025-06-11T12:25:14","date_gmt":"2025-06-11T10:25:14","guid":{"rendered":"https:\/\/amazingmarket.ee\/?post_type=product&#038;p=13008"},"modified":"2026-03-14T11:15:17","modified_gmt":"2026-03-14T09:15:17","slug":"eureka-br5-cordless-vacuum-cleaner-2","status":"publish","type":"product","link":"https:\/\/amazingmarket.ee\/et\/toode\/eureka-br5-cordless-vacuum-cleaner-2\/","title":{"rendered":"Eureka BR5 juhtmeta tolmuimeja"},"content":{"rendered":"<h1>KASUTATUD ASJA<\/h1>\n<h1 class=\"a-size-base-plus a-text-bold\">Selle \u00fcksuse kohta<\/h1>\n<ul class=\"a-unordered-list a-vertical a-spacing-mini\">\n<li class=\"a-spacing-mini\"><span class=\"a-list-item\">Juhtmeta ja kerge: BR5 juhtmevaba tolmuimeja on kerge ja h\u00f5lpsasti kasutatav igas vanuses. See sobib suurep\u00e4raselt pikaajaliseks \u00fche k\u00e4ega puhastamiseks.<\/span><\/li>\n<li class=\"a-spacing-mini\"><span class=\"a-list-item\">Mitmek\u00fclgne mitme pinna puhastamine: Eureka tolmuimejaga saab t\u00f5husalt puhastada vaipu ja k\u00f5vasid p\u00f5randaid. Eemaldatav aku v\u00f5imaldab lihtsat laadimist ja v\u00f5imalust osta asendusaku.<\/span><\/li>\n<li class=\"a-spacing-mini\"><span class=\"a-list-item\">LED-esilamp: valgustage ja imege tolmuimejaga raskesti ligip\u00e4\u00e4setavad kohad selle LED-esitulega. Puhastage h\u00f5lpsalt voodite, diivanite ja m\u00f6\u00f6bli all ning eemaldage nurkadest tolm ja mustus.<\/span><\/li>\n<li class=\"a-spacing-mini\"><span class=\"a-list-item\">Mitmeastmeline ts\u00fcklonfiltreerimine: BR5 tolmuimejal on 4-astmeline ts\u00fcklonfiltreerimiss\u00fcsteem, mis k\u00f5rvaldab sekundaarse \u00f5husaaste ja neelab osakesed, et tagada suurep\u00e4rane puhastuskogemus. Optimaalse imemisv\u00f5ime s\u00e4ilitamiseks peske HEPA-filtrit regulaarselt ja kasutage seda p\u00e4rast kuivatamist.<\/span><\/li>\n<li class=\"a-spacing-mini\"><span class=\"a-list-item\">\u3010Kaks-\u00fches tolmuhari\u3011Lihtne kaasaskantavaks tolmuimejaks kokku panna. Sobib k\u00f5ikidele kehasuurustele ja vastab erinevate piirkondade puhastusn\u00f5uetele.<\/span><\/li>\n<\/ul>","protected":false},"excerpt":{"rendered":"<div class=\"a-row\">\n<div class=\"a-column a-span6\">\n<h1 class=\"a-size-medium a-spacing-small\">Tehnilised \u00fcksikasjad<\/h1>\n<\/div>\n<\/div>\n<div class=\"a-expander-content a-expander-extend-content\" data-expanded=\"true\">\n<div class=\"a-row a-expander-container a-expander-inline-container\">\n<div class=\"a-expander-content a-expander-section-content a-section-expander-inner\" data-expanded=\"true\">\n<table id=\"productDetails_techSpec_section_1\" class=\"a-keyvalue prodDetTable\">\n<tbody>\n<tr>\n<th class=\"a-color-secondary a-size-base prodDetSectionEntry\">Kaubam\u00e4rk<\/th>\n<td class=\"a-size-base prodDetAttrValue\">EUREKA<\/td>\n<\/tr>\n<tr>\n<th class=\"a-color-secondary a-size-base prodDetSectionEntry\">Mudeli number<\/th>\n<td class=\"a-size-base prodDetAttrValue\">BR5<\/td>\n<\/tr>\n<tr>\n<th class=\"a-color-secondary a-size-base prodDetSectionEntry\">V\u00e4rv<\/th>\n<td class=\"a-size-base prodDetAttrValue\">Br5<\/td>\n<\/tr>\n<tr>\n<th class=\"a-color-secondary a-size-base prodDetSectionEntry\">Toote m\u00f5\u00f5tmed<\/th>\n<td class=\"a-size-base prodDetAttrValue\">13 x 30 x 62 cm; 2,6 kg<\/td>\n<\/tr>\n<tr>\n<th class=\"a-color-secondary a-size-base prodDetSectionEntry\">Mahutavus<\/th>\n<td class=\"a-size-base prodDetAttrValue\">0,32 liitrit<\/td>\n<\/tr>\n<tr>\n<th class=\"a-color-secondary a-size-base prodDetSectionEntry\">V\u00f5imsus \/ vatt<\/th>\n<td class=\"a-size-base prodDetAttrValue\">250 vatti<\/td>\n<\/tr>\n<tr>\n<th class=\"a-color-secondary a-size-base prodDetSectionEntry\">M\u00fcra tase<\/th>\n<td class=\"a-size-base prodDetAttrValue\">74 dB<\/td>\n<\/tr>\n<tr>\n<th class=\"a-color-secondary a-size-base prodDetSectionEntry\">Kestus<\/th>\n<td class=\"a-size-base prodDetAttrValue\">25 minutit<\/td>\n<\/tr>\n<tr>\n<th class=\"a-color-secondary a-size-base prodDetSectionEntry\">Eriomadused<\/th>\n<td class=\"a-size-base prodDetAttrValue\">\u200e\u2605Traadita ja kerge disain, \u2605Igap\u00e4evane puhastus, \u2605 250 W BLDC mootor, \u2605 Kvaliteetne filtris\u00fcsteem, \u2605 10,6 kpa imemisv\u00f5imsus<\/td>\n<\/tr>\n<tr>\n<th class=\"a-color-secondary a-size-base prodDetSectionEntry\">Kauba kaal<\/th>\n<td class=\"a-size-base prodDetAttrValue\">2,6 kilogrammi<\/td>\n<\/tr>\n<\/tbody>\n<\/table>\n<\/div>\n<\/div>\n<\/div>","protected":false},"featured_media":13015,"comment_status":"open","ping_status":"closed","template":"","meta":{"_monsterinsights_skip_tracking":false,"_monsterinsights_sitenote_active":false,"_monsterinsights_sitenote_note":"","_monsterinsights_sitenote_category":0,"jetpack_publicize_message":"","jetpack_publicize_feature_enabled":true,"jetpack_social_post_already_shared":true,"jetpack_social_options":{"image_generator_settings":{"template":"highway","default_image_id":0,"font":"","enabled":false},"version":2}},"product_brand":[],"product_cat":[101],"product_tag":[],"class_list":{"0":"post-13008","1":"product","2":"type-product","3":"status-publish","4":"has-post-thumbnail","6":"product_cat-cordless-vacuum-cleaners","8":"first","9":"instock","10":"sale","11":"shipping-taxable","12":"purchasable","13":"product-type-simple"},"aioseo_notices":[],"jetpack_publicize_connections":[],"jetpack_sharing_enabled":true,"_links":{"self":[{"href":"https:\/\/amazingmarket.ee\/et\/wp-json\/wp\/v2\/product\/13008","targetHints":{"allow":["GET"]}}],"collection":[{"href":"https:\/\/amazingmarket.ee\/et\/wp-json\/wp\/v2\/product"}],"about":[{"href":"https:\/\/amazingmarket.ee\/et\/wp-json\/wp\/v2\/types\/product"}],"replies":[{"embeddable":true,"href":"https:\/\/amazingmarket.ee\/et\/wp-json\/wp\/v2\/comments?post=13008"}],"wp:featuredmedia":[{"embeddable":true,"href":"https:\/\/amazingmarket.ee\/et\/wp-json\/wp\/v2\/media\/13015"}],"wp:attachment":[{"href":"https:\/\/amazingmarket.ee\/et\/wp-json\/wp\/v2\/media?parent=13008"}],"wp:term":[{"taxonomy":"product_brand","embeddable":true,"href":"https:\/\/amazingmarket.ee\/et\/wp-json\/wp\/v2\/product_brand?post=13008"},{"taxonomy":"product_cat","embeddable":true,"href":"https:\/\/amazingmarket.ee\/et\/wp-json\/wp\/v2\/product_cat?post=13008"},{"taxonomy":"product_tag","embeddable":true,"href":"https:\/\/amazingmarket.ee\/et\/wp-json\/wp\/v2\/product_tag?post=13008"}],"curies":[{"name":"wp","href":"https:\/\/api.w.org\/{rel}","templated":true}]}}