{"id":12714,"date":"2025-05-23T12:15:21","date_gmt":"2025-05-23T10:15:21","guid":{"rendered":"https:\/\/amazingmarket.ee\/?post_type=product&#038;p=12714"},"modified":"2026-03-14T11:15:17","modified_gmt":"2026-03-14T09:15:17","slug":"tesvor-robot-vacuum-cleaner-s7pro-vacuum-cleaner-robot","status":"publish","type":"product","link":"https:\/\/amazingmarket.ee\/et\/toode\/tesvor-robot-vacuum-cleaner-s7pro-vacuum-cleaner-robot\/","title":{"rendered":"Tesvor robottolmuimeja, S7Pro robottolmuimeja"},"content":{"rendered":"<h1>V\u00c4HE KASUTATUD<\/h1>\n<h1 class=\"a-size-base-plus a-text-bold\">Selle \u00fcksuse kohta<\/h1>\n<ul class=\"a-unordered-list a-vertical a-spacing-mini\">\n<li class=\"a-spacing-mini\"><span class=\"a-list-item\">\u2605V\u00f5imas imemisv\u00f5imsus: Avastage uus Tesvor S7Pro robottolmuimeja \u2013 meie selle aasta tipptoode! Oma v\u00f5rratu imemisv\u00f5imsusega 6000PA erineb see oluliselt meie eelmistest ja teistest turul olevatest mudelitest. Te ei pea enam kunagi muretsema mustuse ja tolmu p\u00e4rast oma p\u00f5randal \u2013 Tesvor S7Pro tagab p\u00f5hjaliku ja usaldusv\u00e4\u00e4rse puhastuse. See imab ja p\u00fchib t\u00e4iesti triibuvabalt.<\/span><\/li>\n<li class=\"a-spacing-mini\"><span class=\"a-list-item\">\u2605Lisap\u00fchkimisfunktsioon: Tesvor S7Pro robottolmuimeja p\u00fchkimisfunktsiooniga pole mitte ainult v\u00f5imas tolmuimeja, vaid ka usaldusv\u00e4\u00e4rne abiline professionaalseks m\u00e4rgpuhastuseks. T\u00e4nu suurele 350 ml veepaagile ja spetsiaalselt v\u00e4ljat\u00f6\u00f6tatud p\u00fchkimisplaadile suudab see m\u00e4rgpuhastada kuni 100 m\u00b2 pinda ning eemaldada pingutuseta ka kangekaelsed plekid ja mustuse. Uus p\u00fchkimistehnoloogia tagab peaaegu triibuvaba puhastustulemuse.<\/span><\/li>\n<li class=\"a-spacing-mini\"><span class=\"a-list-item\">\u2605 Suur puhastusala: kas ootate eriti pikka puhastusaega? Ilma et peaksite robotit pidevalt laadima? Tesvor S7Pro puhastusrobotil on muljetavaldav aku t\u00f6\u00f6iga. \u00dche laadimisega suudab see katta kuni 150 m\u00b2 suuruse ala, mis toob loomulikult sihip\u00e4raseid eeliseid suurematele korteritele, majadele, kontoritele v\u00f5i kauplustele. V\u00f5imas ja t\u00e4pne puhastus isegi suurtel aladel on midagi erilist.<\/span><\/li>\n<li class=\"a-spacing-mini\"><span class=\"a-list-item\">\u2605T\u00e4pne lasernavigatsioon: Kogege t\u00e4pset ja p\u00f5hjalikku puhastust Tesvor S7Pro robottolmuimejaga. T\u00e4nu oma uusimale uuenduslikule lasernavigatsioonitehnoloogiale tuvastab see teie tubade tingimused detailselt ja tagab seega optimaalse marsruudi planeerimise. Kattes teie kodu v\u00e4ikseimad nurgad ja nurgakesed, j\u00e4\u00e4dvustatakse ja puhastatakse iga ruumi koht p\u00f5hjalikult.<\/span><\/li>\n<li class=\"a-spacing-mini\"><span class=\"a-list-item\">\u2605 Anduriga juhitav takistuste v\u00e4ltimine: korista muretult, sest robottolmuimeja tekitatud v\u00f5imalikke kahjustusi pole enam. \u2013 TESVOR S7Pro-l on turu nutikaim takistuste tuvastamise s\u00fcsteem! T\u00e4iustatud anduritega tuvastab see takistusi ja kohandab oma marsruuti, et v\u00e4ltida kokkup\u00f5rget. Nii et saate l\u00f5\u00f5gastuda ega pea muretsema kalli m\u00f6\u00f6bli ootamatute kahjustuste p\u00e4rast.<\/span><\/li>\n<li class=\"a-spacing-mini\"><span class=\"a-list-item\">\u2605Mitmek\u00fclgsed puhastusv\u00f5imalused: Tesvor S7Pro robottolmuimeja on ideaalne lahendus probleemse mustuse puhastamiseks. Alates lemmikloomade karvadest kuni k\u00f5ige j\u00e4medama mustuseni. Oma ainulaadse v\u00f5imsa imemismootori ja spetsiaalsete harjadega puhastab see p\u00f5hjalikult ja t\u00f5husalt igat t\u00fc\u00fcpi pindu ning korjab vaevata \u00fcles igasuguse mustuse. TESVOR S7Pro saab iga v\u00e4ljakutsega hakkama. Allergia kodutolmu vastu on minevik.<\/span><\/li>\n<\/ul>","protected":false},"excerpt":{"rendered":"<div class=\"a-row\">\n<div class=\"a-column a-span6\">\n<h1 class=\"a-size-medium a-spacing-small\">Tehnilised \u00fcksikasjad<\/h1>\n<\/div>\n<\/div>\n<div class=\"a-expander-content a-expander-extend-content\" data-expanded=\"true\">\n<div class=\"a-row a-expander-container a-expander-inline-container\">\n<div class=\"a-expander-content a-expander-section-content a-section-expander-inner\" data-expanded=\"true\">\n<table id=\"productDetails_techSpec_section_1\" class=\"a-keyvalue prodDetTable\">\n<tbody>\n<tr>\n<th class=\"a-color-secondary a-size-base prodDetSectionEntry\">Kaubam\u00e4rk<\/th>\n<td class=\"a-size-base prodDetAttrValue\">Tesvor<\/td>\n<\/tr>\n<tr>\n<th class=\"a-color-secondary a-size-base prodDetSectionEntry\">V\u00e4rv<\/th>\n<td class=\"a-size-base prodDetAttrValue\">Hall-valge<\/td>\n<\/tr>\n<tr>\n<th class=\"a-color-secondary a-size-base prodDetSectionEntry\">Pakendi m\u00f5\u00f5tmed<\/th>\n<td class=\"a-size-base prodDetAttrValue\">43,79 x 35,4 x 19,4 cm; 5 kg<\/td>\n<\/tr>\n<tr>\n<th class=\"a-color-secondary a-size-base prodDetSectionEntry\">Mahutavus<\/th>\n<td class=\"a-size-base prodDetAttrValue\">350 milliliitrit<\/td>\n<\/tr>\n<tr>\n<th class=\"a-color-secondary a-size-base prodDetSectionEntry\">Materjal<\/th>\n<td class=\"a-size-base prodDetAttrValue\">Kvaliteetne ABS-plastist<\/td>\n<\/tr>\n<tr>\n<th class=\"a-color-secondary a-size-base prodDetSectionEntry\">M\u00fcra tase<\/th>\n<td class=\"a-size-base prodDetAttrValue\">75 dB<\/td>\n<\/tr>\n<tr>\n<th class=\"a-color-secondary a-size-base prodDetSectionEntry\">Kestus<\/th>\n<td class=\"a-size-base prodDetAttrValue\">3 tundi<\/td>\n<\/tr>\n<tr>\n<th class=\"a-color-secondary a-size-base prodDetSectionEntry\">\u00dchilduvad mudelid<\/th>\n<td class=\"a-size-base prodDetAttrValue\">Nutitelefonid, Amazon Echo, tahvelarvutid, Google Home<\/td>\n<\/tr>\n<tr>\n<th class=\"a-color-secondary a-size-base prodDetSectionEntry\">Eriomadused<\/th>\n<td class=\"a-size-base prodDetAttrValue\">LiDAR-navigatsioon<\/td>\n<\/tr>\n<tr>\n<th class=\"a-color-secondary a-size-base prodDetSectionEntry\">Kauba kaal<\/th>\n<td class=\"a-size-base prodDetAttrValue\">5 kilogrammi<\/td>\n<\/tr>\n<\/tbody>\n<\/table>\n<\/div>\n<\/div>\n<\/div>","protected":false},"featured_media":12721,"comment_status":"open","ping_status":"closed","template":"","meta":{"_monsterinsights_skip_tracking":false,"_monsterinsights_sitenote_active":false,"_monsterinsights_sitenote_note":"","_monsterinsights_sitenote_category":0,"jetpack_publicize_message":"","jetpack_publicize_feature_enabled":true,"jetpack_social_post_already_shared":true,"jetpack_social_options":{"image_generator_settings":{"template":"highway","default_image_id":0,"font":"","enabled":false},"version":2}},"product_brand":[],"product_cat":[80],"product_tag":[],"class_list":{"0":"post-12714","1":"product","2":"type-product","3":"status-publish","4":"has-post-thumbnail","6":"product_cat-robot-vacuum-cleaners","8":"first","9":"instock","10":"sale","11":"shipping-taxable","12":"purchasable","13":"product-type-simple"},"aioseo_notices":[],"jetpack_publicize_connections":[],"jetpack_sharing_enabled":true,"_links":{"self":[{"href":"https:\/\/amazingmarket.ee\/et\/wp-json\/wp\/v2\/product\/12714","targetHints":{"allow":["GET"]}}],"collection":[{"href":"https:\/\/amazingmarket.ee\/et\/wp-json\/wp\/v2\/product"}],"about":[{"href":"https:\/\/amazingmarket.ee\/et\/wp-json\/wp\/v2\/types\/product"}],"replies":[{"embeddable":true,"href":"https:\/\/amazingmarket.ee\/et\/wp-json\/wp\/v2\/comments?post=12714"}],"wp:featuredmedia":[{"embeddable":true,"href":"https:\/\/amazingmarket.ee\/et\/wp-json\/wp\/v2\/media\/12721"}],"wp:attachment":[{"href":"https:\/\/amazingmarket.ee\/et\/wp-json\/wp\/v2\/media?parent=12714"}],"wp:term":[{"taxonomy":"product_brand","embeddable":true,"href":"https:\/\/amazingmarket.ee\/et\/wp-json\/wp\/v2\/product_brand?post=12714"},{"taxonomy":"product_cat","embeddable":true,"href":"https:\/\/amazingmarket.ee\/et\/wp-json\/wp\/v2\/product_cat?post=12714"},{"taxonomy":"product_tag","embeddable":true,"href":"https:\/\/amazingmarket.ee\/et\/wp-json\/wp\/v2\/product_tag?post=12714"}],"curies":[{"name":"wp","href":"https:\/\/api.w.org\/{rel}","templated":true}]}}