{"id":12570,"date":"2025-05-22T09:57:18","date_gmt":"2025-05-22T07:57:18","guid":{"rendered":"https:\/\/amazingmarket.ee\/?post_type=product&#038;p=12570"},"modified":"2026-03-14T11:15:18","modified_gmt":"2026-03-14T09:15:18","slug":"dreame-l10-ultra-4","status":"publish","type":"product","link":"https:\/\/amazingmarket.ee\/et\/toode\/dreame-l10-ultra-4\/","title":{"rendered":"Dreame L10 Ultra"},"content":{"rendered":"<h1>KASUTATUD ESE, EI OLE TOLMUKOTI JA MOPPIDEGA<\/h1>\n<h1 class=\"a-size-base-plus a-text-bold\">Selle \u00fcksuse kohta<\/h1>\n<ul class=\"a-unordered-list a-vertical a-spacing-mini\">\n<li class=\"a-spacing-mini\"><span class=\"a-list-item\">T\u00e4isautomaatne puhastus: Automaatne tolmu kogumine, mopiga puhastamine ja kuivatamine, vee t\u00e4itmine, lahuse lisamine, kiire kaardistamine ja teekonna planeerimine \u2013 k\u00f5ik see kokku muudab t\u00e4isautomaatse kodukoristuse reaalsuseks. Mugav automaatse t\u00fchjenduse s\u00fcsteem kasutab meie eksklusiivset DualBoost 2.0 s\u00fcsteemi, mis puhub roboti tolmukasti \u00f5hku ja imeb selle 3-liitrisesse tolmukotti, pakkudes teile kuni 60 p\u00e4eva automaatset ja k\u00e4ed-vabad puhastust.<\/span><\/li>\n<li class=\"a-spacing-mini\"><span class=\"a-list-item\">T\u00e4iustatud tehisintellektil p\u00f5hinev navigeerimine: T\u00e4iustatud tehisintellektil p\u00f5hinev navigeerimine kasutab RGB-kaamerat ja 3D-struktureeritud valgust, et kiiresti teie kodu tundma \u00f5ppida, kohandada puhastusstrateegiaid ja automaatselt genereerida teid vastavalt takistuse t\u00fc\u00fcbile, p\u00f5randale ja ruumile.<\/span><\/li>\n<li class=\"a-spacing-mini\"><span class=\"a-list-item\">V\u00f5imas tolmuimeja ja vaibapuhastus: v\u00f5imas 5300 Pa imemisv\u00f5imsus, automaatne vaibatuvastus, imemisv\u00f5imsuse v\u00f5imendus ja vastupidav kummist harjas eemaldavad p\u00f5randatelt ja vaipadelt majapidamispr\u00fcgi, juuksed ja tolmu. M\u00e4\u00e4rake puhastusk\u00e4itumine nii, et vaibatuvastus v\u00e4ldiks vaipu pesemise ajal v\u00f5i t\u00f5stke lihtsalt mopipadjad tolmuimejaga t\u00f6\u00f6tamise ajal \u00fcles.<\/span><\/li>\n<li class=\"a-spacing-mini\"><span class=\"a-list-item\">L\u00e4ikivad p\u00f5randad: Kahekordsed p\u00f6\u00f6rlevad mopid p\u00f6\u00f6rlevad kindla surve all kiirusel 180 p\/min, et p\u00f5randaid p\u00f5hjalikult k\u00fc\u00fcrida, kattes kuni 200 ruutmeetrit ja suure 2,5-liitrise veepaagiga, et muuta teie puit-, plaat-, vin\u00fc\u00fcl- v\u00f5i muud k\u00f5vad p\u00f5randad v\u00e4rskendavalt puhtaks.<\/span><\/li>\n<li class=\"a-spacing-mini\"><span class=\"a-list-item\">Puhastab ja kuivatab moppe: Mopid t\u00f5stetakse automaatselt baasjaama naastes, et tagada p\u00f5randate laitmatus. Automaatne mopipuhastus kastab mopid vette ja p\u00f6\u00f6rleb neid suurel kiirusel vastu eemaldatava alusplaadi sooneid, et mustus eemaldada. P\u00e4rast puhastamise l\u00f5ppu kuivatatakse mopid kuuma \u00f5huga k\u00f5igest 2 tunniga, et aidata v\u00e4hendada halba l\u00f5hna.<\/span><\/li>\n<li class=\"a-spacing-mini\"><span class=\"a-list-item\">Kohanda oma koristust k\u00f5ikjal: loo mitu kaarti mitmekorruseliste majade jaoks, segmenteeri ruume, loo virtuaalseid seinu, m\u00e4\u00e4ra keelutsooneid ning loo koristusgraafikuid ja -rutiine. Alusta, peata v\u00f5i l\u00f5peta koristamine h\u00e4\u00e4lk\u00e4skluste abil v\u00f5i j\u00e4lgi oma kodu rakenduse videojuhtimise abil. V\u00f5imsus peitub sinu keeleotsas ja s\u00f5rmeotstes.<\/span><\/li>\n<\/ul>\n<div class=\"a-row\">\n<div class=\"a-column a-span12 a-span-last\">\n<div class=\"a-row a-spacing-top-base\">\n<div class=\"a-column a-span6\"><\/div>\n<\/div>\n<\/div>\n<\/div>","protected":false},"excerpt":{"rendered":"<h2>Product information<\/h2>\n<div class=\"a-row\">\n<div class=\"a-column a-span12 a-span-last\">\n<div class=\"a-row a-spacing-top-base\">\n<div class=\"a-column a-span6\">\n<div class=\"a-row a-spacing-base\">\n<div class=\"a-section table-padding\">\n<table id=\"productDetails_detailBullets_sections1\" class=\"a-keyvalue prodDetTable\">\n<tbody>\n<tr>\n<th class=\"a-color-secondary a-size-base prodDetSectionEntry\">Brand<\/th>\n<td class=\"a-size-base prodDetAttrValue\">DREAME<\/td>\n<\/tr>\n<tr>\n<th class=\"a-color-secondary a-size-base prodDetSectionEntry\">Model Name<\/th>\n<td class=\"a-size-base prodDetAttrValue\">L10 Ultra<\/td>\n<\/tr>\n<tr>\n<th class=\"a-color-secondary a-size-base prodDetSectionEntry\">Special Feature<\/th>\n<td class=\"a-size-base prodDetAttrValue\">bagless<\/td>\n<\/tr>\n<tr>\n<th class=\"a-color-secondary a-size-base prodDetSectionEntry\">Included Components<\/th>\n<td class=\"a-size-base prodDetAttrValue\">[Dirt Disposal Bag, Water Tank, Mop Pad, Charging Adapter]<\/td>\n<\/tr>\n<tr>\n<th class=\"a-color-secondary a-size-base prodDetSectionEntry\">Filter Type<\/th>\n<td class=\"a-size-base prodDetAttrValue\">Cartridge<\/td>\n<\/tr>\n<tr>\n<th class=\"a-color-secondary a-size-base prodDetSectionEntry\">Battery Life<\/th>\n<td class=\"a-size-base prodDetAttrValue\">60 days<\/td>\n<\/tr>\n<tr>\n<th class=\"a-color-secondary a-size-base prodDetSectionEntry\">Capacity<\/th>\n<td class=\"a-size-base prodDetAttrValue\">3 Liters<\/td>\n<\/tr>\n<tr>\n<th class=\"a-color-secondary a-size-base prodDetSectionEntry\">Power Source<\/th>\n<td class=\"a-size-base prodDetAttrValue\">Battery Powered<\/td>\n<\/tr>\n<tr>\n<th class=\"a-color-secondary a-size-base prodDetSectionEntry\">Control Method<\/th>\n<td class=\"a-size-base prodDetAttrValue\">Voice<\/td>\n<\/tr>\n<tr>\n<th class=\"a-color-secondary a-size-base prodDetSectionEntry\">Compatible Devices<\/th>\n<td class=\"a-size-base prodDetAttrValue\">Amazon Echo<\/td>\n<\/tr>\n<tr>\n<th class=\"a-color-secondary a-size-base prodDetSectionEntry\">Form Factor<\/th>\n<td class=\"a-size-base prodDetAttrValue\">Robotic<\/td>\n<\/tr>\n<tr>\n<th class=\"a-color-secondary a-size-base prodDetSectionEntry\">Product Dimensions<\/th>\n<td class=\"a-size-base prodDetAttrValue\">13 x 3 x 13 inches<\/td>\n<\/tr>\n<tr>\n<th class=\"a-color-secondary a-size-base prodDetSectionEntry\">Item Weight<\/th>\n<td class=\"a-size-base prodDetAttrValue\">37.7 pounds<\/td>\n<\/tr>\n<tr>\n<th class=\"a-color-secondary a-size-base prodDetSectionEntry\">ASIN<\/th>\n<td class=\"a-size-base prodDetAttrValue\">B0BTDKV1GS<\/td>\n<\/tr>\n<tr>\n<th class=\"a-color-secondary a-size-base prodDetSectionEntry\">Item model number<\/th>\n<td class=\"a-size-base prodDetAttrValue\">L10 Ultra<\/td>\n<\/tr>\n<\/tbody>\n<\/table>\n<\/div>\n<\/div>\n<\/div>\n<\/div>\n<\/div>\n<\/div>\n","protected":false},"featured_media":12578,"comment_status":"open","ping_status":"closed","template":"","meta":{"_monsterinsights_skip_tracking":false,"_monsterinsights_sitenote_active":false,"_monsterinsights_sitenote_note":"","_monsterinsights_sitenote_category":0,"jetpack_publicize_message":"","jetpack_publicize_feature_enabled":true,"jetpack_social_post_already_shared":true,"jetpack_social_options":{"image_generator_settings":{"template":"highway","default_image_id":0,"font":"","enabled":false},"version":2}},"product_brand":[],"product_cat":[80],"product_tag":[],"class_list":{"0":"post-12570","1":"product","2":"type-product","3":"status-publish","4":"has-post-thumbnail","6":"product_cat-robot-vacuum-cleaners","8":"first","9":"instock","10":"sale","11":"shipping-taxable","12":"purchasable","13":"product-type-simple"},"aioseo_notices":[],"jetpack_publicize_connections":[],"jetpack_sharing_enabled":true,"_links":{"self":[{"href":"https:\/\/amazingmarket.ee\/et\/wp-json\/wp\/v2\/product\/12570","targetHints":{"allow":["GET"]}}],"collection":[{"href":"https:\/\/amazingmarket.ee\/et\/wp-json\/wp\/v2\/product"}],"about":[{"href":"https:\/\/amazingmarket.ee\/et\/wp-json\/wp\/v2\/types\/product"}],"replies":[{"embeddable":true,"href":"https:\/\/amazingmarket.ee\/et\/wp-json\/wp\/v2\/comments?post=12570"}],"wp:featuredmedia":[{"embeddable":true,"href":"https:\/\/amazingmarket.ee\/et\/wp-json\/wp\/v2\/media\/12578"}],"wp:attachment":[{"href":"https:\/\/amazingmarket.ee\/et\/wp-json\/wp\/v2\/media?parent=12570"}],"wp:term":[{"taxonomy":"product_brand","embeddable":true,"href":"https:\/\/amazingmarket.ee\/et\/wp-json\/wp\/v2\/product_brand?post=12570"},{"taxonomy":"product_cat","embeddable":true,"href":"https:\/\/amazingmarket.ee\/et\/wp-json\/wp\/v2\/product_cat?post=12570"},{"taxonomy":"product_tag","embeddable":true,"href":"https:\/\/amazingmarket.ee\/et\/wp-json\/wp\/v2\/product_tag?post=12570"}],"curies":[{"name":"wp","href":"https:\/\/api.w.org\/{rel}","templated":true}]}}