{"id":12511,"date":"2025-05-19T14:34:38","date_gmt":"2025-05-19T12:34:38","guid":{"rendered":"https:\/\/amazingmarket.ee\/?post_type=product&#038;p=12511"},"modified":"2026-03-14T11:15:18","modified_gmt":"2026-03-14T09:15:18","slug":"shark-powerdetect-nevertouch-pro","status":"publish","type":"product","link":"https:\/\/amazingmarket.ee\/et\/toode\/shark-powerdetect-nevertouch-pro\/","title":{"rendered":"Shark PowerDetect NeverTouch Pro"},"content":{"rendered":"<h1>V\u00c4HE KASUTATUD, ESINEB V\u00c4IKESI KASUTUSJ\u00c4LGI<\/h1>\n<h1 class=\"a-size-base-plus a-text-bold\">Selle \u00fcksuse kohta<\/h1>\n<ul class=\"a-unordered-list a-vertical a-spacing-mini\">\n<li class=\"a-spacing-mini\"><span class=\"a-list-item\">KUNI KUU K\u00c4ED-VABAD PUHASTUST JA HOOLDUST: Robot t\u00fchjendab automaatselt prahi 60-p\u00e4evase mahutavusega konteinerisse, t\u00e4idab automaatselt oma veepaaki kuni 30 p\u00e4evaks ning peseb ja kuivatab mopipadja p\u00e4rast iga puhastust.<\/span><\/li>\n<li class=\"a-spacing-mini\"><span class=\"a-list-item\">5 INTELLIGENTSET POWERDETECT PUHASTUSTEHNOLOOGIAT: Viis v\u00f5imsat puhastustehnoloogiat aitavad sihtida peidetud prahti, kinni j\u00e4\u00e4nud plekke ja servi ning optimeerida puhastust iga p\u00f5randat\u00fc\u00fcbi jaoks, lahendades ka k\u00f5ige raskemad puhastusprobleemid.<\/span><\/li>\n<li class=\"a-spacing-mini\"><span class=\"a-list-item\">KUNI 2X PAREM PUHASTUSKATVE*: NeverStuck tehnoloogiaga robot t\u00f5useb end \u00fcle takistuste ja l\u00e4vepakkude. P\u00fchkides hoiab see lappi vaipade kohal, et v\u00e4ltida m\u00e4rgade plekkide tekkimist ja katta kogu kodu. (*v\u00f5rreldes Shark ION-iga).<\/span><\/li>\n<li class=\"a-spacing-mini\"><span class=\"a-list-item\">PUHASTAB PEIDETUD MUSTUSEST JA KINNI KINNI PLEKID: DirtDetect tuvastab prahirohkemad alad ja seej\u00e4rel suurendab tolmuimeja j\u00f5udlust. Kasutage StainDetecti plekkirohkemate alade puhastamiseks ja robot parandab pesemisj\u00f5udlust mitme puhastuskorra abil.<\/span><\/li>\n<li class=\"a-spacing-mini\"><span class=\"a-list-item\">T\u00c4IUSTATUD \u00c4\u00c4RPUHASTUS: \u00dckski puhastusdetail ei j\u00e4\u00e4 m\u00e4rkamata \u2013 tolmuimejaga t\u00f6\u00f6tades puhub EdgeDetect \u00f5hku, et l\u00fckata praht \u00e4\u00e4rtest roboti puhastusrajale. Moppimise ajal pikendab see padja servast servani puhastamiseks kuni tolli v\u00f5rra.<\/span><\/li>\n<li class=\"a-spacing-mini\"><span class=\"a-list-item\">TIPPTASKULINE NAVIGATSIOONITEHNOLOOGIA: T\u00e4iustatud 3D-andur ja 360\u00b0 LiDAR t\u00f6\u00f6tavad koos, et robot suudaks takistusi ja m\u00f6\u00f6blit tuvastada ning neid v\u00e4ltida, kohandudes igap\u00e4evaste muutustega ja samal ajal teie kodu hoolikalt puhastades.<\/span><\/li>\n<li class=\"a-spacing-mini\"><span class=\"a-list-item\">M\u00c4\u00c4RA AJAKAVAD, PUHASTA N\u00d5UDMISEL, SIHTKORRAL PUHASTA: Lase robotil koristada ja \u00fctle talle t\u00e4pselt, kuidas sa t\u00f6\u00f6d teha soovid. Sihi kindlaid kohti lisapuhastuseks, seadista keelatud tsoonid, loo oma kodu kaart, planeeri koristusi ja palju muud.<\/span><\/li>\n<\/ul>","protected":false},"excerpt":{"rendered":"<h2>Tooteteave<\/h2>\n<div class=\"a-row\">\n<div class=\"a-column a-span12 a-span-last\">\n<div class=\"a-row a-spacing-top-base\">\n<div class=\"a-column a-span6\">\n<div class=\"a-row a-spacing-base\">\n<div class=\"a-section table-padding\">\n<table id=\"productDetails_detailBullets_sections1\" class=\"a-keyvalue prodDetTable\">\n<tbody>\n<tr>\n<th class=\"a-color-secondary a-size-base prodDetSectionEntry\">Kaubam\u00e4rk<\/th>\n<td class=\"a-size-base prodDetAttrValue\">Hai<\/td>\n<\/tr>\n<tr>\n<th class=\"a-color-secondary a-size-base prodDetSectionEntry\">Mudeli nimi<\/th>\n<td class=\"a-size-base prodDetAttrValue\">Shark AV2800ZE<\/td>\n<\/tr>\n<tr>\n<th class=\"a-color-secondary a-size-base prodDetSectionEntry\">Erifunktsioon<\/th>\n<td class=\"a-size-base prodDetAttrValue\">Nutikas kaardistamine, mustuse tuvastamise andur, servade puhastamine, automaatne dokkimine<\/td>\n<\/tr>\n<tr>\n<th class=\"a-color-secondary a-size-base prodDetSectionEntry\">V\u00e4rv<\/th>\n<td class=\"a-size-base prodDetAttrValue\">Valge<\/td>\n<\/tr>\n<tr>\n<th class=\"a-color-secondary a-size-base prodDetSectionEntry\">Toote m\u00f5\u00f5tmed<\/th>\n<td class=\"a-size-base prodDetAttrValue\">18,8 tolli P x 14,33 tolli L x 17,56 tolli K<\/td>\n<\/tr>\n<tr>\n<th class=\"a-color-secondary a-size-base prodDetSectionEntry\">Kaasasolevad komponendid<\/th>\n<td class=\"a-size-base prodDetAttrValue\">3 moppimislappi, 355 ml pudel mitme pinna puhastusvahendi stardikomplekti, XL HEPA iset\u00fchjendusalus, 2 k\u00fclgharja, 1 l\u00f5hna neutraliseeriv tehnoloogiaga kassett<\/td>\n<\/tr>\n<tr>\n<th class=\"a-color-secondary a-size-base prodDetSectionEntry\">Filtri t\u00fc\u00fcp<\/th>\n<td class=\"a-size-base prodDetAttrValue\">Riie<\/td>\n<\/tr>\n<tr>\n<th class=\"a-color-secondary a-size-base prodDetSectionEntry\">Aku t\u00f6\u00f6iga<\/th>\n<td class=\"a-size-base prodDetAttrValue\">120 minutit<\/td>\n<\/tr>\n<tr>\n<th class=\"a-color-secondary a-size-base prodDetSectionEntry\">Puhastusraja laius<\/th>\n<td class=\"a-size-base prodDetAttrValue\">5,69 tolli<\/td>\n<\/tr>\n<tr>\n<th class=\"a-color-secondary a-size-base prodDetSectionEntry\">Pinge<\/th>\n<td class=\"a-size-base prodDetAttrValue\">120 volti<\/td>\n<\/tr>\n<tr>\n<th class=\"a-color-secondary a-size-base prodDetSectionEntry\">Toiteallikas<\/th>\n<td class=\"a-size-base prodDetAttrValue\">Akutoitel<\/td>\n<\/tr>\n<tr>\n<th class=\"a-color-secondary a-size-base prodDetSectionEntry\">Kas patareid on komplektis<\/th>\n<td class=\"a-size-base prodDetAttrValue\">Jah<\/td>\n<\/tr>\n<tr>\n<th class=\"a-color-secondary a-size-base prodDetSectionEntry\">Kontrollimeetod<\/th>\n<td class=\"a-size-base prodDetAttrValue\">Rakendus<\/td>\n<\/tr>\n<tr>\n<th class=\"a-color-secondary a-size-base prodDetSectionEntry\">Vormitegur<\/th>\n<td class=\"a-size-base prodDetAttrValue\">Kettakujuline robot<\/td>\n<\/tr>\n<tr>\n<th class=\"a-color-secondary a-size-base prodDetSectionEntry\">UPC<\/th>\n<td class=\"a-size-base prodDetAttrValue\">622356644327<\/td>\n<\/tr>\n<tr>\n<th class=\"a-color-secondary a-size-base prodDetSectionEntry\">Tootmisaasta<\/th>\n<td class=\"a-size-base prodDetAttrValue\">2024<\/td>\n<\/tr>\n<tr>\n<th class=\"a-color-secondary a-size-base prodDetSectionEntry\">Kauba kaal<\/th>\n<td class=\"a-size-base prodDetAttrValue\">25 naela<\/td>\n<\/tr>\n<tr>\n<th class=\"a-color-secondary a-size-base prodDetSectionEntry\">Tootja<\/th>\n<td class=\"a-size-base prodDetAttrValue\">SharkNinja<\/td>\n<\/tr>\n<tr>\n<th class=\"a-color-secondary a-size-base prodDetSectionEntry\">ASIN<\/th>\n<td class=\"a-size-base prodDetAttrValue\">B0DCPX2M8N<\/td>\n<\/tr>\n<tr>\n<th class=\"a-color-secondary a-size-base prodDetSectionEntry\">P\u00e4ritoluriik<\/th>\n<td class=\"a-size-base prodDetAttrValue\">Hiina<\/td>\n<\/tr>\n<tr>\n<th class=\"a-color-secondary a-size-base prodDetSectionEntry\">Kauba mudeli number<\/th>\n<td class=\"a-size-base prodDetAttrValue\">AV2800ZE<\/td>\n<\/tr>\n<\/tbody>\n<\/table>\n<\/div>\n<\/div>\n<\/div>\n<\/div>\n<\/div>\n<\/div>","protected":false},"featured_media":12519,"comment_status":"open","ping_status":"closed","template":"","meta":{"_monsterinsights_skip_tracking":false,"_monsterinsights_sitenote_active":false,"_monsterinsights_sitenote_note":"","_monsterinsights_sitenote_category":0,"jetpack_publicize_message":"","jetpack_publicize_feature_enabled":true,"jetpack_social_post_already_shared":true,"jetpack_social_options":{"image_generator_settings":{"template":"highway","default_image_id":0,"font":"","enabled":false},"version":2}},"product_brand":[],"product_cat":[80],"product_tag":[],"class_list":{"0":"post-12511","1":"product","2":"type-product","3":"status-publish","4":"has-post-thumbnail","6":"product_cat-robot-vacuum-cleaners","8":"first","9":"instock","10":"sale","11":"shipping-taxable","12":"purchasable","13":"product-type-simple"},"aioseo_notices":[],"jetpack_publicize_connections":[],"jetpack_sharing_enabled":true,"_links":{"self":[{"href":"https:\/\/amazingmarket.ee\/et\/wp-json\/wp\/v2\/product\/12511","targetHints":{"allow":["GET"]}}],"collection":[{"href":"https:\/\/amazingmarket.ee\/et\/wp-json\/wp\/v2\/product"}],"about":[{"href":"https:\/\/amazingmarket.ee\/et\/wp-json\/wp\/v2\/types\/product"}],"replies":[{"embeddable":true,"href":"https:\/\/amazingmarket.ee\/et\/wp-json\/wp\/v2\/comments?post=12511"}],"wp:featuredmedia":[{"embeddable":true,"href":"https:\/\/amazingmarket.ee\/et\/wp-json\/wp\/v2\/media\/12519"}],"wp:attachment":[{"href":"https:\/\/amazingmarket.ee\/et\/wp-json\/wp\/v2\/media?parent=12511"}],"wp:term":[{"taxonomy":"product_brand","embeddable":true,"href":"https:\/\/amazingmarket.ee\/et\/wp-json\/wp\/v2\/product_brand?post=12511"},{"taxonomy":"product_cat","embeddable":true,"href":"https:\/\/amazingmarket.ee\/et\/wp-json\/wp\/v2\/product_cat?post=12511"},{"taxonomy":"product_tag","embeddable":true,"href":"https:\/\/amazingmarket.ee\/et\/wp-json\/wp\/v2\/product_tag?post=12511"}],"curies":[{"name":"wp","href":"https:\/\/api.w.org\/{rel}","templated":true}]}}