{"id":12380,"date":"2025-05-16T14:27:39","date_gmt":"2025-05-16T12:27:39","guid":{"rendered":"https:\/\/amazingmarket.ee\/?post_type=product&#038;p=12380"},"modified":"2026-03-14T11:15:18","modified_gmt":"2026-03-14T09:15:18","slug":"eureka-j12-ultra-de-vacuum-mop-robot-2","status":"publish","type":"product","link":"https:\/\/amazingmarket.ee\/et\/toode\/eureka-j12-ultra-de-vacuum-mop-robot-2\/","title":{"rendered":"EUREKA J12 Ultra DE tolmuimeja ja mopirobot"},"content":{"rendered":"<h1>KASUTATUD KAUBA, NORMAALSES SEISUKORRAS<\/h1>\n<h1 class=\"a-size-base-plus a-text-bold\">Selle \u00fcksuse kohta<\/h1>\n<ul class=\"a-unordered-list a-vertical a-spacing-mini\">\n<li class=\"a-spacing-mini\"><span class=\"a-list-item\">3D-takistuste tuvastamine DuoDetect AI J12 Ultra robottolmuimeja kasutab nutikamaks navigeerimiseks t\u00e4iustatud tehisintellekti tehnoloogiat, loob p\u00f5randal olevatest takistustest 3D-mudeleid, et nutikalt m\u00f6\u00f6blit ja muid takistusi v\u00e4ltida. Takistuste tuvastamise s\u00fcsteem toimib suurep\u00e4raselt erinevates valgustingimustes ja tagab suurep\u00e4rased v\u00e4ltimisoskused isegi lemmikloomade l\u00e4heduses.<\/span><\/li>\n<li class=\"a-spacing-mini\"><span class=\"a-list-item\">K\u00f5ik-\u00fches baasjaam Varustatud automaatse mopipesu, automaatse t\u00fchjendamise kuni 75 p\u00e4eva jooksul ja mopi automaatse kuivatamisega 55 \u2103 sooja tuule k\u00e4es, vabastab robottolmuimeja baasjaam teie k\u00e4ed t\u00e4ielikult. See uuenduslik disain hoiab mopi puhtana ja muudab robottolmuimeja igaks kasutuskorraks valmis, et saaksite koristamist vaevata nautida.<\/span><\/li>\n<li class=\"a-spacing-mini\"><span class=\"a-list-item\">T\u00e4pne navigeerimine LDS LiDAR-iga: T\u00e4iustatud tekstureeritud tehisintellektiga kahekordse n\u00e4gemisega valgus v\u00f5imaldab J12 Ultra pesurobotil uskumatu efektiivsusega puhastada ja navigeerida, takistusi t\u00e4pselt tuvastada ning optimaalseid viise m\u00f6\u00f6bli ja muude takistuste puhastamiseks palju nutikamal ja t\u00f5husamal viisil.<\/span><\/li>\n<li class=\"a-spacing-mini\"><span class=\"a-list-item\">Nutikas ja multifunktsionaalne puhastus: T\u00e4nu t\u00e4iustatud ultraheli vaibatuvastustehnoloogiale ja erinevatele puhastusre\u017eiimidele suudab J12 Ultra saavutada t\u00e4ieliku puhastuse erinevates ruumides. See pakub nelja puhastusre\u017eiimi: samaaegne tolmuimeja ja pesemine, tolmuimeja ja seej\u00e4rel pesemine, ainult tolmuimeja ja ainult m\u00e4rgpuhastus, mis vastab erinevatele puhastusvajadustele. Imemisre\u017eiim on loodud vaipade p\u00f5hjalikuks puhastamiseks, samas kui m\u00e4rgpuhastusre\u017eiim keskendub ainult k\u00f5vadele p\u00f5randatele, kasutades intelligentset s\u00fcsteemi vaipade v\u00e4ltimiseks ja m\u00f6\u00f6daviimiseks, et tagada vaibapindade niiskusevaba p\u00fcsimine.<\/span><\/li>\n<li class=\"a-spacing-mini\"><span class=\"a-list-item\">SUUREP\u00c4RANE PUHASTUS SUURTE MAJADE JAOKS V\u00f5imsa 5000 Pa imemisv\u00f5imsuse ja pika t\u00f6\u00f6eaga 5200 mAh akuga pesurobot koos Station J12 Ultra jaamaga pakub kuni 150 minutit puhastust, eemaldades t\u00f5husalt mustuse ja lemmikloomade karvad erinevatelt pindadelt ning kattes kuni 28,5 ruutmeetri suuruseid alasid, mis sobib ideaalselt suurtesse kodudesse.<\/span><\/li>\n<li class=\"a-spacing-mini\"><span class=\"a-list-item\">Mugav rakenduse juhtimine: Hankige Station J12 Ultra abil oma pesuroboti \u00fcle t\u00e4ielik kontroll meie kasutajas\u00f5braliku rakenduse abil. J\u00e4lgige tolmuimeja marsruuti, planeerige puhastamist, reguleerige imemisv\u00f5imsust ja juhtige t\u00e4iustatud funktsioone, nagu keelatud alad ja n\u00e4htamatud seinad, et saada kohandatud puhastuskogemus. Pange t\u00e4hele: toote optimaalse j\u00f5udluse ja funktsionaalsuse tagamiseks on vaja 2,4 GHz WiFi-\u00fchendust.<\/span><\/li>\n<\/ul>","protected":false},"excerpt":{"rendered":"<div class=\"a-row\">\n<div class=\"a-column a-span6\">\n<h1 class=\"a-size-medium a-spacing-small\">Tehnilised \u00fcksikasjad<\/h1>\n<\/div>\n<\/div>\n<div class=\"a-expander-content a-expander-extend-content\" data-expanded=\"true\">\n<div class=\"a-row a-expander-container a-expander-inline-container\">\n<div class=\"a-expander-content a-expander-section-content a-section-expander-inner\" data-expanded=\"true\">\n<table id=\"productDetails_techSpec_section_1\" class=\"a-keyvalue prodDetTable\">\n<tbody>\n<tr>\n<th class=\"a-color-secondary a-size-base prodDetSectionEntry\">Kaubam\u00e4rk<\/th>\n<td class=\"a-size-base prodDetAttrValue\">EUREKA<\/td>\n<\/tr>\n<tr>\n<th class=\"a-color-secondary a-size-base prodDetSectionEntry\">Mudeli number<\/th>\n<td class=\"a-size-base prodDetAttrValue\">J12 Ultra-EU-VD<\/td>\n<\/tr>\n<tr>\n<th class=\"a-color-secondary a-size-base prodDetSectionEntry\">V\u00e4rv<\/th>\n<td class=\"a-size-base prodDetAttrValue\">Valge<\/td>\n<\/tr>\n<tr>\n<th class=\"a-color-secondary a-size-base prodDetSectionEntry\">Toote m\u00f5\u00f5tmed<\/th>\n<td class=\"a-size-base prodDetAttrValue\">35 x 35 x 10,75 cm; 16,5 kg<\/td>\n<\/tr>\n<tr>\n<th class=\"a-color-secondary a-size-base prodDetSectionEntry\">Mahutavus<\/th>\n<td class=\"a-size-base prodDetAttrValue\">3 liitrit<\/td>\n<\/tr>\n<tr>\n<th class=\"a-color-secondary a-size-base prodDetSectionEntry\">Pinge<\/th>\n<td class=\"a-size-base prodDetAttrValue\">14,4 volti (DC)<\/td>\n<\/tr>\n<tr>\n<th class=\"a-color-secondary a-size-base prodDetSectionEntry\">M\u00fcra tase<\/th>\n<td class=\"a-size-base prodDetAttrValue\">56 dB<\/td>\n<\/tr>\n<tr>\n<th class=\"a-color-secondary a-size-base prodDetSectionEntry\">Kestus<\/th>\n<td class=\"a-size-base prodDetAttrValue\">2 tundi ja 30 minutit<\/td>\n<\/tr>\n<tr>\n<th class=\"a-color-secondary a-size-base prodDetSectionEntry\">\u00dchilduvad mudelid<\/th>\n<td class=\"a-size-base prodDetAttrValue\">Nutitelefonid, Amazon Echo, Google Home<\/td>\n<\/tr>\n<tr>\n<th class=\"a-color-secondary a-size-base prodDetSectionEntry\">Eriomadused<\/th>\n<td class=\"a-size-base prodDetAttrValue\">Juhtmeta<\/td>\n<\/tr>\n<tr>\n<th class=\"a-color-secondary a-size-base prodDetSectionEntry\">Kauba kaal<\/th>\n<td class=\"a-size-base prodDetAttrValue\">16,5 kilogrammi<\/td>\n<\/tr>\n<\/tbody>\n<\/table>\n<\/div>\n<\/div>\n<\/div>","protected":false},"featured_media":12389,"comment_status":"open","ping_status":"closed","template":"","meta":{"_monsterinsights_skip_tracking":false,"_monsterinsights_sitenote_active":false,"_monsterinsights_sitenote_note":"","_monsterinsights_sitenote_category":0,"jetpack_publicize_message":"","jetpack_publicize_feature_enabled":true,"jetpack_social_post_already_shared":true,"jetpack_social_options":{"image_generator_settings":{"template":"highway","default_image_id":0,"font":"","enabled":false},"version":2}},"product_brand":[],"product_cat":[80],"product_tag":[],"class_list":{"0":"post-12380","1":"product","2":"type-product","3":"status-publish","4":"has-post-thumbnail","6":"product_cat-robot-vacuum-cleaners","8":"first","9":"instock","10":"sale","11":"shipping-taxable","12":"purchasable","13":"product-type-simple"},"aioseo_notices":[],"jetpack_publicize_connections":[],"jetpack_sharing_enabled":true,"_links":{"self":[{"href":"https:\/\/amazingmarket.ee\/et\/wp-json\/wp\/v2\/product\/12380","targetHints":{"allow":["GET"]}}],"collection":[{"href":"https:\/\/amazingmarket.ee\/et\/wp-json\/wp\/v2\/product"}],"about":[{"href":"https:\/\/amazingmarket.ee\/et\/wp-json\/wp\/v2\/types\/product"}],"replies":[{"embeddable":true,"href":"https:\/\/amazingmarket.ee\/et\/wp-json\/wp\/v2\/comments?post=12380"}],"wp:featuredmedia":[{"embeddable":true,"href":"https:\/\/amazingmarket.ee\/et\/wp-json\/wp\/v2\/media\/12389"}],"wp:attachment":[{"href":"https:\/\/amazingmarket.ee\/et\/wp-json\/wp\/v2\/media?parent=12380"}],"wp:term":[{"taxonomy":"product_brand","embeddable":true,"href":"https:\/\/amazingmarket.ee\/et\/wp-json\/wp\/v2\/product_brand?post=12380"},{"taxonomy":"product_cat","embeddable":true,"href":"https:\/\/amazingmarket.ee\/et\/wp-json\/wp\/v2\/product_cat?post=12380"},{"taxonomy":"product_tag","embeddable":true,"href":"https:\/\/amazingmarket.ee\/et\/wp-json\/wp\/v2\/product_tag?post=12380"}],"curies":[{"name":"wp","href":"https:\/\/api.w.org\/{rel}","templated":true}]}}