{"id":12346,"date":"2025-05-13T10:12:45","date_gmt":"2025-05-13T08:12:45","guid":{"rendered":"https:\/\/amazingmarket.ee\/?post_type=product&#038;p=12346"},"modified":"2026-03-14T11:15:18","modified_gmt":"2026-03-14T09:15:18","slug":"eureka-e10s-robot-vacuum-with-bagless-self-emptying-station-2","status":"publish","type":"product","link":"https:\/\/amazingmarket.ee\/et\/toode\/eureka-e10s-robot-vacuum-with-bagless-self-emptying-station-2\/","title":{"rendered":"Eureka E10s robottolmuimeja kotita iset\u00fchjendusjaamaga"},"content":{"rendered":"<h1>KASUTATUD ASJA<\/h1>\n<h1 class=\"a-size-base-plus a-text-bold\">Selle \u00fcksuse kohta<\/h1>\n<ul class=\"a-unordered-list a-vertical a-spacing-mini\">\n<li class=\"a-spacing-mini\"><span class=\"a-list-item\">\u3010Kottideta iset\u00fchjendamisjaam\u3011 \u00d6elge h\u00fcvasti r\u00e4pase ja raiskava koristamisega eureka E10s kotita iset\u00fchjendusjaamaga. See s\u00fcsteem hoiab tolmu ja prahi eemal kuni 45 p\u00e4eva. Veelgi enam, selle kotita disain t\u00e4hendab, et te ei pea rohkemate tolmukottide kallal priiskama, s\u00e4\u00e4stes kuni $70 aastas.<\/span><\/li>\n<li class=\"a-spacing-mini\"><span class=\"a-list-item\">\u3010Multi-Cyclonic&amp;HEPA filter\u3011Eureka E10s iset\u00fchjenev robottolmuimeja on varustatud HEPA-filtriga, mis loob teile ja teie l\u00e4hedastele puhtama ja tervislikuma keskkonna, samal ajal kui Multi-Cyclonic eraldustehnoloogia v\u00e4hendab kassetile sattumist ja pikendab filtri eluiga.<\/span><\/li>\n<li class=\"a-spacing-mini\"><span class=\"a-list-item\">\u30104000 Pa imemisv\u00f5imsus\u3011 T\u00e4iesti puhas puhastus heledamaks koduks. Robottolmuimeja v\u00f5imsa imemisega puhastab k\u00f5va p\u00f5randa ja vaiba s\u00fcgavamalt, kergesti p\u00fchib tolmu, sassis kassi- ja koerakarvu. Saavutage silmapaistvad puhastustulemused ilma mitmekordse p\u00fchkimiseta.<\/span><\/li>\n<li class=\"a-spacing-mini\"><span class=\"a-list-item\">\u3010T\u00e4pne LiDAR-i navigeerimine\u3011 Ettevaatlikum, v\u00e4hem probleeme. LiDAR-i kaardistamine v\u00f5imaldab nutikaid p\u00fchkimismarsruute, mis v\u00e4ldivad kordusi ja vahelej\u00e4tmisi, tuvastades samas takistusi, et parandada p\u00fchkimismasina ohutust. PSD tehnoloogia aitab puhastada nurki ja m\u00f6\u00f6bli servi.<\/span><\/li>\n<li class=\"a-spacing-mini\"><span class=\"a-list-item\">\u3010P\u00f5hjalik p\u00fchkimine\u3011 2-\u00fches Robotolmuimeja ja mopi kombinatsioon tuvastab vaibad ja t\u00f5stab vaibale t\u00f5stetud mopi, t\u00f5stab mopi tilkumise v\u00e4ltimiseks aluspinnale tagasi p\u00f6\u00f6rdudes. Kaks harjapead p\u00fchivad prahi imemisporti, millel on suurem v\u00f5imsus ja suurem leviala.<\/span><\/li>\n<li class=\"a-spacing-mini\"><span class=\"a-list-item\">\u3010T\u00e4ielikult kohandatud APP Control\u3011E10s on sama lihtne kui telefoni kasutamine. Eureka robotirakendus v\u00f5imaldab teil kohandada E10s iset\u00fchjeneva robottolmuimeja mitmepuhastuse s\u00e4tteid ja hallata tsoone t\u00e4pse kaardistamisega. Saate m\u00e4\u00e4rata keelutsoone ja ajastada erinevatele aladele puhastusaegu. Robot toetab ainult 2,4 G Hz.<\/span><\/li>\n<li class=\"a-spacing-mini\"><span class=\"a-list-item\">\u3010Ekstreemne t\u00f6\u00f6aeg\u3011 Kuni 180 minutit, puhastamine ilma katkestusteta. Eriti pikk aku t\u00f6\u00f6iga v\u00f5imaldab puhastada kogu maja enamikus kodudes. Kui aku on t\u00fchi, laeb see automaatselt uuesti ja j\u00e4tkab l\u00f5petamata puhastustoimingutega.<\/span><\/li>\n<\/ul>","protected":false},"excerpt":{"rendered":"<h2>Tooteteave<\/h2>\n<div class=\"a-row\">\n<div class=\"a-column a-span12 a-span-last\">\n<div class=\"a-row a-spacing-top-base\">\n<div class=\"a-column a-span6\">\n<div class=\"a-row a-spacing-base\">\n<div class=\"a-section table-padding\">\n<table id=\"productDetails_detailBullets_sections1\" class=\"a-keyvalue prodDetTable\">\n<tbody>\n<tr>\n<th class=\"a-color-secondary a-size-base prodDetSectionEntry\">Kaubam\u00e4rk<\/th>\n<td class=\"a-size-base prodDetAttrValue\">Eureka<\/td>\n<\/tr>\n<tr>\n<th class=\"a-color-secondary a-size-base prodDetSectionEntry\">Mudeli nimi<\/th>\n<td class=\"a-size-base prodDetAttrValue\">Robottolmuimeja kotita iset\u00fchjendusjaga<\/td>\n<\/tr>\n<tr>\n<th class=\"a-color-secondary a-size-base prodDetSectionEntry\">Erifunktsioon<\/th>\n<td class=\"a-size-base prodDetAttrValue\">Puhastusgraafikud, intelligentne mopi t\u00f5stmine, vaibatuvastus, LiDAR-i navigeerimine, mitme korruse kaardistamine, kotita, iset\u00fchjenev<\/td>\n<\/tr>\n<tr>\n<th class=\"a-color-secondary a-size-base prodDetSectionEntry\">V\u00e4rv<\/th>\n<td class=\"a-size-base prodDetAttrValue\">Must<\/td>\n<\/tr>\n<tr>\n<th class=\"a-color-secondary a-size-base prodDetSectionEntry\">Toote m\u00f5\u00f5tmed<\/th>\n<td class=\"a-size-base prodDetAttrValue\">13,8&quot; P x 13,8&quot; L x 3,9&quot; K<\/td>\n<\/tr>\n<tr>\n<th class=\"a-color-secondary a-size-base prodDetSectionEntry\">Kaasasolevad komponendid<\/th>\n<td class=\"a-size-base prodDetAttrValue\">Mopipadi, filter, laadimisadapter, dokkimisjaam, k\u00fclghari<\/td>\n<\/tr>\n<tr>\n<th class=\"a-color-secondary a-size-base prodDetSectionEntry\">Filtri t\u00fc\u00fcp<\/th>\n<td class=\"a-size-base prodDetAttrValue\">HEPA<\/td>\n<\/tr>\n<tr>\n<th class=\"a-color-secondary a-size-base prodDetSectionEntry\">Aku t\u00f6\u00f6iga<\/th>\n<td class=\"a-size-base prodDetAttrValue\">180 minutit<\/td>\n<\/tr>\n<tr>\n<th class=\"a-color-secondary a-size-base prodDetSectionEntry\">Pinge<\/th>\n<td class=\"a-size-base prodDetAttrValue\">110 volti (AC)<\/td>\n<\/tr>\n<tr>\n<th class=\"a-color-secondary a-size-base prodDetSectionEntry\">Mahutavus<\/th>\n<td class=\"a-size-base prodDetAttrValue\">2 liitrit<\/td>\n<\/tr>\n<tr>\n<th class=\"a-color-secondary a-size-base prodDetSectionEntry\">Toiteallikas<\/th>\n<td class=\"a-size-base prodDetAttrValue\">Akutoitel<\/td>\n<\/tr>\n<tr>\n<th class=\"a-color-secondary a-size-base prodDetSectionEntry\">Kontrollimeetod<\/th>\n<td class=\"a-size-base prodDetAttrValue\">Rakendus<\/td>\n<\/tr>\n<tr>\n<th class=\"a-color-secondary a-size-base prodDetSectionEntry\">\u00dchilduvad seadmed<\/th>\n<td class=\"a-size-base prodDetAttrValue\">Amazon Echo<\/td>\n<\/tr>\n<tr>\n<th class=\"a-color-secondary a-size-base prodDetSectionEntry\">Vormitegur<\/th>\n<td class=\"a-size-base prodDetAttrValue\">Robot<\/td>\n<\/tr>\n<tr>\n<th class=\"a-color-secondary a-size-base prodDetSectionEntry\">UPC<\/th>\n<td class=\"a-size-base prodDetAttrValue\">840296508855<\/td>\n<\/tr>\n<tr>\n<th class=\"a-color-secondary a-size-base prodDetSectionEntry\">Tootmisaasta<\/th>\n<td class=\"a-size-base prodDetAttrValue\">2023<\/td>\n<\/tr>\n<tr>\n<th class=\"a-color-secondary a-size-base prodDetSectionEntry\">Kauba kaal<\/th>\n<td class=\"a-size-base prodDetAttrValue\">23,2 naela<\/td>\n<\/tr>\n<tr>\n<th class=\"a-color-secondary a-size-base prodDetSectionEntry\">Tootja<\/th>\n<td class=\"a-size-base prodDetAttrValue\">EUREKA<\/td>\n<\/tr>\n<tr>\n<th class=\"a-color-secondary a-size-base prodDetSectionEntry\">ASIN<\/th>\n<td class=\"a-size-base prodDetAttrValue\">B0CKXLZPXV<\/td>\n<\/tr>\n<tr>\n<th class=\"a-color-secondary a-size-base prodDetSectionEntry\">P\u00e4ritoluriik<\/th>\n<td class=\"a-size-base prodDetAttrValue\">Hiina<\/td>\n<\/tr>\n<tr>\n<th class=\"a-color-secondary a-size-base prodDetSectionEntry\">Kauba mudeli number<\/th>\n<td class=\"a-size-base prodDetAttrValue\">NER E10s<\/td>\n<\/tr>\n<tr>\n<th class=\"a-color-secondary a-size-base prodDetSectionEntry\">Patareid<\/th>\n<td class=\"a-size-base prodDetAttrValue\">Vaja on 1 liitiumioonakut. (kaasas)<\/td>\n<\/tr>\n<\/tbody>\n<\/table>\n<\/div>\n<\/div>\n<\/div>\n<\/div>\n<\/div>\n<\/div>","protected":false},"featured_media":12351,"comment_status":"open","ping_status":"closed","template":"","meta":{"_monsterinsights_skip_tracking":false,"_monsterinsights_sitenote_active":false,"_monsterinsights_sitenote_note":"","_monsterinsights_sitenote_category":0,"jetpack_publicize_message":"","jetpack_publicize_feature_enabled":true,"jetpack_social_post_already_shared":true,"jetpack_social_options":{"image_generator_settings":{"template":"highway","default_image_id":0,"font":"","enabled":false},"version":2}},"product_brand":[],"product_cat":[80],"product_tag":[],"class_list":{"0":"post-12346","1":"product","2":"type-product","3":"status-publish","4":"has-post-thumbnail","6":"product_cat-robot-vacuum-cleaners","8":"first","9":"instock","10":"sale","11":"shipping-taxable","12":"purchasable","13":"product-type-simple"},"aioseo_notices":[],"jetpack_publicize_connections":[],"jetpack_sharing_enabled":true,"_links":{"self":[{"href":"https:\/\/amazingmarket.ee\/et\/wp-json\/wp\/v2\/product\/12346","targetHints":{"allow":["GET"]}}],"collection":[{"href":"https:\/\/amazingmarket.ee\/et\/wp-json\/wp\/v2\/product"}],"about":[{"href":"https:\/\/amazingmarket.ee\/et\/wp-json\/wp\/v2\/types\/product"}],"replies":[{"embeddable":true,"href":"https:\/\/amazingmarket.ee\/et\/wp-json\/wp\/v2\/comments?post=12346"}],"wp:featuredmedia":[{"embeddable":true,"href":"https:\/\/amazingmarket.ee\/et\/wp-json\/wp\/v2\/media\/12351"}],"wp:attachment":[{"href":"https:\/\/amazingmarket.ee\/et\/wp-json\/wp\/v2\/media?parent=12346"}],"wp:term":[{"taxonomy":"product_brand","embeddable":true,"href":"https:\/\/amazingmarket.ee\/et\/wp-json\/wp\/v2\/product_brand?post=12346"},{"taxonomy":"product_cat","embeddable":true,"href":"https:\/\/amazingmarket.ee\/et\/wp-json\/wp\/v2\/product_cat?post=12346"},{"taxonomy":"product_tag","embeddable":true,"href":"https:\/\/amazingmarket.ee\/et\/wp-json\/wp\/v2\/product_tag?post=12346"}],"curies":[{"name":"wp","href":"https:\/\/api.w.org\/{rel}","templated":true}]}}