{"id":12090,"date":"2025-05-05T15:02:27","date_gmt":"2025-05-05T13:02:27","guid":{"rendered":"https:\/\/amazingmarket.ee\/?post_type=product&#038;p=12090"},"modified":"2026-03-14T11:15:18","modified_gmt":"2026-03-14T09:15:18","slug":"cecotec-cleanfry-infinity-3000-fryer","status":"publish","type":"product","link":"https:\/\/amazingmarket.ee\/et\/toode\/cecotec-cleanfry-infinity-3000-fryer\/","title":{"rendered":"Cecotec Cleanfry Infinity 3000 frit\u00fc\u00fcr"},"content":{"rendered":"<h1>UUS<\/h1>\n<h1 class=\"a-size-base-plus a-text-bold\">Selle \u00fcksuse kohta<\/h1>\n<ul class=\"a-unordered-list a-vertical a-spacing-mini\">\n<li class=\"a-spacing-mini\"><span class=\"a-list-item\">Kvaliteetne frit\u00fc\u00fcr mahutavusega 3 liitrit \u00f5li, mis sobib ideaalselt mitmesuguste praetud toitude, n\u00e4iteks kartulite, kana v\u00f5i kala k\u00fcpsetamiseks. Komplektis on \u00f5lifilter, mis hoiab \u00f5li p\u00e4rast iga kasutuskorda puhtana.<\/span><\/li>\n<li class=\"a-spacing-mini\"><span class=\"a-list-item\">Sellel on 2400 W tippv\u00f5imsus kiireks ja t\u00f5husaks praadimiseks ning see tagab t\u00e4iusliku praadimise l\u00fchikese ajaga. OilCleaneri filter, k\u00fcvett ja OilCleaneri filter on n\u00f5udepesumasinas pestavad ning neil on roostevabast terasest kaas l\u00f5hnafiltriga, et v\u00e4ltida ebamugavusi k\u00f6\u00f6gis.<\/span><\/li>\n<li class=\"a-spacing-mini\"><span class=\"a-list-item\">Kaanel olev aken praadimisprotsessi t\u00e4iuslikuks kontrollimiseks. 30-minutiline taimer praadimisaja h\u00f5lpsaks eelseadistamiseks ja soovitud tulemuste saavutamiseks. Parima tulemuse saavutamiseks reguleeritav temperatuur kuni 190 \u00b0C.<\/span><\/li>\n<li class=\"a-spacing-mini\"><span class=\"a-list-item\">Elegantne disain musta lakitud korpuse ja kaanega. See on t\u00e4ielikult eemaldatav h\u00f5lpsaks puhastamiseks ja hooldamiseks ning sellel on mittenakkuv \u00e4mber, mis tagab \u00fchtlase k\u00fcpsetamise ja hoiab \u00e4ra toidu kinnij\u00e4\u00e4mise.<\/span><\/li>\n<li class=\"a-spacing-mini\"><span class=\"a-list-item\">Frit\u00fc\u00fcrikorvil on jahe k\u00e4epide, et juhtida praadimisprotsessi ilma p\u00f5letusohuta, ning sellel on \u00fclekuumenemiskaitse ja m\u00e4rgutuli ning temperatuurivahemik.<\/span><\/li>\n<\/ul>","protected":false},"excerpt":{"rendered":"<div class=\"a-row\">\n<div class=\"a-column a-span6\">\n<h1 class=\"a-size-medium a-spacing-small\">Tehnilised \u00fcksikasjad<\/h1>\n<\/div>\n<\/div>\n<div class=\"a-expander-content a-expander-extend-content\" data-expanded=\"true\">\n<div class=\"a-row a-expander-container a-expander-inline-container\">\n<div class=\"a-expander-content a-expander-section-content a-section-expander-inner\" data-expanded=\"true\">\n<table id=\"productDetails_techSpec_section_1\" class=\"a-keyvalue prodDetTable\">\n<tbody>\n<tr>\n<th class=\"a-color-secondary a-size-base prodDetSectionEntry\">Kaubam\u00e4rk<\/th>\n<td class=\"a-size-base prodDetAttrValue\">Cecotec<\/td>\n<\/tr>\n<tr>\n<th class=\"a-color-secondary a-size-base prodDetSectionEntry\">Mudeli number<\/th>\n<td class=\"a-size-base prodDetAttrValue\">3072<\/td>\n<\/tr>\n<tr>\n<th class=\"a-color-secondary a-size-base prodDetSectionEntry\">V\u00e4rv<\/th>\n<td class=\"a-size-base prodDetAttrValue\">Must<\/td>\n<\/tr>\n<tr>\n<th class=\"a-color-secondary a-size-base prodDetSectionEntry\">Toote m\u00f5\u00f5tmed<\/th>\n<td class=\"a-size-base prodDetAttrValue\">57 x 41 x 25 cm; 3,45 kg<\/td>\n<\/tr>\n<tr>\n<th class=\"a-color-secondary a-size-base prodDetSectionEntry\">Helitugevus<\/th>\n<td class=\"a-size-base prodDetAttrValue\">3 liitrit<\/td>\n<\/tr>\n<tr>\n<th class=\"a-color-secondary a-size-base prodDetSectionEntry\">V\u00f5imsus \/ vatt<\/th>\n<td class=\"a-size-base prodDetAttrValue\">2400 vatti<\/td>\n<\/tr>\n<tr>\n<th class=\"a-color-secondary a-size-base prodDetSectionEntry\">Materjal<\/th>\n<td class=\"a-size-base prodDetAttrValue\">Plastikust<\/td>\n<\/tr>\n<tr>\n<th class=\"a-color-secondary a-size-base prodDetSectionEntry\">Automaatne v\u00e4ljal\u00fclitus<\/th>\n<td class=\"a-size-base prodDetAttrValue\">Ei<\/td>\n<\/tr>\n<tr>\n<th class=\"a-color-secondary a-size-base prodDetSectionEntry\">\u00dchilduvad mudelid<\/th>\n<td class=\"a-size-base prodDetAttrValue\">N\u00f5udepesumasinas pestav<\/td>\n<\/tr>\n<tr>\n<th class=\"a-color-secondary a-size-base prodDetSectionEntry\">Kauba kaal<\/th>\n<td class=\"a-size-base prodDetAttrValue\">3,45 kg<\/td>\n<\/tr>\n<\/tbody>\n<\/table>\n<\/div>\n<\/div>\n<\/div>","protected":false},"featured_media":12097,"comment_status":"open","ping_status":"closed","template":"","meta":{"_monsterinsights_skip_tracking":false,"_monsterinsights_sitenote_active":false,"_monsterinsights_sitenote_note":"","_monsterinsights_sitenote_category":0,"jetpack_publicize_message":"","jetpack_publicize_feature_enabled":true,"jetpack_social_post_already_shared":true,"jetpack_social_options":{"image_generator_settings":{"template":"highway","default_image_id":0,"font":"","enabled":false},"version":2}},"product_brand":[],"product_cat":[71],"product_tag":[],"class_list":{"0":"post-12090","1":"product","2":"type-product","3":"status-publish","4":"has-post-thumbnail","6":"product_cat-airfryers","8":"first","9":"instock","10":"sale","11":"shipping-taxable","12":"purchasable","13":"product-type-simple"},"aioseo_notices":[],"jetpack_publicize_connections":[],"jetpack_sharing_enabled":true,"_links":{"self":[{"href":"https:\/\/amazingmarket.ee\/et\/wp-json\/wp\/v2\/product\/12090","targetHints":{"allow":["GET"]}}],"collection":[{"href":"https:\/\/amazingmarket.ee\/et\/wp-json\/wp\/v2\/product"}],"about":[{"href":"https:\/\/amazingmarket.ee\/et\/wp-json\/wp\/v2\/types\/product"}],"replies":[{"embeddable":true,"href":"https:\/\/amazingmarket.ee\/et\/wp-json\/wp\/v2\/comments?post=12090"}],"wp:featuredmedia":[{"embeddable":true,"href":"https:\/\/amazingmarket.ee\/et\/wp-json\/wp\/v2\/media\/12097"}],"wp:attachment":[{"href":"https:\/\/amazingmarket.ee\/et\/wp-json\/wp\/v2\/media?parent=12090"}],"wp:term":[{"taxonomy":"product_brand","embeddable":true,"href":"https:\/\/amazingmarket.ee\/et\/wp-json\/wp\/v2\/product_brand?post=12090"},{"taxonomy":"product_cat","embeddable":true,"href":"https:\/\/amazingmarket.ee\/et\/wp-json\/wp\/v2\/product_cat?post=12090"},{"taxonomy":"product_tag","embeddable":true,"href":"https:\/\/amazingmarket.ee\/et\/wp-json\/wp\/v2\/product_tag?post=12090"}],"curies":[{"name":"wp","href":"https:\/\/api.w.org\/{rel}","templated":true}]}}