{"id":12075,"date":"2025-05-05T14:49:25","date_gmt":"2025-05-05T12:49:25","guid":{"rendered":"https:\/\/amazingmarket.ee\/?post_type=product&#038;p=12075"},"modified":"2026-03-14T11:15:18","modified_gmt":"2026-03-14T09:15:18","slug":"cecotec-conga-rockstar-multicyclonic-compact","status":"publish","type":"product","link":"https:\/\/amazingmarket.ee\/et\/toode\/cecotec-conga-rockstar-multicyclonic-compact\/","title":{"rendered":"Cecotec Conga Rockstar multits\u00fckloniline kompaktne"},"content":{"rendered":"<h1>DEMO, ON KRIIBUMISID<\/h1>\n<h1 class=\"a-size-base-plus a-text-bold\">Selle \u00fcksuse kohta<\/h1>\n<ul class=\"a-unordered-list a-vertical a-spacing-mini\">\n<li class=\"a-spacing-mini\"><span class=\"a-list-item\">Kotita multits\u00fcklon-t\u00fc\u00fcpi kelktolmuimeja \u2013 maksimaalne j\u00f5udlus, minimaalne tarbimine ja k\u00f5rge filtri j\u00f5udlus<\/span><\/li>\n<li class=\"a-spacing-mini\"><span class=\"a-list-item\">TimeCyclonic Pro s\u00fcsteemiga: s\u00e4ilitab imemisv\u00f5imsuse samal ajal t\u00e4nu uuenduslikule mitmeastmelisele ts\u00fcklons\u00fcsteemile. UltraPower tehnoloogias\u00fcsteem s\u00e4ilitab maksimaalse imemisv\u00f5imsuse, saavutades uskumatuid tulemusi 800-vatise energiatarbega.<\/span><\/li>\n<li class=\"a-spacing-mini\"><span class=\"a-list-item\">\u00dclit\u00f5hus \u00f5hufiltreerimine, mis suudab eemaldada suure osa mustusest. Nutikas v\u00f5imsuse reguleerimine: vajadusel t\u00e4ielikult reguleeritav imemisv\u00f5imsus.<\/span><\/li>\n<li class=\"a-spacing-mini\"><span class=\"a-list-item\">2,5-liitrine konteiner lihtsa ja h\u00fcgieenilise t\u00fchjendamisega. Sobib k\u00f5ikidele pindadele t\u00e4nu m\u00f6\u00f6blitarvikutele ja nurgakinnitusele.<\/span><\/li>\n<li class=\"a-spacing-mini\"><span class=\"a-list-item\">Ergonoomiline s\u00fcsteem: kerge ja k\u00e4ep\u00e4rane, metallist teleskooptoru ja automaatse kaabli tagasikerimisega toode minimaalse aastase tarbimisega, s\u00e4\u00e4stes energiat ja elektriarveid.<\/span><\/li>\n<\/ul>","protected":false},"excerpt":{"rendered":"<div class=\"a-row\">\n<div class=\"a-column a-span6\">\n<h1 class=\"a-size-medium a-spacing-small\">Tehnilised \u00fcksikasjad<\/h1>\n<\/div>\n<\/div>\n<div class=\"a-expander-content a-expander-extend-content\" data-expanded=\"true\">\n<div class=\"a-row a-expander-container a-expander-inline-container\">\n<div class=\"a-expander-content a-expander-section-content a-section-expander-inner\" data-expanded=\"true\">\n<table id=\"productDetails_techSpec_section_1\" class=\"a-keyvalue prodDetTable\">\n<tbody>\n<tr>\n<th class=\"a-color-secondary a-size-base prodDetSectionEntry\">Kaubam\u00e4rk<\/th>\n<td class=\"a-size-base prodDetAttrValue\">Cecotec<\/td>\n<\/tr>\n<tr>\n<th class=\"a-color-secondary a-size-base prodDetSectionEntry\">Mudeli number<\/th>\n<td class=\"a-size-base prodDetAttrValue\">\u200e05599<\/td>\n<\/tr>\n<tr>\n<th class=\"a-color-secondary a-size-base prodDetSectionEntry\">V\u00e4rv<\/th>\n<td class=\"a-size-base prodDetAttrValue\">Must<\/td>\n<\/tr>\n<tr>\n<th class=\"a-color-secondary a-size-base prodDetSectionEntry\">Toote m\u00f5\u00f5tmed<\/th>\n<td class=\"a-size-base prodDetAttrValue\">31 x 27 x 38 cm; 4,7 kg<\/td>\n<\/tr>\n<tr>\n<th class=\"a-color-secondary a-size-base prodDetSectionEntry\">Mahutavus<\/th>\n<td class=\"a-size-base prodDetAttrValue\">2,5 liitrit<\/td>\n<\/tr>\n<tr>\n<th class=\"a-color-secondary a-size-base prodDetSectionEntry\">Helitugevus<\/th>\n<td class=\"a-size-base prodDetAttrValue\">2,5 liitrit<\/td>\n<\/tr>\n<tr>\n<th class=\"a-color-secondary a-size-base prodDetSectionEntry\">V\u00f5imsus \/ vatt<\/th>\n<td class=\"a-size-base prodDetAttrValue\">800 vatti<\/td>\n<\/tr>\n<tr>\n<th class=\"a-color-secondary a-size-base prodDetSectionEntry\">Materjal<\/th>\n<td class=\"a-size-base prodDetAttrValue\">Plastikust<\/td>\n<\/tr>\n<tr>\n<th class=\"a-color-secondary a-size-base prodDetSectionEntry\">M\u00fcra tase<\/th>\n<td class=\"a-size-base prodDetAttrValue\">70 dB<\/td>\n<\/tr>\n<tr>\n<th class=\"a-color-secondary a-size-base prodDetSectionEntry\">\u00dchilduvad mudelid<\/th>\n<td class=\"a-size-base prodDetAttrValue\">standardne<\/td>\n<\/tr>\n<tr>\n<th class=\"a-color-secondary a-size-base prodDetSectionEntry\">Eriomadused<\/th>\n<td class=\"a-size-base prodDetAttrValue\">Kotita<\/td>\n<\/tr>\n<tr>\n<th class=\"a-color-secondary a-size-base prodDetSectionEntry\">Kauba kaal<\/th>\n<td class=\"a-size-base prodDetAttrValue\">4,7 kilogrammi<\/td>\n<\/tr>\n<\/tbody>\n<\/table>\n<\/div>\n<\/div>\n<\/div>","protected":false},"featured_media":12076,"comment_status":"open","ping_status":"closed","template":"","meta":{"_monsterinsights_skip_tracking":false,"_monsterinsights_sitenote_active":false,"_monsterinsights_sitenote_note":"","_monsterinsights_sitenote_category":0,"jetpack_publicize_message":"","jetpack_publicize_feature_enabled":true,"jetpack_social_post_already_shared":true,"jetpack_social_options":{"image_generator_settings":{"template":"highway","default_image_id":0,"font":"","enabled":false},"version":2}},"product_brand":[],"product_cat":[154],"product_tag":[],"class_list":{"0":"post-12075","1":"product","2":"type-product","3":"status-publish","4":"has-post-thumbnail","6":"product_cat-wired-vacuum-cleaners","8":"first","9":"instock","10":"sale","11":"shipping-taxable","12":"purchasable","13":"product-type-simple"},"aioseo_notices":[],"jetpack_publicize_connections":[],"jetpack_sharing_enabled":true,"_links":{"self":[{"href":"https:\/\/amazingmarket.ee\/et\/wp-json\/wp\/v2\/product\/12075","targetHints":{"allow":["GET"]}}],"collection":[{"href":"https:\/\/amazingmarket.ee\/et\/wp-json\/wp\/v2\/product"}],"about":[{"href":"https:\/\/amazingmarket.ee\/et\/wp-json\/wp\/v2\/types\/product"}],"replies":[{"embeddable":true,"href":"https:\/\/amazingmarket.ee\/et\/wp-json\/wp\/v2\/comments?post=12075"}],"wp:featuredmedia":[{"embeddable":true,"href":"https:\/\/amazingmarket.ee\/et\/wp-json\/wp\/v2\/media\/12076"}],"wp:attachment":[{"href":"https:\/\/amazingmarket.ee\/et\/wp-json\/wp\/v2\/media?parent=12075"}],"wp:term":[{"taxonomy":"product_brand","embeddable":true,"href":"https:\/\/amazingmarket.ee\/et\/wp-json\/wp\/v2\/product_brand?post=12075"},{"taxonomy":"product_cat","embeddable":true,"href":"https:\/\/amazingmarket.ee\/et\/wp-json\/wp\/v2\/product_cat?post=12075"},{"taxonomy":"product_tag","embeddable":true,"href":"https:\/\/amazingmarket.ee\/et\/wp-json\/wp\/v2\/product_tag?post=12075"}],"curies":[{"name":"wp","href":"https:\/\/api.w.org\/{rel}","templated":true}]}}