{"id":11921,"date":"2025-05-02T11:26:32","date_gmt":"2025-05-02T09:26:32","guid":{"rendered":"https:\/\/amazingmarket.ee\/?post_type=product&#038;p=11921"},"modified":"2026-03-14T11:15:18","modified_gmt":"2026-03-14T09:15:18","slug":"ultenic-t10-pro-robot-vacuum-cleaner-with-wiping-function","status":"publish","type":"product","link":"https:\/\/amazingmarket.ee\/et\/toode\/ultenic-t10-pro-robot-vacuum-cleaner-with-wiping-function\/","title":{"rendered":"Ultenic T10 Pro robottolmuimeja p\u00fchkimisfunktsiooniga"},"content":{"rendered":"<h1>KASUTATUD ASJA<\/h1>\n<h1 class=\"a-size-base-plus a-text-bold\">Selle \u00fcksuse kohta<\/h1>\n<ul class=\"a-unordered-list a-vertical a-spacing-mini\">\n<li class=\"a-spacing-mini\"><span class=\"a-list-item\">Topeltpuhastusefekt: robottolmuimejal on kaks p\u00f6\u00f6rlevat moppi ja \u00fcliv\u00f5imas imemisv\u00f5imsus 4000 Pa. Ainulaadne disain v\u00f5imaldab sellel mopi p\u00fchkimise ajal tolmu p\u00fc\u00fcda, muutes iga pinna tolli puhastamise lihtsaks.<\/span><\/li>\n<li class=\"a-spacing-mini\"><span class=\"a-list-item\">Vaata, kuhu see l\u00e4heb: robottolmuimeja kasutab LIDAR-navigatsioonitehnoloogiat takistuste t\u00e4pseks tuvastamiseks ja v\u00f5imaldab teil m\u00e4\u00e4rata mitu kohandatud kaarti erinevate korruste, ruumide v\u00f5i tsoonide jaoks.<\/span><\/li>\n<li class=\"a-spacing-mini\"><span class=\"a-list-item\">Allergias\u00f5bralik: t\u00e4nu ise t\u00fchjenevale jaamale unustate tolmuimejaga t\u00f6\u00f6tamise 60 p\u00e4evaks. Integreeritud UV-steriliseerimine h\u00e4vitab kotis kuni 99,9% bakterit ja viirust. Hoidke oma kodu mitte ainult puhtana, vaid ka h\u00fcgieenilisena.<\/span><\/li>\n<li class=\"a-spacing-mini\"><span class=\"a-list-item\">Vaipade p\u00e4rast pole vaja muretseda: T10 Pro robottolmuimeja ja mopp tuvastab vaibad t\u00e4pselt. Vaibaalale sisenedes kohandab see oma t\u00f6\u00f6d automaatselt t\u00f5husaks puhastamiseks. Pesure\u017eiimis tuvastab see vaibad ja v\u00e4ldib neid neid m\u00e4rjaks tegemata.<\/span><\/li>\n<li class=\"a-spacing-mini\"><span class=\"a-list-item\">Paindlik ja nutikas juhtimine: \u00fchendage meie harjarobot Google&#039;i ja Alexaga mugava h\u00e4\u00e4ljuhtimise jaoks. Laadige alla Ultenic rakendus ja juhtige harja koos oma perega.<\/span><\/li>\n<\/ul>","protected":false},"excerpt":{"rendered":"<div class=\"a-row\">\n<div class=\"a-column a-span6\">\n<h1 class=\"a-size-medium a-spacing-small\">Tehnilised \u00fcksikasjad<\/h1>\n<\/div>\n<\/div>\n<div class=\"a-expander-content a-expander-extend-content\" data-expanded=\"true\">\n<div class=\"a-row a-expander-container a-expander-inline-container\">\n<div class=\"a-expander-content a-expander-section-content a-section-expander-inner\" data-expanded=\"true\">\n<table id=\"productDetails_techSpec_section_1\" class=\"a-keyvalue prodDetTable\">\n<tbody>\n<tr>\n<th class=\"a-color-secondary a-size-base prodDetSectionEntry\">Kaubam\u00e4rk<\/th>\n<td class=\"a-size-base prodDetAttrValue\">Ultenic<\/td>\n<\/tr>\n<tr>\n<th class=\"a-color-secondary a-size-base prodDetSectionEntry\">Mudeli number<\/th>\n<td class=\"a-size-base prodDetAttrValue\">T10 Pro<\/td>\n<\/tr>\n<tr>\n<th class=\"a-color-secondary a-size-base prodDetSectionEntry\">V\u00e4rv<\/th>\n<td class=\"a-size-base prodDetAttrValue\">Valge<\/td>\n<\/tr>\n<tr>\n<th class=\"a-color-secondary a-size-base prodDetSectionEntry\">Toote m\u00f5\u00f5tmed<\/th>\n<td class=\"a-size-base prodDetAttrValue\">42 x 41,5 x 37,5 cm; 10,9 g<\/td>\n<\/tr>\n<tr>\n<th class=\"a-color-secondary a-size-base prodDetSectionEntry\">Mahutavus<\/th>\n<td class=\"a-size-base prodDetAttrValue\">3,3 liitrit<\/td>\n<\/tr>\n<tr>\n<th class=\"a-color-secondary a-size-base prodDetSectionEntry\">V\u00f5imsus \/ vatt<\/th>\n<td class=\"a-size-base prodDetAttrValue\">\u200e5200 milliampritundi<\/td>\n<\/tr>\n<tr>\n<th class=\"a-color-secondary a-size-base prodDetSectionEntry\">Pinge<\/th>\n<td class=\"a-size-base prodDetAttrValue\">14,4 volti<\/td>\n<\/tr>\n<tr>\n<th class=\"a-color-secondary a-size-base prodDetSectionEntry\">Automaatne v\u00e4ljal\u00fclitus<\/th>\n<td class=\"a-size-base prodDetAttrValue\">jah<\/td>\n<\/tr>\n<tr>\n<th class=\"a-color-secondary a-size-base prodDetSectionEntry\">M\u00fcra tase<\/th>\n<td class=\"a-size-base prodDetAttrValue\">62 dB<\/td>\n<\/tr>\n<tr>\n<th class=\"a-color-secondary a-size-base prodDetSectionEntry\">Kestus<\/th>\n<td class=\"a-size-base prodDetAttrValue\">3 tundi ja 20 minutit<\/td>\n<\/tr>\n<tr>\n<th class=\"a-color-secondary a-size-base prodDetSectionEntry\">\u00dchilduvad mudelid<\/th>\n<td class=\"a-size-base prodDetAttrValue\">Nutitelefonid, Amazon Echo, Google Home<\/td>\n<\/tr>\n<tr>\n<th class=\"a-color-secondary a-size-base prodDetSectionEntry\">Eriomadused<\/th>\n<td class=\"a-size-base prodDetAttrValue\">Muutuv imemisv\u00f5imsuse reguleerimine, Selektiivne ruumipuhastus, Nutikas mopi t\u00f5stmine, Selektiivne ruumipuhastus, Lemmikloomade karvade imamine, Automaatne dokkimine, T\u00e4iustatud kohandatud puhastus, Muutuv imemisv\u00f5imsuse reguleerimine, T\u00e4iustatud kohandatud puhastus, automaatne dokkimine, Nutikas mopi t\u00f5stmine, Lemmikloomade karvade korjamine, T\u00e4pne laserkaardistamine ja navigeerimine, Iset\u00fchjendus, Iset\u00fchjendus<\/td>\n<\/tr>\n<tr>\n<th class=\"a-color-secondary a-size-base prodDetSectionEntry\">Kauba kaal<\/th>\n<td class=\"a-size-base prodDetAttrValue\">10,9 g<\/td>\n<\/tr>\n<\/tbody>\n<\/table>\n<\/div>\n<\/div>\n<\/div>","protected":false},"featured_media":11930,"comment_status":"open","ping_status":"closed","template":"","meta":{"_monsterinsights_skip_tracking":false,"_monsterinsights_sitenote_active":false,"_monsterinsights_sitenote_note":"","_monsterinsights_sitenote_category":0,"jetpack_publicize_message":"","jetpack_publicize_feature_enabled":true,"jetpack_social_post_already_shared":true,"jetpack_social_options":{"image_generator_settings":{"template":"highway","default_image_id":0,"font":"","enabled":false},"version":2}},"product_brand":[],"product_cat":[80],"product_tag":[],"class_list":{"0":"post-11921","1":"product","2":"type-product","3":"status-publish","4":"has-post-thumbnail","6":"product_cat-robot-vacuum-cleaners","8":"first","9":"instock","10":"sale","11":"shipping-taxable","12":"purchasable","13":"product-type-simple"},"aioseo_notices":[],"jetpack_publicize_connections":[],"jetpack_sharing_enabled":true,"_links":{"self":[{"href":"https:\/\/amazingmarket.ee\/et\/wp-json\/wp\/v2\/product\/11921","targetHints":{"allow":["GET"]}}],"collection":[{"href":"https:\/\/amazingmarket.ee\/et\/wp-json\/wp\/v2\/product"}],"about":[{"href":"https:\/\/amazingmarket.ee\/et\/wp-json\/wp\/v2\/types\/product"}],"replies":[{"embeddable":true,"href":"https:\/\/amazingmarket.ee\/et\/wp-json\/wp\/v2\/comments?post=11921"}],"wp:featuredmedia":[{"embeddable":true,"href":"https:\/\/amazingmarket.ee\/et\/wp-json\/wp\/v2\/media\/11930"}],"wp:attachment":[{"href":"https:\/\/amazingmarket.ee\/et\/wp-json\/wp\/v2\/media?parent=11921"}],"wp:term":[{"taxonomy":"product_brand","embeddable":true,"href":"https:\/\/amazingmarket.ee\/et\/wp-json\/wp\/v2\/product_brand?post=11921"},{"taxonomy":"product_cat","embeddable":true,"href":"https:\/\/amazingmarket.ee\/et\/wp-json\/wp\/v2\/product_cat?post=11921"},{"taxonomy":"product_tag","embeddable":true,"href":"https:\/\/amazingmarket.ee\/et\/wp-json\/wp\/v2\/product_tag?post=11921"}],"curies":[{"name":"wp","href":"https:\/\/api.w.org\/{rel}","templated":true}]}}