{"id":11887,"date":"2025-04-30T12:32:13","date_gmt":"2025-04-30T10:32:13","guid":{"rendered":"https:\/\/amazingmarket.ee\/?post_type=product&#038;p=11887"},"modified":"2026-03-14T11:15:18","modified_gmt":"2026-03-14T09:15:18","slug":"irobot-roomba-i3-evo-3550-self-emptying-robot-vacuum","status":"publish","type":"product","link":"https:\/\/amazingmarket.ee\/et\/toode\/irobot-roomba-i3-evo-3550-self-emptying-robot-vacuum\/","title":{"rendered":"iRobot Roomba i3+ EVO (3550) ise t\u00fchjenev robottolmuimeja"},"content":{"rendered":"<h1>DEMO<\/h1>\n<h1 class=\"a-size-base-plus a-text-bold\">Selle \u00fcksuse kohta<\/h1>\n<ul class=\"a-unordered-list a-vertical a-spacing-mini\">\n<li class=\"a-spacing-mini\"><span class=\"a-list-item\">J\u00d5UDLUS: iRobot Roomba i3 plus (3550) WiFi-\u00fchendusega robottolmuimeja imeb sisse kangekaelse mustuse esmaklassilise 3-astmelise puhastuss\u00fcsteemi ja 10 korda v\u00f5imsama imemisv\u00f5imsusega. Juhtige puhastamist iRobot Home&#039;i rakenduse v\u00f5i h\u00e4\u00e4lassistendiga.<\/span><\/li>\n<li class=\"a-spacing-mini\"><span class=\"a-list-item\">AUTOMAATNE MUSTUSE EEMALDAMINE: Unustage kuude kaupa tolmuimejaga t\u00f6\u00f6tamine t\u00e4nu Clean Base automaatsele mustuse eemaldamise s\u00fcsteemile, mis v\u00f5imaldab i3 plusil end kuni 60 p\u00e4eva jooksul ise t\u00fchjendada.<\/span><\/li>\n<li class=\"a-spacing-mini\"><span class=\"a-list-item\">RAKENDUS: V\u00e4rskendatud iRobot Home&#039;i rakendus v\u00f5imaldab teil oma \u00fcldist puhastuskogemust t\u00e4iustada. Nautige funktsioone, mis sobivad teie ellu, sealhulgas isikup\u00e4rastatud ajastamissoovitusi ja hooajalisi soovitusi, mis k\u00f5ik on kohandatud teie ainulaadsetele vajadustele.<\/span><\/li>\n<li class=\"a-spacing-mini\"><span class=\"a-list-item\">H\u00c4\u00c4LABI: Robottolmuimeja \u00f5pib teie koristusharjumusi tundma, et pakkuda isikup\u00e4rastatud ajakava, samas kui Google Assistant ja Alexa v\u00f5imaldavad teil koristamist alustada vaid oma h\u00e4\u00e4lega. i3 soovitab isegi lisakoristust, kui teie piirkonnas on palju \u00f5ietolmu v\u00f5i lemmikloomade karvavahetuse hooajal.<\/span><\/li>\n<li class=\"a-spacing-mini\"><span class=\"a-list-item\">TEHNOLOOGIA: Patenteeritud mustuse tuvastamise tehnoloogia aitab teie robotil leida teie kodus k\u00f5ige mustemaid kohti, n\u00e4iteks tiheda liiklusega kohti, ja puhastab neid p\u00f5hjalikumalt.<\/span><\/li>\n<\/ul>","protected":false},"excerpt":{"rendered":"<h2>Tooteteave<\/h2>\n<div class=\"a-row\">\n<div class=\"a-column a-span12 a-span-last\">\n<div class=\"a-row a-spacing-top-base\">\n<div class=\"a-column a-span6\">\n<div class=\"a-row a-spacing-base\">\n<div class=\"a-section table-padding\">\n<table id=\"productDetails_detailBullets_sections1\" class=\"a-keyvalue prodDetTable\">\n<tbody>\n<tr>\n<th class=\"a-color-secondary a-size-base prodDetSectionEntry\">Kaubam\u00e4rk<\/th>\n<td class=\"a-size-base prodDetAttrValue\">iRobot<\/td>\n<\/tr>\n<tr>\n<th class=\"a-color-secondary a-size-base prodDetSectionEntry\">Mudeli nimi<\/th>\n<td class=\"a-size-base prodDetAttrValue\">i355<\/td>\n<\/tr>\n<tr>\n<th class=\"a-color-secondary a-size-base prodDetSectionEntry\">Erifunktsioon<\/th>\n<td class=\"a-size-base prodDetAttrValue\">Nutikas kaardistamine, automaatne tolmukogumine, ajastamine, lemmikloomade karvade korjamine, tubade kaupa navigeerimine, iset\u00fchjendamine<\/td>\n<\/tr>\n<tr>\n<th class=\"a-color-secondary a-size-base prodDetSectionEntry\">V\u00e4rv<\/th>\n<td class=\"a-size-base prodDetAttrValue\">Hall<\/td>\n<\/tr>\n<tr>\n<th class=\"a-color-secondary a-size-base prodDetSectionEntry\">Toote m\u00f5\u00f5tmed<\/th>\n<td class=\"a-size-base prodDetAttrValue\">13,34 tolli P x 13,26 tolli L x 3,63 tolli K<\/td>\n<\/tr>\n<tr>\n<th class=\"a-color-secondary a-size-base prodDetSectionEntry\">Kaasasolevad komponendid<\/th>\n<td class=\"a-size-base prodDetAttrValue\">\u2022 1 Roomba\u00ae i3+ robottolmuimeja \u2022 1 Clean Base\u00ae automaatne tolmuimeja \u2022 2 tolmukotti \u2022 1 eriti t\u00f5hus filter<\/td>\n<\/tr>\n<tr>\n<th class=\"a-color-secondary a-size-base prodDetSectionEntry\">Filtri t\u00fc\u00fcp<\/th>\n<td class=\"a-size-base prodDetAttrValue\">Ketas<\/td>\n<\/tr>\n<tr>\n<th class=\"a-color-secondary a-size-base prodDetSectionEntry\">Aku t\u00f6\u00f6iga<\/th>\n<td class=\"a-size-base prodDetAttrValue\">75 minutit<\/td>\n<\/tr>\n<tr>\n<th class=\"a-color-secondary a-size-base prodDetSectionEntry\">Pinge<\/th>\n<td class=\"a-size-base prodDetAttrValue\">240 volti<\/td>\n<\/tr>\n<tr>\n<th class=\"a-color-secondary a-size-base prodDetSectionEntry\">Mahutavus<\/th>\n<td class=\"a-size-base prodDetAttrValue\">13,5 untsi<\/td>\n<\/tr>\n<tr>\n<th class=\"a-color-secondary a-size-base prodDetSectionEntry\">Toiteallikas<\/th>\n<td class=\"a-size-base prodDetAttrValue\">Akutoitel<\/td>\n<\/tr>\n<tr>\n<th class=\"a-color-secondary a-size-base prodDetSectionEntry\">Kas patareid on komplektis<\/th>\n<td class=\"a-size-base prodDetAttrValue\">Jah<\/td>\n<\/tr>\n<tr>\n<th class=\"a-color-secondary a-size-base prodDetSectionEntry\">Kontrollimeetod<\/th>\n<td class=\"a-size-base prodDetAttrValue\">H\u00e4\u00e4l<\/td>\n<\/tr>\n<tr>\n<th class=\"a-color-secondary a-size-base prodDetSectionEntry\">\u00dchilduvad seadmed<\/th>\n<td class=\"a-size-base prodDetAttrValue\">Nutitelefonid, Amazon Echo, tahvelarvutid, Google Home<\/td>\n<\/tr>\n<tr>\n<th class=\"a-color-secondary a-size-base prodDetSectionEntry\">Vormitegur<\/th>\n<td class=\"a-size-base prodDetAttrValue\">Robot<\/td>\n<\/tr>\n<tr>\n<th class=\"a-color-secondary a-size-base prodDetSectionEntry\">Globaalne kaubanduse identifitseerimisnumber<\/th>\n<td class=\"a-size-base prodDetAttrValue\">10885155023459<\/td>\n<\/tr>\n<tr>\n<th class=\"a-color-secondary a-size-base prodDetSectionEntry\">UPC<\/th>\n<td class=\"a-size-base prodDetAttrValue\">885155023452<\/td>\n<\/tr>\n<tr>\n<th class=\"a-color-secondary a-size-base prodDetSectionEntry\">Kauba kaal<\/th>\n<td class=\"a-size-base prodDetAttrValue\">14,96 naela<\/td>\n<\/tr>\n<tr>\n<th class=\"a-color-secondary a-size-base prodDetSectionEntry\">Osakond<\/th>\n<td class=\"a-size-base prodDetAttrValue\">Unisex-t\u00e4iskasvanutele<\/td>\n<\/tr>\n<tr>\n<th class=\"a-color-secondary a-size-base prodDetSectionEntry\">Tootja<\/th>\n<td class=\"a-size-base prodDetAttrValue\">iRobot<\/td>\n<\/tr>\n<tr>\n<th class=\"a-color-secondary a-size-base prodDetSectionEntry\">ASIN<\/th>\n<td class=\"a-size-base prodDetAttrValue\">B08C4LC7TG<\/td>\n<\/tr>\n<tr>\n<th class=\"a-color-secondary a-size-base prodDetSectionEntry\">Kauba mudeli number<\/th>\n<td class=\"a-size-base prodDetAttrValue\">i355020<\/td>\n<\/tr>\n<\/tbody>\n<\/table>\n<\/div>\n<\/div>\n<\/div>\n<\/div>\n<\/div>\n<\/div>","protected":false},"featured_media":11893,"comment_status":"open","ping_status":"closed","template":"","meta":{"_monsterinsights_skip_tracking":false,"_monsterinsights_sitenote_active":false,"_monsterinsights_sitenote_note":"","_monsterinsights_sitenote_category":0,"jetpack_publicize_message":"","jetpack_publicize_feature_enabled":true,"jetpack_social_post_already_shared":true,"jetpack_social_options":{"image_generator_settings":{"template":"highway","default_image_id":0,"font":"","enabled":false},"version":2}},"product_brand":[],"product_cat":[80],"product_tag":[],"class_list":{"0":"post-11887","1":"product","2":"type-product","3":"status-publish","4":"has-post-thumbnail","6":"product_cat-robot-vacuum-cleaners","8":"first","9":"instock","10":"sale","11":"shipping-taxable","12":"purchasable","13":"product-type-simple"},"aioseo_notices":[],"jetpack_publicize_connections":[],"jetpack_sharing_enabled":true,"_links":{"self":[{"href":"https:\/\/amazingmarket.ee\/et\/wp-json\/wp\/v2\/product\/11887","targetHints":{"allow":["GET"]}}],"collection":[{"href":"https:\/\/amazingmarket.ee\/et\/wp-json\/wp\/v2\/product"}],"about":[{"href":"https:\/\/amazingmarket.ee\/et\/wp-json\/wp\/v2\/types\/product"}],"replies":[{"embeddable":true,"href":"https:\/\/amazingmarket.ee\/et\/wp-json\/wp\/v2\/comments?post=11887"}],"wp:featuredmedia":[{"embeddable":true,"href":"https:\/\/amazingmarket.ee\/et\/wp-json\/wp\/v2\/media\/11893"}],"wp:attachment":[{"href":"https:\/\/amazingmarket.ee\/et\/wp-json\/wp\/v2\/media?parent=11887"}],"wp:term":[{"taxonomy":"product_brand","embeddable":true,"href":"https:\/\/amazingmarket.ee\/et\/wp-json\/wp\/v2\/product_brand?post=11887"},{"taxonomy":"product_cat","embeddable":true,"href":"https:\/\/amazingmarket.ee\/et\/wp-json\/wp\/v2\/product_cat?post=11887"},{"taxonomy":"product_tag","embeddable":true,"href":"https:\/\/amazingmarket.ee\/et\/wp-json\/wp\/v2\/product_tag?post=11887"}],"curies":[{"name":"wp","href":"https:\/\/api.w.org\/{rel}","templated":true}]}}