{"id":11719,"date":"2025-04-29T12:15:57","date_gmt":"2025-04-29T10:15:57","guid":{"rendered":"https:\/\/amazingmarket.ee\/?post_type=product&#038;p=11719"},"modified":"2026-03-14T11:15:18","modified_gmt":"2026-03-14T09:15:18","slug":"yashe-sl-518-electric-slicer","status":"publish","type":"product","link":"https:\/\/amazingmarket.ee\/et\/toode\/yashe-sl-518-electric-slicer\/","title":{"rendered":"YASHE SL-518 elektriline viilutusmasin"},"content":{"rendered":"<h1>V\u00c4HE KASUTATUD, ON \u00dcKS DEFEKT<\/h1>\n<h1 class=\"a-size-base-plus a-text-bold\">Selle \u00fcksuse kohta<\/h1>\n<ul class=\"a-unordered-list a-vertical a-spacing-mini\">\n<li class=\"a-spacing-mini\"><span class=\"a-list-item\">V\u00d5IMAS J\u00d5UDLUS Tugeva 250-vatise mootori ja 19 cm roostevabast terasest teraga YASHE SL-518 l\u00f5ikab vaevata l\u00e4bi mitmesuguseid toiduaineid, sealhulgas k\u00fclmutatud liha, keedetud toitu ja juustu, tagades \u00fchtlase ja terava l\u00f5ike.<\/span><\/li>\n<li class=\"a-spacing-mini\"><span class=\"a-list-item\">KAHEKORDNE TERA DISAIN Sakilise ja sileda teraga YASHE SL-518 sobib ideaalselt tugevamate toiduainete, n\u00e4iteks k\u00fclmutatud liha ja keedetud roogade jaoks, samas kui sile tera sobib ideaalselt pehmemate toiduainete, n\u00e4iteks leiva, puu- ja k\u00f6\u00f6giviljade jaoks.<\/span><\/li>\n<li class=\"a-spacing-mini\"><span class=\"a-list-item\">Reguleeritav l\u00f5ikepaksus: l\u00f5ikepaksust saab h\u00f5lpsalt reguleerida \u00f5hukesest umbes 15 mm-ni, et see vastaks erinevate koostisosade erinevatele l\u00f5iken\u00f5uetele ja v\u00f5imaldaks t\u00e4pseid ja t\u00e4pseid l\u00f5ikeid.<\/span><\/li>\n<li class=\"a-spacing-mini\"><span class=\"a-list-item\">Ohutus ja stabiilsus, mugav k\u00e4sitsemine: turvaluku ja tugeva imemisalusega tagab see l\u00f5ikur ohutu ja stabiilse t\u00f6\u00f6, hoiab \u00e4ra libisemise ning pakub mugavat kasutuskogemust k\u00f6\u00f6gis.<\/span><\/li>\n<li class=\"a-spacing-mini\"><span class=\"a-list-item\">LIHTNE PUHASTADA EEMALDATAVATE OSADE T\u00d5TTU L\u00f5ikuril on eemaldatavad osad, n\u00e4iteks tera ja toidupressi, mis muudavad puhastamise ja hoolduse imelihtsaks ning parandavad kasutusmugavust.<\/span><\/li>\n<\/ul>","protected":false},"excerpt":{"rendered":"<div class=\"a-row\">\n<div class=\"a-column a-span6\">\n<h1 class=\"a-size-medium a-spacing-small\">Tehnilised \u00fcksikasjad<\/h1>\n<\/div>\n<\/div>\n<div class=\"a-expander-content a-expander-extend-content\" data-expanded=\"true\">\n<div class=\"a-row a-expander-container a-expander-inline-container\">\n<div class=\"a-expander-content a-expander-section-content a-section-expander-inner\" data-expanded=\"true\">\n<table id=\"productDetails_techSpec_section_1\" class=\"a-keyvalue prodDetTable\">\n<tbody>\n<tr>\n<th class=\"a-color-secondary a-size-base prodDetSectionEntry\">Kaubam\u00e4rk<\/th>\n<td class=\"a-size-base prodDetAttrValue\">\u200eYASHE<\/td>\n<\/tr>\n<tr>\n<th class=\"a-color-secondary a-size-base prodDetSectionEntry\">Mudeli number<\/th>\n<td class=\"a-size-base prodDetAttrValue\">SL-5180M23D<\/td>\n<\/tr>\n<tr>\n<th class=\"a-color-secondary a-size-base prodDetSectionEntry\">V\u00e4rv<\/th>\n<td class=\"a-size-base prodDetAttrValue\">H\u00f5bedane<\/td>\n<\/tr>\n<tr>\n<th class=\"a-color-secondary a-size-base prodDetSectionEntry\">Toote m\u00f5\u00f5tmed<\/th>\n<td class=\"a-size-base prodDetAttrValue\">37,08 x 23,88 x 25,91 cm; 4,6 kg<\/td>\n<\/tr>\n<tr>\n<th class=\"a-color-secondary a-size-base prodDetSectionEntry\">Materjal<\/th>\n<td class=\"a-size-base prodDetAttrValue\">Roostevaba teras<\/td>\n<\/tr>\n<tr>\n<th class=\"a-color-secondary a-size-base prodDetSectionEntry\">Eriomadused<\/th>\n<td class=\"a-size-base prodDetAttrValue\">V\u00f5imas 250-vatine mootor, lapseluku l\u00fcliti, libisemisvastased imemisjalad, reguleeritav paksus, reguleeritav paksus, kaks eemaldatavat roostevabast terasest tera<\/td>\n<\/tr>\n<tr>\n<th class=\"a-color-secondary a-size-base prodDetSectionEntry\">Kauba kaal<\/th>\n<td class=\"a-size-base prodDetAttrValue\">4,6 kilogrammi<\/td>\n<\/tr>\n<\/tbody>\n<\/table>\n<\/div>\n<\/div>\n<\/div>","protected":false},"featured_media":11724,"comment_status":"open","ping_status":"closed","template":"","meta":{"_monsterinsights_skip_tracking":false,"_monsterinsights_sitenote_active":false,"_monsterinsights_sitenote_note":"","_monsterinsights_sitenote_category":0,"jetpack_publicize_message":"","jetpack_publicize_feature_enabled":true,"jetpack_social_post_already_shared":true,"jetpack_social_options":{"image_generator_settings":{"template":"highway","default_image_id":0,"font":"","enabled":false},"version":2}},"product_brand":[],"product_cat":[117],"product_tag":[],"class_list":{"0":"post-11719","1":"product","2":"type-product","3":"status-publish","4":"has-post-thumbnail","6":"product_cat-meat-ham-sausage-slicers","8":"first","9":"instock","10":"sale","11":"shipping-taxable","12":"purchasable","13":"product-type-simple"},"aioseo_notices":[],"jetpack_publicize_connections":[],"jetpack_sharing_enabled":true,"_links":{"self":[{"href":"https:\/\/amazingmarket.ee\/et\/wp-json\/wp\/v2\/product\/11719","targetHints":{"allow":["GET"]}}],"collection":[{"href":"https:\/\/amazingmarket.ee\/et\/wp-json\/wp\/v2\/product"}],"about":[{"href":"https:\/\/amazingmarket.ee\/et\/wp-json\/wp\/v2\/types\/product"}],"replies":[{"embeddable":true,"href":"https:\/\/amazingmarket.ee\/et\/wp-json\/wp\/v2\/comments?post=11719"}],"wp:featuredmedia":[{"embeddable":true,"href":"https:\/\/amazingmarket.ee\/et\/wp-json\/wp\/v2\/media\/11724"}],"wp:attachment":[{"href":"https:\/\/amazingmarket.ee\/et\/wp-json\/wp\/v2\/media?parent=11719"}],"wp:term":[{"taxonomy":"product_brand","embeddable":true,"href":"https:\/\/amazingmarket.ee\/et\/wp-json\/wp\/v2\/product_brand?post=11719"},{"taxonomy":"product_cat","embeddable":true,"href":"https:\/\/amazingmarket.ee\/et\/wp-json\/wp\/v2\/product_cat?post=11719"},{"taxonomy":"product_tag","embeddable":true,"href":"https:\/\/amazingmarket.ee\/et\/wp-json\/wp\/v2\/product_tag?post=11719"}],"curies":[{"name":"wp","href":"https:\/\/api.w.org\/{rel}","templated":true}]}}