{"id":11688,"date":"2025-04-28T13:10:47","date_gmt":"2025-04-28T11:10:47","guid":{"rendered":"https:\/\/amazingmarket.ee\/?post_type=product&#038;p=11688"},"modified":"2026-03-14T11:15:19","modified_gmt":"2026-03-14T09:15:19","slug":"philips-powerpro-fc9747","status":"publish","type":"product","link":"https:\/\/amazingmarket.ee\/et\/toode\/philips-powerpro-fc9747\/","title":{"rendered":"Philipsi PowerPro FC9747"},"content":{"rendered":"<h2>V\u00c4HE KASUTATUD, VOOLIKUT EI OLE<\/h2>\n<h2 class=\"a-size-base-plus a-text-bold\">Selle \u00fcksuse kohta<\/h2>\n<ul class=\"a-unordered-list a-vertical a-spacing-mini\">\n<li class=\"a-spacing-mini\"><span class=\"a-list-item\">N\u00fc\u00fcd 40 \u20ac tagasimakse ajavahemikul 31.03.2025 kuni 18.05.2025. Kampaania t\u00e4psemate tingimustega saab tutvuda aadressil philips.be\/actions.<\/span><\/li>\n<li class=\"a-spacing-mini\"><span class=\"a-list-item\">TriActive+ LED-otsak: akutoitel t\u00f6\u00f6tav LED-otsak muudab peidetud tolmu ja mustuse n\u00e4htavaks.<\/span><\/li>\n<li class=\"a-spacing-mini\"><span class=\"a-list-item\">Allergiavastane filtris\u00fcsteem p\u00fc\u00fcab kinni kuni 99.9% peene tolmu ja AllergyLock veekindel tolmukonteiner hoiab need turvaliselt.<\/span><\/li>\n<li class=\"a-spacing-mini\"><span class=\"a-list-item\">2,0-liitrine tolmumaht: suur tolmukamber v\u00f5imaldab pikemat kasutamist ilma t\u00fchjendamiseta.<\/span><\/li>\n<li class=\"a-spacing-mini\"><span class=\"a-list-item\">PowerCyclone 8 tehnoloogia eraldab ts\u00fcklonkambris t\u00f5husalt tolmu \u00f5hust.<\/span><\/li>\n<li class=\"a-spacing-mini\"><span class=\"a-list-item\">Karbi sisu: TriActive+ piluotsak, piluotsak k\u00f5vadele p\u00f5randatele, piluotsak, piluotsak pehme m\u00f6\u00f6bli jaoks, sisseehitatud hari, superturbootsak.<\/span><\/li>\n<\/ul>","protected":false},"excerpt":{"rendered":"<div class=\"a-row\">\n<div class=\"a-column a-span6\">\n<h3 class=\"a-size-medium a-spacing-small\">Tehnilised \u00fcksikasjad<\/h3>\n<\/div>\n<\/div>\n<div class=\"a-expander-content a-expander-extend-content\" data-expanded=\"true\">\n<div class=\"a-row a-expander-container a-expander-inline-container\">\n<div class=\"a-expander-content a-expander-section-content a-section-expander-inner\" data-expanded=\"true\">\n<table id=\"productDetails_techSpec_section_1\" class=\"a-keyvalue prodDetTable\">\n<tbody>\n<tr>\n<th class=\"a-color-secondary a-size-base prodDetSectionEntry\">Kaubam\u00e4rk<\/th>\n<td class=\"a-size-base prodDetAttrValue\">Philipsi kodumasinad<\/td>\n<\/tr>\n<tr>\n<th class=\"a-color-secondary a-size-base prodDetSectionEntry\">Mudeli number<\/th>\n<td class=\"a-size-base prodDetAttrValue\">\u200eFC9747\/09<\/td>\n<\/tr>\n<tr>\n<th class=\"a-color-secondary a-size-base prodDetSectionEntry\">V\u00e4rv<\/th>\n<td class=\"a-size-base prodDetAttrValue\">Must<\/td>\n<\/tr>\n<tr>\n<th class=\"a-color-secondary a-size-base prodDetSectionEntry\">Toote m\u00f5\u00f5tmed<\/th>\n<td class=\"a-size-base prodDetAttrValue\">24 x 69 x 2,5 cm; 5,5 kg<\/td>\n<\/tr>\n<tr>\n<th class=\"a-color-secondary a-size-base prodDetSectionEntry\">Mahutavus<\/th>\n<td class=\"a-size-base prodDetAttrValue\">2 liitrit<\/td>\n<\/tr>\n<tr>\n<th class=\"a-color-secondary a-size-base prodDetSectionEntry\">Helitugevus<\/th>\n<td class=\"a-size-base prodDetAttrValue\">2 liitrit<\/td>\n<\/tr>\n<tr>\n<th class=\"a-color-secondary a-size-base prodDetSectionEntry\">V\u00f5imsus \/ vatt<\/th>\n<td class=\"a-size-base prodDetAttrValue\">900 vatti<\/td>\n<\/tr>\n<tr>\n<th class=\"a-color-secondary a-size-base prodDetSectionEntry\">Pinge<\/th>\n<td class=\"a-size-base prodDetAttrValue\">1 volti<\/td>\n<\/tr>\n<tr>\n<th class=\"a-color-secondary a-size-base prodDetSectionEntry\">M\u00fcra tase<\/th>\n<td class=\"a-size-base prodDetAttrValue\">75 dB<\/td>\n<\/tr>\n<tr>\n<th class=\"a-color-secondary a-size-base prodDetSectionEntry\">Eriomadused<\/th>\n<td class=\"a-size-base prodDetAttrValue\">HEPA (HEPA)<\/td>\n<\/tr>\n<tr>\n<th class=\"a-color-secondary a-size-base prodDetSectionEntry\">Kauba kaal<\/th>\n<td class=\"a-size-base prodDetAttrValue\">5,5 kilogrammi<\/td>\n<\/tr>\n<tr>\n<th class=\"a-color-secondary a-size-base prodDetSectionEntry\">Varuosade saadavuse kestus<\/th>\n<td class=\"a-size-base prodDetAttrValue\">Teave varuosade kohta pole saadaval ega pakutud<\/td>\n<\/tr>\n<\/tbody>\n<\/table>\n<\/div>\n<\/div>\n<\/div>","protected":false},"featured_media":11696,"comment_status":"open","ping_status":"closed","template":"","meta":{"_monsterinsights_skip_tracking":false,"_monsterinsights_sitenote_active":false,"_monsterinsights_sitenote_note":"","_monsterinsights_sitenote_category":0,"jetpack_publicize_message":"","jetpack_publicize_feature_enabled":true,"jetpack_social_post_already_shared":true,"jetpack_social_options":{"image_generator_settings":{"template":"highway","default_image_id":0,"font":"","enabled":false},"version":2}},"product_brand":[],"product_cat":[154],"product_tag":[],"class_list":{"0":"post-11688","1":"product","2":"type-product","3":"status-publish","4":"has-post-thumbnail","6":"product_cat-wired-vacuum-cleaners","8":"first","9":"instock","10":"sale","11":"shipping-taxable","12":"purchasable","13":"product-type-simple"},"aioseo_notices":[],"jetpack_publicize_connections":[],"jetpack_sharing_enabled":true,"_links":{"self":[{"href":"https:\/\/amazingmarket.ee\/et\/wp-json\/wp\/v2\/product\/11688","targetHints":{"allow":["GET"]}}],"collection":[{"href":"https:\/\/amazingmarket.ee\/et\/wp-json\/wp\/v2\/product"}],"about":[{"href":"https:\/\/amazingmarket.ee\/et\/wp-json\/wp\/v2\/types\/product"}],"replies":[{"embeddable":true,"href":"https:\/\/amazingmarket.ee\/et\/wp-json\/wp\/v2\/comments?post=11688"}],"wp:featuredmedia":[{"embeddable":true,"href":"https:\/\/amazingmarket.ee\/et\/wp-json\/wp\/v2\/media\/11696"}],"wp:attachment":[{"href":"https:\/\/amazingmarket.ee\/et\/wp-json\/wp\/v2\/media?parent=11688"}],"wp:term":[{"taxonomy":"product_brand","embeddable":true,"href":"https:\/\/amazingmarket.ee\/et\/wp-json\/wp\/v2\/product_brand?post=11688"},{"taxonomy":"product_cat","embeddable":true,"href":"https:\/\/amazingmarket.ee\/et\/wp-json\/wp\/v2\/product_cat?post=11688"},{"taxonomy":"product_tag","embeddable":true,"href":"https:\/\/amazingmarket.ee\/et\/wp-json\/wp\/v2\/product_tag?post=11688"}],"curies":[{"name":"wp","href":"https:\/\/api.w.org\/{rel}","templated":true}]}}