{"id":11463,"date":"2025-04-21T14:39:15","date_gmt":"2025-04-21T12:39:15","guid":{"rendered":"https:\/\/amazingmarket.ee\/?post_type=product&#038;p=11463"},"modified":"2026-03-14T11:15:19","modified_gmt":"2026-03-14T09:15:19","slug":"ninja-air-fryer-xl-5-5-af150","status":"publish","type":"product","link":"https:\/\/amazingmarket.ee\/et\/toode\/ninja-air-fryer-xl-5-5-af150\/","title":{"rendered":"Ninja Air Fryer XL, 5,5 AF150"},"content":{"rendered":"<p><span style=\"font-size: 170%;\">KASUTATUD ASJA, ON PALJU KRIIMU<\/span><\/p>\n<ul class=\"a-unordered-list a-vertical a-spacing-mini\">\n<li class=\"a-spacing-mini\"><span class=\"a-list-item\">XL CAPACITY: With the 5.5 qt. nonstick basket and crisper plate, you can save time by cooking up to 3 lbs. of French fries or wings with ease.<\/span><\/li>\n<li class=\"a-spacing-mini\"><span class=\"a-list-item\">5-IN-1 VERSATILE FUNCTIONALITY: Includes 5 versatile cooking programs: Air Fry, Air Roast, Bake, Reheat, and Dehydrate. BPA free: Yes<\/span><\/li>\n<li class=\"a-spacing-mini\"><span class=\"a-list-item\">V\u00c4HEM RASVA: Kuni 75% v\u00e4hem rasva kui traditsioonilistel \u00f5hufrit\u00fc\u00fcrimeetoditel. Testitud k\u00e4sitsi l\u00f5igatud ja frit\u00fc\u00fcritud friikartulitega v\u00f5rreldes.<\/span><\/li>\n<li class=\"a-spacing-mini\"><span class=\"a-list-item\">EASY CLEANING: Both the basket and crisper plate are nonstick, easy-to-clean and dishwasher safe.<\/span><\/li>\n<li class=\"a-spacing-mini\"><span class=\"a-list-item\">WIDE TEMPERATURE RANGE: 105\u00b0F to 400\u00b0F allows you to gently remove moisture from foods or quickly cook and crisp foods with convection heat.<\/span><\/li>\n<li class=\"a-spacing-mini\"><span class=\"a-list-item\">DEHYDRATE: Create flat, chip like dehydrated foods for fun, homemade snacks pounds; The combination of low fan speed and low temperature enables thorough dehydration.<\/span><\/li>\n<li class=\"a-spacing-mini\"><span class=\"a-list-item\">WHAT\u2019S INCLUDED: 1750-Watt air fryer, 5.5 qt. nonstick basket, nonstick crisper plate and chef-inspired 20 recipe cookbook.<\/span><\/li>\n<\/ul>","protected":false},"excerpt":{"rendered":"<h2>Tooteteave<\/h2>\n<div class=\"a-row\">\n<div class=\"a-column a-span12 a-span-last\">\n<div class=\"a-row a-spacing-top-base\">\n<div class=\"a-column a-span6\">\n<div class=\"a-row a-spacing-base\">\n<div class=\"a-section table-padding\">\n<table id=\"productDetails_detailBullets_sections1\" class=\"a-keyvalue prodDetTable\">\n<tbody>\n<tr>\n<th class=\"a-color-secondary a-size-base prodDetSectionEntry\">Toote m\u00f5\u00f5tmed<\/th>\n<td class=\"a-size-base prodDetAttrValue\">14 x 11 x 14.75 inches<\/td>\n<\/tr>\n<tr>\n<th class=\"a-color-secondary a-size-base prodDetSectionEntry\">Kauba kaal<\/th>\n<td class=\"a-size-base prodDetAttrValue\">11,7 naela<\/td>\n<\/tr>\n<tr>\n<th class=\"a-color-secondary a-size-base prodDetSectionEntry\">Tootja<\/th>\n<td class=\"a-size-base prodDetAttrValue\">SharkNinja<\/td>\n<\/tr>\n<tr>\n<th class=\"a-color-secondary a-size-base prodDetSectionEntry\">ASIN<\/th>\n<td class=\"a-size-base prodDetAttrValue\">B08QKTXT1N<\/td>\n<\/tr>\n<tr>\n<th class=\"a-color-secondary a-size-base prodDetSectionEntry\">Kauba mudeli number<\/th>\n<td class=\"a-size-base prodDetAttrValue\">AF150AMZ<\/td>\n<\/tr>\n<tr>\n<th class=\"a-color-secondary a-size-base prodDetSectionEntry\">Patareid<\/th>\n<td class=\"a-size-base prodDetAttrValue\">Vaja on 1 liitiumioonakut. (kaasas)<\/td>\n<\/tr>\n<\/tbody>\n<\/table>\n<\/div>\n<\/div>\n<\/div>\n<\/div>\n<\/div>\n<\/div>","protected":false},"featured_media":11468,"comment_status":"open","ping_status":"closed","template":"","meta":{"_monsterinsights_skip_tracking":false,"_monsterinsights_sitenote_active":false,"_monsterinsights_sitenote_note":"","_monsterinsights_sitenote_category":0,"jetpack_publicize_message":"","jetpack_publicize_feature_enabled":true,"jetpack_social_post_already_shared":true,"jetpack_social_options":{"image_generator_settings":{"template":"highway","default_image_id":0,"font":"","enabled":false},"version":2}},"product_brand":[],"product_cat":[71],"product_tag":[],"class_list":{"0":"post-11463","1":"product","2":"type-product","3":"status-publish","4":"has-post-thumbnail","6":"product_cat-airfryers","8":"first","9":"instock","10":"sale","11":"shipping-taxable","12":"purchasable","13":"product-type-simple"},"aioseo_notices":[],"jetpack_publicize_connections":[],"jetpack_sharing_enabled":true,"_links":{"self":[{"href":"https:\/\/amazingmarket.ee\/et\/wp-json\/wp\/v2\/product\/11463","targetHints":{"allow":["GET"]}}],"collection":[{"href":"https:\/\/amazingmarket.ee\/et\/wp-json\/wp\/v2\/product"}],"about":[{"href":"https:\/\/amazingmarket.ee\/et\/wp-json\/wp\/v2\/types\/product"}],"replies":[{"embeddable":true,"href":"https:\/\/amazingmarket.ee\/et\/wp-json\/wp\/v2\/comments?post=11463"}],"wp:featuredmedia":[{"embeddable":true,"href":"https:\/\/amazingmarket.ee\/et\/wp-json\/wp\/v2\/media\/11468"}],"wp:attachment":[{"href":"https:\/\/amazingmarket.ee\/et\/wp-json\/wp\/v2\/media?parent=11463"}],"wp:term":[{"taxonomy":"product_brand","embeddable":true,"href":"https:\/\/amazingmarket.ee\/et\/wp-json\/wp\/v2\/product_brand?post=11463"},{"taxonomy":"product_cat","embeddable":true,"href":"https:\/\/amazingmarket.ee\/et\/wp-json\/wp\/v2\/product_cat?post=11463"},{"taxonomy":"product_tag","embeddable":true,"href":"https:\/\/amazingmarket.ee\/et\/wp-json\/wp\/v2\/product_tag?post=11463"}],"curies":[{"name":"wp","href":"https:\/\/api.w.org\/{rel}","templated":true}]}}