{"id":11448,"date":"2025-04-16T14:48:31","date_gmt":"2025-04-16T12:48:31","guid":{"rendered":"https:\/\/amazingmarket.ee\/?post_type=product&#038;p=11448"},"modified":"2026-03-14T11:15:19","modified_gmt":"2026-03-14T09:15:19","slug":"w11-robot-vacuum-and-mop-with-self-emptying","status":"publish","type":"product","link":"https:\/\/amazingmarket.ee\/et\/toode\/w11-robot-vacuum-and-mop-with-self-emptying\/","title":{"rendered":"W11 robottolmuimeja ja iset\u00fchjeneva mopp"},"content":{"rendered":"<h1>KASUTATUD ASJA, ON KASUTUSM\u00c4LJED<\/h1>\n<h1 class=\"a-size-base-plus a-text-bold\">Selle \u00fcksuse kohta<\/h1>\n<ul class=\"a-unordered-list a-vertical a-spacing-mini\">\n<li class=\"a-spacing-mini\"><span class=\"a-list-item\">\u3010Mugav iset\u00fchjenemisjaam\u3011 Nautige kuni 60 p\u00e4eva h\u00f5lpsat k\u00e4ed-vabad puhastamist. Cleanova W11 robottolmuimeja iset\u00fchjeneval tugijaamal on mahukas 2L tolmukott, mis juhib t\u00f5husalt tolmu ja prahi roboti tolmukastist kotti. See disain tagab katkematud puhastusts\u00fcklid ilma sagedase t\u00fchjendamiseta, muutes selle ideaalseks kiiretele majapidamistele, kes otsivad usaldusv\u00e4\u00e4rseid ja v\u00e4hese hooldusega puhastuslahendusi.<\/span><\/li>\n<li class=\"a-spacing-mini\"><span class=\"a-list-item\">\u3010T\u00e4iustatud LDS-lasernavigatsioon\u3011 Cleanova W11 robottolmuimeja kasutab LDS-tehnoloogiat, et teostada t\u00e4pset 360\u00b0 skaneerimist, kaardistades teie kodu iga nurga m\u00e4rkimisv\u00e4\u00e4rse t\u00e4psusega. Muljetavaldava 8-meetrise ulatuse ja kuni 2160-kordse prooviv\u00f5tusagedusega sekundis loob see kiiresti \u00fcksikasjaliku p\u00f5randaplaani, et optimeerida puhastusradu. See kiire ja t\u00e4pne kaardistamine v\u00f5imaldab robotil liikuda \u00fcmber m\u00f6\u00f6bli ja takistuste, tagades iga seansi jooksul igak\u00fclgse ja s\u00fcstemaatilise puhastuskatte.<\/span><\/li>\n<li class=\"a-spacing-mini\"><span class=\"a-list-item\">\u3010180-minutiline t\u00f6\u00f6aeg ja automaatne laadimine\u3011W11 robottolmuimeja ja mopi toiteallikaks on neli 2600 mAh liitiumakut, mis tagavad vaikses re\u017eiimis kuni 180 minutit t\u00f6\u00f6aega \u2013 ideaalne suuremate kodude ja pikemate koristusseansside jaoks. Kui aku on t\u00fchi, naaseb robot automaatselt oma laadimisjaama, arvutab v\u00e4lja \u00fclej\u00e4\u00e4nud alade t\u00e4itmiseks kuluva aja ja j\u00e4tkab p\u00e4rast piisavat laadimist nende osade puhastamist, mis tal varem vahele j\u00e4id.<\/span><\/li>\n<li class=\"a-spacing-mini\"><span class=\"a-list-item\">\u3010V\u00f5imas 3000 Pa imemine harjadeta mootoriga\u3011 Cleanova W11 robottolmuimejal on suure j\u00f5udlusega harjadeta mootor, mis annab kuni 3000 Pa v\u00f5imsat imemist, eemaldades t\u00f5husalt tolmu, prahi ja lemmikloomade karvad erinevatelt pindadelt. Koos kummist harjastega rullharjaga p\u00fc\u00fcab see t\u00f5husalt kinni mustuse k\u00f5igilt p\u00f5randat\u00fc\u00fcpidelt alates lehtpuidust kuni madala karvaga vaipadeni, tagades iga kord s\u00fcgava ja p\u00f5hjaliku puhastuse.<\/span><\/li>\n<li class=\"a-spacing-mini\"><span class=\"a-list-item\">\u3010Paindlikud juhtimismeetodid\u3011 Rakenduse kaudu \u00fchendatud Cleanova W11 tolmuimeja ja mopi kombinatsioon \u00fchildub Alexa, Google Home&#039;i ja Siriga, v\u00f5imaldades teil alustada, peatada ja hallata puhastusseansse h\u00e4\u00e4lassistendi kaudu (*toetab ainult 2,4 GHz WiFi-d). Lisaks muudab komplekti kuuluv kaugjuhtimispult roboti kasutajas\u00f5bralikuks nii vanematele kui ka lastele, v\u00e4listades Bluetooth-\u00fchendusega seotud t\u00fcli. See on suurep\u00e4rane kingitus vanematele.<\/span><\/li>\n<\/ul>","protected":false},"excerpt":{"rendered":"<hr class=\"a-divider-normal\" aria-hidden=\"true\" \/>\n<div>\n<div id=\"prodDetails\" class=\"a-section a-spacing-none\">\n<h2>Tooteteave<\/h2>\n<div class=\"a-row\">\n<div class=\"a-column a-span12 a-span-last\">\n<div class=\"a-row a-spacing-top-base\">\n<div class=\"a-column a-span6\">\n<div class=\"a-row a-spacing-base\">\n<div class=\"a-section table-padding\">\n<table id=\"productDetails_detailBullets_sections1\" class=\"a-keyvalue prodDetTable\">\n<tbody>\n<tr>\n<th class=\"a-color-secondary a-size-base prodDetSectionEntry\">Kaubam\u00e4rk<\/th>\n<td class=\"a-size-base prodDetAttrValue\">PSUK<\/td>\n<\/tr>\n<tr>\n<th class=\"a-color-secondary a-size-base prodDetSectionEntry\">Mudeli nimi<\/th>\n<td class=\"a-size-base prodDetAttrValue\">N7 N11<\/td>\n<\/tr>\n<tr>\n<th class=\"a-color-secondary a-size-base prodDetSectionEntry\">Erifunktsioon<\/th>\n<td class=\"a-size-base prodDetAttrValue\">Takistuste tuvastamine, kukkumisvastased andurid, automaatne laadimine, plaaniline puhastus<\/td>\n<\/tr>\n<tr>\n<th class=\"a-color-secondary a-size-base prodDetSectionEntry\">V\u00e4rv<\/th>\n<td class=\"a-size-base prodDetAttrValue\">Must<\/td>\n<\/tr>\n<tr>\n<th class=\"a-color-secondary a-size-base prodDetSectionEntry\">Toote m\u00f5\u00f5tmed<\/th>\n<td class=\"a-size-base prodDetAttrValue\">13\u2033 P x 13\u2033 L x 3,5\u2033 K<\/td>\n<\/tr>\n<tr>\n<th class=\"a-color-secondary a-size-base prodDetSectionEntry\">Kaasasolevad komponendid<\/th>\n<td class=\"a-size-base prodDetAttrValue\">Kasutusjuhend, laadimisdokk, k\u00fclgharjad, robottolmuimeja<\/td>\n<\/tr>\n<tr>\n<th class=\"a-color-secondary a-size-base prodDetSectionEntry\">Filtri t\u00fc\u00fcp<\/th>\n<td class=\"a-size-base prodDetAttrValue\">Hepa filter<\/td>\n<\/tr>\n<tr>\n<th class=\"a-color-secondary a-size-base prodDetSectionEntry\">Aku t\u00f6\u00f6iga<\/th>\n<td class=\"a-size-base prodDetAttrValue\">120 minutit<\/td>\n<\/tr>\n<tr>\n<th class=\"a-color-secondary a-size-base prodDetSectionEntry\">Puhastusraja laius<\/th>\n<td class=\"a-size-base prodDetAttrValue\">10 tolli<\/td>\n<\/tr>\n<tr>\n<th class=\"a-color-secondary a-size-base prodDetSectionEntry\">Pinge<\/th>\n<td class=\"a-size-base prodDetAttrValue\">120 volti<\/td>\n<\/tr>\n<tr>\n<th class=\"a-color-secondary a-size-base prodDetSectionEntry\">Mahutavus<\/th>\n<td class=\"a-size-base prodDetAttrValue\">0,6 liitrit<\/td>\n<\/tr>\n<tr>\n<th class=\"a-color-secondary a-size-base prodDetSectionEntry\">Toiteallikas<\/th>\n<td class=\"a-size-base prodDetAttrValue\">Akutoitel<\/td>\n<\/tr>\n<tr>\n<th class=\"a-color-secondary a-size-base prodDetSectionEntry\">Kas patareid on komplektis<\/th>\n<td class=\"a-size-base prodDetAttrValue\">Jah<\/td>\n<\/tr>\n<tr>\n<th class=\"a-color-secondary a-size-base prodDetSectionEntry\">Kontrollimeetod<\/th>\n<td class=\"a-size-base prodDetAttrValue\">Rakendus<\/td>\n<\/tr>\n<tr>\n<th class=\"a-color-secondary a-size-base prodDetSectionEntry\">\u00dchilduvad seadmed<\/th>\n<td class=\"a-size-base prodDetAttrValue\">Nutitelefonid, Alexa, Google Home<\/td>\n<\/tr>\n<tr>\n<th class=\"a-color-secondary a-size-base prodDetSectionEntry\">Vormitegur<\/th>\n<td class=\"a-size-base prodDetAttrValue\">Robot<\/td>\n<\/tr>\n<tr>\n<th class=\"a-color-secondary a-size-base prodDetSectionEntry\">Tootmisaasta<\/th>\n<td class=\"a-size-base prodDetAttrValue\">2023<\/td>\n<\/tr>\n<tr>\n<th class=\"a-color-secondary a-size-base prodDetSectionEntry\">Kauba kaal<\/th>\n<td class=\"a-size-base prodDetAttrValue\">8 naela<\/td>\n<\/tr>\n<tr>\n<th class=\"a-color-secondary a-size-base prodDetSectionEntry\">Tootja<\/th>\n<td class=\"a-size-base prodDetAttrValue\">PSUK<\/td>\n<\/tr>\n<tr>\n<th class=\"a-color-secondary a-size-base prodDetSectionEntry\">ASIN<\/th>\n<td class=\"a-size-base prodDetAttrValue\">B0DCK33NDF<\/td>\n<\/tr>\n<tr>\n<th class=\"a-color-secondary a-size-base prodDetSectionEntry\">P\u00e4ritoluriik<\/th>\n<td class=\"a-size-base prodDetAttrValue\">Hiina<\/td>\n<\/tr>\n<tr>\n<th class=\"a-color-secondary a-size-base prodDetSectionEntry\">Kauba mudeli number<\/th>\n<td class=\"a-size-base prodDetAttrValue\">N7 N11<\/td>\n<\/tr>\n<\/tbody>\n<\/table>\n<\/div>\n<\/div>\n<\/div>\n<\/div>\n<\/div>\n<\/div>\n<\/div>\n<\/div>","protected":false},"featured_media":11453,"comment_status":"open","ping_status":"closed","template":"","meta":{"_monsterinsights_skip_tracking":false,"_monsterinsights_sitenote_active":false,"_monsterinsights_sitenote_note":"","_monsterinsights_sitenote_category":0,"jetpack_publicize_message":"","jetpack_publicize_feature_enabled":true,"jetpack_social_post_already_shared":true,"jetpack_social_options":{"image_generator_settings":{"template":"highway","default_image_id":0,"font":"","enabled":false},"version":2}},"product_brand":[],"product_cat":[80],"product_tag":[],"class_list":{"0":"post-11448","1":"product","2":"type-product","3":"status-publish","4":"has-post-thumbnail","6":"product_cat-robot-vacuum-cleaners","8":"first","9":"instock","10":"sale","11":"shipping-taxable","12":"purchasable","13":"product-type-simple"},"aioseo_notices":[],"jetpack_publicize_connections":[],"jetpack_sharing_enabled":true,"_links":{"self":[{"href":"https:\/\/amazingmarket.ee\/et\/wp-json\/wp\/v2\/product\/11448","targetHints":{"allow":["GET"]}}],"collection":[{"href":"https:\/\/amazingmarket.ee\/et\/wp-json\/wp\/v2\/product"}],"about":[{"href":"https:\/\/amazingmarket.ee\/et\/wp-json\/wp\/v2\/types\/product"}],"replies":[{"embeddable":true,"href":"https:\/\/amazingmarket.ee\/et\/wp-json\/wp\/v2\/comments?post=11448"}],"wp:featuredmedia":[{"embeddable":true,"href":"https:\/\/amazingmarket.ee\/et\/wp-json\/wp\/v2\/media\/11453"}],"wp:attachment":[{"href":"https:\/\/amazingmarket.ee\/et\/wp-json\/wp\/v2\/media?parent=11448"}],"wp:term":[{"taxonomy":"product_brand","embeddable":true,"href":"https:\/\/amazingmarket.ee\/et\/wp-json\/wp\/v2\/product_brand?post=11448"},{"taxonomy":"product_cat","embeddable":true,"href":"https:\/\/amazingmarket.ee\/et\/wp-json\/wp\/v2\/product_cat?post=11448"},{"taxonomy":"product_tag","embeddable":true,"href":"https:\/\/amazingmarket.ee\/et\/wp-json\/wp\/v2\/product_tag?post=11448"}],"curies":[{"name":"wp","href":"https:\/\/api.w.org\/{rel}","templated":true}]}}