{"id":11443,"date":"2025-04-16T14:40:42","date_gmt":"2025-04-16T12:40:42","guid":{"rendered":"https:\/\/amazingmarket.ee\/?post_type=product&#038;p=11443"},"modified":"2026-03-14T11:15:19","modified_gmt":"2026-03-14T09:15:19","slug":"caso-vc-250-vacuum-sealer","status":"publish","type":"product","link":"https:\/\/amazingmarket.ee\/et\/toode\/caso-vc-250-vacuum-sealer\/","title":{"rendered":"CASO VC 250 vaakumtihendaja"},"content":{"rendered":"<h1>KASUTATUD ASJA<\/h1>\n<h1 class=\"a-size-base-plus a-text-bold\">Selle \u00fcksuse kohta<\/h1>\n<ul class=\"a-unordered-list a-vertical a-spacing-mini\">\n<li class=\"a-spacing-mini\"><span class=\"a-list-item\">Toode 1: Topeltkeevis\u00f5mblus: eriti ohutu m\u00e4rja ja m\u00e4rja toidu jaoks. Kilekeevitusmasin sulgub automaatselt kahekordse keevis\u00f5mblusega. Lisaks on paigaldatud temperatuuri j\u00e4lgimine.<\/span><\/li>\n<li class=\"a-spacing-mini\"><span class=\"a-list-item\">Toode 1: Sisaldab 2 fooliumirulli: Originaalsed Caso professionaalsed kilerullid on karbi sisuga kaasas. Rullid on BPA-vabad ja paksusega 150 \u00b5m, eriti tugevad ja rebenemiskindlad.<\/span><\/li>\n<li class=\"a-spacing-mini\"><span class=\"a-list-item\">Toode 1: ulatuslikud tarvikud: fooliumikarpi saab sisestada fooliumirulli. Integreeritud l\u00f5ikur v\u00f5imaldab lihtsalt ja s\u00e4\u00e4stlikult l\u00f5igata vaakumkilest sobiva pikkusega.<\/span><\/li>\n<li class=\"a-spacing-mini\"><span class=\"a-list-item\">Toode 1: Lisafunktsioonid: Caso VacuBoxx konteinereid saab imeda l\u00e4bi vooliku. Tundlike toitude puhul saab vaakumsulgemise protsessi isegi stopp-nupu abil katkestada.<\/span><\/li>\n<li class=\"a-spacing-mini\"><span class=\"a-list-item\">Toode 2: V\u00e4rske kauem: teie toit p\u00fcsib tolmuimejaga v\u00e4rskena kuni 8 korda kauem \u2013 t\u00e4iesti loomulik, ilma s\u00e4ilitusaineteta. Alustage v\u00e4rskuse r\u00fcnnakut ja vaakuge v\u00e4rske liha, puu- v\u00f5i k\u00f6\u00f6giviljad k\u00fclmikusse v\u00f5i s\u00fcgavk\u00fclma hoidmiseks. S\u00e4ilivad vitamiinid ja mineraalid \u2013 ideaalne kaitse s\u00fcgavk\u00fclma p\u00f5lemise ja aroomi kadumise eest.<\/span><\/li>\n<li class=\"a-spacing-mini\"><span class=\"a-list-item\">Toode 2: s\u00e4\u00e4stke raha: valmistage suurelt ja v\u00e4ikeste portsjonitena \u2013 see s\u00e4\u00e4stab aega ja raha: kasutage pakkumisi ning portsjoni ja imege oma ostud ruumi kokkuhoiuks Caso professionaalsete kiledega tolmuimejaga. Caso vaakumkotid v\u00f5i vaakumsulguri rullid on saadaval erinevates suurustes.<\/span><\/li>\n<li class=\"a-spacing-mini\"><span class=\"a-list-item\">Toode 2: V\u00e4ga tugev ja rebenemiskindel: Caso vaakumkile materjal on v\u00e4ga tugev ja rebenemiskindel (materjali paksus ca 150 \u00b5m) ning BPA-vaba. V\u00e4lditakse teravate esemete, n\u00e4iteks luude v\u00f5i luude l\u00e4bitorkamist. Peen ribiline struktuur ja stabiilne keevis\u00f5mblus loovad optimaalse ja \u00fchtlase vaakumi.<\/span><\/li>\n<li class=\"a-spacing-mini\"><span class=\"a-list-item\">Toode 2: mitmeotstarbeline: Caso professionaalsed kiled on korduvkasutatavad (n\u00f5udepesumasinas pestavad), keemiskindlad ja mikrolaineahjus. Caso vaakumkiled sobivad ideaalselt ka sous vide&#039;i k\u00fcpsetamiseks &quot;vaakumi all&quot; \u2013 k\u00fcpseta nagu gurmeekokk.<\/span><\/li>\n<\/ul>","protected":false},"excerpt":{"rendered":"<div class=\"a-row\">\n<div class=\"a-column a-span6\">\n<h1 class=\"a-size-medium a-spacing-small\">Tehnilised \u00fcksikasjad<\/h1>\n<\/div>\n<\/div>\n<div class=\"a-expander-content a-expander-extend-content\" data-expanded=\"true\">\n<div class=\"a-row a-expander-container a-expander-inline-container\">\n<div class=\"a-expander-content a-expander-section-content a-section-expander-inner\" data-expanded=\"true\">\n<table id=\"productDetails_techSpec_section_1\" class=\"a-keyvalue prodDetTable\">\n<tbody>\n<tr>\n<th class=\"a-color-secondary a-size-base prodDetSectionEntry\">Kaubam\u00e4rk<\/th>\n<td class=\"a-size-base prodDetAttrValue\">Caso<\/td>\n<\/tr>\n<tr>\n<th class=\"a-color-secondary a-size-base prodDetSectionEntry\">V\u00e4rv<\/th>\n<td class=\"a-size-base prodDetAttrValue\">H\u00f5be\/must<\/td>\n<\/tr>\n<tr>\n<th class=\"a-color-secondary a-size-base prodDetSectionEntry\">Materjal<\/th>\n<td class=\"a-size-base prodDetAttrValue\">Roostevaba teras<\/td>\n<\/tr>\n<\/tbody>\n<\/table>\n<\/div>\n<\/div>\n<\/div>","protected":false},"featured_media":11447,"comment_status":"open","ping_status":"closed","template":"","meta":{"_monsterinsights_skip_tracking":false,"_monsterinsights_sitenote_active":false,"_monsterinsights_sitenote_note":"","_monsterinsights_sitenote_category":0,"jetpack_publicize_message":"","jetpack_publicize_feature_enabled":true,"jetpack_social_post_already_shared":true,"jetpack_social_options":{"image_generator_settings":{"template":"highway","default_image_id":0,"font":"","enabled":false},"version":2}},"product_brand":[],"product_cat":[111],"product_tag":[],"class_list":{"0":"post-11443","1":"product","2":"type-product","3":"status-publish","4":"has-post-thumbnail","6":"product_cat-vacuum-sealers","8":"first","9":"instock","10":"sale","11":"shipping-taxable","12":"purchasable","13":"product-type-simple"},"aioseo_notices":[],"jetpack_publicize_connections":[],"jetpack_sharing_enabled":true,"_links":{"self":[{"href":"https:\/\/amazingmarket.ee\/et\/wp-json\/wp\/v2\/product\/11443","targetHints":{"allow":["GET"]}}],"collection":[{"href":"https:\/\/amazingmarket.ee\/et\/wp-json\/wp\/v2\/product"}],"about":[{"href":"https:\/\/amazingmarket.ee\/et\/wp-json\/wp\/v2\/types\/product"}],"replies":[{"embeddable":true,"href":"https:\/\/amazingmarket.ee\/et\/wp-json\/wp\/v2\/comments?post=11443"}],"wp:featuredmedia":[{"embeddable":true,"href":"https:\/\/amazingmarket.ee\/et\/wp-json\/wp\/v2\/media\/11447"}],"wp:attachment":[{"href":"https:\/\/amazingmarket.ee\/et\/wp-json\/wp\/v2\/media?parent=11443"}],"wp:term":[{"taxonomy":"product_brand","embeddable":true,"href":"https:\/\/amazingmarket.ee\/et\/wp-json\/wp\/v2\/product_brand?post=11443"},{"taxonomy":"product_cat","embeddable":true,"href":"https:\/\/amazingmarket.ee\/et\/wp-json\/wp\/v2\/product_cat?post=11443"},{"taxonomy":"product_tag","embeddable":true,"href":"https:\/\/amazingmarket.ee\/et\/wp-json\/wp\/v2\/product_tag?post=11443"}],"curies":[{"name":"wp","href":"https:\/\/api.w.org\/{rel}","templated":true}]}}