{"id":11359,"date":"2025-04-15T11:41:52","date_gmt":"2025-04-15T09:41:52","guid":{"rendered":"https:\/\/amazingmarket.ee\/?post_type=product&#038;p=11359"},"modified":"2026-03-14T11:15:19","modified_gmt":"2026-03-14T09:15:19","slug":"neato-robotics-d10-robot-vacuum-cleaner","status":"publish","type":"product","link":"https:\/\/amazingmarket.ee\/et\/toode\/neato-robotics-d10-robot-vacuum-cleaner\/","title":{"rendered":"Neato Robotics D10 \u2013 robottolmuimeja"},"content":{"rendered":"<h1>KASUTATUD ASEE, PUUDUB HARJA JA FILTER<\/h1>\n<h1 class=\"a-size-base-plus a-text-bold\">Selle \u00fcksuse kohta<\/h1>\n<ul class=\"a-unordered-list a-vertical a-spacing-mini\">\n<li class=\"a-spacing-mini\"><span class=\"a-list-item\">P\u00fc\u00fcdke allergeenid kinni, hingake vabalt \u2013 Neato D10 juhib t\u00f6\u00f6stust oma t\u00f5elise HEPA-filtriga, mis p\u00fc\u00fcab kinni kuni 99,97 protsenti allergeenidest ja peentest tolmuosakestest, mis on kuni 0,3 mikronit. Volditud disain v\u00f5imaldab suuremat filtreerimispinda ilma vaakumimemist ohverdamata.<\/span><\/li>\n<li class=\"a-spacing-mini\"><span class=\"a-list-item\">T\u00f6\u00f6 l\u00f5puleviimiseks loodud Neato D10 imeb tolmuimejaga kauem kui kunagi varem, t\u00f6\u00f6ajaga kuni 300 minutit, optimeerib j\u00f5udlust ja aku kasutusaega, kasutades energias\u00e4\u00e4stlikku \u00f6kore\u017eiimi \u00fcldiseks tolmuimemiseks kuni suure j\u00f5udlusega Turbo re\u017eiimini nendes piirkondades, mis vajavad v\u00f5imsamat puhastust.<\/span><\/li>\n<li class=\"a-spacing-mini\"><span class=\"a-list-item\">Eksklusiivne Max re\u017eiim maksimaalseks puhastamiseks. Minge kaugemale \u00f6ko- ja turbore\u017eiimist, et saavutada veelgi s\u00fcgavam puhastus ja maksimaalne kiirendus<\/span><\/li>\n<li class=\"a-spacing-mini\"><span class=\"a-list-item\">Suur pintsel ja mustusekast, tohutu erinevus, Neato D-kuju v\u00f5imaldab harja, mis on kuni 70 protsenti suurem kui need \u00fcmmargused robotid, ja 0,7-liitrine pr\u00fcgikast mahutab puhastusseansi ajal rohkem tolmu ja k\u00f5\u00f5ma, et t\u00fchjendada harvemini, toimides igal pinnal \u2013 lehtpuu, vaip v\u00f5i plaat.<\/span><\/li>\n<li class=\"a-spacing-mini\"><span class=\"a-list-item\">Puhastage, kus soovite, millal soovite, juhtige oma robotit rakenduse My Neato kaudu, planeerige puhastamist kogu maja v\u00f5i sihttsoonide rutiinidega, looge virtuaalseid tsoone ja No-Go tsoone, et hallata seda, kus Neato koristab ja kus mitte.<\/span><\/li>\n<\/ul>","protected":false},"excerpt":{"rendered":"<div class=\"a-row\">\n<div class=\"a-column a-span6\">\n<h1 class=\"a-size-medium a-spacing-small\">Tehnilised \u00fcksikasjad<\/h1>\n<\/div>\n<\/div>\n<div class=\"a-expander-content a-expander-extend-content\" data-expanded=\"true\">\n<div class=\"a-row a-expander-container a-expander-inline-container\">\n<div class=\"a-expander-content a-expander-section-content a-section-expander-inner\" data-expanded=\"true\">\n<table id=\"productDetails_techSpec_section_1\" class=\"a-keyvalue prodDetTable\">\n<tbody>\n<tr>\n<th class=\"a-color-secondary a-size-base prodDetSectionEntry\">Kaubam\u00e4rk<\/th>\n<td class=\"a-size-base prodDetAttrValue\">Puhas robootika<\/td>\n<\/tr>\n<tr>\n<th class=\"a-color-secondary a-size-base prodDetSectionEntry\">Mudeli number<\/th>\n<td class=\"a-size-base prodDetAttrValue\">945-0367<\/td>\n<\/tr>\n<tr>\n<th class=\"a-color-secondary a-size-base prodDetSectionEntry\">V\u00e4rv<\/th>\n<td class=\"a-size-base prodDetAttrValue\">H\u00f5bedane<\/td>\n<\/tr>\n<tr>\n<th class=\"a-color-secondary a-size-base prodDetSectionEntry\">Toote m\u00f5\u00f5tmed<\/th>\n<td class=\"a-size-base prodDetAttrValue\">\u200e33,29 x 33,59 x 10,13 cm; 3,34 kg<\/td>\n<\/tr>\n<tr>\n<th class=\"a-color-secondary a-size-base prodDetSectionEntry\">Mahutavus<\/th>\n<td class=\"a-size-base prodDetAttrValue\">0,7 liitrit<\/td>\n<\/tr>\n<tr>\n<th class=\"a-color-secondary a-size-base prodDetSectionEntry\">Helitugevus<\/th>\n<td class=\"a-size-base prodDetAttrValue\">0,7 liitrit<\/td>\n<\/tr>\n<tr>\n<th class=\"a-color-secondary a-size-base prodDetSectionEntry\">V\u00f5imsus \/ vatt<\/th>\n<td class=\"a-size-base prodDetAttrValue\">89 vatt-tundi<\/td>\n<\/tr>\n<tr>\n<th class=\"a-color-secondary a-size-base prodDetSectionEntry\">Automaatne v\u00e4ljal\u00fclitus<\/th>\n<td class=\"a-size-base prodDetAttrValue\">jah<\/td>\n<\/tr>\n<tr>\n<th class=\"a-color-secondary a-size-base prodDetSectionEntry\">M\u00fcra tase<\/th>\n<td class=\"a-size-base prodDetAttrValue\">69 dB<\/td>\n<\/tr>\n<tr>\n<th class=\"a-color-secondary a-size-base prodDetSectionEntry\">Kestus<\/th>\n<td class=\"a-size-base prodDetAttrValue\">5 tundi<\/td>\n<\/tr>\n<tr>\n<th class=\"a-color-secondary a-size-base prodDetSectionEntry\">Eriomadused<\/th>\n<td class=\"a-size-base prodDetAttrValue\">T\u00e4pne lasernavigatsioon, lisav\u00f5imsus suuremate t\u00f6\u00f6de jaoks<\/td>\n<\/tr>\n<tr>\n<th class=\"a-color-secondary a-size-base prodDetSectionEntry\">Kauba kaal<\/th>\n<td class=\"a-size-base prodDetAttrValue\">3,34 kg<\/td>\n<\/tr>\n<\/tbody>\n<\/table>\n<\/div>\n<\/div>\n<\/div>","protected":false},"featured_media":11363,"comment_status":"open","ping_status":"closed","template":"","meta":{"_monsterinsights_skip_tracking":false,"_monsterinsights_sitenote_active":false,"_monsterinsights_sitenote_note":"","_monsterinsights_sitenote_category":0,"jetpack_publicize_message":"","jetpack_publicize_feature_enabled":true,"jetpack_social_post_already_shared":true,"jetpack_social_options":{"image_generator_settings":{"template":"highway","default_image_id":0,"font":"","enabled":false},"version":2}},"product_brand":[],"product_cat":[80],"product_tag":[],"class_list":{"0":"post-11359","1":"product","2":"type-product","3":"status-publish","4":"has-post-thumbnail","6":"product_cat-robot-vacuum-cleaners","8":"first","9":"instock","10":"sale","11":"shipping-taxable","12":"purchasable","13":"product-type-simple"},"aioseo_notices":[],"jetpack_publicize_connections":[],"jetpack_sharing_enabled":true,"_links":{"self":[{"href":"https:\/\/amazingmarket.ee\/et\/wp-json\/wp\/v2\/product\/11359","targetHints":{"allow":["GET"]}}],"collection":[{"href":"https:\/\/amazingmarket.ee\/et\/wp-json\/wp\/v2\/product"}],"about":[{"href":"https:\/\/amazingmarket.ee\/et\/wp-json\/wp\/v2\/types\/product"}],"replies":[{"embeddable":true,"href":"https:\/\/amazingmarket.ee\/et\/wp-json\/wp\/v2\/comments?post=11359"}],"wp:featuredmedia":[{"embeddable":true,"href":"https:\/\/amazingmarket.ee\/et\/wp-json\/wp\/v2\/media\/11363"}],"wp:attachment":[{"href":"https:\/\/amazingmarket.ee\/et\/wp-json\/wp\/v2\/media?parent=11359"}],"wp:term":[{"taxonomy":"product_brand","embeddable":true,"href":"https:\/\/amazingmarket.ee\/et\/wp-json\/wp\/v2\/product_brand?post=11359"},{"taxonomy":"product_cat","embeddable":true,"href":"https:\/\/amazingmarket.ee\/et\/wp-json\/wp\/v2\/product_cat?post=11359"},{"taxonomy":"product_tag","embeddable":true,"href":"https:\/\/amazingmarket.ee\/et\/wp-json\/wp\/v2\/product_tag?post=11359"}],"curies":[{"name":"wp","href":"https:\/\/api.w.org\/{rel}","templated":true}]}}