{"id":11336,"date":"2025-04-14T15:14:01","date_gmt":"2025-04-14T13:14:01","guid":{"rendered":"https:\/\/amazingmarket.ee\/?post_type=product&#038;p=11336"},"modified":"2026-03-14T11:15:19","modified_gmt":"2026-03-14T09:15:19","slug":"cecotec-03197-tastygrill-3000-rockwater-xxl-electric-griddle","status":"publish","type":"product","link":"https:\/\/amazingmarket.ee\/et\/toode\/cecotec-03197-tastygrill-3000-rockwater-xxl-electric-griddle\/","title":{"rendered":"Cecotec 03197 Tasty&amp;Grill 3000 RockWater XXL elektriline k\u00fcpsetusplaat"},"content":{"rendered":"<h1>DEMO, RASVAHOIDJA ON KATKI<\/h1>\n<h1 class=\"a-size-base-plus a-text-bold\">Selle \u00fcksuse kohta<\/h1>\n<ul class=\"a-unordered-list a-vertical a-spacing-mini\">\n<li class=\"a-spacing-mini\"><span class=\"a-list-item\">2400 W elektripliit igat t\u00fc\u00fcpi toitude kiireks ja t\u00e4pseks k\u00fcpsetamiseks ning jahedad k\u00e4epidemed h\u00f5lpsamaks k\u00e4sitsemiseks. Komplektis puidust spaatel.<\/span><\/li>\n<li class=\"a-spacing-mini\"><span class=\"a-list-item\">RockStone&#039;i kattega plaat on k\u00f5va ja mittenakkuva pinnaga, mis tagab parema puhastamise. Plaadi pind sobib liha ja k\u00f6\u00f6giviljade, praemunade, mereandide, kala ja isegi pannkookide k\u00fcpsetamiseks. Hoiab \u00e4ra toidu kleepumise. Keskkonnas\u00f5bralik kate, PFOA- ja PTFE-vaba.<\/span><\/li>\n<li class=\"a-spacing-mini\"><span class=\"a-list-item\">Suur 90 x 22 cm k\u00fcpsetuspind v\u00f5imaldab teil samaaegselt valmistada mitmesuguseid toite.<\/span><\/li>\n<li class=\"a-spacing-mini\"><span class=\"a-list-item\">Komplektis on n\u00f5udepesumasinas pestav rasvavann mugavamaks ja puhtamaks kasutamiseks. M\u00f5eldud k\u00fcpsetamiseks otse laual v\u00f5i kandikuna, et toit kauem soojana p\u00fcsiks. Jahedad k\u00e4epidemed mugavamaks man\u00f6\u00f6verdamiseks.<\/span><\/li>\n<li class=\"a-spacing-mini\"><span class=\"a-list-item\">Reguleeritav termostaat ideaalse k\u00fcpsetustemperatuuri saavutamiseks igas tootmises.<\/span><\/li>\n<\/ul>","protected":false},"excerpt":{"rendered":"<div class=\"a-row\">\n<div class=\"a-column a-span6\">\n<h1 class=\"a-size-medium a-spacing-small\">Tehnilised \u00fcksikasjad<\/h1>\n<\/div>\n<\/div>\n<div class=\"a-expander-content a-expander-extend-content\" data-expanded=\"true\">\n<div class=\"a-row a-expander-container a-expander-inline-container\">\n<div class=\"a-expander-content a-expander-section-content a-section-expander-inner\" data-expanded=\"true\">\n<table id=\"productDetails_techSpec_section_1\" class=\"a-keyvalue prodDetTable\">\n<tbody>\n<tr>\n<th class=\"a-color-secondary a-size-base prodDetSectionEntry\">Kaubam\u00e4rk<\/th>\n<td class=\"a-size-base prodDetAttrValue\">Cecotec<\/td>\n<\/tr>\n<tr>\n<th class=\"a-color-secondary a-size-base prodDetSectionEntry\">Mudeli number<\/th>\n<td class=\"a-size-base prodDetAttrValue\">\u200e03197<\/td>\n<\/tr>\n<tr>\n<th class=\"a-color-secondary a-size-base prodDetSectionEntry\">V\u00e4rv<\/th>\n<td class=\"a-size-base prodDetAttrValue\">Must<\/td>\n<\/tr>\n<tr>\n<th class=\"a-color-secondary a-size-base prodDetSectionEntry\">Toote m\u00f5\u00f5tmed<\/th>\n<td class=\"a-size-base prodDetAttrValue\">105 x 23,5 x 11,5 cm; 2,85 kg<\/td>\n<\/tr>\n<tr>\n<th class=\"a-color-secondary a-size-base prodDetSectionEntry\">V\u00f5imsus \/ vatt<\/th>\n<td class=\"a-size-base prodDetAttrValue\">2400 vatti<\/td>\n<\/tr>\n<tr>\n<th class=\"a-color-secondary a-size-base prodDetSectionEntry\">Pinge<\/th>\n<td class=\"a-size-base prodDetAttrValue\">2,3E+2 volti (AC)<\/td>\n<\/tr>\n<tr>\n<th class=\"a-color-secondary a-size-base prodDetSectionEntry\">Materjal<\/th>\n<td class=\"a-size-base prodDetAttrValue\">Kivi<\/td>\n<\/tr>\n<tr>\n<th class=\"a-color-secondary a-size-base prodDetSectionEntry\">Eriomadused<\/th>\n<td class=\"a-size-base prodDetAttrValue\">Kerge<\/td>\n<\/tr>\n<tr>\n<th class=\"a-color-secondary a-size-base prodDetSectionEntry\">Kauba kaal<\/th>\n<td class=\"a-size-base prodDetAttrValue\">2,85 kg<\/td>\n<\/tr>\n<\/tbody>\n<\/table>\n<\/div>\n<\/div>\n<\/div>","protected":false},"featured_media":11341,"comment_status":"open","ping_status":"closed","template":"","meta":{"_monsterinsights_skip_tracking":false,"_monsterinsights_sitenote_active":false,"_monsterinsights_sitenote_note":"","_monsterinsights_sitenote_category":0,"jetpack_publicize_message":"","jetpack_publicize_feature_enabled":true,"jetpack_social_post_already_shared":true,"jetpack_social_options":{"image_generator_settings":{"template":"highway","default_image_id":0,"font":"","enabled":false},"version":2}},"product_brand":[],"product_cat":[79],"product_tag":[],"class_list":{"0":"post-11336","1":"product","2":"type-product","3":"status-publish","4":"has-post-thumbnail","6":"product_cat-electric-grill-cookers","8":"first","9":"instock","10":"sale","11":"shipping-taxable","12":"purchasable","13":"product-type-simple"},"aioseo_notices":[],"jetpack_publicize_connections":[],"jetpack_sharing_enabled":true,"_links":{"self":[{"href":"https:\/\/amazingmarket.ee\/et\/wp-json\/wp\/v2\/product\/11336","targetHints":{"allow":["GET"]}}],"collection":[{"href":"https:\/\/amazingmarket.ee\/et\/wp-json\/wp\/v2\/product"}],"about":[{"href":"https:\/\/amazingmarket.ee\/et\/wp-json\/wp\/v2\/types\/product"}],"replies":[{"embeddable":true,"href":"https:\/\/amazingmarket.ee\/et\/wp-json\/wp\/v2\/comments?post=11336"}],"wp:featuredmedia":[{"embeddable":true,"href":"https:\/\/amazingmarket.ee\/et\/wp-json\/wp\/v2\/media\/11341"}],"wp:attachment":[{"href":"https:\/\/amazingmarket.ee\/et\/wp-json\/wp\/v2\/media?parent=11336"}],"wp:term":[{"taxonomy":"product_brand","embeddable":true,"href":"https:\/\/amazingmarket.ee\/et\/wp-json\/wp\/v2\/product_brand?post=11336"},{"taxonomy":"product_cat","embeddable":true,"href":"https:\/\/amazingmarket.ee\/et\/wp-json\/wp\/v2\/product_cat?post=11336"},{"taxonomy":"product_tag","embeddable":true,"href":"https:\/\/amazingmarket.ee\/et\/wp-json\/wp\/v2\/product_tag?post=11336"}],"curies":[{"name":"wp","href":"https:\/\/api.w.org\/{rel}","templated":true}]}}